{"id":6833,"date":"2024-06-08T21:26:38","date_gmt":"2024-06-08T23:26:38","guid":{"rendered":"https:\/\/apotekar-online.rs\/?post_type=product&#038;p=6833"},"modified":"2026-03-05T07:51:38","modified_gmt":"2026-03-05T09:51:38","slug":"eucerin-dermocapillaire-krem-sampon-protiv-suve-peruti-250-ml","status":"publish","type":"product","link":"https:\/\/apotekar-online.rs\/hu\/p\/eucerin-dermocapillaire-krem-sampon-protiv-suve-peruti-250-ml\/","title":{"rendered":"Eucerin DermoCapillaire kr\u00e9msampon sz\u00e1raz korp\u00e1sod\u00e1s ellen, 250 ml"},"content":{"rendered":"","protected":false},"excerpt":{"rendered":"<h5><strong>Term\u00e9kle\u00edr\u00e1s<\/strong><\/h5>\n<p>Krem \u0161ampon protiv suve peruti je specijalno kreiran za suvu perut. Ne\u017eno uklanja bele ljuspice sa ko\u017ee glave i kose\u00a0i efikasno umanjuje i kontroli\u0161e nastajanje peruti. Njegova blaga formulacija umiruje\u00a0ko\u017eu glave i umanjuje pojavu svraba ve\u0107 od prvog pranja, dok posebni agensi daju kosi zdravi sjaj i meko\u0107u.<\/p>\n<h5><strong>Adagol\u00e1s \u00e9s alkalmaz\u00e1s m\u00f3dja<\/strong><\/h5>\n<p>Massz\u00edrozza be a nedves hajba, hagyja hatni, majd alaposan \u00f6bl\u00edtse le. Mindennapi haszn\u00e1latra alkalmas.<\/p>\n<h5><strong>Fogalmaz\u00e1s<\/strong><\/h5>\n<p>voda, sodium laureth sulfate, cocoamidopropyl betaine, laureth-9, peg-3 distearate, peg-7 glyceryl cocoate, pirokton olamin, klimbazol, undecylenamido propyl betaine, polyquaternium-10, guar hydroxypropyltrimonium chloride, glicerin, sodium chloride, citric acid, peg-40 hydrogenated castor oil, peg-200 hydrogenated glyceryl palmate, sodium benzoate, sodium salicylate, sodium hydroxide, parfum<\/p>","protected":false},"featured_media":6834,"template":"","meta":[],"product_brand":[],"product_cat":[1073,80,547],"product_tag":[2742,2743,2741,2740,2612],"class_list":{"0":"post-6833","1":"product","2":"type-product","3":"status-publish","4":"has-post-thumbnail","6":"product_cat-samponi","7":"product_cat-koza-kosa-i-nokti","8":"product_cat-kozmetika-i-nega-za-odrasle","9":"product_tag-daje-sjaj","10":"product_tag-sampon-protiv-suve-peruti","11":"product_tag-smanjuje-svrab","12":"product_tag-uklanja-perut","13":"product_tag-umiruje-kozu-glave","14":"pa_brend-eucerin","16":"first","17":"instock","18":"shipping-taxable","19":"purchasable","20":"product-type-simple"},"ams_default_variation_id":0,"ams_product_points_reward":[],"ams_product_discount_percentage":0,"ams_price_to_display":1425,"ams_acf":[],"jetpack_sharing_enabled":true,"_links":{"self":[{"href":"https:\/\/apotekar-online.rs\/hu\/wp-json\/wp\/v2\/product\/6833","targetHints":{"allow":["GET"]}}],"collection":[{"href":"https:\/\/apotekar-online.rs\/hu\/wp-json\/wp\/v2\/product"}],"about":[{"href":"https:\/\/apotekar-online.rs\/hu\/wp-json\/wp\/v2\/types\/product"}],"wp:featuredmedia":[{"embeddable":true,"href":"https:\/\/apotekar-online.rs\/hu\/wp-json\/wp\/v2\/media\/6834"}],"wp:attachment":[{"href":"https:\/\/apotekar-online.rs\/hu\/wp-json\/wp\/v2\/media?parent=6833"}],"wp:term":[{"taxonomy":"product_brand","embeddable":true,"href":"https:\/\/apotekar-online.rs\/hu\/wp-json\/wp\/v2\/product_brand?post=6833"},{"taxonomy":"product_cat","embeddable":true,"href":"https:\/\/apotekar-online.rs\/hu\/wp-json\/wp\/v2\/product_cat?post=6833"},{"taxonomy":"product_tag","embeddable":true,"href":"https:\/\/apotekar-online.rs\/hu\/wp-json\/wp\/v2\/product_tag?post=6833"}],"curies":[{"name":"wp","href":"https:\/\/api.w.org\/{rel}","templated":true}]}}