{"id":6933,"date":"2024-06-24T09:23:22","date_gmt":"2024-06-24T11:23:22","guid":{"rendered":"https:\/\/apotekar-online.rs\/?post_type=product&#038;p=6933"},"modified":"2026-03-05T07:51:35","modified_gmt":"2026-03-05T09:51:35","slug":"waschkonig-prasak-za-ves-6kg-narandza-color","status":"publish","type":"product","link":"https:\/\/apotekar-online.rs\/hu\/p\/waschkonig-prasak-za-ves-6kg-narandza-color\/","title":{"rendered":"Waschkonig pra\u0161ak za ve\u0161 6kg narand\u017ea color"},"content":{"rendered":"","protected":false},"excerpt":{"rendered":"","protected":false},"featured_media":6934,"template":"","meta":[],"product_brand":[],"product_cat":[2812,1459,982],"product_tag":[2833,2825,2832],"class_list":{"0":"post-6933","1":"product","2":"type-product","3":"status-publish","4":"has-post-thumbnail","6":"product_cat-prasak-za-pranje-vesa","7":"product_cat-deterdzenti-i-sredstva-za-ves","8":"product_cat-kucna-hemija","9":"product_tag-color","10":"product_tag-prasak-za-ves","11":"product_tag-waschkonig","12":"pa_brend-waschkonig","14":"first","15":"instock","16":"shipping-taxable","17":"purchasable","18":"product-type-simple"},"ams_default_variation_id":0,"ams_product_points_reward":[],"ams_product_discount_percentage":0,"ams_price_to_display":1350,"ams_acf":[],"jetpack_sharing_enabled":true,"_links":{"self":[{"href":"https:\/\/apotekar-online.rs\/hu\/wp-json\/wp\/v2\/product\/6933","targetHints":{"allow":["GET"]}}],"collection":[{"href":"https:\/\/apotekar-online.rs\/hu\/wp-json\/wp\/v2\/product"}],"about":[{"href":"https:\/\/apotekar-online.rs\/hu\/wp-json\/wp\/v2\/types\/product"}],"wp:featuredmedia":[{"embeddable":true,"href":"https:\/\/apotekar-online.rs\/hu\/wp-json\/wp\/v2\/media\/6934"}],"wp:attachment":[{"href":"https:\/\/apotekar-online.rs\/hu\/wp-json\/wp\/v2\/media?parent=6933"}],"wp:term":[{"taxonomy":"product_brand","embeddable":true,"href":"https:\/\/apotekar-online.rs\/hu\/wp-json\/wp\/v2\/product_brand?post=6933"},{"taxonomy":"product_cat","embeddable":true,"href":"https:\/\/apotekar-online.rs\/hu\/wp-json\/wp\/v2\/product_cat?post=6933"},{"taxonomy":"product_tag","embeddable":true,"href":"https:\/\/apotekar-online.rs\/hu\/wp-json\/wp\/v2\/product_tag?post=6933"}],"curies":[{"name":"wp","href":"https:\/\/api.w.org\/{rel}","templated":true}]}}