{"id":6941,"date":"2024-06-24T10:00:59","date_gmt":"2024-06-24T12:00:59","guid":{"rendered":"https:\/\/apotekar-online.rs\/?post_type=product&#038;p=6941"},"modified":"2026-03-05T07:51:35","modified_gmt":"2026-03-05T09:51:35","slug":"ariel-granule-za-sareni-ves-odstranjevac-fleka-500gr","status":"publish","type":"product","link":"https:\/\/apotekar-online.rs\/hu\/p\/ariel-granule-za-sareni-ves-odstranjevac-fleka-500gr\/","title":{"rendered":"Ariel granul\u00e1tum sz\u00ednes mosodai foltelt\u00e1vol\u00edt\u00f3hoz 500gr"},"content":{"rendered":"","protected":false},"excerpt":{"rendered":"","protected":false},"featured_media":6942,"template":"","meta":[],"product_brand":[],"product_cat":[2795,1459,982],"product_tag":[2839,1683,2825],"class_list":{"0":"post-6941","1":"product","2":"type-product","3":"status-publish","4":"has-post-thumbnail","6":"product_cat-tecnost-za-fleke","7":"product_cat-deterdzenti-i-sredstva-za-ves","8":"product_cat-kucna-hemija","9":"product_tag-ariel","10":"product_tag-fleke","11":"product_tag-prasak-za-ves","12":"pa_brend-ariel","14":"first","15":"instock","16":"shipping-taxable","17":"purchasable","18":"product-type-simple"},"ams_default_variation_id":0,"ams_product_points_reward":[],"ams_product_discount_percentage":0,"ams_price_to_display":490,"ams_acf":[],"jetpack_sharing_enabled":true,"_links":{"self":[{"href":"https:\/\/apotekar-online.rs\/hu\/wp-json\/wp\/v2\/product\/6941","targetHints":{"allow":["GET"]}}],"collection":[{"href":"https:\/\/apotekar-online.rs\/hu\/wp-json\/wp\/v2\/product"}],"about":[{"href":"https:\/\/apotekar-online.rs\/hu\/wp-json\/wp\/v2\/types\/product"}],"wp:featuredmedia":[{"embeddable":true,"href":"https:\/\/apotekar-online.rs\/hu\/wp-json\/wp\/v2\/media\/6942"}],"wp:attachment":[{"href":"https:\/\/apotekar-online.rs\/hu\/wp-json\/wp\/v2\/media?parent=6941"}],"wp:term":[{"taxonomy":"product_brand","embeddable":true,"href":"https:\/\/apotekar-online.rs\/hu\/wp-json\/wp\/v2\/product_brand?post=6941"},{"taxonomy":"product_cat","embeddable":true,"href":"https:\/\/apotekar-online.rs\/hu\/wp-json\/wp\/v2\/product_cat?post=6941"},{"taxonomy":"product_tag","embeddable":true,"href":"https:\/\/apotekar-online.rs\/hu\/wp-json\/wp\/v2\/product_tag?post=6941"}],"curies":[{"name":"wp","href":"https:\/\/api.w.org\/{rel}","templated":true}]}}