{"id":711,"date":"2022-07-12T09:40:05","date_gmt":"2022-07-12T09:40:05","guid":{"rendered":"https:\/\/apotekar-online.rs\/product\/pharmas-probalans-20-gastrorezistentnih-kapsula\/"},"modified":"2026-03-05T08:30:07","modified_gmt":"2026-03-05T10:30:07","slug":"pharmas-probalans-20-gyomor-ellenallo-kapszula","status":"publish","type":"product","link":"https:\/\/apotekar-online.rs\/hu\/p\/pharmas-probalans-20-gastrorezistentnih-kapsula\/","title":{"rendered":"PharmaS PROBalance 20 gyomornedv-ellen\u00e1ll\u00f3 kapszula"},"content":{"rendered":"","protected":false},"excerpt":{"rendered":"<p>A PharmaS PROBalance cs\u00f6kkenti az antibiotikumok em\u00e9szt\u0151rendszerre gyakorolt negat\u00edv hat\u00e1sait, enyh\u00edti a gyullad\u00e1sos b\u00e9lbetegs\u00e9geket, seg\u00edt a puffad\u00e1s, hasmen\u00e9s, sz\u00e9kreked\u00e9s eset\u00e9n \u00e9s n\u00f6veli a lakt\u00f3z toleranci\u00e1t. Utaz\u00e1s k\u00f6zben is enyh\u00edti az em\u00e9szt\u00e9si probl\u00e9m\u00e1kat, \u00e9s seg\u00edt az irrit\u00e1bilis b\u00e9l szindr\u00f3ma eset\u00e9n. A PROBalance kapszula n\u00f6v\u00e9nyi \u00e9s gyomornedv-ellen\u00e1ll\u00f3, ellen\u00e1ll a gyomorsav hat\u00e1s\u00e1nak, ami jelent\u0151sen n\u00f6veli a hasznos bakt\u00e9riumok t\u00fal\u00e9l\u00e9si szintj\u00e9t. A term\u00e9k veget\u00e1ri\u00e1nusok \u00e9s veg\u00e1nok sz\u00e1m\u00e1ra is alkalmas.<\/p>\n<p><strong>Adagol\u00e1s \u00e9s alkalmaz\u00e1s m\u00f3dja<\/strong><br \/>\nFeln\u0151ttek \u00e9s 12 \u00e9v feletti gyermekek: 1-2 kapszula naponta.<br \/>\n6-12 \u00e9ves gyermekek: 1 kapszula naponta.<\/p>\n<p><strong>Jegyzet:<\/strong>\u00a0Arra t\u00f6reksz\u00fcnk, hogy minden term\u00e9k le\u00edr\u00e1s\u00e1n\u00e1l a lehet\u0151 legpontosabbak legy\u00fcnk, de nem tudjuk garant\u00e1lni, hogy minden le\u00edr\u00e1s teljes \u00e9s hibamentes. K\u00f6sz\u00f6n\u00f6m a meg\u00e9rt\u00e9st.<br \/>\nAz oldalon felt\u00fcntetett \u00f6sszes elem k\u00edn\u00e1latunk r\u00e9sz\u00e9t k\u00e9pezi, de ez nem jelenti azt, hogy mindenkor el\u00e9rhet\u0151.<\/p>\n<p>&nbsp;<\/p>\n<p><strong>Jegyzet:<\/strong>\u00a0Arra t\u00f6reksz\u00fcnk, hogy minden term\u00e9k le\u00edr\u00e1s\u00e1n\u00e1l a lehet\u0151 legpontosabbak legy\u00fcnk, de nem tudjuk garant\u00e1lni, hogy minden le\u00edr\u00e1s teljes \u00e9s hibamentes. K\u00f6sz\u00f6n\u00f6m a meg\u00e9rt\u00e9st.<br \/>\nAz oldalon felt\u00fcntetett \u00f6sszes elem k\u00edn\u00e1latunk r\u00e9sz\u00e9t k\u00e9pezi, de ez nem jelenti azt, hogy mindenkor el\u00e9rhet\u0151.<\/p>","protected":false},"featured_media":712,"template":"","meta":[],"product_brand":[],"product_cat":[105,126,81],"product_tag":[],"class_list":{"0":"post-711","1":"product","2":"type-product","3":"status-publish","4":"has-post-thumbnail","6":"product_cat-dijareja-i-rehidratacija","7":"product_cat-preparati-za-gorusicu-i-otezano-varenje","8":"product_cat-probiotici-i-enzimi","9":"pa_brend-pharmas","11":"first","12":"instock","13":"product-type-simple"},"ams_default_variation_id":0,"ams_product_points_reward":[],"ams_product_discount_percentage":0,"ams_price_to_display":0,"ams_acf":[],"jetpack_sharing_enabled":true,"_links":{"self":[{"href":"https:\/\/apotekar-online.rs\/hu\/wp-json\/wp\/v2\/product\/711","targetHints":{"allow":["GET"]}}],"collection":[{"href":"https:\/\/apotekar-online.rs\/hu\/wp-json\/wp\/v2\/product"}],"about":[{"href":"https:\/\/apotekar-online.rs\/hu\/wp-json\/wp\/v2\/types\/product"}],"wp:featuredmedia":[{"embeddable":true,"href":"https:\/\/apotekar-online.rs\/hu\/wp-json\/wp\/v2\/media\/712"}],"wp:attachment":[{"href":"https:\/\/apotekar-online.rs\/hu\/wp-json\/wp\/v2\/media?parent=711"}],"wp:term":[{"taxonomy":"product_brand","embeddable":true,"href":"https:\/\/apotekar-online.rs\/hu\/wp-json\/wp\/v2\/product_brand?post=711"},{"taxonomy":"product_cat","embeddable":true,"href":"https:\/\/apotekar-online.rs\/hu\/wp-json\/wp\/v2\/product_cat?post=711"},{"taxonomy":"product_tag","embeddable":true,"href":"https:\/\/apotekar-online.rs\/hu\/wp-json\/wp\/v2\/product_tag?post=711"}],"curies":[{"name":"wp","href":"https:\/\/api.w.org\/{rel}","templated":true}]}}