{"id":7287,"date":"2024-08-31T08:36:05","date_gmt":"2024-08-31T10:36:05","guid":{"rendered":"https:\/\/apotekar-online.rs\/?post_type=product&#038;p=7287"},"modified":"2026-03-05T07:50:03","modified_gmt":"2026-03-05T09:50:03","slug":"lomexin-vaginalna-kapsula-meka","status":"publish","type":"product","link":"https:\/\/apotekar-online.rs\/hu\/p\/lomexin-vaginalna-kapsula-meka\/","title":{"rendered":"Lomexin\u00ae vaginalna kapsula, meka"},"content":{"rendered":"","protected":false},"excerpt":{"rendered":"<p><strong>Ennek a gy\u00f3gyszernek az interneten kereszt\u00fcli \u00e9rt\u00e9kes\u00edt\u00e9s\u00e9t a Szerb K\u00f6zt\u00e1rsas\u00e1g t\u00f6rv\u00e9nyei tiltj\u00e1k, m\u00edg az interneten kereszt\u00fcl t\u00f6rt\u00e9n\u0151 rekl\u00e1moz\u00e1s kiz\u00e1r\u00f3lag<\/strong>\u00a0<strong>eml\u00e9keztet\u0151\u00fcl \u00e9s t\u00e1j\u00e9koztat\u00e1si c\u00e9llal.<\/strong><\/p>\n<p class=\"py-3\"><b>UPUTSTVO ZA LEK<\/b><\/p>\n<p class=\"py-3\"><b>Lomexin<\/b><\/p>\n<h3 class=\"text-2xl py-5 pt-8\">6.0 mg, vaginalna kapsula, meka<\/h3>\n<p class=\"py-3\"><b>INN: fentikonazol<\/b><\/p>\n<p class=\"py-3\"><b>Miel\u0151tt elkezden\u00e9 alkalmazni ezt a gy\u00f3gyszert, figyelmesen olvassa el ezt az utas\u00edt\u00e1st, mert az \u00d6n sz\u00e1m\u00e1ra fontos inform\u00e1ci\u00f3kat tartalmaz.<\/b><\/p>\n<p class=\"py-3\">Mentse el az utas\u00edt\u00e1sokat. Lehet, hogy \u00fajra el kell olvasnia.<\/p>\n<p class=\"py-3\">Tov\u00e1bbi k\u00e9rd\u00e9seivel forduljon orvos\u00e1hoz vagy gy\u00f3gyszer\u00e9sz\u00e9hez.<\/p>\n<p class=\"py-3\">Ovaj lek propisan je samo Vama i ne smete ga davati drugima. Mo\u017ee da im \u0161kodi, \u010dak i kada imaju iste znake bolesti kao i Vi.<\/p>\n<p class=\"py-3\">Ha \u00d6nn\u00e9l b\u00e1rmilyen mell\u00e9khat\u00e1s jelentkezik, forduljon orvos\u00e1hoz vagy gy\u00f3gyszer\u00e9sz\u00e9hez. Ez mag\u00e1ban foglalja az ebben az \u00fatmutat\u00f3ban fel nem sorolt mell\u00e9khat\u00e1sokat is. L\u00e1sd a 4. r\u00e9szt.<\/p>\n<p class=\"py-3\"><b>ovom uputstvu pro\u010dita\u0107ete:<\/b><\/p>\n<p class=\"py-3\">\u0160ta je lek Lomexin i \u010demu je namenjen<\/p>\n<p class=\"py-3\">\u0160ta treba da znate pre nego \u0161to primenite lek Lomexin<\/p>\n<p class=\"py-3\">Kako se primenjuje lek Lomexin<\/p>\n<p class=\"py-3\">Lehets\u00e9ges mell\u00e9khat\u00e1sok<\/p>\n<p class=\"py-3\">Kako \u010duvati lek Lomexin<\/p>\n<p class=\"py-3\">A csomag tartalma \u00e9s egy\u00e9b inform\u00e1ci\u00f3k<\/p>\n<h3 class=\"text-2xl py-5 pt-8\">1. \u0160ta je lek Lomexin i \u010demu je namenjen<\/h3>\n<p class=\"py-3\">Lek Lomexin je antimikotik lek protiv gljivica \u0161irokog spektra dejstva, derivat imidazola. Sadr\u017ei kao aktivnu supstancu fentikonazol-nitrat koji zaustavlja rast i razmno\u017eavanje \u0107elija gljivica.<\/p>\n<p class=\"py-3\">Lomexin je lek za le\u010denje vulvovaginalne kandidijaze, infekcije vagine i ko\u017ee u predelu oko vagine koju prouzrokuju gljvice kao \u0161to je<\/p>\n<p class=\"py-3\">Candida albicans.<\/p>\n<p class=\"py-3\">Koristi se za le\u010denje odraslih osoba..<\/p>\n<p class=\"py-3\">Lek je namenjen samo za vaginalnu primenu.<\/p>\n<h3 class=\"text-2xl py-5 pt-8\">2. \u0160ta treba da znate pre nego \u0161to primenite lek Lomexin<\/h3>\n<p class=\"py-3\"><b>Lek Lomexin ne smete primeniti:<\/b><\/p>\n<p class=\"py-3\">ako ste alergi\u010dni preosetljivi na fentikonazol-nitrat, sli\u010dne supstance ili na bilo koju od pomo\u0107nih supstanci ovog leka navedene u odeljku \u0160<\/p>\n<p class=\"py-3\">ta sadr\u017ei lek Lomexin<\/p>\n<p class=\"py-3\">Lek Lomexin 600 mg sadr\u017ei sojin lecitin. Ukoliko ste alergi\u010dni na kikiriki ili soju nemojte primenjivati ovaj lek.<\/p>\n<p class=\"py-3\"><b>Figyelmeztet\u00e9sek \u00e9s \u00f3vint\u00e9zked\u00e9sek<\/b><\/p>\n<p class=\"py-3\">Razgovarajte sa svojim lekarom ili farmaceutom pre nego \u0161to primenite lek Lomexin u slede\u0107im slu\u010dajevima:<\/p>\n<p class=\"py-3\">ako ste trudni ili dojite vidite odeljak<\/p>\n<p class=\"py-3\">Terhess\u00e9g, szoptat\u00e1s \u00e9s term\u00e9kenys\u00e9g<\/p>\n<p class=\"py-3\">ako lek Lomexin primenjujete sa mehani\u010dkim barijernim kontraceptivnim sredstvima od lateksa<\/p>\n<p class=\"py-3\">vidite odeljak<\/p>\n<p class=\"py-3\">Drugi lekovi i Lomexin<\/p>\n<p class=\"py-3\">Dok ste na terapiji lekom Lomexin, treba da koristite druga<\/p>\n<p class=\"py-3\">kontraceptivna za\u0161titna sredstva<\/p>\n<p class=\"py-3\">ako se javi iritacija ili preosetljivost na lek- ako ne do\u0111e do ubla\u017eavanja simptoma u roku od nedelju dana, simptomi se poja\u010daju ili se ponovo jave- ako je i Va\u0161 partner oboleo- ako ste imali vi\u0161e od 2 infekcije u toku poslednjih 6 meseci- ako ste prethodno imali seksualno prenosivu bolest ili odnos sa parterom obolelim od seksualno<\/p>\n<p class=\"py-3\">prenosive bolesti<\/p>\n<p class=\"py-3\">ako ste preosetljivi na derivate imidazola ili druge vaginalne antimikotike- ako ste stariji od 60 godina- ako vam se javi neki od navedenih siptoma:<\/p>\n<p class=\"py-3\">neuobi\u010dajeno ili neregularno vaginalno krvarenje<\/p>\n<p class=\"py-3\">sukrvica u vaginalnom sekretu<\/p>\n<p class=\"py-3\">vulvalni ili vaginalni sor, \u010direvi ili plikovi<\/p>\n<p class=\"py-3\">bol u donjem delu stomaka ili ote\u017eano mokrenje<\/p>\n<p class=\"py-3\">ako se u toku terapije javi bilo kakvo ne\u017eeljeno dejstvo, npr. crvenilo, svrab ili osip.<\/p>\n<p class=\"py-3\"><b>Gyermekek \u00e9s serd\u00fcl\u0151k<\/b><\/p>\n<p class=\"py-3\">Lek Lomexin se ne preporu\u010duje za primenu kod dece i adolescenata mla\u0111ih od 16 godina.<\/p>\n<p class=\"py-3\"><b>Drugi lekovi i Lomexin<\/b><\/p>\n<p class=\"py-3\">Obavestite Va\u0161eg lekara ili farmaceuta ako uzimate, do nedavno ste uzimali ili \u0107ete mo\u017eda uzimati bilo kojedruge lekove.<\/p>\n<p class=\"py-3\">Masti i ulja u sastavu vaginale kapsule mogu da o\u0161tete kontraceptivna sredstva od lateksa, npr. kondome i dijafragme videti odeljak<\/p>\n<p class=\"py-3\">Figyelmeztet\u00e9sek \u00e9s \u00f3vint\u00e9zked\u00e9sek<\/p>\n<p class=\"py-3\">stoga je potrebno koristiti druga za\u0161titna<\/p>\n<p class=\"py-3\">kontraceptivna sredstva.<\/p>\n<p class=\"py-3\"><b>Terhess\u00e9g, szoptat\u00e1s \u00e9s term\u00e9kenys\u00e9g<\/b><\/p>\n<p class=\"py-3\">Ukoliko ste trudni ili dojite, mislite da ste trudni ili planirate trudno\u0107u, obratite se Va\u0161em lekaru ili farmaceutu za savet pre nego \u0161to uzmete ovaj lek.Za vreme trudno\u0107e i dojenja lek Lomexin mo\u017eete primenjivati isklju\u010divo pod nadzorom lekara.<\/p>\n<p class=\"py-3\"><b>J\u00e1rm\u0171vek vezet\u00e9se \u00e9s g\u00e9pek kezel\u00e9se<\/b><\/p>\n<p class=\"py-3\">Lek nema uticaj na psihofizi\u010dke sposobnosti prilikom upravljanja vozilom i rukovanja ma\u0161inama.<\/p>\n<p class=\"py-3\"><b>Lek Lomexin sadr\u017ei natrijum-etilparahidroksibenzoat, natrijum-propilparahidroksibenzoat i sojin lecitin.<\/b><\/p>\n<p class=\"py-3\">Lek Lomexin sadr\u017ei natrijum-etilparahidroksibenzoat i natrijum-propilparahidroksibenzoat koji mogu izazvati alergijsku reakciju trenutno ili odlo\u017eeno.Lek Lomexin sadr\u017ei sojin lecitin, u slu\u010daju alergije na kikirikijevo ili sojino ulje ne koristite ovaj lek.<\/p>\n<h3 class=\"text-2xl py-5 pt-8\">3. Kako se uzima lek Lomexin<\/h3>\n<p class=\"py-3\">Uvek primenjujte ovaj lek ta\u010dno onako kako Vam je to objasnio Va\u0161 lekar ili farmaceut. Ukoliko niste sigurni proverite sa Va\u0161im lekarom ili farmaceutom.<\/p>\n<p class=\"py-3\">Lek je namenjen za vaginalnu primenu.<\/p>\n<p class=\"py-3\">Odrasli:Jedna vaginalna kapsula 600 mg uve\u010de pre spavanja. Kapsulu stavite duboko intravaginalno, sve do vaginalnog svoda, uve\u010de pred spavanje.<\/p>\n<p class=\"py-3\">Deca:Ne preporu\u010duje se primena leka Lomexin kod dece.<\/p>\n<p class=\"py-3\">Ukoliko ne do\u0111e do pobolj\u0161anja ili se stanje pogor\u0161a, obratite se svom lekaru.<\/p>\n<p class=\"py-3\"><b>Ako ste primenili vi\u0161e leka Lomexin nego \u0161to treba<\/b><\/p>\n<p class=\"py-3\">Ako ste slu\u010dajno pojeli ili progutali vaginalnu kapsulu, potr\u017eite savet Va\u0161eg lekara ili idite u najbli\u017eu bolnicu.<\/p>\n<p class=\"py-3\"><b>Ako ste zaboravili da uzmete lek Lomexin<\/b><\/p>\n<p class=\"py-3\">Primenite lek prvom slede\u0107om prilikom.Nemojte primenjivati duplu dozu, kako biste nadoknadili propu\u0161tenu dozu.<\/p>\n<p class=\"py-3\"><b>Ako naglo prestanete da uzimate lek Lomexin<\/b><\/p>\n<p class=\"py-3\">Ako imate dodatna pitanja vezana za upotrebu ovog leka, pitajte Va\u0161eg lekara ili farmaceuta<\/p>\n<h3 class=\"text-2xl py-5 pt-8\">4. Lehets\u00e9ges mell\u00e9khat\u00e1sok<\/h3>\n<p class=\"py-3\">Kao i svi lekovi, ovaj lek mo\u017ee da prouzrokuje ne\u017eeljena dejstva, iako ona ne moraju da se jave kod svih pacijenata koji primenjuju ovaj lek.<\/p>\n<p class=\"py-3\">Nakon vaginalne primene kapsule mo\u017ee se javiti ose\u0107aj peckanja koji spontano, brzo prolazi. Pri pravilnoj primeni leka Lomexin vrlo se slabo resorbuje i sistemska ne\u017eeljena dejstva se ne o\u010dekuju.Produ\u017eena lokalna primena mo\u017ee dovesti do preosetljivosti vidite odeljak<\/p>\n<p class=\"py-3\">Figyelmeztet\u00e9sek \u00e9s \u00f3vint\u00e9zked\u00e9sek<\/p>\n<p class=\"py-3\">Slede\u0107a ne\u017eeljena dejstva su zabele\u017eena prilikom primene leka Lomexin:<\/p>\n<p class=\"py-3\">Veoma retka ne\u017eeljena dejstva mogu da se jave kod najvi\u0161e 1 na 10000 pacijenata koji uzimaju lek:ose\u0107aj peckanja u vulvi i vagini, crvenilo, svrab, osip.<\/p>\n<p class=\"py-3\">A mell\u00e9khat\u00e1sok bejelent\u00e9se<\/p>\n<p class=\"py-3\">Ukoliko Vam se ispolji bilo koja ne\u017eeljena reakcija, potrebno je da o tome obavestite lekara ili farmaceuta. Ovo uklju\u010duje i svaku mogu\u0107u ne\u017eeljenu reakciju koja nije navedena u ovom uputstvu. Prijavljivanjem ne\u017eeljenih reakcija mo\u017eete da pomognete u proceni bezbednosti ovog leka. Sumnju na ne\u017eeljene reakcije mo\u017eete da prijavite Agenciji za lekove i medicinska sredstva Srbije ALIMS:<\/p>\n<p class=\"py-3\">Agencija za lekove i medicinska sredstva SrbijeNacionalni centar za farmakovigilancuVojvode Stepe 458, 11221 BeogradRepublika Srbijawebsite: www.alims.gov.rse-mail:<\/p>\n<p class=\"py-3\">nezeljene.reakcije@alims.gov.rs<\/p>\n<h3 class=\"text-2xl py-5 pt-8\">5. Kako \u010duvati lek Lomexin<\/h3>\n<p class=\"py-3\">A gy\u00f3gyszer gyermekekt\u0151l elz\u00e1rva tartand\u00f3.<\/p>\n<p class=\"py-3\">Ne smete koristiti lek Lomexin nakon isteka roka upotrebe nazna\u010denog na spolja\u0161njem i unutra\u0161njem pakovanju \u201cVa\u017ei do:\u201d. Rok upotrebe isti\u010de poslednjeg dana navedenog meseca.<\/p>\n<p class=\"py-3\">\u010cuvati na temperaturi do 30\u00b0C u originalnom pakovanju.<\/p>\n<p class=\"py-3\">A haszn\u00e1lhatatlan gy\u00f3gyszereket a gy\u00f3gyszert\u00e1rnak adj\u00e1k \u00e1t, amelyen fel van t\u00fcntetve, hogy a gy\u00f3gyszert\u00e1r beszedi az \u00e1llampolg\u00e1rokt\u00f3l a haszn\u00e1lhatatlan gy\u00f3gyszereket. A felhaszn\u00e1lhatatlan gy\u00f3gyszereket tilos a csatorn\u00e1ba vagy a kommun\u00e1lis hullad\u00e9kkal egy\u00fctt dobni. Ezek az int\u00e9zked\u00e9sek seg\u00edtik a k\u00f6rnyezet v\u00e9delm\u00e9t.<\/p>\n<h3 class=\"text-2xl py-5 pt-8\">6. A csomag tartalma \u00e9s egy\u00e9b inform\u00e1ci\u00f3k<\/h3>\n<p class=\"py-3\"><b>\u0160ta sadr\u017ei lek Lomexin<\/b><\/p>\n<p class=\"py-3\">Jedna vaginalna kapsula sadr\u017ei:aktivnu supstancu:<\/p>\n<p class=\"py-3\">fentikonazol- nitrat 600 mg<\/p>\n<p class=\"py-3\">Pomo\u0107ne supstance:<\/p>\n<p class=\"py-3\">Punjenje kapsule:<\/p>\n<p class=\"py-3\">parafin, te\u010dni, laki; parafin, beli, meki; sojin lecitin<\/p>\n<p class=\"py-3\">Omota\u010d kapsule:<\/p>\n<p class=\"py-3\">\u017eelatin; glicerol; titan-dioksid; natrijum-etilparahidroksibenzoat E215; natrijum-<\/p>\n<p class=\"py-3\">propilparahidroksibenzoat E217<\/p>\n<p class=\"py-3\"><b>Kako izgleda lek Lomexin i sadr\u017eaj pakovanja<\/b><\/p>\n<p class=\"py-3\">Ovalna, meka \u017eelatinska kapsula boje slonova\u010de 20 oval, sadr\u017eaj kapsule: uljasta suspenzija bele boje .Unutra\u0161nje pakovanje je blister od aluminijumske folije i PVC\/PVDC filma u kome se nalazi 1 vaginalnakapsula, meka.Spoljnje pakovanje je slo\u017eiva kartonska kutija u kojoj se nalazi jedan blister sa jednom vaginalnom kapsulom mekom i Uputstvo za lek.<\/p>\n<p class=\"py-3\"><b>Enged\u00e9ly tulajdonosa \u00e9s gy\u00e1rt\u00f3ja<\/b><\/p>\n<p class=\"py-3\">Nosilac dozvole:BONIFAR D.O.O.NOVI BEOGRADBulevar Zorana \u0110in\u0111i\u0107a 87\/1,Beograd<\/p>\n<p class=\"py-3\">Proizvo\u0111a\u010d:CATALENT ITALY S.P.A. Via Nettunense Km 20, 100; Aprilia LT, Italija<\/p>\n<p class=\"py-3\"><b>Ezt az utas\u00edt\u00e1st legut\u00f3bb j\u00f3v\u00e1hagyt\u00e1k<\/b><\/p>\n<p class=\"py-3\">Septembar, 2018.<\/p>\n<p class=\"py-3\"><b>A gy\u00f3gyszer adagol\u00e1si m\u00f3dja:<\/b><\/p>\n<p class=\"py-3\">Lek se izdaje uz lekarski recept.<\/p>\n<p class=\"py-3\"><b>Az enged\u00e9ly sz\u00e1ma \u00e9s d\u00e1tuma:<\/b><\/p>\n<p class=\"py-3\">515-01-04219-17-001 od 05.09.2018.<\/p>","protected":false},"featured_media":7288,"template":"","meta":[],"product_brand":[],"product_cat":[88,85],"product_tag":[2417,2946,2943,2942,2945,2944],"class_list":{"0":"post-7287","1":"product","2":"type-product","3":"status-publish","4":"has-post-thumbnail","6":"product_cat-intimna-nega","7":"product_cat-zdravlje-zena","8":"product_tag-antimikotik","9":"product_tag-candida-albicans","10":"product_tag-fentikonazol-nitrat","11":"product_tag-gljivica-sirokog-spektra","12":"product_tag-infekcije-vagine","13":"product_tag-vulvovaginalne-kandidijaze","14":"pa_brend-bonifar-d-o-o","16":"first","17":"instock","18":"shipping-taxable","19":"product-type-simple"},"ams_default_variation_id":0,"ams_product_points_reward":[],"ams_product_discount_percentage":0,"ams_price_to_display":0,"ams_acf":[],"jetpack_sharing_enabled":true,"_links":{"self":[{"href":"https:\/\/apotekar-online.rs\/hu\/wp-json\/wp\/v2\/product\/7287","targetHints":{"allow":["GET"]}}],"collection":[{"href":"https:\/\/apotekar-online.rs\/hu\/wp-json\/wp\/v2\/product"}],"about":[{"href":"https:\/\/apotekar-online.rs\/hu\/wp-json\/wp\/v2\/types\/product"}],"wp:featuredmedia":[{"embeddable":true,"href":"https:\/\/apotekar-online.rs\/hu\/wp-json\/wp\/v2\/media\/7288"}],"wp:attachment":[{"href":"https:\/\/apotekar-online.rs\/hu\/wp-json\/wp\/v2\/media?parent=7287"}],"wp:term":[{"taxonomy":"product_brand","embeddable":true,"href":"https:\/\/apotekar-online.rs\/hu\/wp-json\/wp\/v2\/product_brand?post=7287"},{"taxonomy":"product_cat","embeddable":true,"href":"https:\/\/apotekar-online.rs\/hu\/wp-json\/wp\/v2\/product_cat?post=7287"},{"taxonomy":"product_tag","embeddable":true,"href":"https:\/\/apotekar-online.rs\/hu\/wp-json\/wp\/v2\/product_tag?post=7287"}],"curies":[{"name":"wp","href":"https:\/\/api.w.org\/{rel}","templated":true}]}}