{"id":7306,"date":"2024-09-10T07:16:28","date_gmt":"2024-09-10T09:16:28","guid":{"rendered":"https:\/\/apotekar-online.rs\/?post_type=product&#038;p=7306"},"modified":"2026-03-05T07:50:02","modified_gmt":"2026-03-05T09:50:02","slug":"aspirin-500-500-mg-tablete","status":"publish","type":"product","link":"https:\/\/apotekar-online.rs\/hu\/p\/aspirin-500-500-mg-tablete\/","title":{"rendered":"Aspirin\u00ae 500, 500 mg, tablete"},"content":{"rendered":"","protected":false},"excerpt":{"rendered":"<h4><b>Ennek a szernek az interneten t\u00f6rt\u00e9n\u0151 terjeszt\u00e9s\u00e9t szigor\u00faan tilos \u00e9s a Szerb K\u00f6zt\u00e1rsas\u00e1g t\u00f6rv\u00e9nyei szab\u00e1lyozz\u00e1k, m\u00edg az interneten t\u00f6rt\u00e9n\u0151 bemutat\u00e1sa megengedett, kiz\u00e1r\u00f3lag abb\u00f3l a c\u00e9lb\u00f3l, hogy a nagyk\u00f6z\u00f6ns\u00e9get \u00e9s a szakmai k\u00f6zv\u00e9lem\u00e9nyt t\u00e1j\u00e9koztass\u00e1k a c\u00e9lr\u00f3l, \u00e9s jobban megismerj\u00e9k a gy\u00f3gyszert. mag\u00e1nak a gy\u00f3gyszernek az alapvet\u0151 jellemz\u0151i.<\/b><\/h4>\n<p>Aspirin\u00ae<br \/>\n500, 500 mg, tablete<br \/>\nacetilszalicilsav<br \/>\nMiel\u0151tt elkezden\u00e9 szedni ezt a gy\u00f3gyszert, olvassa el figyelmesen ezt a betegt\u00e1j\u00e9koztat\u00f3t, mert inform\u00e1ci\u00f3kat tartalmaz<br \/>\namelyek fontosak neked.<br \/>\nEzt a gy\u00f3gyszert mindig pontosan a betegt\u00e1j\u00e9koztat\u00f3ban le\u00edrtaknak vagy az orvos \u00e1ltal elmondottaknak megfelel\u0151en szedje<br \/>\nvagy egy gy\u00f3gyszer\u00e9sz.<br \/>\n\uf02d Mentse el az utas\u00edt\u00e1sokat. Lehet, hogy \u00fajra el kell olvasnia.<br \/>\n\uf02d Ha tov\u00e1bbi k\u00e9rd\u00e9sei vannak, vagy tan\u00e1csra van sz\u00fcks\u00e9ge, forduljon gy\u00f3gyszer\u00e9sz\u00e9hez.<br \/>\n\uf02d Ukoliko Vam se javi bilo koje ne\u017eeljeno dejstvo, obratite se Va\u0161em lekaru, ili farmaceutu. Ovo<br \/>\ntartalmazza az ebben az \u00fatmutat\u00f3ban fel nem sorolt mell\u00e9khat\u00e1sokat. L\u00e1sd a 4. r\u00e9szt.<br \/>\n\uf02d Ukoliko se ne ose\u0107ate bolje ili se ose\u0107ate lo\u0161ije posle 3 dana u slu\u010daju povi\u0161ene telesne temperature,<br \/>\nodnosno 3 do 4 dana u slu\u010daju bola, morate se obratiti svom lekaru.<br \/>\nEbben az \u00fatmutat\u00f3ban a k\u00f6vetkez\u0151ket olvashatja:<br \/>\n1. \u0160ta je lek Aspirin 500 i \u010demu je namenjen<br \/>\n2. \u0160ta treba da znate pre nego \u0161to uzmete lek Aspirin 500<br \/>\n3. Kako se uzima lek Aspirin 500<br \/>\n4. Lehets\u00e9ges mell\u00e9khat\u00e1sok<br \/>\n5. Kako \u010duvati lek Aspirin 500<br \/>\n6. A csomag tartalma \u00e9s egy\u00e9b inform\u00e1ci\u00f3k<br \/>\n2 a 6-b\u00f3l<br \/>\n1. \u0160ta je lek Aspirin 500 i \u010demu je namenjen<br \/>\nLek Aspirin 500 sadr\u017ei acetilsalicilnu kiselinu (aspirin). Acetilsalicilna kiselina je analgetik (otklanja bol) i<br \/>\nantipiretik (sni\u017eava povi\u0161enu telesnu temperaturu).<br \/>\nLek Aspirin 500 se uzima za simptomatsko le\u010denje povi\u0161ene telesne temperature i\/ili blagog do umerenog<br \/>\nbola kao \u0161to je glavobolja, sindrom sli\u010dan gripu, zubobolja, bol u mi\u0161i\u0107ima.<br \/>\nLek Aspirin 500 je namenjen odraslima i adolescentima od 16 godina i starijima.<br \/>\nMorate se obratiti lekaru ukoliko se ne ose\u0107ate bolje ili se ose\u0107ate jo\u0161 lo\u0161ije posle 3 dana (u slu\u010daju povi\u0161ene<br \/>\ntelesne temperature), odnosno 3 do 4 dana (u slu\u010daju bola).<br \/>\n2. \u0160ta treba da znate pre nego \u0161to uzmete lek Aspirin 500<br \/>\nLek Aspirin 500 ne smete uzimati:<br \/>\n\uf0b7 ako ste mla\u0111i od 16 godina, sa izuzetkom upotrebe leka u posebnim indikacijama &#8211; spre\u010davanja<br \/>\ntromboze pri hirur\u0161kim zahvatima na srcu;<br \/>\n\uf0b7 ako ste alergi\u010dni na acetilsalicilnu kiselinu ili druge salicilate, ili na bilo koju od pomo\u0107nih supstanci<br \/>\novog leka (navedene u odeljku 6);<br \/>\n\uf0b7 ako ste ranije imali astmu ili alergijsku reakciju (npr. svrab, angioedem, jako zapaljenje sluzoko\u017ee<br \/>\nnosa, \u0161ok) koja je bila uzrokovana primenom acetilsalicilne kiseline ili sli\u010dnih lekova (posebno<br \/>\nnesteroidnim antiinflamatornim lekovima);<br \/>\n\uf0b7 ako imate \u010dir na \u017eelucu ili crevima (uklju\u010duju\u0107i dvanaestopala\u010dno crevo);<br \/>\n\uf0b7 ako imate krvarenje ili rizik od krvarenja;<br \/>\n\uf0b7 ako imate te\u0161ko o\u0161te\u0107enje funkcije bubrega, jetre ili srca;<br \/>\n\uf0b7 ako uzimate metotreksat u dozi koja je ve\u0107a od 15 mg nedeljno;<br \/>\n\uf0b7 ako uzimate lekove koji razre\u0111uju krv i spre\u010davaju zgru\u0161avanje krvi (oralni antikoagulansi);<br \/>\n\uf0b7 tokom tre\u0107eg trimestra trudno\u0107e (ako ste trudni vi\u0161e od 24 nedelja).<br \/>\nUkoliko niste sigurni da li treba da uzimate ovaj lek, obratite se Va\u0161em lekaru ili farmaceutu.<br \/>\nFigyelmeztet\u00e9sek \u00e9s \u00f3vint\u00e9zked\u00e9sek<br \/>\nKada uzimate lek Aspirin 500, posebno vodite ra\u010duna:<br \/>\nRazgovarajte sa svojim lekarom ili farmaceutom pre nego \u0161to uzmete lek Aspirin 500:<br \/>\n\uf0b7 ako uzimate bilo koji drugi lek koji sadr\u017ei acetilsalicilnu kiselinu, da biste izbegli rizik od predoziranja;<br \/>\n\uf0b7 ako Vam se tokom du\u017eeg vremena javljaju glavobolje nakon uzimanja velike doze lekova protiv bolova,<br \/>\nne pove\u0107avajte dozu, ve\u0107 se obratite za savet lekaru ili farmaceutu;<br \/>\n\uf0b7 ako redovno koristite lekove protiv bolova, posebno kombinacije vi\u0161e razli\u010ditih lekova protiv bolova, jer<br \/>\nmo\u017ee do\u0107i do smanjenja funkcije bubrega;<br \/>\n\uf0b7 ako imate nedostatak G6PD (glukoza-6-fosfat dehidrogenaza) enzima (nasledno oboljenje koje uti\u010de na<br \/>\ncrvene krvne \u0107elije), jer pove\u0107ane doze acetilsalicilne kiseline mogu dovesti do hemolize (razaranje<br \/>\ncrvenih krvnih \u0107elija);<br \/>\n\uf0b7 ako ste ranije imali \u010dir ili krvarenje na \u017eelucu ili crevima, ili zapaljenje sluzoko\u017ee \u017eeluca (gastritis);<br \/>\n\uf0b7 ako imate o\u0161te\u0107enje funkcije bubrega ili jetre;<br \/>\n\uf0b7 ako imate astmu: kod nekih pacijenata, pojava napada astme mo\u017ee biti povezana sa alergijskim<br \/>\nreakcijama na nesteroidne antiinflamatorne lekove ili acetilsalicilnu kiselinu. U tom slu\u010daju, upotreba<br \/>\novih lekova se ne preporu\u010duje;<br \/>\n\uf0b7 u slu\u010daju obilnih menstrualnih krvarenja;<br \/>\n\uf0b7 ako imate gastrointestinalna krvarenja nastala tokom le\u010denja (krvarenje u ustima, krv u stolici, crna boja<br \/>\nstolice); morate prestati sa terapjiom i odmah zatra\u017eiti pomo\u0107 lekara ili hitne medicinske slu\u017ebe;<br \/>\n3 a 6-b\u00f3l<br \/>\n\uf0b7 ako istovremeno uzimate i lekove koji razre\u0111uju krv i spre\u010davaju zgru\u0161avanje krvi (antikoagulansi);<br \/>\n\uf0b7 acetilsalicilna kiselina pove\u0107ava rizik od krvarenja \u010dak i u malim dozama, \u010dak i ako je uzeta nekoliko<br \/>\ndana ranije. Obavestite svog lekara, hirurga, anesteziologa ili stomatologa u slu\u010daju da imate hirur\u0161ke<br \/>\nintervencije, \u010dak i one manje;<br \/>\n\uf0b7 acetilsalicilna kiselina spre\u010dava izlu\u010divanje mokra\u0107ne kiseline. Ovo se mora uzeti u obzir kod istovremene<br \/>\nprimene lekova koji se koriste za le\u010denje gihta;<br \/>\n\uf0b7 ne preporu\u010duje se primena ovog leka tokom dojenja.<br \/>\nGyermekek<br \/>\nRey-ev sindrom (retka ali ozbiljna bolest koja primarno dovodi do o\u0161te\u0107enja nerava i jetre) je prime\u0107en kod<br \/>\ndece koja boluju od virusnih oboljenja, a kojima je primenjena acetilsalicilna kiselina. Zbog toga:<br \/>\n\uf0b7 u slu\u010daju virusnog oboljenja kao \u0161to su grip ili male boginje kod dece, acetilsalicilna kiselina se ne sme<br \/>\nprimeniti bez prethodne konsultacije sa lekarom;<br \/>\n\uf0b7 ako se pojave simptomi vrtoglavice ili nesvestice, neuobi\u010dajeno pona\u0161anje ili povra\u0107anje kod deteta koje<br \/>\nje uzelo acetilsalicilnu kiselinu, odmah obavestite svog lekara.<br \/>\nDrugi lekovi i lek Aspirin 500<br \/>\nObavestite Va\u0161eg lekara i farmaceuta ako uzimate, donedavno ste uzimali ili \u0107ete mo\u017eda uzimati bilo koje<br \/>\negy\u00e9b gy\u00f3gyszerek, bele\u00e9rtve azokat is, amelyek orvosi rendelv\u00e9ny n\u00e9lk\u00fcl kaphat\u00f3k.<br \/>\nU nastavku teksta su kori\u0161\u0107ene slede\u0107e definicije:<br \/>\nAcetilsalicilna kiselina se mo\u017ee koristiti za le\u010denje reumatskih poreme\u0107aja u velikim dozama (tzv.<br \/>\nantiinflamatorna doza) koja se defini\u0161e kao: 1 g ili vi\u0161e kao pojedina\u010dna doza i\/ili 3 g ili vi\u0161e dnevno.<br \/>\nAcetilsalicilna kiselina se mo\u017ee koristiti za le\u010denje bola i povi\u0161ene telesne temperature u dozama koje se<br \/>\ndefini\u0161u kao: 500 mg ili vi\u0161e kao pojedina\u010dna doza i\/ili do 3 g dnevno.<br \/>\nNe uzimajte lek Aspirin 500:<br \/>\n\uf0b7 ako se le\u010dite metotreksatom u dozi koja je ve\u0107a od 15 mg nedeljno. U tom slu\u010daju, treba izbegavati<br \/>\nprimenu acetilsalicilne kiseline u velikim (antiinflamatornim) dozama, ili za le\u010denje bola i povi\u0161ene<br \/>\ntelesne temperature;<br \/>\n\uf0b7 ako se le\u010dite oralnim antikoagulansima i u slu\u010daju da ste ranije imali \u010dir na \u017eelucu ili crevima. U tom<br \/>\nslu\u010daju, treba izbegavati primenu acetilsalicilne kiseline u velikim (antiinflamatornim) dozama, ili za<br \/>\nle\u010denje bola i povi\u0161ene telesne temperature.<br \/>\nObratite se Va\u0161em lekaru ili farmaceutu pre upotrebe acetilsalicilne kiseline ako uzimate:<br \/>\n\uf0b7 oralne antikoagulanse sa acetilsalicilnom kiselinom kada se primenjuje za le\u010denje bola i povi\u0161ene telesne<br \/>\ntemperature bez prethodnog prisustva \u010dira na \u017eelucu ili crevima;<br \/>\n\uf0b7 nesteroidne antiinflamatorne lekove sa acetilsalicilnom kiselinom u velikim (antiinflamatornim) dozama,<br \/>\nili za le\u010denje bola i povi\u0161ene telesne temperature;<br \/>\n\uf0b7 heparine u terapijskim dozama, ili kod starijih pacijenata (\u226565 godina) sa acetilsalicilnom kiselinom u<br \/>\nvelikim (antiinflamatornim) dozama posebno za le\u010denje reumatskih poreme\u0107aja, ili za le\u010denje bola i<br \/>\npovi\u0161ene telesne temperature;<br \/>\n\uf0b7 trombolitike (lekovi za razgradnju nastalog krvnog ugru\u0161ka);<br \/>\n\uf0b7 klopidogrel (lek za spre\u010davanje lepljenja krvnih plo\u010dica);<br \/>\n\uf0b7 tiklopidin (lek za spre\u010davanje lepljenja krvnih plo\u010dica);<br \/>\n\uf0b7 urikozurike koji se koriste za le\u010denje gihta (benzobromaron, probenecid);<br \/>\n\uf0b7 glukokortikoide (osim hidrokortizona kao supstituciona terapija) sa acetilsalicilnom kiselinom u velikim<br \/>\n(antiinflamatornim) dozama;<br \/>\n\uf0b7 pemetreksed kod pacijenata sa blagim do umerenim o\u0161te\u0107enjem funkcije bubrega;<br \/>\n\uf0b7 anagrelid;<br \/>\n\uf0b7 lekove za pove\u0107ano izlu\u010divanje vode (diuretike);<br \/>\n\uf0b7 inhbitiore angiotenzin konvertuju\u0107eg enzima, antagoniste angiotenzin II receptora;<br \/>\n4 a 6-b\u00f3l<br \/>\n\uf0b7 metotreksat (lek koji se koristi za le\u010denje te\u0161kih zapaljenja zglobova, karcinoma i psorijaze (bolest ko\u017ee))<br \/>\nu dozi od 15 mg ili manje nedeljno;<br \/>\n\uf0b7 gastrointestinalne lekove, antacide i medicinski ugalj;<br \/>\n\uf0b7 deferasiroks (lek koji se koristi za uklanjanje vi\u0161ka gvo\u017e\u0111a iz organizma (za vezivanje gvo\u017e\u0111a));<br \/>\n\uf0b7 selektivne inhbitore ponovnog preuzimanja serotonina (citalopram, escitalopram, fluoksetin, fluvoksamin,<br \/>\nparoksetin, sertralin), lekovi koji se koriste za le\u010denje depresije.<br \/>\nDa biste izbegli interakcije izme\u0111u lekova, upozorite svog lekara ili farmaceuta ukoliko uzimate bilo koji<br \/>\ndrugi lek.<br \/>\nTerhess\u00e9g, szoptat\u00e1s \u00e9s term\u00e9kenys\u00e9g<br \/>\nHa \u00d6n terhes vagy szoptat, \u00fagy gondolja, hogy terhes vagy teherbe k\u00edv\u00e1n esni, forduljon orvos\u00e1hoz vagy<br \/>\nk\u00e9rjen tan\u00e1csot gy\u00f3gyszer\u00e9sz\u00e9t\u0151l, miel\u0151tt elkezdi szedni ezt a gy\u00f3gyszert.<br \/>\nTerhess\u00e9g<br \/>\nTokom prvog i drugog trimestra trudno\u0107e treba da se posavetujete sa svojim lekarom pre nego \u0161to uzmete<br \/>\novaj ili bilo koji drugi lek koji sadr\u017ei acetilsalicilnu kiselinu. Od po\u010detka \u0161estog meseca trudno\u0107e (nakon 24<br \/>\nnedelja od prestanka ciklusa), nikako ne smete uzimati ovaj lek jer mo\u017ee ozbiljno na\u0161koditi Vama ili Va\u0161em<br \/>\ndetetu.<br \/>\nSzoptat\u00e1s<br \/>\nOvaj lek mo\u017ee se izlu\u010diti u maj\u010dino mleko. Kao mera predostro\u017enosti, lek Aspirin 500 se ne preporu\u010duje<br \/>\ntokom dojenja.<br \/>\nTerm\u00e9kenys\u00e9g<br \/>\nOvaj lek pripada grupi lekova koja mo\u017ee umanjiti plodnost kod \u017eena. Ovaj uticaj nestaje nakon prestanka<br \/>\nuzimanja leka.<br \/>\nJ\u00e1rm\u0171vek vezet\u00e9se \u00e9s g\u00e9pek kezel\u00e9se<br \/>\nNema posebnih mera opreza.<br \/>\n3. Kako se uzima lek Aspirin 500<br \/>\nEzt a gy\u00f3gyszert mindig pontosan a betegt\u00e1j\u00e9koztat\u00f3ban le\u00edrtaknak vagy az orvos \u00e1ltal elmondottaknak megfelel\u0151en szedje<br \/>\nlekar. Ako niste sigurni, proverite sa Va\u0161im lekarom ili farmaceutom.<br \/>\nOdrasli i adolescenti (uzrasta 16 godina i stariji):<br \/>\nJedna do dve tablete, pri \u010demu razmak izme\u0111u doza mora iznositi najmanje 4 sata. Ukupna dnevna doza ne<br \/>\nsme prema\u0161iti 6 tableta.<br \/>\nStariji pacijenti (stariji od 65 godina):<br \/>\nJedna tableta, pri \u010demu razmak izme\u0111u doza mora iznositi najmanje 4 sata. Ukupna dnevna doza ne sme<br \/>\nprema\u0161iti 4 tablete.<br \/>\nLek Aspirin 500 se ne sme primenjivati kod dece mla\u0111e od 16 godina.<br \/>\nAcetilsalicilna kiselina se bez konsultovanja lekara ne sme primenjivati du\u017ee od 3 dana za terapiju povi\u0161ene<br \/>\ntelesne temperature, odnosno du\u017ee od 3 do 4 dana za terapiju bola.<br \/>\n5 a 6-b\u00f3l<br \/>\nAcetilsalicilna kiselina se mora primenjivati sa oprezom kod pacijenata sa o\u0161te\u0107enjem funkcije jetre ili<br \/>\nbubrega, kao i kod pacijenata sa problemima sa cirkulacijom (npr. slabost srca ili ozbiljna krvarenja).<br \/>\nAlkalmaz\u00e1s m\u00f3dja<br \/>\nOralna primena. Tablete uzimati sa dovoljnom koli\u010dinom vode.<br \/>\nLek ne treba uzimati na prazan stomak.<br \/>\nAko ste uzeli vi\u0161e leka Aspirin 500 nego \u0161to treba<br \/>\nTokom le\u010denja, mogu\u0107e je da osetite zujanje u u\u0161ima, ose\u0107aj gubitka sluha, glavobolju, vrtoglavicu \u2013 ovo su<br \/>\ntipi\u010dni simptomi predoziranja.<br \/>\nUkoliko posumnjate na predoziranje ovim lekom, prestanite sa le\u010denjem i odmah se obratite lekaru.<br \/>\nAko ste zaboravili da uzmete lek Aspirin 500<br \/>\nNe vegyen be dupla adagot a kihagyott adag p\u00f3tl\u00e1s\u00e1ra.<br \/>\n4. Lehets\u00e9ges mell\u00e9khat\u00e1sok<br \/>\nMint minden gy\u00f3gyszer, \u00edgy ez a gy\u00f3gyszer is okozhat mell\u00e9khat\u00e1sokat, amelyek azonban nem mindenkin\u00e9l jelentkeznek.<br \/>\nezt a gy\u00f3gyszert szed\u0151 betegek.<br \/>\nU\u010destalost: nepoznata u\u010destalost (ne mo\u017ee se proceniti na osnovu dostupnih podataka).<br \/>\nMogu\u0107a ne\u017eeljena dejstva su:<br \/>\nOvo su sve veoma ozbiljna ne\u017eeljena dejstva i mo\u017ee Vam biti potreban hitan medicinski nadzor ili<br \/>\nhospitalizacija. Odmah obavestite svog lekara ili idite do najbli\u017ee bolnice ako primetite ne\u0161to od slede\u0107eg:<br \/>\n\uf0b7 krvarenje (krvarenje iz nosa, krvarenje desni, crvene ta\u010dkice ispod ko\u017ee i sl.);<br \/>\n\uf0b7 alergijske reakcije kao \u0161to su osip na ko\u017ei, poreme\u0107aj disanja ili oticanje lica uz pote\u0161ko\u0107e pri<br \/>\ndisanju;<br \/>\n\uf0b7 glavobolja, vrtoglavica, ose\u0107aj gubljenja sluha, tinitus (zujanje u u\u0161ima), koji obi\u010dno ukazuju na<br \/>\npredoziranje;<br \/>\n\uf0b7 krvarenje u mozgu;<br \/>\n\uf0b7 bol u \u017eelucu;<br \/>\n\uf0b7 krvarenje u organima za varenje. Videti odeljak \u201eKada uzimate lek Aspirin 500, posebno vodite<br \/>\nra\u010duna\u201c. Ovo se de\u0161ava \u010de\u0161\u0107e pri uzimanju velikih doza;<br \/>\n\uf0b7 su\u017eenje creva (naro\u010dito prilikom dugotrajne upotrebe);<br \/>\n\uf0b7 pove\u0107anje vrednosti enzima jetre koje uglavnom prestaje nakon obustave terapije, o\u0161te\u0107enje funkcije<br \/>\njetre (uglavnom \u0107elija jetre);<br \/>\n\uf0b7 svrab, reakcije ko\u017e\u0435;<br \/>\n\uf0b7 Rey-ev sindrom (poreme\u0107aj svesti ili izmenjeno pona\u0161anje, ili povra\u0107anje) kod dece koja boluju od<br \/>\nvirusnog oboljenja i uzimaju acetilsalicilnu kiselinu (videti odeljak 2. \u0160ta treba da znate pre nego \u0161to<br \/>\nuzmete lek Aspirin 500).<br \/>\nA mell\u00e9khat\u00e1sok bejelent\u00e9se<br \/>\nHa b\u00e1rmilyen nemk\u00edv\u00e1natos reakci\u00f3t tapasztal, t\u00e1j\u00e9koztassa kezel\u0151orvos\u00e1t vagy gy\u00f3gyszer\u00e9sz\u00e9t.<br \/>\nEz mag\u00e1ban foglalja az ebben az \u00fatmutat\u00f3ban nem szerepl\u0151 esetleges mell\u00e9khat\u00e1sokat is. Regisztr\u00e1ci\u00f3val<br \/>\nmell\u00e9khat\u00e1sok seg\u00edthetnek \u00e9rt\u00e9kelni a gy\u00f3gyszer biztons\u00e1goss\u00e1g\u00e1t. Nem k\u00edv\u00e1nt reakci\u00f3kra gyanakszanak<br \/>\njelentheti a Szerbiai Gy\u00f3gyszer- \u00e9s Orvostechnikai \u00dcgyn\u00f6ks\u00e9gnek (ALIMS):<br \/>\nSzerb Gy\u00f3gyszer- \u00e9s Orvostechnikai \u00dcgyn\u00f6ks\u00e9g<br \/>\nOrsz\u00e1gos Farmakovigilancia K\u00f6zpont<br \/>\n6 a 6-b\u00f3l<br \/>\nVojvode Stepe 458, 11221 Belgr\u00e1d<br \/>\nSzerb K\u00f6zt\u00e1rsas\u00e1g<br \/>\nWeboldal: www.alims.gov.rs<br \/>\ne-mail: nezeljene.reakcije@alims.gov.rs<br \/>\n5. Kako \u010duvati lek Aspirin 500<br \/>\nA gy\u00f3gyszer gyermekekt\u0151l elz\u00e1rva tartand\u00f3.<br \/>\nNemojte koristiti lek Aspirin 500 posle isteka roka upotrebe nazna\u010denog na spolja\u0161njem pakovanju nakon<br \/>\n\u201eVa\u017ei do:\u201d. Datum isteka roka upotrebe se odnosi na poslednji dan navedenog meseca.<br \/>\nLegfeljebb 30\u00b0C-on t\u00e1roland\u00f3.<br \/>\nA haszn\u00e1lhatatlan gy\u00f3gyszereket a gy\u00f3gyszert\u00e1rnak adj\u00e1k \u00e1t, ahol a gy\u00f3gyszert\u00e1rban kif\u00fcggesztik az \u00e1tv\u00e9telre vonatkoz\u00f3 \u00e9rtes\u00edt\u00e9st.<br \/>\nhaszn\u00e1lhatatlan gy\u00f3gyszereket a polg\u00e1rokt\u00f3l. A felhaszn\u00e1lhatatlan gy\u00f3gyszereket tilos a csatorn\u00e1ba vagy azzal egy\u00fctt dobni<br \/>\nkommun\u00e1lis hullad\u00e9k. Ezek az int\u00e9zked\u00e9sek seg\u00edtik a k\u00f6rnyezet v\u00e9delm\u00e9t.<br \/>\n6. A csomag tartalma \u00e9s egy\u00e9b inform\u00e1ci\u00f3k<br \/>\n\u0160ta sadr\u017ei lek Aspirin 500<br \/>\nAktivna supstanca je: acetilsalicilna kiselina.<br \/>\nJedna tableta sadr\u017ei 500 mg acetilsalicilne kiseline.<br \/>\nPomo\u0107ne supstance su: celuloza, pra\u0161ak i skrob, kukuruzni.<br \/>\nKako izgleda lek Aspirin 500 i sadr\u017eaj pakovanja<br \/>\nOkrugle tablete, bele boje, koje na jednoj strani imaju utisnutu oznaku proizvo\u0111a\u010da Bayer, a na drugoj strani<br \/>\n\u201eASPIRIN 0,5\u201c.<br \/>\nUnutra\u0161nje pakovanje je blister (PP\/Al) sa 10 tableta.<br \/>\nSpolja\u0161nje pakovanje je slo\u017eiva kartonska kutija u kojoj se nalaze 2 blistera sa po 10 tableta (ukupno 20<br \/>\ntableta) i Uputstvo za lek.<br \/>\nEnged\u00e9ly tulajdonosa \u00e9s gy\u00e1rt\u00f3ja<br \/>\nEnged\u00e9ly tulajdonosa:<br \/>\nBAYER DOO BELGRADE, Omladinskih brigada 88b, Belgr\u00e1d<br \/>\nGy\u00e1rt\u00f3:<br \/>\nBAYER BITTERFELD GMBH, Salegaster Chaussee 1, Ortsteil Greppin, Bitterfeld-Wolfen, Nema\u010dka<br \/>\nEzt az utas\u00edt\u00e1st legut\u00f3bb j\u00f3v\u00e1hagyt\u00e1k<br \/>\nDecembar, 2022.<br \/>\nA gy\u00f3gyszer adagol\u00e1si m\u00f3dja:<br \/>\nLek izdaje bez lekarskog recepta.<br \/>\nAz enged\u00e9ly sz\u00e1ma \u00e9s d\u00e1tuma:<br \/>\n515-01-04301-21-001 \u043ed 15.12.2022<\/p>","protected":false},"featured_media":7307,"template":"","meta":[],"product_brand":[],"product_cat":[778,777],"product_tag":[1081,348,2955,1028,783],"class_list":{"0":"post-7306","1":"product","2":"type-product","3":"status-publish","4":"has-post-thumbnail","6":"product_cat-lekovi-protiv-bolova","7":"product_cat-proizvodi-koji-se-izdaju-bez-recepta","8":"product_tag-acetilsalicilna-kiselina","9":"product_tag-bol","10":"product_tag-glavabolja","11":"product_tag-povisena-temperatura","12":"product_tag-zubobolja","13":"pa_brend-bayer-health-care","15":"first","16":"instock","17":"shipping-taxable","18":"product-type-simple"},"ams_default_variation_id":0,"ams_product_points_reward":[],"ams_product_discount_percentage":0,"ams_price_to_display":0,"ams_acf":[],"jetpack_sharing_enabled":true,"_links":{"self":[{"href":"https:\/\/apotekar-online.rs\/hu\/wp-json\/wp\/v2\/product\/7306","targetHints":{"allow":["GET"]}}],"collection":[{"href":"https:\/\/apotekar-online.rs\/hu\/wp-json\/wp\/v2\/product"}],"about":[{"href":"https:\/\/apotekar-online.rs\/hu\/wp-json\/wp\/v2\/types\/product"}],"wp:featuredmedia":[{"embeddable":true,"href":"https:\/\/apotekar-online.rs\/hu\/wp-json\/wp\/v2\/media\/7307"}],"wp:attachment":[{"href":"https:\/\/apotekar-online.rs\/hu\/wp-json\/wp\/v2\/media?parent=7306"}],"wp:term":[{"taxonomy":"product_brand","embeddable":true,"href":"https:\/\/apotekar-online.rs\/hu\/wp-json\/wp\/v2\/product_brand?post=7306"},{"taxonomy":"product_cat","embeddable":true,"href":"https:\/\/apotekar-online.rs\/hu\/wp-json\/wp\/v2\/product_cat?post=7306"},{"taxonomy":"product_tag","embeddable":true,"href":"https:\/\/apotekar-online.rs\/hu\/wp-json\/wp\/v2\/product_tag?post=7306"}],"curies":[{"name":"wp","href":"https:\/\/api.w.org\/{rel}","templated":true}]}}