{"id":7376,"date":"2024-10-15T07:33:16","date_gmt":"2024-10-15T09:33:16","guid":{"rendered":"https:\/\/apotekar-online.rs\/?post_type=product&#038;p=7376"},"modified":"2026-03-05T08:38:28","modified_gmt":"2026-03-05T10:38:28","slug":"persen-forte-caps-a20","status":"publish","type":"product","link":"https:\/\/apotekar-online.rs\/hu\/p\/persen-forte-caps-a20\/","title":{"rendered":"Persen forte caps a20"},"content":{"rendered":"","protected":false},"excerpt":{"rendered":"<h4><b>Ennek a szernek az interneten t\u00f6rt\u00e9n\u0151 terjeszt\u00e9s\u00e9t szigor\u00faan tilos \u00e9s a Szerb K\u00f6zt\u00e1rsas\u00e1g t\u00f6rv\u00e9nyei szab\u00e1lyozz\u00e1k, m\u00edg az interneten t\u00f6rt\u00e9n\u0151 bemutat\u00e1sa megengedett, kiz\u00e1r\u00f3lag abb\u00f3l a c\u00e9lb\u00f3l, hogy a nagyk\u00f6z\u00f6ns\u00e9get \u00e9s a szakmai k\u00f6zv\u00e9lem\u00e9nyt t\u00e1j\u00e9koztass\u00e1k a c\u00e9lr\u00f3l, \u00e9s jobban megismerj\u00e9k a gy\u00f3gyszert. mag\u00e1nak a gy\u00f3gyszernek az alapvet\u0151 jellemz\u0151i.<\/b><\/h4>\n<p>A GY\u00d3GYSZERREKEZD\u00c9S M\u00d3DJ\u00c1R\u00d3L SZ\u00d3L\u00d3 RENDELETET MEGTEKINHET\u0150, GY\u00d3GYSZERRE VONATKOZ\u00d3AN (&quot;Sl. Gl. RS&quot;, 79\/2010. sz.)\u00a0<a href=\"http:\/\/www.alims.gov.rs\/ciril\/files\/2012\/06\/p-oglasavanje-79-2010.pdf\">ITT<\/a>.<\/p>\n<p>Lek Persen forte je tradicionalni biljni lek koji sadr\u017ei kombinaciju suvog ekstrakta korena valerijane, suvog\u00a0<span lang=\"PL\">ekstrakta lista mati\u010dnjaka i suvog ekstrakta lista nane.<\/span><\/p>\n<p><span lang=\"PL\">Lek Persen forte je tradicionalni biljni lek koji se koristi pri ubla\u017eavanju simptoma blagog psihi\u010dkog stresa i kao pomo\u0107 kod nesanice.<\/span><\/p>\n<p><span lang=\"PL\">Lek Persen forte je tradicionalni biljni lek \u010dija se upotreba u definisanim indikacijama zasniva isklju\u010divo na dugotrajnoj primeni.<\/span><\/p>\n<h4 data-elementor-setting-key=\"title\" data-pen-placeholder=\"Type Here...\">Lek Persen forte ne smete uzimati:<\/h4>\n<ul>\n<li>ukoliko ste alergi\u010dni (preosetljivi) na koren valerijane, list mati\u010dnjaka, list nane, mentol ili na bilo koju od pomo\u0107nih supstanci ovog leka.<\/li>\n<\/ul>\n<h4 data-elementor-setting-key=\"title\" data-pen-placeholder=\"Type Here...\">Figyelmeztet\u00e9sek \u00e9s \u00f3vint\u00e9zked\u00e9sek:<\/h4>\n<p>Ukoliko bolujete od gastroezofagealne refluksne bolesti trebalo bi da izbegavate uzimanje preparata koji sadr\u017ee list nane, zbog mogu\u0107nosti pogor\u0161anja goru\u0161ice. Ukoliko imate kamen u \u017eu\u010di ili bilo koje drugo oboljenje \u017eu\u010dne kese i \u017eu\u010dnih puteva budite posebno oprezni prilikom uzimanja preparata koji sadr\u017ee nanu.<\/p>\n<p><span lang=\"PL\">Bizonyos cukrokra val\u00f3 intolerancia eset\u00e9n a gy\u00f3gyszer alkalmaz\u00e1sa el\u0151tt konzult\u00e1ljon orvos\u00e1val.<\/span><\/p>\n<p><span lang=\"PL\">Zbog nedovoljno podataka o bezbednosti i efikasnosti leka Persen forte, njegova primena kod dece mla\u0111e od 12 godina se ne preporu\u010duje.<\/span><\/p>\n<p><span lang=\"PL\">Posavetujte se sa Va\u0161im lekarom ili farmaceutom ako se nastave simptomi tokom upotrebe leka ili se jave neka ne\u017eeljena dejstva koja nisu navedena u ovom Uputstvu za lek.<\/span><\/p>\n<h5><span lang=\"PL\">Drugi lekovi i Persen forte<\/span><\/h5>\n<p><span lang=\"PL\">Felt\u00e9tlen\u00fcl t\u00e1j\u00e9koztassa kezel\u0151orvos\u00e1t vagy gy\u00f3gyszer\u00e9sz\u00e9t a jelenleg vagy nemr\u00e9giben szedett, valamint szedni tervezett egy\u00e9b gy\u00f3gyszereir\u0151l, bele\u00e9rtve a v\u00e9ny n\u00e9lk\u00fcl kaphat\u00f3 k\u00e9sz\u00edtm\u00e9nyeket is.<\/span><\/p>\n<p>Nema podataka o interakciji leka Persen forte sa drugim lekovima. Pre istovremene primene drugih lekova, neophodno je da se posavetujete sa Va\u0161im lekarom.<\/p>\n<p><span lang=\"PL\">Postoje ograni\u010deni podaci o klini\u010dkim interakcijama. Nisu uo\u010dene klini\u010dki zna\u010dajne interakcije sa lekovima koji se metaboli\u0161u putem odre\u0111enih enzima jetre. Istovremena upotreba drugih lekova za smirenje (npr. benzodiazepina) sa ne preporu\u010duje i dozvoljena je samo pod nadzorom lekara.<\/span><\/p>\n<p>&nbsp;<\/p>\n<h5><span lang=\"PL\">Uzimanje leka Persen forte sa hranom, pi\u0107ima i alkoholom\u00a0<\/span><\/h5>\n<p><span lang=\"PL\">Ne preporu\u010duje se konzumiranje alkoholnih pi\u0107a tokom uzimanja leka Persen forte.\u00a0<\/span><span lang=\"IT\">Kapsule treba progutati sa malo vode, nezavisno od uzimanja hrane.<\/span><\/p>\n<p>&nbsp;<\/p>\n<h5><span lang=\"PL\">Terhess\u00e9g \u00e9s szoptat\u00e1s<\/span><\/h5>\n<p><span lang=\"IT\">Ukoliko ste trudni ili dojite, mislite da ste trudni ili planirate trudno\u0107u, obratite se Va\u0161em lekaru za savet pre nego \u0161to uzmete ovaj lek.\u00a0<\/span><span lang=\"PL\">Bezbednost primene leka Persen forte tokom trudno\u0107e i dojenja nije ustanovljena. Kao mera predostro\u017enosti, zbog nedostatka podataka, ne preporu\u010duje se upotreba tokom trudno\u0107e i dojenja.<\/span><\/p>\n<p>&nbsp;<\/p>\n<h5><span lang=\"PL\">J\u00e1rm\u0171vek vezet\u00e9se \u00e9s g\u00e9pek kezel\u00e9se<\/span><\/h5>\n<p><span lang=\"PL\">Lek Persen forte mo\u017ee imati negativan uticaj na sposobnost upravljanja vozilima i rukovanja ma\u0161inama. Tokom uzimanja ovog leka ne preporu\u010duje se upravljanje vozilima i rukovanje ma\u0161inama.<\/span><\/p>\n<p>Odrasli i adolescenti stariji od 12 godina:<\/p>\n<p><span lang=\"PL\">Uvek uzimajte ovaj lek ta\u010dno onako kako je navedeno u ovom uputstvu ili kako Vam je to objasnio Va\u0161 lekar ili farmaceut.\u00a0<\/span><span lang=\"IT\">Ukoliko niste sigurni proverite sa Va\u0161im lekarom ili farmaceutom.<\/span><\/p>\n<p><span lang=\"PL\">Za ubla\u017eavanje simptoma blagog psihi\u010dkog stresa: 2 kapsule leka Persen forte, dva puta dnevno. Kao pomo\u0107 kod nesanice: 1 kapsula leka Persen forte pola sata do jedan sat pre odlaska na spavanje.\u00a0<\/span><span lang=\"IT\">Kapsule treba progutati sa malo vode, nezavisno od uzimanja hrane.<\/span><\/p>\n<p><span lang=\"IT\">Ukoliko se nakon 2 nedelje primene leka Persen forte zdravstveno stanje ne pobolj\u0161a ili se \u010dak pogor\u0161a, potrebno je konsultovati lekara ili farmaceuta.<\/span><\/p>\n<p><span lang=\"PL\">Pojedina\u010dna doza od oko 20 g korena valerijane (pribli\u017eno 41 kapsula, tvrda leka Persen forte) mo\u017ee uzrokovati bezopasne simptome kao \u0161to su umor, gr\u010devi u stomaku, stezanje u grudima, vrtoglavica, tremor ruku (nevoljno drhtanje) i midrijaza (pro\u0161irenje zenica). Ovi simptomi se povla\u010de u roku od 24 sata. Ukoliko se simptomi pogor\u0161aju ili traju du\u017ee od 24 sata, obavezno se javite lekaru.<\/span><\/p>\n<p><span lang=\"PL\">Nema podataka o predoziranju izazvanog listovima mati\u010dnjaka ili nane. Ako ste zaboravili da uzmete lek Persen forte, ne uzimajte duplu dozu da biste nadoknadili propu\u0161tenu dozu.<\/span><\/p>\n<p><span lang=\"IT\">Ha b\u00e1rmilyen tov\u00e1bbi k\u00e9rd\u00e9se van a gy\u00f3gyszer alkalmaz\u00e1s\u00e1val kapcsolatban, k\u00e9rdezze meg kezel\u0151orvos\u00e1t vagy gy\u00f3gyszer\u00e9sz\u00e9t.<\/span><\/p>\n<p><i><b>Upotreba Persena Forte se ne preporu\u010duje kod dece mla\u0111e od 12 godina.<\/b><\/i><\/p>","protected":false},"featured_media":7377,"template":"","meta":[],"product_brand":[],"product_cat":[136,3054],"product_tag":[1709,1788,543,1036,635],"class_list":{"0":"post-7376","1":"product","2":"type-product","3":"status-publish","4":"has-post-thumbnail","6":"product_cat-stres-depresija-i-miran-san","7":"product_cat-akcija","8":"product_tag-betty","9":"product_tag-maticnjak","10":"product_tag-nana","11":"product_tag-smirenje","12":"product_tag-valerijana","13":"pa_brend-zentiva","15":"first","16":"instock","17":"shipping-taxable","18":"product-type-simple"},"ams_default_variation_id":0,"ams_product_points_reward":[],"ams_product_discount_percentage":0,"ams_price_to_display":0,"ams_acf":[],"jetpack_sharing_enabled":true,"_links":{"self":[{"href":"https:\/\/apotekar-online.rs\/hu\/wp-json\/wp\/v2\/product\/7376","targetHints":{"allow":["GET"]}}],"collection":[{"href":"https:\/\/apotekar-online.rs\/hu\/wp-json\/wp\/v2\/product"}],"about":[{"href":"https:\/\/apotekar-online.rs\/hu\/wp-json\/wp\/v2\/types\/product"}],"wp:featuredmedia":[{"embeddable":true,"href":"https:\/\/apotekar-online.rs\/hu\/wp-json\/wp\/v2\/media\/7377"}],"wp:attachment":[{"href":"https:\/\/apotekar-online.rs\/hu\/wp-json\/wp\/v2\/media?parent=7376"}],"wp:term":[{"taxonomy":"product_brand","embeddable":true,"href":"https:\/\/apotekar-online.rs\/hu\/wp-json\/wp\/v2\/product_brand?post=7376"},{"taxonomy":"product_cat","embeddable":true,"href":"https:\/\/apotekar-online.rs\/hu\/wp-json\/wp\/v2\/product_cat?post=7376"},{"taxonomy":"product_tag","embeddable":true,"href":"https:\/\/apotekar-online.rs\/hu\/wp-json\/wp\/v2\/product_tag?post=7376"}],"curies":[{"name":"wp","href":"https:\/\/api.w.org\/{rel}","templated":true}]}}