{"id":739,"date":"2022-07-12T09:40:40","date_gmt":"2022-07-12T11:40:40","guid":{"rendered":"https:\/\/apotekar-online.rs\/product\/dietpharm-imuno-c-d-40-kapsula\/"},"modified":"2026-03-05T08:30:06","modified_gmt":"2026-03-05T10:30:06","slug":"dietpharm-immuno-cd-40-kapszula","status":"publish","type":"product","link":"https:\/\/apotekar-online.rs\/hu\/p\/dietpharm-imuno-c-d-40-kapsula\/","title":{"rendered":"Dietpharm Immuno CD 40 kapszula"},"content":{"rendered":"","protected":false},"excerpt":{"rendered":"<p>A C-vitamin hozz\u00e1j\u00e1rul az immunrendszer norm\u00e1l m\u0171k\u00f6d\u00e9s\u00e9hez, cs\u00f6kkenti a f\u00e1radts\u00e1got \u00e9s a kimer\u00fclts\u00e9get, valamint megv\u00e9di a sejteket az oxidat\u00edv stresszt\u0151l.<br \/>\nA D-vitamin hozz\u00e1j\u00e1rul az immunrendszer norm\u00e1l m\u0171k\u00f6d\u00e9s\u00e9hez.<br \/>\nA cink hozz\u00e1j\u00e1rul az immunrendszer norm\u00e1l m\u0171k\u00f6d\u00e9s\u00e9hez \u00e9s a sejtek oxidat\u00edv stresszel szembeni v\u00e9delm\u00e9hez.<\/p>\n<p><strong>Hat\u00e1s \u00e9s alkalmaz\u00e1s m\u00f3dja<\/strong><br \/>\n12 \u00e9vesn\u00e9l id\u0151sebb gyermekek \u00e9s feln\u0151ttek: napi 1-2 kapszul\u00e1t vegyen be, lehet\u0151leg \u00e9tkez\u00e9s k\u00f6zben.<br \/>\nIgya meg a kapszul\u00e1t b\u0151 folyad\u00e9kkal.<\/p>","protected":false},"featured_media":740,"template":"","meta":[],"product_brand":[],"product_cat":[77,78],"product_tag":[],"class_list":{"0":"post-739","1":"product","2":"type-product","3":"status-publish","4":"has-post-thumbnail","6":"product_cat-imunitet","7":"product_cat-vitamini-i-minerali","9":"first","10":"instock","11":"purchasable","12":"product-type-simple"},"ams_default_variation_id":0,"ams_product_points_reward":[],"ams_product_discount_percentage":0,"ams_price_to_display":720,"ams_acf":[],"jetpack_sharing_enabled":true,"_links":{"self":[{"href":"https:\/\/apotekar-online.rs\/hu\/wp-json\/wp\/v2\/product\/739","targetHints":{"allow":["GET"]}}],"collection":[{"href":"https:\/\/apotekar-online.rs\/hu\/wp-json\/wp\/v2\/product"}],"about":[{"href":"https:\/\/apotekar-online.rs\/hu\/wp-json\/wp\/v2\/types\/product"}],"wp:featuredmedia":[{"embeddable":true,"href":"https:\/\/apotekar-online.rs\/hu\/wp-json\/wp\/v2\/media\/740"}],"wp:attachment":[{"href":"https:\/\/apotekar-online.rs\/hu\/wp-json\/wp\/v2\/media?parent=739"}],"wp:term":[{"taxonomy":"product_brand","embeddable":true,"href":"https:\/\/apotekar-online.rs\/hu\/wp-json\/wp\/v2\/product_brand?post=739"},{"taxonomy":"product_cat","embeddable":true,"href":"https:\/\/apotekar-online.rs\/hu\/wp-json\/wp\/v2\/product_cat?post=739"},{"taxonomy":"product_tag","embeddable":true,"href":"https:\/\/apotekar-online.rs\/hu\/wp-json\/wp\/v2\/product_tag?post=739"}],"curies":[{"name":"wp","href":"https:\/\/api.w.org\/{rel}","templated":true}]}}