{"id":7416,"date":"2024-10-25T09:40:52","date_gmt":"2024-10-25T11:40:52","guid":{"rendered":"https:\/\/apotekar-online.rs\/?post_type=product&#038;p=7416"},"modified":"2026-03-05T07:48:12","modified_gmt":"2026-03-05T09:48:12","slug":"immuno-max-kids-10-kesica","status":"publish","type":"product","link":"https:\/\/apotekar-online.rs\/hu\/p\/immuno-max-kids-10-kesica\/","title":{"rendered":"Immuno Max Kids 10 kesica"},"content":{"rendered":"","protected":false},"excerpt":{"rendered":"<div class=\"row\">\n<div class=\"col-lg-14\">\n<div class=\"productGeneralije\">\n<div class=\"purpose\">Immuno Max Kids, pra\u0161ak za oralnu upotrebu je dijetetski suplement sa beta-glukanom dobijenim iz mikronizovanog pekarskog kvasca (Saccharomyces cerevisiae), kolostrumom, inulinom i vitaminom D3, namenjen imunitetu, rastu i razvoju dece.<\/div>\n<div>Kravlji kolostrum je prvo kravlje mleko bogato imunoglobulinima IgG i IgA klase, citokinima, laktoferinom, masnim kiselinama, faktorima rasta, aminokiselinama, enzimima, vitaminima i mineralima. Odlikuje se ve\u0107im sadr\u017eajem proteina u odnosu na redovno mleko. Vitamin D doprinosi normalnom rastu i razvoju kostiju dece i normalnoj funkciji imunskog sistema dece.<\/div>\n<div><\/div>\n<\/div>\n<\/div>\n<\/div>\n<div class=\"row\">\n<div class=\"way_use_Wrapper\">\n<p><strong>A felhaszn\u00e1l\u00e1s m\u00f3dja<\/strong>: Deca uzrasta od 3 do 12 godina: 1 kesicu dnevno ume\u0161ati u obrok ili u malo vode, soka ili mleka.<\/p>\n<div>Deca uzrasta iznad 12 godina i odrasli: 1-2 kesice dnevno ume\u0161ati u obrok ili u malo vode, soka ili mleka.<\/div>\n<\/div>\n<div>\n<p class=\"mainTitle oswald\"><strong>Fogalmaz\u00e1s<\/strong><\/p>\n<div class=\"text\">\n<p>Sastav aktivnih komponenti &#8211; 1 kesica<\/p>\n<div>Mikronizovani \u03b2-1,3\/1,6-glukan iz kvasca (Saccharomyces cerevisiae) 10 mg<\/div>\n<div>Kolostrum iz kravljeg mleka 500 mg<\/div>\n<div>Inulin 1.000 mg<\/div>\n<div>Vitamin D3 (holekalciferol) 5 \u00b5g<\/div>\n<\/div>\n<\/div>\n<\/div>","protected":false},"featured_media":7417,"template":"","meta":[],"product_brand":[],"product_cat":[340,106],"product_tag":[2176,180,1586,643,1587,2980,327],"class_list":{"0":"post-7416","1":"product","2":"type-product","3":"status-publish","4":"has-post-thumbnail","6":"product_cat-deciji-program","7":"product_cat-preparati-za-apetit-i-imunitet-kod-dece","8":"product_tag-beta-glukan","9":"product_tag-deca","10":"product_tag-inulin","11":"product_tag-jacanje-imuniteta","12":"product_tag-kolostrum","13":"product_tag-saccharomyces-cerevisiae","14":"product_tag-vitamin-d3","15":"pa_brend-galenika","17":"first","18":"instock","19":"shipping-taxable","20":"purchasable","21":"product-type-simple"},"ams_default_variation_id":0,"ams_product_points_reward":[],"ams_product_discount_percentage":0,"ams_price_to_display":732,"ams_acf":[],"jetpack_sharing_enabled":true,"_links":{"self":[{"href":"https:\/\/apotekar-online.rs\/hu\/wp-json\/wp\/v2\/product\/7416","targetHints":{"allow":["GET"]}}],"collection":[{"href":"https:\/\/apotekar-online.rs\/hu\/wp-json\/wp\/v2\/product"}],"about":[{"href":"https:\/\/apotekar-online.rs\/hu\/wp-json\/wp\/v2\/types\/product"}],"wp:featuredmedia":[{"embeddable":true,"href":"https:\/\/apotekar-online.rs\/hu\/wp-json\/wp\/v2\/media\/7417"}],"wp:attachment":[{"href":"https:\/\/apotekar-online.rs\/hu\/wp-json\/wp\/v2\/media?parent=7416"}],"wp:term":[{"taxonomy":"product_brand","embeddable":true,"href":"https:\/\/apotekar-online.rs\/hu\/wp-json\/wp\/v2\/product_brand?post=7416"},{"taxonomy":"product_cat","embeddable":true,"href":"https:\/\/apotekar-online.rs\/hu\/wp-json\/wp\/v2\/product_cat?post=7416"},{"taxonomy":"product_tag","embeddable":true,"href":"https:\/\/apotekar-online.rs\/hu\/wp-json\/wp\/v2\/product_tag?post=7416"}],"curies":[{"name":"wp","href":"https:\/\/api.w.org\/{rel}","templated":true}]}}