{"id":7433,"date":"2024-11-07T08:34:31","date_gmt":"2024-11-07T10:34:31","guid":{"rendered":"https:\/\/apotekar-online.rs\/?post_type=product&#038;p=7433"},"modified":"2026-03-05T07:48:12","modified_gmt":"2026-03-05T09:48:12","slug":"zlatna-maka-organik-100-g","status":"publish","type":"product","link":"https:\/\/apotekar-online.rs\/hu\/p\/zlatna-maka-organik-100-g\/","title":{"rendered":"Zlatna maka organik, 100 g"},"content":{"rendered":"","protected":false},"excerpt":{"rendered":"<div>\n<ul class=\"pdd_32c7by2\">\n<li>Pove\u0107ava energiju organizma<\/li>\n<li>Poma\u017ee kod bolnih i neredovnih ciklusa, PMS-a, nedostatka seksualne \u017eelje, impotencije, neplodnosti<\/li>\n<li>Mo\u0107an adaptogen<\/li>\n<li>Korisna kod hroni\u010dnog umora, nervoze, depresije, anksioznosti, poreme\u0107aja sna<\/li>\n<li>Korisna kod menopauze i andropauze<\/li>\n<\/ul>\n<\/div>\n<div>\n<div class=\"pdd_32c7by3\">\n<div>We are one The Art Of Super Foods &#8211; ZLATNA MAKA ORGANIK podi\u017ee op\u0161tu otpornost na bolesti, normalizuje funkcionisanje ljudskog organizma, podsti\u010de fizi\u010dko i mentalno zdravlje , a pri tom nema nikakve kontraindikacije. Maka, kao adaptogen, deluje prvenstveno na endokrini sistem. Stimulacijom hipofize i hipotalamusa, maka uti\u010de i na sve \u017elezde sa unutra\u0161njim lu\u010denjem da odr\u017ee optimalni nivo hormona za normalno funkcionisanje celokupnog ljudskog organizma. We are one The Art Of Super Foods &#8211; ZLATNA MAKA ORGANIK je prirodan i efikasan regulator hormonalne ravnote\u017ee primenjiv na oba pola i na sve starosne grupe. Veoma je bogata esencijalnim (18) amino kiselinama (aspartanska, glutaminska, serin, glicin, arginin, valin, lizin, linolejska, palmitinska, oleinska,..), vitaminima (B1, B2, B12, C i E), mikro i makro elementima (lako apsorbuju\u0107i kalcijum, kalijum, magnezijum, fosfor, cink, jod, gvo\u017e\u0111e), kao i sa oko 60 fitonutrijenata.<\/div>\n<div>Upotreba: Dodati kafenu ka\u0161i\u010dicu ( 3-5g ) praha \u0161ejkovima, vo\u0107nom soku, biljnom mleku, jogutru&#8230;<\/div>\n<\/div>\n<\/div>","protected":false},"featured_media":7435,"template":"","meta":[],"product_brand":[],"product_cat":[136,85],"product_tag":[2992,2991,2990,2993,990,1956,2989],"class_list":{"0":"post-7433","1":"product","2":"type-product","3":"status-publish","4":"has-post-thumbnail","6":"product_cat-stres-depresija-i-miran-san","7":"product_cat-zdravlje-zena","8":"product_tag-hronicni-umor","9":"product_tag-impotencija","10":"product_tag-neplodnost","11":"product_tag-neredovni-ciklusi","12":"product_tag-nervoza","13":"product_tag-pms","14":"product_tag-zlatna-maka","16":"first","17":"instock","18":"shipping-taxable","19":"purchasable","20":"product-type-simple"},"ams_default_variation_id":0,"ams_product_points_reward":[],"ams_product_discount_percentage":0,"ams_price_to_display":495,"ams_acf":[],"jetpack_sharing_enabled":true,"_links":{"self":[{"href":"https:\/\/apotekar-online.rs\/hu\/wp-json\/wp\/v2\/product\/7433","targetHints":{"allow":["GET"]}}],"collection":[{"href":"https:\/\/apotekar-online.rs\/hu\/wp-json\/wp\/v2\/product"}],"about":[{"href":"https:\/\/apotekar-online.rs\/hu\/wp-json\/wp\/v2\/types\/product"}],"wp:featuredmedia":[{"embeddable":true,"href":"https:\/\/apotekar-online.rs\/hu\/wp-json\/wp\/v2\/media\/7435"}],"wp:attachment":[{"href":"https:\/\/apotekar-online.rs\/hu\/wp-json\/wp\/v2\/media?parent=7433"}],"wp:term":[{"taxonomy":"product_brand","embeddable":true,"href":"https:\/\/apotekar-online.rs\/hu\/wp-json\/wp\/v2\/product_brand?post=7433"},{"taxonomy":"product_cat","embeddable":true,"href":"https:\/\/apotekar-online.rs\/hu\/wp-json\/wp\/v2\/product_cat?post=7433"},{"taxonomy":"product_tag","embeddable":true,"href":"https:\/\/apotekar-online.rs\/hu\/wp-json\/wp\/v2\/product_tag?post=7433"}],"curies":[{"name":"wp","href":"https:\/\/api.w.org\/{rel}","templated":true}]}}