{"id":7503,"date":"2024-11-27T09:06:05","date_gmt":"2024-11-27T11:06:05","guid":{"rendered":"https:\/\/apotekar-online.rs\/?post_type=product&#038;p=7503"},"modified":"2026-03-05T08:26:29","modified_gmt":"2026-03-05T10:26:29","slug":"glucopil-tbl-a60","status":"publish","type":"product","link":"https:\/\/apotekar-online.rs\/hu\/p\/glucopil-tbl-a60\/","title":{"rendered":"Glucopil tbl a60"},"content":{"rendered":"","protected":false},"excerpt":{"rendered":"<p>Glucopil je specijalno formulisan dodatak ishrani koji pru\u017ea podr\u0161ku u regulaciji metabolizma<br \/>\nglukoze i lipida, klju\u010dnoj za odr\u017eavanje zdravlja kod osoba sa dijabetesom ili pote\u0161ko\u0107ama u<br \/>\nkontrolisanju nivoa \u0161e\u0107era i masti u krvi.<\/p>\n<p>Glucopil sa ekstraktima srebrne svilenice, duda i gr\u010dkog semena, hromom i vitaminima B1, B2, B6 i B12,<br \/>\nnamenjen dijabetesu i metabolizmu glukoze i lipida.<\/p>\n<p><strong>Srebrna svilenica i gr\u010dko seme<\/strong>\u00a0doprinose metabolizmu glukoze i lipida.<\/p>\n<p><strong>List belog duda<\/strong>\u00a0doprinosi metabolizmu glukoze.<\/p>\n<p><strong>Hrom\u00a0<\/strong>doprinosi odr\u017eavanju normalnog nivoa glukoze u krvi.<\/p>\n<p><strong>Vitamini B1, B2, B6 i B12<\/strong>\u00a0doprinose odr\u017eavanju normalnog energetskog metabolizma.<\/p>\n<p><strong>B6 vitamin<\/strong>\u00a0doprinosi regulaciji hormonske aktivnosti i normalnom metabolizmu proteina i glikogena.<\/p>\n<p><strong>Preporu\u010dena upotreba:<\/strong>\u00a0<strong>Odrasli 2 puta dnevno popiti po 1 film tabletu uz dovoljno vode.<\/strong><\/p>\n<p>&nbsp;<\/p>\n<p>Napredno re\u0161enje za optimalno odr\u017eavanje nivoa glukoze<\/p>\n<p><strong>Kreiran da podr\u017ei aktivan i uravnote\u017een na\u010din \u017eivota,<br \/>\n<\/strong><strong>Glucopil\u00ae<\/strong><strong>\u00a0je tvoj saveznik u odr\u017eavanju normalnog nivoa glukoze u krvi i<br \/>\nbalansiranju metabolizma masti, proteina i ugljenih hidrata.<\/strong><\/p>","protected":false},"featured_media":7504,"template":"","meta":[],"product_brand":[],"product_cat":[87],"product_tag":[1075,2347,2419],"class_list":{"0":"post-7503","1":"product","2":"type-product","3":"status-publish","4":"has-post-thumbnail","6":"product_cat-dijabetes-i-insulinska-rezistencija","7":"product_tag-dijabetes","8":"product_tag-odrzavanje-nivoa-glukoze-u-krvi","9":"product_tag-regulacija-insulinske-rezistencije","10":"pa_brend-dr-theiss","12":"first","13":"instock","14":"shipping-taxable","15":"purchasable","16":"product-type-simple"},"ams_default_variation_id":0,"ams_product_points_reward":[],"ams_product_discount_percentage":0,"ams_price_to_display":1042.8,"ams_acf":[],"jetpack_sharing_enabled":true,"_links":{"self":[{"href":"https:\/\/apotekar-online.rs\/hu\/wp-json\/wp\/v2\/product\/7503","targetHints":{"allow":["GET"]}}],"collection":[{"href":"https:\/\/apotekar-online.rs\/hu\/wp-json\/wp\/v2\/product"}],"about":[{"href":"https:\/\/apotekar-online.rs\/hu\/wp-json\/wp\/v2\/types\/product"}],"wp:featuredmedia":[{"embeddable":true,"href":"https:\/\/apotekar-online.rs\/hu\/wp-json\/wp\/v2\/media\/7504"}],"wp:attachment":[{"href":"https:\/\/apotekar-online.rs\/hu\/wp-json\/wp\/v2\/media?parent=7503"}],"wp:term":[{"taxonomy":"product_brand","embeddable":true,"href":"https:\/\/apotekar-online.rs\/hu\/wp-json\/wp\/v2\/product_brand?post=7503"},{"taxonomy":"product_cat","embeddable":true,"href":"https:\/\/apotekar-online.rs\/hu\/wp-json\/wp\/v2\/product_cat?post=7503"},{"taxonomy":"product_tag","embeddable":true,"href":"https:\/\/apotekar-online.rs\/hu\/wp-json\/wp\/v2\/product_tag?post=7503"}],"curies":[{"name":"wp","href":"https:\/\/api.w.org\/{rel}","templated":true}]}}