{"id":7569,"date":"2025-01-06T09:13:49","date_gmt":"2025-01-06T11:13:49","guid":{"rendered":"https:\/\/apotekar-online.rs\/?post_type=product&#038;p=7569"},"modified":"2026-03-05T08:26:29","modified_gmt":"2026-03-05T10:26:29","slug":"oligovit-d3-dha-omega-baby-30-twist-off-kapsula","status":"publish","type":"product","link":"https:\/\/apotekar-online.rs\/hu\/p\/oligovit-d3-dha-omega-baby-30-twist-off-kapsula\/","title":{"rendered":"Oligovit D3 + DHA omega baby 30 twist-off kapsula"},"content":{"rendered":"","protected":false},"excerpt":{"rendered":"<p>Doprinosi normalnom funkcionisanju mi\u0161i\u0107a, rastu i razvoju kostiju i zuba, mozga, kognitivnih i mentalnih funkcija i razvoju vida kod novoro\u0111en\u010dadi.<\/p>\n<p>Vitamin D3 je bitan za normalan rast i razvoj kostiju i zuba.<\/p>\n<p>Pripada grupi liposolubilnih vitamina. Sinteti\u0161e se prirodnim putem u ko\u017ei, gde pod uticajem sun\u010deve svetlosti iz neaktivnog provitamina D prelazi u aktivni vitamin D3. Zajedno sa paratiroidnim hormonom doprinosi normalnoj apsorpciji i pobolj\u0161ava iskori\u0161\u0107avanje kalcijuma i fosfora iz digestivnog trakta, te ima ulogu u normalnoj mineralizaciji kostiju.<\/p>\n<p>Vitamin D3 u\u010destvuje u procesu \u0107elijske deobe, kao i sintezi proteina i kontrakciji mi\u0161i\u0107a, pa doprinosi normalnom funkcionisanju mi\u0161i\u0107a. Usled nedostatka Vitamina D3 mo\u017ee do\u0107i do demineralizacije kostiju i oboljenja koje se naziva rahitis.<\/p>\n<p>Rahitis obuhvata grupu oboljenja kod kojih postoji poreme\u0107aj mineralizacije (ugradnje kalcijuma i fo[1]sfora) u hrskavicu i kosti koje rastu. Kao posledica se javlja bujanje hrskavi\u010davog i ko\u0161tanog tkiva, \u0161to stvara karakteristi\u010dna zadebljanja na tipi\u010dnim mestima. Kosti ostaju meke i dolazi do razvoja krhkih i lomljivih kostiju.<\/p>\n<p>Prevencija: Kod svih novoro\u0111en\u010dadi propisuje se primena vitamina D3 u dnevnoj dozi od 400 IJ (10 \u03bcg) od druge nedelje nakon rodjenja do prve godine. Od prve godine zivota do kraja puberteta preporu\u010dena je primena u zimskim mesecima.<\/p>\n<p>Dokozaheksaenska kiselina (DHA)<\/p>\n<p>DHA je dugolan\u010dana omega- 3 masna kiselina. DHA je va\u017ena strukturna komponenta mozga, nervnih \u0107elija i mre\u017enja\u010de oka: 97% svih omega-3 masnih kiselina u mozgu \u010dini DHA, a u retini je prisutna 93% od ukupnih omega-3 masnih kiselina. 60% strukture mozga \u010dine masti , a 25% tih masti je upravo DHA. DHA, kao izuzetno va\u017ena strukturna komponenta mozga, \u010dini 30 % strukturnih masti u sivoj masi mozga. Intenzivni rast mozga bebe se de\u0161ava u zadnjem trimestru trudno\u0107e i prvih godinu dana \u017eivota. U prve dve godine \u017eivota DHA je esencijalna komponenta kriti\u010dnih vezivnih komponenata u mozgu<\/p>\n<p>Omega-3 masne kiseline su neophodne za razvoj mozga, kognitivnih , mentalnih funkcija i razvoj vida kod novorodjen\u010dadi.<\/p>\n<p>DHA je va\u017ena strukturna komponenta nervnih \u0107elija mozga i mre\u017enja\u010de oka. DHA koja se nalazi u proizvodu Vitup\u00ae D3 + DHA omega baby, twist-off kapsule je biljnog porekla &#8211; dobijena iz mikroalgi, \u010dime je smanjen je rizik od zaga\u0111enja te\u0161kim metalima iz okeana, koji se nakupljaju u morskim \u017eivotinjskim organizmima (ribama ili ra\u010di\u0107ima).<\/p>\n<p>Na\u010din: Odoj\u010dad i mala deca: 1 kapsula dnevno, od 8.dana nakon ro\u0111enja do kraja 3.godine.<\/p>\n<p>&nbsp;<\/p>\n","protected":false},"featured_media":7570,"template":"","meta":[],"product_brand":[],"product_cat":[340,127],"product_tag":[390,3024,3025,332,304],"class_list":{"0":"post-7569","1":"product","2":"type-product","3":"status-publish","4":"has-post-thumbnail","6":"product_cat-deciji-program","7":"product_cat-vitamini-i-minerali-za-decu","8":"product_tag-bebe","9":"product_tag-d3dha-omega","10":"product_tag-mentalne-funkcije","11":"product_tag-rast-i-razvoj","12":"product_tag-vitamini","14":"first","15":"instock","16":"shipping-taxable","17":"purchasable","18":"product-type-simple"},"ams_default_variation_id":0,"ams_product_points_reward":[],"ams_product_discount_percentage":0,"ams_price_to_display":816,"ams_acf":[],"jetpack_sharing_enabled":true,"_links":{"self":[{"href":"https:\/\/apotekar-online.rs\/hu\/wp-json\/wp\/v2\/product\/7569","targetHints":{"allow":["GET"]}}],"collection":[{"href":"https:\/\/apotekar-online.rs\/hu\/wp-json\/wp\/v2\/product"}],"about":[{"href":"https:\/\/apotekar-online.rs\/hu\/wp-json\/wp\/v2\/types\/product"}],"wp:featuredmedia":[{"embeddable":true,"href":"https:\/\/apotekar-online.rs\/hu\/wp-json\/wp\/v2\/media\/7570"}],"wp:attachment":[{"href":"https:\/\/apotekar-online.rs\/hu\/wp-json\/wp\/v2\/media?parent=7569"}],"wp:term":[{"taxonomy":"product_brand","embeddable":true,"href":"https:\/\/apotekar-online.rs\/hu\/wp-json\/wp\/v2\/product_brand?post=7569"},{"taxonomy":"product_cat","embeddable":true,"href":"https:\/\/apotekar-online.rs\/hu\/wp-json\/wp\/v2\/product_cat?post=7569"},{"taxonomy":"product_tag","embeddable":true,"href":"https:\/\/apotekar-online.rs\/hu\/wp-json\/wp\/v2\/product_tag?post=7569"}],"curies":[{"name":"wp","href":"https:\/\/api.w.org\/{rel}","templated":true}]}}