{"id":766,"date":"2022-07-12T09:42:33","date_gmt":"2022-07-12T11:42:33","guid":{"rendered":"https:\/\/apotekar-online.rs\/product\/dietpharm-biotin-30-tableta\/"},"modified":"2026-03-05T08:30:06","modified_gmt":"2026-03-05T10:30:06","slug":"dietpharm-biotin-30-tabletta","status":"publish","type":"product","link":"https:\/\/apotekar-online.rs\/hu\/p\/dietpharm-biotin-30-tableta\/","title":{"rendered":"Dietpharm Biotin 30 tabletta"},"content":{"rendered":"","protected":false},"excerpt":{"rendered":"<p>A biotin hozz\u00e1j\u00e1rul a haj, a b\u0151r \u00e9s a ny\u00e1lkah\u00e1rty\u00e1k norm\u00e1l fenntart\u00e1s\u00e1hoz.<\/p>\n<p><strong>Adagol\u00e1s \u00e9s felhaszn\u00e1l\u00e1si m\u00f3d<\/strong><br \/>\nFeln\u0151ttek: naponta k\u00e9tszer, reggel \u00e9hgyomorra \u00e9s este \u00e9tkez\u00e9s el\u0151tt,<br \/>\ninni vagy r\u00e1gni egy tablett\u00e1t. Vegy\u00fcnk 3-4 h\u00f3napot.<\/p>\n<p><strong>Jegyzet:<\/strong>\u00a0Arra t\u00f6reksz\u00fcnk, hogy minden term\u00e9k le\u00edr\u00e1s\u00e1n\u00e1l a lehet\u0151 legpontosabbak legy\u00fcnk, de nem tudjuk garant\u00e1lni, hogy minden le\u00edr\u00e1s teljes \u00e9s hibamentes. K\u00f6sz\u00f6n\u00f6m a meg\u00e9rt\u00e9st.<br \/>\nAz oldalon felt\u00fcntetett \u00f6sszes elem k\u00edn\u00e1latunk r\u00e9sz\u00e9t k\u00e9pezi, de ez nem jelenti azt, hogy mindenkor el\u00e9rhet\u0151<\/p>","protected":false},"featured_media":767,"template":"","meta":[],"product_brand":[],"product_cat":[80,85],"product_tag":[],"class_list":{"0":"post-766","1":"product","2":"type-product","3":"status-publish","4":"has-post-thumbnail","6":"product_cat-koza-kosa-i-nokti","7":"product_cat-zdravlje-zena","9":"first","10":"instock","11":"purchasable","12":"product-type-simple"},"ams_default_variation_id":0,"ams_product_points_reward":[],"ams_product_discount_percentage":0,"ams_price_to_display":530,"ams_acf":[],"jetpack_sharing_enabled":true,"_links":{"self":[{"href":"https:\/\/apotekar-online.rs\/hu\/wp-json\/wp\/v2\/product\/766","targetHints":{"allow":["GET"]}}],"collection":[{"href":"https:\/\/apotekar-online.rs\/hu\/wp-json\/wp\/v2\/product"}],"about":[{"href":"https:\/\/apotekar-online.rs\/hu\/wp-json\/wp\/v2\/types\/product"}],"wp:featuredmedia":[{"embeddable":true,"href":"https:\/\/apotekar-online.rs\/hu\/wp-json\/wp\/v2\/media\/767"}],"wp:attachment":[{"href":"https:\/\/apotekar-online.rs\/hu\/wp-json\/wp\/v2\/media?parent=766"}],"wp:term":[{"taxonomy":"product_brand","embeddable":true,"href":"https:\/\/apotekar-online.rs\/hu\/wp-json\/wp\/v2\/product_brand?post=766"},{"taxonomy":"product_cat","embeddable":true,"href":"https:\/\/apotekar-online.rs\/hu\/wp-json\/wp\/v2\/product_cat?post=766"},{"taxonomy":"product_tag","embeddable":true,"href":"https:\/\/apotekar-online.rs\/hu\/wp-json\/wp\/v2\/product_tag?post=766"}],"curies":[{"name":"wp","href":"https:\/\/api.w.org\/{rel}","templated":true}]}}