{"id":7684,"date":"2025-02-04T10:25:53","date_gmt":"2025-02-04T12:25:53","guid":{"rendered":"https:\/\/apotekar-online.rs\/?post_type=product&#038;p=7684"},"modified":"2026-03-05T08:26:28","modified_gmt":"2026-03-05T10:26:28","slug":"herbiko-sirup-za-decu-125ml","status":"publish","type":"product","link":"https:\/\/apotekar-online.rs\/hu\/p\/herbiko-sirup-za-decu-125ml\/","title":{"rendered":"Herbiko sirup za decu 125ml"},"content":{"rendered":"","protected":false},"excerpt":{"rendered":"<p>Objedinjeni biljni ekstrakti\u00a0 zahvaljuju\u0107i svojim sastojcima efikasno deluju na sluzoko\u017eu disajnih puteva.<\/p>\n<p><b>Odabrana<\/b>\u00a0<b>kombinacija belog sleza, kamilice, bosiljka i vitamina C<\/b>\u00a0<b>razredjuje i poma\u017ee u izbacivanju sekreta, spre\u010dava napade ka\u0161lja, olak\u0161ava disanje. &#8211; za sve tipove ka\u0161lja<br \/>\n<\/b><\/p>\n<p><b><\/b>Herbiko\u00ae za decu sa petostrukim efektom: razre\u0111uje sekret, poma\u017ee u izbacivanju sekreta, spre\u010dava napade ka\u0161lja, otvara bronhije i olak\u0161ava disanje, obla\u017ee sluzoko\u017eu i umiruje upalu disajnih puteva.<\/p>\n<p>Proizvod je namenjen deci sa simptomima prehlade i gripa kod kojih je prisutan ka\u0161alj.<\/p>\n<p class=\"mainTitle oswald\"><strong>Felhaszn\u00e1l\u00e1s m\u00f3dja:<\/strong><\/p>\n<div class=\"text\">\n<p>Deca iznad 3 godine: 3 puta dnevno po 5 ml sirupa.<\/p>\n<\/div>\n<p class=\"mainTitle oswald\"><strong>Fogalmaz\u00e1s:<\/strong><\/p>\n<div class=\"text\">\n<p>Vodeni ekstrakt korena belog sleza, Vodeno alkoholni ekstrakt cvasti kamilice, \u0161ipurka, lista bosiljka.<\/p>\n<\/div>\n<p>&nbsp;<\/p>","protected":false},"featured_media":7685,"template":"","meta":[],"product_brand":[3082],"product_cat":[340,148],"product_tag":[180,3031,305,1621,2967],"class_list":{"0":"post-7684","1":"product","2":"type-product","3":"status-publish","4":"has-post-thumbnail","6":"product_brand-herbiko","7":"product_cat-deciji-program","8":"product_cat-preparati-za-prehladu-i-kasalj-kod-dece","9":"product_tag-deca","10":"product_tag-herbiko","11":"product_tag-kasalj","12":"product_tag-produktivni-kasalj","13":"product_tag-smiruje-kasalj","14":"pa_brend-herbiko","16":"first","17":"instock","18":"shipping-taxable","19":"purchasable","20":"product-type-simple"},"ams_default_variation_id":0,"ams_product_points_reward":[],"ams_product_discount_percentage":0,"ams_price_to_display":672,"ams_acf":[],"jetpack_sharing_enabled":true,"_links":{"self":[{"href":"https:\/\/apotekar-online.rs\/hu\/wp-json\/wp\/v2\/product\/7684","targetHints":{"allow":["GET"]}}],"collection":[{"href":"https:\/\/apotekar-online.rs\/hu\/wp-json\/wp\/v2\/product"}],"about":[{"href":"https:\/\/apotekar-online.rs\/hu\/wp-json\/wp\/v2\/types\/product"}],"wp:featuredmedia":[{"embeddable":true,"href":"https:\/\/apotekar-online.rs\/hu\/wp-json\/wp\/v2\/media\/7685"}],"wp:attachment":[{"href":"https:\/\/apotekar-online.rs\/hu\/wp-json\/wp\/v2\/media?parent=7684"}],"wp:term":[{"taxonomy":"product_brand","embeddable":true,"href":"https:\/\/apotekar-online.rs\/hu\/wp-json\/wp\/v2\/product_brand?post=7684"},{"taxonomy":"product_cat","embeddable":true,"href":"https:\/\/apotekar-online.rs\/hu\/wp-json\/wp\/v2\/product_cat?post=7684"},{"taxonomy":"product_tag","embeddable":true,"href":"https:\/\/apotekar-online.rs\/hu\/wp-json\/wp\/v2\/product_tag?post=7684"}],"curies":[{"name":"wp","href":"https:\/\/api.w.org\/{rel}","templated":true}]}}