{"id":7770,"date":"2025-03-06T10:08:13","date_gmt":"2025-03-06T12:08:13","guid":{"rendered":"https:\/\/apotekar-online.rs\/?post_type=product&#038;p=7770"},"modified":"2026-03-05T08:26:27","modified_gmt":"2026-03-05T10:26:27","slug":"gengigel-sprej-20ml","status":"publish","type":"product","link":"https:\/\/apotekar-online.rs\/hu\/p\/gengigel-sprej-20ml\/","title":{"rendered":"Gengigel sprej 20ml"},"content":{"rendered":"","protected":false},"excerpt":{"rendered":"<p>Za te\u017ee dostupna mesta.<\/p>\n<p>Gengigel u obliku spreja je naro\u010dito primeren za upotrebu za te\u017ee dostupna mesta ili bolnim predelima u usnoj \u0161upljini. Gengigel gel omogu\u0107ava brzu i efikasnu pomo\u0107 za:<br \/>\n&#8211; upaljene desni, desni koje krvare i ote\u010dene desni;<br \/>\n&#8211; d\u017eepove u desnima;<br \/>\n&#8211; o\u0161te\u0107enja desni usled va\u0111enja, \u010di\u0161\u0107enja zuba ili hirur\u0161kih zahvata;<br \/>\n&#8211; nadra\u017eene desni zbog fiksnih (krune, mostovi) ili mobilnih zubnih proteza.<\/p>\n<p><strong>Fogalmaz\u00e1s<\/strong>: Hijaluronska kiselina, ksilitol, alkohol i druge supstance.<\/p>","protected":false},"featured_media":7771,"template":"","meta":[],"product_brand":[],"product_cat":[121],"product_tag":[2019,3048,3042,1825],"class_list":{"0":"post-7770","1":"product","2":"type-product","3":"status-publish","4":"has-post-thumbnail","6":"product_cat-higijena-usta-i-zuba","7":"product_tag-hirurske-intervencije","8":"product_tag-nadrazene-desni","9":"product_tag-otecene-desni","10":"product_tag-usne-duplje","11":"pa_brend-medis","13":"first","14":"instock","15":"shipping-taxable","16":"purchasable","17":"product-type-simple"},"ams_default_variation_id":0,"ams_product_points_reward":[],"ams_product_discount_percentage":0,"ams_price_to_display":997.29,"ams_acf":[],"jetpack_sharing_enabled":true,"_links":{"self":[{"href":"https:\/\/apotekar-online.rs\/hu\/wp-json\/wp\/v2\/product\/7770","targetHints":{"allow":["GET"]}}],"collection":[{"href":"https:\/\/apotekar-online.rs\/hu\/wp-json\/wp\/v2\/product"}],"about":[{"href":"https:\/\/apotekar-online.rs\/hu\/wp-json\/wp\/v2\/types\/product"}],"wp:featuredmedia":[{"embeddable":true,"href":"https:\/\/apotekar-online.rs\/hu\/wp-json\/wp\/v2\/media\/7771"}],"wp:attachment":[{"href":"https:\/\/apotekar-online.rs\/hu\/wp-json\/wp\/v2\/media?parent=7770"}],"wp:term":[{"taxonomy":"product_brand","embeddable":true,"href":"https:\/\/apotekar-online.rs\/hu\/wp-json\/wp\/v2\/product_brand?post=7770"},{"taxonomy":"product_cat","embeddable":true,"href":"https:\/\/apotekar-online.rs\/hu\/wp-json\/wp\/v2\/product_cat?post=7770"},{"taxonomy":"product_tag","embeddable":true,"href":"https:\/\/apotekar-online.rs\/hu\/wp-json\/wp\/v2\/product_tag?post=7770"}],"curies":[{"name":"wp","href":"https:\/\/api.w.org\/{rel}","templated":true}]}}