{"id":7826,"date":"2025-03-31T10:21:24","date_gmt":"2025-03-31T12:21:24","guid":{"rendered":"https:\/\/apotekar-online.rs\/?post_type=product&#038;p=7826"},"modified":"2026-03-05T08:26:27","modified_gmt":"2026-03-05T10:26:27","slug":"nevena-baby-vlazne-maramice-roze-72-komada","status":"publish","type":"product","link":"https:\/\/apotekar-online.rs\/hu\/p\/nevena-baby-vlazne-maramice-roze-72-komada\/","title":{"rendered":"Nevena Baby vla\u017ene maramice roze 72 komada"},"content":{"rendered":"","protected":false},"excerpt":{"rendered":"<p>Nevena bebi vla\u017ene maramice su namenjene higijeni ne\u017ene de\u010dije ko\u017ee, ali i nezi \u010di\u0161\u0107enju ko\u017ee odraslih. Kreirane su da ne\u017eno \u010diste i umiruju ko\u017eu, \u0161tite je od isu\u0161ivanja i \u010dine je mekom i glatkom.<\/p>","protected":false},"featured_media":7827,"template":"","meta":[],"product_brand":[],"product_cat":[340,385],"product_tag":[180,441,438],"class_list":{"0":"post-7826","1":"product","2":"type-product","3":"status-publish","4":"has-post-thumbnail","6":"product_cat-deciji-program","7":"product_cat-bebi-oprema","8":"product_tag-deca","9":"product_tag-higijena","10":"product_tag-vlazne-mramice","11":"pa_brend-nevena","13":"first","14":"instock","15":"shipping-taxable","16":"purchasable","17":"product-type-simple"},"ams_default_variation_id":0,"ams_product_points_reward":[],"ams_product_discount_percentage":0,"ams_price_to_display":160.8,"ams_acf":[],"jetpack_sharing_enabled":true,"_links":{"self":[{"href":"https:\/\/apotekar-online.rs\/hu\/wp-json\/wp\/v2\/product\/7826","targetHints":{"allow":["GET"]}}],"collection":[{"href":"https:\/\/apotekar-online.rs\/hu\/wp-json\/wp\/v2\/product"}],"about":[{"href":"https:\/\/apotekar-online.rs\/hu\/wp-json\/wp\/v2\/types\/product"}],"wp:featuredmedia":[{"embeddable":true,"href":"https:\/\/apotekar-online.rs\/hu\/wp-json\/wp\/v2\/media\/7827"}],"wp:attachment":[{"href":"https:\/\/apotekar-online.rs\/hu\/wp-json\/wp\/v2\/media?parent=7826"}],"wp:term":[{"taxonomy":"product_brand","embeddable":true,"href":"https:\/\/apotekar-online.rs\/hu\/wp-json\/wp\/v2\/product_brand?post=7826"},{"taxonomy":"product_cat","embeddable":true,"href":"https:\/\/apotekar-online.rs\/hu\/wp-json\/wp\/v2\/product_cat?post=7826"},{"taxonomy":"product_tag","embeddable":true,"href":"https:\/\/apotekar-online.rs\/hu\/wp-json\/wp\/v2\/product_tag?post=7826"}],"curies":[{"name":"wp","href":"https:\/\/api.w.org\/{rel}","templated":true}]}}