{"id":7892,"date":"2025-05-27T10:43:33","date_gmt":"2025-05-27T12:43:33","guid":{"rendered":"https:\/\/apotekar-online.rs\/?post_type=product&#038;p=7892"},"modified":"2026-03-05T08:26:26","modified_gmt":"2026-03-05T10:26:26","slug":"burra-sun-milk-baby-mleko-za-telo-spf50-100gr","status":"publish","type":"product","link":"https:\/\/apotekar-online.rs\/hu\/p\/burra-sun-milk-baby-mleko-za-telo-spf50-100gr\/","title":{"rendered":"Burra Sun milk baby mleko za telo SPF50+ 100gr"},"content":{"rendered":"","protected":false},"excerpt":{"rendered":"<p>Burra sun baby&amp;kids mleko za bebe i decu je posebno formulisano kako bi pru\u017eilo pouzdanu i sveobuhvatnu\u00a0<b>za\u0161titu od sunca za osetljivu i ne\u017enu ko\u017eu<\/b>. Ovo mleko kombinuje najbolje prirodne sastojke radi za\u0161tite i nege ko\u017ee.<\/p>\n<p>Sa formulacijom koja se sastoji od 100% mineralnih sastojaka, uklju\u010duju\u0107i cink oksid, na\u0161e mleko za sun\u010danje ne koristi hemijske UV filtere koji mogu biti \u0161tetni za ko\u017eu. Umesto toga, pru\u017ea fizi\u010dku barijeru koja reflektuje sun\u010deve zrake i \u0161titi ko\u017eu od \u0161tetnog UVA i UVB zra\u010denja.<\/p>\n<p>Osim toga, na\u0161a posebna formula oboga\u0107ena je ektoinom i \u0161i buterom koji imaju umiruju\u0107i i hranljivi efekat na ko\u017eu. Ektoin poma\u017ee u umirivanju ko\u017ee od potencijalnih iritacija izazvanih izlaganjem suncu, dok \u0161i buter\u00a0<b>dubinski hidrira i \u0161titi ko\u017eu od isu\u0161ivanja<\/b>.<\/p>\n<p>Na\u0161e mleko za sun\u010danje je pogodno\u00a0<b>za sve \u010dlanove porodice, uklju\u010duju\u0107i bebe, decu i odrasle.<\/b>\u00a0Mo\u017ee se koristiti kako na licu tako i na telu,\u00a0<b>pru\u017eaju\u0107i vodootpornu za\u0161titu tokom aktivnosti na vodi ili znojenja.<\/b><\/p>\n<p>Nanosenje mleka je jednostavno i\u00a0<b>ne ostavlja bele tragove na ko\u017ei.<\/b>\u00a0Mo\u017eete biti sigurni da \u0107e va\u0161a ko\u017ea biti za\u0161ti\u0107ena od sunca, a istovremeno negovana i hidrirana.<\/p>\n<p>Dodatno, na\u0161a formula ne sadr\u017ei parabene, \u010dime se obezbe\u0111uje sigurna i ne\u0161kodljiva upotreba za va\u0161u ko\u017eu i zdravlje.<\/p>\n<h3>Va\u017eno je da deca koriste mleko za sun\u010danje iz nekoliko razloga:<\/h3>\n<ol>\n<li><b>Osetljiva ko\u017ea:<\/b>\u00a0Ko\u017ea dece je obi\u010dno mnogo osetljivija i tanja u odnosu na ko\u017eu odraslih. Izlo\u017eenost suncu mo\u017ee dovesti do opekotina, iritacija i dugoro\u010dnih \u0161tetnih efekata na njihovu ko\u017eu. Mleko za sun\u010danje poma\u017ee u stvaranju barijere izme\u0111u sun\u010devih zraka i ko\u017ee, pru\u017eaju\u0107i im dodatnu za\u0161titu.<\/li>\n<li><b>O\u0161te\u0107enje od sunca<\/b>: Dugotrajna izlo\u017eenost suncu mo\u017ee dovesti do o\u0161te\u0107enja ko\u017ee, poput preranog starenja, pojave bora, tamnih fleka i \u010dak pove\u0107anog rizika od razvoja raka ko\u017ee. Kori\u0161\u0107enje mleka za sun\u010danje poma\u017ee u spre\u010davanju ovih \u0161tetnih efekata i odr\u017eava ko\u017eu zdravom.<\/li>\n<li><b>Prevencija opekotina<\/b>: Deca \u010desto provode vi\u0161e vremena na otvorenom nego odrasli i mogu lako dobiti opekotine od sunca. Opekotine mogu biti veoma bolne, nelagodne i mogu izazvati plikove na ko\u017ei. Mleko za sun\u010danje pru\u017ea za\u0161titu od opekotina i smanjuje rizik od neprijatnih posledica izlaganja suncu.<\/li>\n<li>S<b>manjenje rizika od raka ko\u017ee<\/b>: Iako se rak ko\u017ee \u010desto javlja u kasnijem \u017eivotnom dobu, dugotrajna izlo\u017eenost suncu tokom detinjstva mo\u017ee pove\u0107ati rizik od razvoja raka ko\u017ee kasnije u \u017eivotu. Kori\u0161\u0107enje mleka za sun\u010danje u ranom uzrastu poma\u017ee u smanjenju ovog rizika i negovanju zdrave ko\u017ee.<\/li>\n<\/ol>\n<h3>Sastav Burra sun baby&amp;kids mleko za bebe i decu:<\/h3>\n<p>Aqua, Zinc Oxide, Coco-Caprylate\/Caprate, Polyglyceryl-3 Polyricinoleate, C12-15 Alkyl Benzoate, Glycerin, Caprylic\/Capric Triglyceride, Cera Alba, Isostearic Acid, Polyester-7, Neopentyl Glycol Diheptanoate, Parfum, Butyrospermum Parkii (Shea) Butter, Tocopheryl Acetate, Phenoxyethanol, Hydrolyzed Wheat Protein \/ PVP Crosspolymer, Vaccinum Vitis Idaea Fruit Extract, Xanthan Gum, Sodium Benzoate, Citric Acid, Gluconolactone, Calcium Gluconate, Sodium Chloride, Disodium EDTA, Ethylhexylglycerin, Ectoin.<\/p>\n<p><b>Felhaszn\u00e1l\u00e1s m\u00f3dja:<\/b><\/p>\n<p>Naneti mleko na ko\u017eu lica i tela ravnomerno i obilno, 15 minuta pre izlaganja suncu. Izbegavati nano\u0161enje proizvoda na zonu oko o\u010diju. Za postizanje najboljih rezultata \u010desto nanositi proizvod, naro\u010dito posle znojenja, plivanja ili brisanja pe\u0161kirom.<\/p>\n<p><b>Csomagol\u00e1s:<\/b><\/p>\n<p>100g<\/p>","protected":false},"featured_media":7893,"template":"","meta":[],"product_brand":[],"product_cat":[2522],"product_tag":[390,180,214,847],"class_list":{"0":"post-7892","1":"product","2":"type-product","3":"status-publish","4":"has-post-thumbnail","6":"product_cat-preparati-za-suncanje","7":"product_tag-bebe","8":"product_tag-deca","9":"product_tag-mleko-za-telo","10":"product_tag-suncanje","11":"pa_brend-esensa","13":"first","14":"instock","15":"shipping-taxable","16":"purchasable","17":"product-type-simple"},"ams_default_variation_id":0,"ams_product_points_reward":[],"ams_product_discount_percentage":0,"ams_price_to_display":830,"ams_acf":[],"jetpack_sharing_enabled":true,"_links":{"self":[{"href":"https:\/\/apotekar-online.rs\/hu\/wp-json\/wp\/v2\/product\/7892","targetHints":{"allow":["GET"]}}],"collection":[{"href":"https:\/\/apotekar-online.rs\/hu\/wp-json\/wp\/v2\/product"}],"about":[{"href":"https:\/\/apotekar-online.rs\/hu\/wp-json\/wp\/v2\/types\/product"}],"wp:featuredmedia":[{"embeddable":true,"href":"https:\/\/apotekar-online.rs\/hu\/wp-json\/wp\/v2\/media\/7893"}],"wp:attachment":[{"href":"https:\/\/apotekar-online.rs\/hu\/wp-json\/wp\/v2\/media?parent=7892"}],"wp:term":[{"taxonomy":"product_brand","embeddable":true,"href":"https:\/\/apotekar-online.rs\/hu\/wp-json\/wp\/v2\/product_brand?post=7892"},{"taxonomy":"product_cat","embeddable":true,"href":"https:\/\/apotekar-online.rs\/hu\/wp-json\/wp\/v2\/product_cat?post=7892"},{"taxonomy":"product_tag","embeddable":true,"href":"https:\/\/apotekar-online.rs\/hu\/wp-json\/wp\/v2\/product_tag?post=7892"}],"curies":[{"name":"wp","href":"https:\/\/api.w.org\/{rel}","templated":true}]}}