{"id":8285,"date":"2025-12-03T09:40:31","date_gmt":"2025-12-03T11:40:31","guid":{"rendered":"https:\/\/apotekar-online.rs\/?post_type=product&#038;p=8285"},"modified":"2026-03-05T08:26:25","modified_gmt":"2026-03-05T10:26:25","slug":"maxmedica-anginal-max-senior-30ml","status":"publish","type":"product","link":"https:\/\/apotekar-online.rs\/hu\/p\/maxmedica-anginal-max-senior-30ml\/","title":{"rendered":"MaxMedica Anginal Max Senior 30ml"},"content":{"rendered":"","protected":false},"excerpt":{"rendered":"<p>Anginal Max Senior je sprej formulisan na bazi ekstrakata korena ehinacee, lista \u017ealfije i talusa islandskog li\u0161aja, namenjen o\u010duvanju zdravlja sluzoko\u017ee usta i grla.<\/p>\n<p>Seg\u00edts\u00e9gre aj\u00e1nlott:<br \/>\n&#8211; Suvog i nadra\u017eajnog ka\u0161lja<br \/>\n&#8211; Promuklosti i grebuckanja u grlu<br \/>\n&#8211; Upaljene sluznice usta i grla<br \/>\n&#8211; Neprijatnog zadaha<\/p>\n<p><strong>Alkalmaz\u00e1s m\u00f3dja<\/strong><\/p>\n<p>Feln\u0151ttek \u00e9s 12 \u00e9vesn\u00e9l id\u0151sebb gyermekek: napi 4 alkalmaz\u00e1s k\u00f6zvetlen\u00fcl a sz\u00e1j\u00fcreg ny\u00e1lkah\u00e1rty\u00e1j\u00e1n.<\/p>","protected":false},"featured_media":8292,"template":"","meta":[],"product_brand":[],"product_cat":[151],"product_tag":[1060,1714,1773,3061],"class_list":{"0":"post-8285","1":"product","2":"type-product","3":"status-publish","4":"has-post-thumbnail","6":"product_cat-prehlada-i-kasalj","7":"product_tag-nadrazajni-kasalj","8":"product_tag-neprijatan-zadah","9":"product_tag-sprej-za-grlo","10":"product_tag-usta-i-grlo","11":"pa_brend-max-medica","13":"first","14":"instock","15":"shipping-taxable","16":"purchasable","17":"product-type-simple"},"ams_default_variation_id":0,"ams_product_points_reward":[],"ams_product_discount_percentage":0,"ams_price_to_display":618,"ams_acf":[],"jetpack_sharing_enabled":true,"_links":{"self":[{"href":"https:\/\/apotekar-online.rs\/hu\/wp-json\/wp\/v2\/product\/8285","targetHints":{"allow":["GET"]}}],"collection":[{"href":"https:\/\/apotekar-online.rs\/hu\/wp-json\/wp\/v2\/product"}],"about":[{"href":"https:\/\/apotekar-online.rs\/hu\/wp-json\/wp\/v2\/types\/product"}],"wp:featuredmedia":[{"embeddable":true,"href":"https:\/\/apotekar-online.rs\/hu\/wp-json\/wp\/v2\/media\/8292"}],"wp:attachment":[{"href":"https:\/\/apotekar-online.rs\/hu\/wp-json\/wp\/v2\/media?parent=8285"}],"wp:term":[{"taxonomy":"product_brand","embeddable":true,"href":"https:\/\/apotekar-online.rs\/hu\/wp-json\/wp\/v2\/product_brand?post=8285"},{"taxonomy":"product_cat","embeddable":true,"href":"https:\/\/apotekar-online.rs\/hu\/wp-json\/wp\/v2\/product_cat?post=8285"},{"taxonomy":"product_tag","embeddable":true,"href":"https:\/\/apotekar-online.rs\/hu\/wp-json\/wp\/v2\/product_tag?post=8285"}],"curies":[{"name":"wp","href":"https:\/\/api.w.org\/{rel}","templated":true}]}}