{"id":8321,"date":"2025-12-29T08:56:38","date_gmt":"2025-12-29T10:56:38","guid":{"rendered":"https:\/\/apotekar-online.rs\/?post_type=product&#038;p=8321"},"modified":"2026-03-05T08:32:45","modified_gmt":"2026-03-05T10:32:45","slug":"centrum-men-za-muskarce-30-kapsula-active-move-30-kapsula","status":"publish","type":"product","link":"https:\/\/apotekar-online.rs\/hu\/p\/centrum-men-za-muskarce-30-kapsula-active-move-30-kapsula\/","title":{"rendered":"Centrum Men za mu\u0161karce 30 kapsula + Active Move 30 kapsula"},"content":{"rendered":"","protected":false},"excerpt":{"rendered":"<p><strong>Centrum Men<\/strong>\u00a0kompleks vitamina i minerala posebno prilago\u0111en potrebama mi\u0161karca:<br \/>\n&#8211; pru\u017ea nutritivnu i energetsku podr\u0161ku organizmu,<br \/>\n&#8211; doprinosi normalnom funkcionisanju imunog sistema,<br \/>\n&#8211; poma\u017ee pravilnom radu mi\u0161i\u0107a i srca.<\/p>\n<p>Fogalmaz\u00e1s:<\/p>\n<div><span data-start=\"&quot;107&quot;\" data-end=\"&quot;439&quot;\">Vitamin A, Vitamin E 24 mg, Vitamin C 80 mg, Vitamin K, Vitamin B1 1,8 mg, Vitamin B2 2,1 mg, Vitamin B6 2,1 mg, Vitamin B12, Vitamin D, Biotin, Folna kiselina, Niacin 20 mg, Pantotenska kiselina 7,5 mg, Kalcijum 200 mg, Fosfor 105 mg, Magnezijum 120 mg, Gvo\u017e\u0111e 3,75 mg, Jod, Bakar, Mangan 2 mg, Hrom, Molibden, Selen, Cink 5 mg.<\/span><\/div>\n<p>&nbsp;<\/p>\n<p><strong>Centrum active move<\/strong>\u00a0sa ekstraktom bosvelije sadr\u017ei vitamine i minerale odabrane da podr\u017ee normalno stanje kostiju (vitamini C, D, \u00a0K i mangan), mi\u0161i\u0107a (vitamin D), hrskavice (vitamin C) i vezivnih tkiva (mangan). Vitamin C i mangan zajedno doprinose normalnom metabolizmu kojim se stvara energija.<br \/>\nFormulacija sa ekstraktom biljke Boswellia serrata poma\u017ee odr\u017eavanju zdravlja zglobova i podr\u017eava fleksibilnost zglobova. Sadr\u017ei i riblje ulje, koje je bogat izvor omega-3 masnih kiselina EPA i DHA koje doprinose normalnoj funkciji srca.<\/p>\n<p>I Centrum Men i Centrum Move uzeti jednu kapsulu dnevno uz obrok.<\/p>","protected":false},"featured_media":8322,"template":"","meta":[],"product_brand":[3215],"product_cat":[78,3054],"product_tag":[568,3000,304],"class_list":{"0":"post-8321","1":"product","2":"type-product","3":"status-publish","4":"has-post-thumbnail","6":"product_brand-centrum","7":"product_cat-vitamini-i-minerali","8":"product_cat-akcija","9":"product_tag-akcija","10":"product_tag-centrum","11":"product_tag-vitamini","13":"first","14":"instock","15":"shipping-taxable","16":"purchasable","17":"product-type-simple"},"ams_default_variation_id":0,"ams_product_points_reward":[],"ams_product_discount_percentage":0,"ams_price_to_display":1675,"ams_acf":[],"jetpack_sharing_enabled":true,"_links":{"self":[{"href":"https:\/\/apotekar-online.rs\/hu\/wp-json\/wp\/v2\/product\/8321","targetHints":{"allow":["GET"]}}],"collection":[{"href":"https:\/\/apotekar-online.rs\/hu\/wp-json\/wp\/v2\/product"}],"about":[{"href":"https:\/\/apotekar-online.rs\/hu\/wp-json\/wp\/v2\/types\/product"}],"wp:featuredmedia":[{"embeddable":true,"href":"https:\/\/apotekar-online.rs\/hu\/wp-json\/wp\/v2\/media\/8322"}],"wp:attachment":[{"href":"https:\/\/apotekar-online.rs\/hu\/wp-json\/wp\/v2\/media?parent=8321"}],"wp:term":[{"taxonomy":"product_brand","embeddable":true,"href":"https:\/\/apotekar-online.rs\/hu\/wp-json\/wp\/v2\/product_brand?post=8321"},{"taxonomy":"product_cat","embeddable":true,"href":"https:\/\/apotekar-online.rs\/hu\/wp-json\/wp\/v2\/product_cat?post=8321"},{"taxonomy":"product_tag","embeddable":true,"href":"https:\/\/apotekar-online.rs\/hu\/wp-json\/wp\/v2\/product_tag?post=8321"}],"curies":[{"name":"wp","href":"https:\/\/api.w.org\/{rel}","templated":true}]}}