{"id":8347,"date":"2026-01-21T07:17:11","date_gmt":"2026-01-21T09:17:11","guid":{"rendered":"https:\/\/apotekar-online.rs\/?post_type=product&#038;p=8347"},"modified":"2026-03-05T08:27:39","modified_gmt":"2026-03-05T10:27:39","slug":"cink-selen-forte-tbl-a30","status":"publish","type":"product","link":"https:\/\/apotekar-online.rs\/hu\/p\/cink-selen-forte-tbl-a30\/","title":{"rendered":"Cink Selen Forte 30 tableta"},"content":{"rendered":"","protected":false},"excerpt":{"rendered":"<h3 data-start=\"161\" data-end=\"187\">Dejstvo cinka i selena<\/h3>\n<p data-start=\"189\" data-end=\"510\">Cink doprinosi normalnoj funkciji imunolo\u0161kog sistema i ima va\u017enu ulogu u o\u010duvanju zdravlja ko\u017ee, kose i noktiju. U\u010destvuje u brojnim metaboli\u010dkim procesima u organizmu i neophodan je za normalnu deobu \u0107elija, kao i za za\u0161titu \u0107elija od oksidativnog stresa. Tako\u0111e doprinosi normalnoj plodnosti i reproduktivnoj funkciji.<\/p>\n<p data-start=\"512\" data-end=\"767\">Selen, pored zajedni\u010dkih benefita koje deli sa cinkom, doprinosi normalnoj funkciji \u0161titaste \u017elezde i ima zna\u010dajnu ulogu u za\u0161titi \u0107elija od oksidativnog o\u0161te\u0107enja. Poznat je po svom antioksidativnom dejstvu i va\u017ean je za o\u010duvanje normalne spermatogeneze.<\/p>\n<p data-start=\"769\" data-end=\"937\">Zbog niskog sadr\u017eaja selena u svakodnevnoj ishrani, dodatni unos ovog minerala mo\u017ee biti koristan, naro\u010dito kod osoba izlo\u017eenih pove\u0107anom fizi\u010dkom ili psihi\u010dkom naporu.<\/p>\n<h3 data-start=\"944\" data-end=\"962\">A felhaszn\u00e1l\u00e1s m\u00f3dja<\/h3>\n<ul data-start=\"964\" data-end=\"1000\">\n<li data-start=\"964\" data-end=\"1000\">\n<p data-start=\"966\" data-end=\"1000\">Odrasli: 1 tableta dnevno uz obrok<\/p>\n<\/li>\n<\/ul>\n<h3 data-start=\"1007\" data-end=\"1019\">jegyzet<\/h3>\n<p data-start=\"1021\" data-end=\"1273\">Dodatak ishrani namenjen je osobama koje \u017eele dodatnu nutritivnu podr\u0161ku, posebno u periodima poja\u010danog optere\u0107enja organizma, stresa ili pove\u0107anih potreba za mineralima.<br data-start=\"1191\" data-end=\"1194\" \/>Proizvod nije zamena za raznovrsnu i uravnote\u017eenu ishranu i zdrav na\u010din \u017eivota.<\/p>","protected":false},"featured_media":8348,"template":"","meta":[],"product_brand":[3089],"product_cat":[78,77,84,85],"product_tag":[3063,185,235],"class_list":{"0":"post-8347","1":"product","2":"type-product","3":"status-publish","4":"has-post-thumbnail","6":"product_brand-anafarm","7":"product_cat-vitamini-i-minerali","8":"product_cat-imunitet","9":"product_cat-zdravlje-muskaraca","10":"product_cat-zdravlje-zena","11":"product_tag-anafarm","12":"product_tag-cink","13":"product_tag-selen","14":"pa_brend-anafarm","16":"first","17":"instock","18":"shipping-taxable","19":"purchasable","20":"product-type-simple"},"ams_default_variation_id":0,"ams_product_points_reward":[],"ams_product_discount_percentage":0,"ams_price_to_display":528,"ams_acf":[],"jetpack_sharing_enabled":true,"_links":{"self":[{"href":"https:\/\/apotekar-online.rs\/hu\/wp-json\/wp\/v2\/product\/8347","targetHints":{"allow":["GET"]}}],"collection":[{"href":"https:\/\/apotekar-online.rs\/hu\/wp-json\/wp\/v2\/product"}],"about":[{"href":"https:\/\/apotekar-online.rs\/hu\/wp-json\/wp\/v2\/types\/product"}],"wp:featuredmedia":[{"embeddable":true,"href":"https:\/\/apotekar-online.rs\/hu\/wp-json\/wp\/v2\/media\/8348"}],"wp:attachment":[{"href":"https:\/\/apotekar-online.rs\/hu\/wp-json\/wp\/v2\/media?parent=8347"}],"wp:term":[{"taxonomy":"product_brand","embeddable":true,"href":"https:\/\/apotekar-online.rs\/hu\/wp-json\/wp\/v2\/product_brand?post=8347"},{"taxonomy":"product_cat","embeddable":true,"href":"https:\/\/apotekar-online.rs\/hu\/wp-json\/wp\/v2\/product_cat?post=8347"},{"taxonomy":"product_tag","embeddable":true,"href":"https:\/\/apotekar-online.rs\/hu\/wp-json\/wp\/v2\/product_tag?post=8347"}],"curies":[{"name":"wp","href":"https:\/\/api.w.org\/{rel}","templated":true}]}}