{"id":8366,"date":"2026-02-04T11:10:41","date_gmt":"2026-02-04T13:10:41","guid":{"rendered":"https:\/\/apotekar-online.rs\/?post_type=product&#038;p=8366"},"modified":"2026-03-05T08:27:39","modified_gmt":"2026-03-05T10:27:39","slug":"imuno%ce%b2eta-%ce%b2-glukan-eliksir-200ml","status":"publish","type":"product","link":"https:\/\/apotekar-online.rs\/hu\/p\/imuno%ce%b2eta-%ce%b2-glukan-eliksir-200ml\/","title":{"rendered":"Imuno\u03b2eta \u03b2-glukan eliksir 200ml"},"content":{"rendered":"","protected":false},"excerpt":{"rendered":"<p><strong>Imuno\u03b2eta \u03b2-glukan eliksir<\/strong>\u00a0u svom sastavu sadr\u017ei beta-D-glukan izolovan iz gljive bukova\u010de (<em>Pleurotus ostreatus<\/em>), cink i vitamin C.<\/p>\n<p>Ova kombinacija sastojaka doprinosi pobolj\u0161anju imunog odgovora i odbrambene reakcije na viruse, bakterije, gljivice i toksine koji predstavljaju pretnju po zdravlje organizma.<\/p>\n<p>Preporu\u010duje se kod stanja oslabljenog imuniteta, kod \u010destih infekcija respiratornog trakta i hroni\u010dnih upala, a povoljno deluje i na smanjenje nivoa ukupnog i LDL-holesterola i normalizovanje glikemije. Mo\u017ee se koristi i u cilju prevencije oslabljenog imuniteta.<\/p>\n<p>Komforno doziranje i lep ukus omogu\u0107avaju primenu\u00a0<strong>Imuno\u03b2eta \u03b2-glukan eliksira<\/strong>\u00a0i deci starijoj od navr\u0161ene 1 godine uz savet lekara.<\/p>\n<p>Aj\u00e1nlott:<\/p>\n<ul>\n<li>za za\u0161titu organizma od infekcija<\/li>\n<li>za smanjenje nivoa holesterola u krvi<\/li>\n<li>za smanjenje stresa<\/li>\n<li>za ve\u0107u sintezu antitela<\/li>\n<li>kod zaceljivanja rana<\/li>\n<li>kod opekotina od radijacije<\/li>\n<li>poma\u017ee osobama obolelim od dijabetesa<\/li>\n<li>za smanjenje intenziteta i vremena trajanja alergijskih reakcija, kao i osetljivosti organizma na alergene<\/li>\n<li>za pobolj\u0161anje op\u0161te otpornosti organizma i u rekonvalescenciji (oporavku nakon bolesti)<\/li>\n<li>kod u\u010destalih virusnih i bakterijskih infekcija, stresa, lo\u0161e i neredovne ishrane<\/li>\n<li>za redukciju ukupnog holesterola, LDL-a i serumskih triglicerida<\/li>\n<li>kao vrlo mo\u0107an antioksidans<\/li>\n<\/ul>\n<p><strong>Beta glukan<\/strong>\u00a0je prirodni polisaharid, koji ima mnogobrojne povoljne efekte na ljudsko zdravlje. Stimulacijom imunskog sistema (imunomodulatorna aktivnost), doprinosi za\u0161titi od razli\u010ditih infekcija. Makrofagi (imune \u0107elije) predstavljaju prvu liniju odbrane organizma od svih izaziva\u010da bolesti, jer imaju sposobnost prepoznavanja i eliminacije stranih tela, a beta glukan, aktivacijom makrofaga, stimuli\u0161e imuni sistem. Potvr\u0111en je i uticaj na smanjenje nivoa ukupnog i LDL- holesterola, pobolj\u0161anje funkcije GIT-a i normalizovanje glikemije. \u03b2-glukan je jako zna\u010dajan i za smanjenje simptoma alergijskih reakcija, ima izra\u017een antioksidativni potencijal i deluje kao dobra prevencija nastanka kancerskih oboljenja.\u00a0Koristan je i posle hirur\u0161kih intervencija kao dodatak terapiji antibioticima i za br\u017ee zarastanje rana.<\/p>\n<p><strong>Cink<\/strong>\u00a0se koristi u prevenciji prehlade i gripa kao i kod hroni\u010dnih infekcija, jer podsti\u010de imuni sistem i ima antioksidativnu ulogu. Cink je tako\u0111e dobar u borbi protiv depresije, pobolj\u0161ava stanje ko\u017ee, podsti\u010de seksualnu \u017eelju i poma\u017ee br\u017eem ozdravljenju i izle\u010denju rana. U Imuno\u03b2eta \u03b2-glukan eliksiru nalazi se u obliku cink glukonata \u0161to omogu\u0107ava dobru resorpciju i veliku bioraspolo\u017eivost cinka u organizmu, a samim tim i jako izra\u017eeno delovanje i pru\u017eanje svih efekata koje cink ima na ljudsko zdravlje.<\/p>\n<p><strong>C vitamin<\/strong>\u00a0je najva\u017eniji hidrosolubilni antioksidans i sna\u017ean redukuju\u0107i agens. Doprinosi pravilnoj funkciji imunog sistema, za\u0161titi \u0107elija od oksidativnog stresa, kao i smanjenju umora i iscrpljenosti.<\/p>\n<p>&nbsp;<\/p>","protected":false},"featured_media":8367,"template":"","meta":[],"product_brand":[],"product_cat":[340,77,78,127],"product_tag":[1711,185,179],"class_list":{"0":"post-8366","1":"product","2":"type-product","3":"status-publish","4":"has-post-thumbnail","6":"product_cat-deciji-program","7":"product_cat-imunitet","8":"product_cat-vitamini-i-minerali","9":"product_cat-vitamini-i-minerali-za-decu","10":"product_tag-beta-glucan","11":"product_tag-cink","12":"product_tag-imunitet","13":"pa_brend-esensa","15":"first","16":"instock","17":"shipping-taxable","18":"purchasable","19":"product-type-simple"},"ams_default_variation_id":0,"ams_product_points_reward":[],"ams_product_discount_percentage":0,"ams_price_to_display":1728,"ams_acf":[],"jetpack_sharing_enabled":true,"_links":{"self":[{"href":"https:\/\/apotekar-online.rs\/hu\/wp-json\/wp\/v2\/product\/8366","targetHints":{"allow":["GET"]}}],"collection":[{"href":"https:\/\/apotekar-online.rs\/hu\/wp-json\/wp\/v2\/product"}],"about":[{"href":"https:\/\/apotekar-online.rs\/hu\/wp-json\/wp\/v2\/types\/product"}],"wp:featuredmedia":[{"embeddable":true,"href":"https:\/\/apotekar-online.rs\/hu\/wp-json\/wp\/v2\/media\/8367"}],"wp:attachment":[{"href":"https:\/\/apotekar-online.rs\/hu\/wp-json\/wp\/v2\/media?parent=8366"}],"wp:term":[{"taxonomy":"product_brand","embeddable":true,"href":"https:\/\/apotekar-online.rs\/hu\/wp-json\/wp\/v2\/product_brand?post=8366"},{"taxonomy":"product_cat","embeddable":true,"href":"https:\/\/apotekar-online.rs\/hu\/wp-json\/wp\/v2\/product_cat?post=8366"},{"taxonomy":"product_tag","embeddable":true,"href":"https:\/\/apotekar-online.rs\/hu\/wp-json\/wp\/v2\/product_tag?post=8366"}],"curies":[{"name":"wp","href":"https:\/\/api.w.org\/{rel}","templated":true}]}}