{"id":8384,"date":"2026-02-04T20:28:11","date_gmt":"2026-02-04T22:28:11","guid":{"rendered":"https:\/\/apotekar-online.rs\/?post_type=product&#038;p=8384"},"modified":"2026-03-05T08:27:39","modified_gmt":"2026-03-05T10:27:39","slug":"femisan-gold-60-kapsula","status":"publish","type":"product","link":"https:\/\/apotekar-online.rs\/hu\/p\/femisan-gold-60-kapsula\/","title":{"rendered":"Femisan Gold 60 kapsula"},"content":{"rendered":"","protected":false},"excerpt":{"rendered":"<p><b>Femisan Gold<\/b>\u00a0je dodatak ishrani na bazi lekovitog bilja u kapsulama sa ekstraktom konopljike, divljeg jama, cimicifuge, \u017een \u0161ena, hmelja i an\u0111elike, namenjen \u017eenama tokom perimenopauze i menopauze, koji doprinosi hormonskoj ravnote\u017ei i ubla\u017eavanju simptoma povezanih s klimakterijumom.<\/p>\n<p>-Ubla\u017eava valunge<\/p>\n<p>-Olak\u0161ava ulazak u san<\/p>\n<p>-Smanjuje napetost i nervozu<\/p>\n<p>-Pove\u0107ava otpornost na stres<\/p>\n<p>U reproduktivnom periodu doprinosi normalizaciji neredovnih ciklusa i ubla\u017eava simptome PMS-a<\/p>\n<p><strong>Adagol\u00e1s \u00e9s felhaszn\u00e1l\u00e1si m\u00f3d\u00a0<\/strong><\/p>\n<p>1 kapsulu popiti jednom do dva puta dnevno pre jela.<\/p>\n<p><b>Fogalmaz\u00e1s:\u00a0<\/b><\/p>\n<p>-ekstrakt korena an\u0111elike 70mg<\/p>\n<p>-ekstrakt polena konopljike 65mg<\/p>\n<p>-ekstrakt korena divljeg jama 50mg<\/p>\n<p>-ekstrakt cveta i herbe hmelja 50mg<\/p>\n<p>-ekstrakt korena \u017een\u0161en 45mg<\/p>\n<p>-ekstrakt korena cimicifuge 10mg<\/p>\n<p>&nbsp;<\/p>","protected":false},"featured_media":8385,"template":"","meta":[],"product_brand":[3070],"product_cat":[85],"product_tag":[3071,1132],"class_list":{"0":"post-8384","1":"product","2":"type-product","3":"status-publish","4":"has-post-thumbnail","6":"product_brand-herba-svet","7":"product_cat-zdravlje-zena","8":"product_tag-cimicifuge","9":"product_tag-menopauza","10":"pa_brend-herba-svet","12":"first","13":"instock","14":"shipping-taxable","15":"purchasable","16":"product-type-simple"},"ams_default_variation_id":0,"ams_product_points_reward":[],"ams_product_discount_percentage":0,"ams_price_to_display":2500,"ams_acf":[],"jetpack_sharing_enabled":true,"_links":{"self":[{"href":"https:\/\/apotekar-online.rs\/hu\/wp-json\/wp\/v2\/product\/8384","targetHints":{"allow":["GET"]}}],"collection":[{"href":"https:\/\/apotekar-online.rs\/hu\/wp-json\/wp\/v2\/product"}],"about":[{"href":"https:\/\/apotekar-online.rs\/hu\/wp-json\/wp\/v2\/types\/product"}],"wp:featuredmedia":[{"embeddable":true,"href":"https:\/\/apotekar-online.rs\/hu\/wp-json\/wp\/v2\/media\/8385"}],"wp:attachment":[{"href":"https:\/\/apotekar-online.rs\/hu\/wp-json\/wp\/v2\/media?parent=8384"}],"wp:term":[{"taxonomy":"product_brand","embeddable":true,"href":"https:\/\/apotekar-online.rs\/hu\/wp-json\/wp\/v2\/product_brand?post=8384"},{"taxonomy":"product_cat","embeddable":true,"href":"https:\/\/apotekar-online.rs\/hu\/wp-json\/wp\/v2\/product_cat?post=8384"},{"taxonomy":"product_tag","embeddable":true,"href":"https:\/\/apotekar-online.rs\/hu\/wp-json\/wp\/v2\/product_tag?post=8384"}],"curies":[{"name":"wp","href":"https:\/\/api.w.org\/{rel}","templated":true}]}}