{"id":8430,"date":"2026-02-05T10:32:49","date_gmt":"2026-02-05T12:32:49","guid":{"rendered":"https:\/\/apotekar-online.rs\/?post_type=product&#038;p=8430"},"modified":"2026-03-05T08:38:28","modified_gmt":"2026-03-05T10:38:28","slug":"flurbisept-8-75-mg-12-lozengi","status":"publish","type":"product","link":"https:\/\/apotekar-online.rs\/hu\/p\/flurbisept-8-75-mg-12-lozengi\/","title":{"rendered":"Flurbisept 8.75 mg 12 lozengi"},"content":{"rendered":"","protected":false},"excerpt":{"rendered":"<p><strong>Ennek a gy\u00f3gyszernek az interneten kereszt\u00fcli \u00e9rt\u00e9kes\u00edt\u00e9s\u00e9t a Szerb K\u00f6zt\u00e1rsas\u00e1g t\u00f6rv\u00e9nyei tiltj\u00e1k, m\u00edg az interneten kereszt\u00fcl t\u00f6rt\u00e9n\u0151 rekl\u00e1moz\u00e1s kiz\u00e1r\u00f3lag<\/strong>\u00a0<strong>eml\u00e9keztet\u0151\u00fcl \u00e9s t\u00e1j\u00e9koztat\u00e1si c\u00e9llal.<\/strong><\/p>\n<p>Flurbisept\u00ae<br \/>\n, 8,75 mg, lozenga<br \/>\nflurbiprofen<br \/>\nMiel\u0151tt elkezden\u00e9 szedni ezt a gy\u00f3gyszert, olvassa el figyelmesen ezt a betegt\u00e1j\u00e9koztat\u00f3t, mert inform\u00e1ci\u00f3kat tartalmaz<br \/>\namelyek fontosak neked.<br \/>\nEzt a gy\u00f3gyszert mindig pontosan a betegt\u00e1j\u00e9koztat\u00f3ban le\u00edrtaknak vagy az orvos \u00e1ltal elmondottaknak megfelel\u0151en szedje<br \/>\nvagy egy gy\u00f3gyszer\u00e9sz.<br \/>\n\uf02d Mentse el az utas\u00edt\u00e1sokat. Lehet, hogy \u00fajra el kell olvasnia.<br \/>\n\uf02d Ha tov\u00e1bbi k\u00e9rd\u00e9sei vannak, vagy tan\u00e1csra van sz\u00fcks\u00e9ge, forduljon gy\u00f3gyszer\u00e9sz\u00e9hez.<br \/>\n\uf02d Ha \u00d6nn\u00e9l b\u00e1rmilyen mell\u00e9khat\u00e1s jelentkezik, forduljon orvos\u00e1hoz vagy gy\u00f3gyszer\u00e9sz\u00e9hez. Ez<br \/>\ntartalmazza az ebben az \u00fatmutat\u00f3ban fel nem sorolt mell\u00e9khat\u00e1sokat. L\u00e1sd a 4. r\u00e9szt.<br \/>\n\uf02d Ha nem \u00e9rzi jobban mag\u00e1t, vagy rosszabbul \u00e9rzi mag\u00e1t 3 nap eltelt\u00e9vel, forduljon orvos\u00e1hoz.<br \/>\nEbben az \u00fatmutat\u00f3ban a k\u00f6vetkez\u0151ket olvashatja:<br \/>\n1. \u0160ta je lek Flurbisept i \u010demu je namenjen<br \/>\n2. \u0160ta treba da znate pre nego \u0161to uzmete lek Flurbisept<br \/>\n3. Kako se uzima lek Flurbisept<br \/>\n4. Lehets\u00e9ges mell\u00e9khat\u00e1sok<br \/>\n5. Kako \u010duvati lek Flurbisept<br \/>\n6. A csomag tartalma \u00e9s egy\u00e9b inform\u00e1ci\u00f3k<\/p>\n<p>1. \u0160ta je lek Flurbisept i \u010demu je namenjen<br \/>\nLek Flurbisept, lozenge, 8,75 mg, kao aktivnu supstancu sadr\u017ei flurbiprofen. Flurbiprofen pripada grupi<br \/>\nnesteroidnih antiinflamatornih lekova (NSAIL) koji ubla\u017eavaju bol, zapaljenje i sni\u017eavaju povi\u0161enu telesnu<br \/>\ntemperaturu.<br \/>\nLek Flurbisept se koristi za kratkotrajno ubla\u017eavanje simptoma upale grla kao \u0161to bol u grlu, otok i ote\u017eano<br \/>\ngutanje kod odraslih i dece starije od 12 godina.<br \/>\nMorate se obratiti svom lekaru ukoliko se ne ose\u0107ate bolje ili se ose\u0107ate lo\u0161ije posle 3 dana.<br \/>\n2. \u0160ta treba da znate pre nego \u0161to uzmete lek Flurbisept<br \/>\nLek Flurbisept ne smete uzimati ukoliko:<br \/>\n\u2022 ste alergi\u010dni (preosetljivi) na flurbiprofen ili na bilo koju od pomo\u0107nih supstanci ovog leka (navedene u<br \/>\nodeljku 6);<br \/>\n\u2022 ste prethodno imali astmu, zvi\u017edanje u plu\u0107ima ili ote\u017eano disanje, curenje iz nosa, oticanje lica ili osip koji<br \/>\nsvrbi (koprivnja\u010du) nakon upotrebe acetilsalicilne kiseline ili nekog drugog leka protiv bolova (nesteroidnog<br \/>\nantiinflamatornog leka (NSAIL);<br \/>\n\u2022 imate ili ste ranije imali 2 ili vi\u0161e jasnih epizoda \u010dira na \u017eelucu ili \u010dira na dvanaestopala\u010dnom crevu;<br \/>\n\u2022 imate ili ste ranije imali gastrointestinalno krvarenje ili perforacije, te\u0161ki kolitis (zapaljenje creva) ili<br \/>\nporeme\u0107aje krvarenja pri primeni NSAIL u pro\u0161losti;<br \/>\n\u2022 imate te\u0161ku slabost (insuficijenciju) srca, bubrega ili jetre;<br \/>\n\u2022 ste u tre\u0107em trimestru trudno\u0107e.<br \/>\nFigyelmeztet\u00e9sek \u00e9s \u00f3vint\u00e9zked\u00e9sek<br \/>\nRazgovarajte sa svojim lekarom ili farmaceutom pre nego \u0161to uzmete lek Flurbisept ukoliko:<br \/>\n\u2022 uzimate druge lekove iz grupe NSAIL (npr. celekoksib, ibuprofen, diklofenak-natrijum) ili kortikosteroide<br \/>\n(npr.prednizolon) za le\u010denje bola, upale ili reumatskih oboljenja, jer to mo\u017ee pove\u0107ati rizik od ne\u017eeljenih<br \/>\nreakcija, posebno gastrointestinalnih ne\u017eeljenih reakcija kao \u0161to su \u010dir ili krvarenje;<br \/>\n\u2022 imate ili ste imali astmu ili patite od alergija;<br \/>\n\u2022 imate probleme sa srcem, bubrezima ili jetrom;<br \/>\n\u2022 ste imali mo\u017edani udar;<br \/>\n\u2022 imate ili ste imali problem sa crevima (kao \u0161to su ulcerozni kolitis, Kronova bolest);<br \/>\n\u2022 imate povi\u0161en krvni pritisak;<br \/>\n\u2022 imate zapaljenje krajnika (tonzilitis) ili mislite da mo\u017eda imate bakterijsku infekciju grla (za koju su<br \/>\nneophodni antibiotici);<br \/>\n\u2022 patite od hroni\u010dnih autoimunskih bolesti kao \u0161to su sistemski eritemski lupus i me\u0161ovito oboljenje vezivnog<br \/>\ntkiva.<br \/>\nId\u0151sek<br \/>\nStarije osobe imaju ve\u0107u mogu\u0107nost pojave ne\u017eeljenih dejstava koja su navedena u ovom uputstvu.<br \/>\nGyermekek<br \/>\nLek se ne primenjuje kod dece mla\u0111e od 12 godina.<br \/>\nDrugi lekovi i Flurbisept<br \/>\nFelt\u00e9tlen\u00fcl t\u00e1j\u00e9koztassa kezel\u0151orvos\u00e1t vagy gy\u00f3gyszer\u00e9sz\u00e9t, ha jelenleg vagy nemr\u00e9giben szedett, vagy szedni fog<br \/>\nmilyen egy\u00e9b gy\u00f3gyszerek.<br \/>\nPotreban je oprez prilikom istovremene upotrebe sa slede\u0107im lekovima:<br \/>\n\u2022 drugi lekovi iz grupe nesteroidnih antiinflamatornih lekova (NSAIL) (npr. celekoksib, ibuprofen,<br \/>\ndiklofenak natrijum) ili kortikosteroidi (npr. prednizolon) koji se primenjuju protiv bolova, zapaljenjskih<br \/>\nprocesa i reumatskih bolesti,<br \/>\n\u2022 acetilsalicilna kiselina (male doze, do 100 mg dnevno), lek koji spre\u010dava stvaranje krvnog ugru\u0161ka,<br \/>\n\u2022 lekovi koji se koriste za razre\u0111ivanje krvi i spre\u010davanje agregacije trombocita,<br \/>\n\u2022 lekovi za le\u010denje visokog krvnog pritiska ili sr\u010dane slabosti (antihipertenzivi, kardiotoni\u010dni glikozidi),<br \/>\n\u2022 metotreksat (lek koji se koristi u terapiji autoimunskih bolesti ili raka),<br \/>\n\u2022 mifepriston (lek koji se koristi za prekid trudno\u0107e)<\/p>\n<p>\u2022 oralni antidijabetici (za le\u010denje dijabetesa),<br \/>\n\u2022 fenitoin (lek koji se koristi u terapiji epilepsije),<br \/>\n\u2022 lekovi koji se koriste za izbacivanje vi\u0161ka te\u010dnosti iz organizma (diuretici, uklju\u010duju\u0107i diuretike koji \u0161tede<br \/>\nkalijum),<br \/>\n\u2022 lekovi koji se koriste u le\u010denju gihta (probenecid, sulfinpirazon),<br \/>\n\u2022 hinolonski antibiotici (kao \u0161to je ciprofloksacin),<br \/>\n\u2022 litijum ili selektivni inhibitori ponovnog preuzimanja serotonina (SSRI) (koriste se za le\u010denje depresije),<br \/>\n\u2022 ciklosporin ili takrolimus (za supresiju imunskog sistema),<br \/>\n\u2022 zidovudin (lek koji se koristi za terapiju HIV infekcije).<br \/>\nUzimanje leka Flurbisept sa hranom, pi\u0107ima i alkoholom<br \/>\nIzbegavajte uzimanje alkohola tokom primene leka Flurbisept, s obzirom na to da mo\u017ee do\u0107i do pove\u0107anja<br \/>\nrizika od nastanka krvarenja u \u017eelucu ili crevima.<br \/>\nTerhess\u00e9g, szoptat\u00e1s \u00e9s term\u00e9kenys\u00e9g<br \/>\nUkoliko ste trudni ili dojite, mislite da ste trudni ili planirate trudno\u0107u, obratite se svom lekaru ili farmaceutu<br \/>\ntan\u00e1cs\u00e9rt, miel\u0151tt elkezdi szedni ezt a gy\u00f3gyszert.<br \/>\nNe smete uzimati ovaj lek ukoliko ste u poslednjem trimestru trudno\u0107e.<br \/>\nPosavetujte se sa Va\u0161im lekarom pre nego \u0161to uzmete ovaj lek ukoliko ste u prvom i drugom trimestru<br \/>\ntrudno\u0107e ili dojite.<br \/>\nFlurbiprofen pripada grupi lekova koji mogu da smanje plodnost kod \u017eena. Ovaj uticaj na plodnost prestaje<br \/>\nkada se prekine sa upotrebom leka. Malo je verovatno da \u0107e povremeno uzimanje leka Flurbisept uticati na<br \/>\nverovatno\u0107u da ostanete trudni. Ipak, obavestite Va\u0161eg lekara ukoliko uzimate ovaj lek i imate pote\u0161ko\u0107a da<br \/>\nostanete u drugom stanju.<br \/>\nJ\u00e1rm\u0171vek vezet\u00e9se \u00e9s g\u00e9pek kezel\u00e9se<br \/>\nNije poznato da lek Flurbisept uti\u010de na sposobnost upravljanja vozilima i rukovanja ma\u0161inama. Ipak,<br \/>\nvrtoglavica i zamagljen vid su mogu\u0107a ne\u017eeljena dejstva upotrebe NSAIL. Ukoliko se ova ne\u017eeljena dejstva<br \/>\njave, nemojte voziti i rukovati ma\u0161inama.<br \/>\nLek Flurbisept sadr\u017ei izomaltitol i maltitol.<br \/>\nBizonyos cukrokra val\u00f3 intolerancia eset\u00e9n a gy\u00f3gyszer alkalmaz\u00e1sa el\u0151tt konzult\u00e1ljon orvos\u00e1val.<br \/>\nSvaka lozenga sadr\u017ei 427,5 mg maltitiola, te\u010dnog i 2034,0 mg izomaltitola.<br \/>\nNakon ve\u0107ih doza u toku dana mo\u017ee se ispoljiti blag laksativni efekat.<br \/>\nIzomaltitol i maltitol, te\u010dni imaju kalorijsku vrednost od 2.3 kcal\/g.<br \/>\nLek Flurbisept sadr\u017ei cochineal red (E124) and sunset yellow (E110) koji mogu izazvati alergijske reakcije.<br \/>\nOvaj lek sadr\u017ei aromu koja u svom sastavu sadr\u017ei: citral, citronelol, limonen i dekanal, koji mogu uzrokovati<br \/>\nalergijske reakcije.<br \/>\n3. Kako se uzima lek Flurbisept<br \/>\nEzt a gy\u00f3gyszert mindig pontosan a betegt\u00e1j\u00e9koztat\u00f3ban le\u00edrtaknak vagy az orvos \u00e1ltal elmondottaknak megfelel\u0151en szedje<br \/>\nili farmaceut. Ukoliko niste sigurni, proverite sa Va\u0161im lekarom ili farmaceutom.<br \/>\nPreporu\u010dena doza<br \/>\nFeln\u0151ttek \u00e9s 12 \u00e9v feletti gyermekek<br \/>\nJedna lozenga na svakih 3-6 sati, po potrebi.<br \/>\nNe uzimati vi\u0161e od 5 lozengi tokom 24 sata.<br \/>\nAlkalmaz\u00e1s m\u00f3dja<br \/>\nOromukozalna upotreba.<br \/>\nLozengu polako otapajte u ustima, nemojte je gutati niti \u017evakati.<br \/>\nPomerajte lozengu u ustima tokom primene.<br \/>\n4 a 6-b\u00f3l<br \/>\nDu\u017eina primene<br \/>\nNemojte koristiti lek Flurbisept du\u017ee od 3 dana, bez konsultacije sa lekarom.<br \/>\nU slu\u010daju pojave iritacije usta, primenu leka treba prekinuti.<br \/>\nAko ste uzeli vi\u0161e leka Flurbisept nego \u0161to treba<br \/>\nUkoliko ste uzeli ve\u0107u dozu leka od one koja Vam je preporu\u010dena, odmah se obratite Va\u0161em lekaru ili<br \/>\nfarmaceutu ili idite u najbli\u017eu zdravstvenu ustanovu. Simptomi predoziranja mogu uklju\u010divati mu\u010dninu,<br \/>\npovra\u0107anje, bol u stomaku ili, re\u0111e, dijareju. Mogu\u0107i su tako\u0111e zvonjenje u u\u0161ima, glavobolja i<br \/>\ngastrointestinalno krvarenje.<br \/>\nHa b\u00e1rmilyen tov\u00e1bbi k\u00e9rd\u00e9se van a gy\u00f3gyszer alkalmaz\u00e1s\u00e1val kapcsolatban, k\u00e9rdezze meg kezel\u0151orvos\u00e1t vagy gy\u00f3gyszer\u00e9sz\u00e9t.<br \/>\n4. Lehets\u00e9ges mell\u00e9khat\u00e1sok<br \/>\nMint minden gy\u00f3gyszer, \u00edgy ez a gy\u00f3gyszer is okozhat mell\u00e9khat\u00e1sokat, amelyek azonban nem mindenkin\u00e9l jelentkeznek.<br \/>\nezt a gy\u00f3gyszert szed\u0151 betegek.<br \/>\nPrestanite da uzimate lek i odmah se obratite lekaru ukoliko se kod Vas jave:<br \/>\n\u2022 znaci alergijske reakcije kao \u0161to su astma, neobja\u0161njivo zvi\u017edanje u grudima ili kratak dah (ote\u017eano<br \/>\ndisanje), svrab, curenje iz nosa, osip na ko\u017ei,<br \/>\n\u2022 oticanje lica, jezika ili grla koje dovodi do ote\u017eanog disanja, ubrzan rad srca, sni\u017eenje krvnog pritiska koje<br \/>\nmo\u017ee dovesti do stanja \u0161oka (do ovoga mo\u017ee do\u0107i i nakon prvog uzimanja leka),<br \/>\n\u2022 te\u0161ke reakcije na ko\u017ei kao \u0161to su crvenilo, otok, perutanje ko\u017ee, pojava plikova ili lju\u0161tenje ko\u017ee ili pojava<br \/>\nulceracija na ko\u017ei i sluzoko\u017ei.<br \/>\nObavestite Va\u0161eg lekara ili farmaceuta ukoliko Vam se jave slede\u0107a ne\u017eeljena dejstva, kao i bilo koje<br \/>\nne\u017eeljeno dejstvo koje nije navedeno u ovom uputstvu.<br \/>\nGyakori mell\u00e9khat\u00e1sok (10 gy\u00f3gyszert szed\u0151 beteg k\u00f6z\u00fcl legfeljebb 1-n\u00e9l fordulhatnak el\u0151):<br \/>\n\u2022 vrtoglavica, glavobolja,<br \/>\n\u2022 iritacija grla,<br \/>\n\u2022 \u010direvi ili bol u ustima,<br \/>\n\u2022 bol u \u017edrelu,<br \/>\n\u2022 nelagodan ose\u0107aj u ustima (ose\u0107aj toplote, \u017earenja ili peckanja),<br \/>\n\u2022 mu\u010dnina i proliv,<br \/>\n\u2022 ose\u0107aj trnjenja, bockanja na ko\u017ei (parestezija).<br \/>\nAlkalmank\u00e9nt fell\u00e9p\u0151 mell\u00e9khat\u00e1sok (100 gy\u00f3gyszert szed\u0151 beteg k\u00f6z\u00fcl legfeljebb 1-n\u00e9l fordulhatnak el\u0151):<br \/>\n\u2022 pospanost,<br \/>\n\u2022 nesanica,<br \/>\n\u2022 pogor\u0161anje astme, zvi\u017edanje prilikom disanja, ote\u017eano disanje,<br \/>\n\u2022 pojava plikova u ustima ili grlu, utrnulost \u017edrela,<br \/>\n\u2022 suva usta,<br \/>\n\u2022 ose\u0107aj peckanja u ustima, poreme\u0107aj \u010dula ukusa,<br \/>\n\u2022 bol u trbuhu, nadutost, gasovi, ote\u017eano pra\u017enjenje creva, lo\u0161e varenje, povra\u0107anje,<br \/>\n\u2022 smanjen ose\u0107aj u grlu,<br \/>\n\u2022 povi\u0161ena telesna temperatura, bol,<br \/>\n\u2022 razli\u010diti osipi na ko\u017ei, svrab ko\u017ee.<br \/>\nRitka mell\u00e9khat\u00e1sok (1000 gy\u00f3gyszert szed\u0151 beteg k\u00f6z\u00fcl legfeljebb 1-n\u00e9l fordulhat el\u0151):<br \/>\n\u2022 anafilakti\u010dka reakcija.<br \/>\nNem ismert gyakoris\u00e1g (a rendelkez\u00e9sre \u00e1ll\u00f3 adatokb\u00f3l nem becs\u00fclhet\u0151 meg):<br \/>\n\u2022 anemija, trombocitopenija (smanjen broj krvnih plo\u010dica koji mo\u017ee dovesti do pojave modrica i krvarenja),<br \/>\n\u2022 oticanje (edem), povi\u0161en krvni pritisak, sr\u010dana slabost ili sr\u010dani udar<\/p>\n<p>\u2022 te\u0161ki oblici ko\u017enih reakcija kao \u0161to su bulozne reakcije (pojava velikih mehurova po ko\u017ei), uklju\u010duju\u0107i<br \/>\nSteven Johnson-ov sindrom i toksi\u010dnu epidermalnu nekrolizu,<br \/>\n\u2022 zapaljenje jetre (hepatitis).<br \/>\nA mell\u00e9khat\u00e1sok bejelent\u00e9se<br \/>\nHa b\u00e1rmilyen nemk\u00edv\u00e1natos reakci\u00f3t tapasztal, \u00e9rtes\u00edtse orvos\u00e1t, gy\u00f3gyszer\u00e9sz\u00e9t vagy<br \/>\n\u00e1pol\u00f3. Ez mag\u00e1ban foglalja az ebben az \u00fatmutat\u00f3ban nem szerepl\u0151 esetleges mell\u00e9khat\u00e1sokat is.<br \/>\nA mell\u00e9khat\u00e1sok bejelent\u00e9s\u00e9vel seg\u00edthet a gy\u00f3gyszer biztons\u00e1goss\u00e1g\u00e1nak \u00e9rt\u00e9kel\u00e9s\u00e9ben. K\u00e9ts\u00e9g<br \/>\nA mell\u00e9khat\u00e1sokat bejelentheti a Szerbiai Gy\u00f3gyszer- \u00e9s Orvostechnikai \u00dcgyn\u00f6ks\u00e9gnek (ALIMS):<br \/>\nSzerb Gy\u00f3gyszer- \u00e9s Orvostechnikai \u00dcgyn\u00f6ks\u00e9g<br \/>\nOrsz\u00e1gos Farmakovigilancia K\u00f6zpont<br \/>\nVojvode Stepe 458, 11221 Belgr\u00e1d<br \/>\nSzerb K\u00f6zt\u00e1rsas\u00e1g<br \/>\nWeboldal: www.alims.gov.rs<br \/>\ne-mail: nezeljene.reakcije@alims.gov.rs<br \/>\n5. Kako \u010duvati lek Flurbisept<br \/>\nA gy\u00f3gyszer gyermekekt\u0151l elz\u00e1rva tartand\u00f3.<br \/>\nNe smete koristiti lek Flurbisept posle isteka roka upotrebe nazna\u010denog na spolja\u0161njem pakovanju \u201eVa\u017ei<br \/>\ndo:\u201c. Datum isteka roka upotrebe se odnosi na poslednji dan navedenog meseca.<br \/>\nA gy\u00f3gyszer nem ig\u00e9nyel k\u00fcl\u00f6nleges t\u00e1rol\u00e1si felt\u00e9teleket.<br \/>\nA haszn\u00e1lhatatlan gy\u00f3gyszereket a gy\u00f3gyszert\u00e1rnak adj\u00e1k \u00e1t, ahol a gy\u00f3gyszert\u00e1rban kif\u00fcggesztik az \u00e1tv\u00e9telre vonatkoz\u00f3 \u00e9rtes\u00edt\u00e9st.<br \/>\nhaszn\u00e1lhatatlan gy\u00f3gyszereket a polg\u00e1rokt\u00f3l. A felhaszn\u00e1lhatatlan gy\u00f3gyszereket tilos a csatorn\u00e1ba vagy azzal egy\u00fctt dobni<br \/>\nkommun\u00e1lis hullad\u00e9k. Ezek az int\u00e9zked\u00e9sek seg\u00edtik a k\u00f6rnyezet v\u00e9delm\u00e9t.<br \/>\n6. A csomag tartalma \u00e9s egy\u00e9b inform\u00e1ci\u00f3k<br \/>\n\u0160ta sadr\u017ei lek Flurbisept<br \/>\nHat\u00f3anyag tartalom:<br \/>\nJedna lozenga sadr\u017ei 8,75 mg flurbiprofena.<br \/>\nSeg\u00e9danyagok tartalma:<br \/>\nIzomaltitol (E953); maltitol, te\u010dni (E965); cochineal red (E124); sunset yellow (E110); acesulfam-kalijum;<br \/>\nmakrogol 300; kalijum-hidroksid; Orange flavor (sadr\u017ei: limonen, dekanal, citral, citronelol); levomentol.<br \/>\nKako izgleda lek Flurbisept i sadr\u017eaj pakovanja<br \/>\nLozenga<br \/>\nOkrugle lozenge, narand\u017easte boje i ukusom narand\u017ee, dijametra 19\u00b11 mm.<br \/>\nUnutra\u0161nje pakovanje leka je PVC\/PVdC-Al blister koji sadr\u017ei 12 lozengi.<br \/>\nSpolja\u0161nje pakovanje je slo\u017eiva kartonska kutija u kojoj se nalazi 1 blister (ukupno 12 lozengi) i Uputstvo za<br \/>\ngy\u00f3gyszer.<br \/>\nEnged\u00e9ly tulajdonosa \u00e9s gy\u00e1rt\u00f3ja<br \/>\nGALENIKA AD BELGR\u00c1D<br \/>\nBatajni\u010dki \u00fat bb, Belgr\u00e1d<br \/>\nSzerb K\u00f6zt\u00e1rsas\u00e1g<br \/>\nEzt az utas\u00edt\u00e1st legut\u00f3bb j\u00f3v\u00e1hagyt\u00e1k<br \/>\nAvgust, 2023.<br \/>\n6 a 6-b\u00f3l<br \/>\nA gy\u00f3gyszer adagol\u00e1si m\u00f3dja:<br \/>\nA gy\u00f3gyszert orvosi rendelv\u00e9ny n\u00e9lk\u00fcl adj\u00e1k ki.<br \/>\nAz enged\u00e9ly sz\u00e1ma \u00e9s d\u00e1tuma:<br \/>\nFlurbisept, 8,75 mg, lozenga: 515-01-01023-22-001 od 11.08.2023.<\/p>","protected":false},"featured_media":8431,"template":"","meta":[],"product_brand":[3081],"product_cat":[3054,121],"product_tag":[1709,1058],"class_list":{"0":"post-8430","1":"product","2":"type-product","3":"status-publish","4":"has-post-thumbnail","6":"product_brand-galenika","7":"product_cat-akcija","8":"product_cat-higijena-usta-i-zuba","9":"product_tag-betty","10":"product_tag-bol-u-grlu","12":"first","13":"instock","14":"shipping-taxable","15":"product-type-simple"},"ams_default_variation_id":0,"ams_product_points_reward":[],"ams_product_discount_percentage":0,"ams_price_to_display":0,"ams_acf":[],"jetpack_sharing_enabled":true,"_links":{"self":[{"href":"https:\/\/apotekar-online.rs\/hu\/wp-json\/wp\/v2\/product\/8430","targetHints":{"allow":["GET"]}}],"collection":[{"href":"https:\/\/apotekar-online.rs\/hu\/wp-json\/wp\/v2\/product"}],"about":[{"href":"https:\/\/apotekar-online.rs\/hu\/wp-json\/wp\/v2\/types\/product"}],"wp:featuredmedia":[{"embeddable":true,"href":"https:\/\/apotekar-online.rs\/hu\/wp-json\/wp\/v2\/media\/8431"}],"wp:attachment":[{"href":"https:\/\/apotekar-online.rs\/hu\/wp-json\/wp\/v2\/media?parent=8430"}],"wp:term":[{"taxonomy":"product_brand","embeddable":true,"href":"https:\/\/apotekar-online.rs\/hu\/wp-json\/wp\/v2\/product_brand?post=8430"},{"taxonomy":"product_cat","embeddable":true,"href":"https:\/\/apotekar-online.rs\/hu\/wp-json\/wp\/v2\/product_cat?post=8430"},{"taxonomy":"product_tag","embeddable":true,"href":"https:\/\/apotekar-online.rs\/hu\/wp-json\/wp\/v2\/product_tag?post=8430"}],"curies":[{"name":"wp","href":"https:\/\/api.w.org\/{rel}","templated":true}]}}