{"id":8433,"date":"2026-02-05T10:52:15","date_gmt":"2026-02-05T12:52:15","guid":{"rendered":"https:\/\/apotekar-online.rs\/?post_type=product&#038;p=8433"},"modified":"2026-03-05T08:38:28","modified_gmt":"2026-03-05T10:38:28","slug":"metafex-forte-10-film-tableta","status":"publish","type":"product","link":"https:\/\/apotekar-online.rs\/hu\/p\/metafex-forte-10-film-tableta\/","title":{"rendered":"Metafex Forte 10 film tableta"},"content":{"rendered":"","protected":false},"excerpt":{"rendered":"<ul class=\"wc-tabs tabs-nav\">\n<li class=\"et-opened active\" role=\"presentation\"><a id=\"tab_description\" class=\"tab-title opened\" tabindex=\"0\" role=\"tab\" href=\"https:\/\/www.goodwill.rs\/proizvod\/metafex-forte-namenjen-ublazavanju-bola\/#tab_description\" aria-controls=\"tab-description\" aria-selected=\"true\">Le\u00edr\u00e1s<\/a><\/li>\n<\/ul>\n<div id=\"content_tab_description\" class=\"tab-content tab-description\">\n<div class=\"tab-content-inner\">\n<div class=\"tab-content-scroll\">\n<p><strong>Distribucija ovog leka preko interneta je strogo zabranjena i regulisana propisima zakona Republike Srbije, dok je prezentacija istog na internetu dozvoljena, isklju\u010divo u cilju informisanja\u00a0<\/strong><strong>op\u0161te i stru\u010dne javnosti o njegovoj nameni i boljeg upoznavanja sa osnovnim karakteristikama samog leka.<\/strong><\/p>\n<p>Olvassa el figyelmesen ezt az utas\u00edt\u00e1st, miel\u0151tt elkezdi szedni ezt a gy\u00f3gyszert, mert az \u00d6n sz\u00e1m\u00e1ra fontos inform\u00e1ci\u00f3kat tartalmaz.<\/p>\n<p>Ezt a gy\u00f3gyszert mindig pontosan a betegt\u00e1j\u00e9koztat\u00f3ban le\u00edrtaknak, vagy az orvos vagy gy\u00f3gyszer\u00e9sze \u00e1ltal elmondottaknak megfelel\u0151en szedje.<\/p>\n<ul>\n<li>Mentse el az utas\u00edt\u00e1sokat. Lehet, hogy \u00fajra el kell olvasnia.<\/li>\n<li>Ha tov\u00e1bbi k\u00e9rd\u00e9se van, vagy tan\u00e1csra van sz\u00fcks\u00e9ge, forduljon gy\u00f3gyszer\u00e9sz\u00e9hez.<\/li>\n<li>Ukoliko Vam se javi bilo koje ne\u017eeljeno dejstvo, obratite se Va\u0161em lekaru ili farmaceutu.<\/li>\n<li>Ha nem \u00e9rzi jobban mag\u00e1t, vagy rosszabbul \u00e9rzi mag\u00e1t 3 nap eltelt\u00e9vel, forduljon orvos\u00e1hoz.<\/li>\n<\/ul>\n<p>Ebben az \u00fatmutat\u00f3ban a k\u00f6vetkez\u0151ket olvashatja:<\/p>\n<p>1. \u0160ta je lek METAFEX FORTE i \u010demu je namenjen<\/p>\n<p>2. \u0160ta treba da znate pre nego \u0161to uzmete lek<br \/>\nMETAFEX FORTE<\/p>\n<p>3. Kako se uzima lek METAFEX FORTE<\/p>\n<p>4. Lehets\u00e9ges mell\u00e9khat\u00e1sok<\/p>\n<p>5. Kako \u010duvati lek METAFEX FORTE<\/p>\n<p>6. A csomag tartalma \u00e9s egy\u00e9b inform\u00e1ci\u00f3k<\/p>\n<h2><\/h2>\n<ol>\n<li>\n<h2>\u0160ta je lek METAFEX FORTE i \u010demu je namenjen<\/h2>\n<\/li>\n<\/ol>\n<p>&nbsp;<\/p>\n<p>Lek METAFEX FORTE ne smete uzimati:<br \/>\n\uf0b7 ukoliko ve\u0107 uzimate neki drugi lek koji sadr\u017ei paracetamol;<br \/>\n\uf0b7 ukoliko uzimate bilo koji drugi lek za ubla\u017eavanje bolova, uklju\u010duju\u0107i ibuprofen, velike doze<br \/>\nacetilsalicilne kiseline (preko 75 mg na dan) ili neki drugi lek iz grupe nesterodinih<br \/>\nantiinflamatornih lekova (NSAIL), uklju\u010duju\u0107i i selektivne inhibitore COX-2;<br \/>\n\uf0b7 ukoliko ste alergi\u010dni (preosetljivi) na paracetamol, ibuprofen ili na bilo koju od pomo\u0107nih<br \/>\nsupstanci ovog leka (navedene u odeljku 6);<br \/>\n\uf0b7 ukoliko ste alergi\u010dni na acetilsalicilnu kiselinu (aspirin) ili na bilo koji drugi lek iz grupe<br \/>\nNSAIL<br \/>\n\uf0b7 ukoliko bolujete ili ste nekada bolovali od \u010dira ili krvarenja u \u017eelucu i\/ili dvanaestopala\u010dnom<br \/>\ncrevu (tanko crevo);<br \/>\n\uf0b7 ukoliko imate poreme\u0107aj zgru\u0161avanja (koagulacije) krvi;<br \/>\n\uf0b7 ukoliko imate slabost srca, bubrega ili jetre;<br \/>\n\uf0b7 ukoliko ste u poslednjem trimestru trudno\u0107e.<br \/>\nFigyelmeztet\u00e9sek \u00e9s \u00f3vint\u00e9zked\u00e9sek<br \/>\nRazgovarajte sa svojim lekarom pre nego \u0161to uzmete lek METAFEX FORTE ukoliko:<br \/>\n\uf0b7 ste starija osoba (imate vi\u0161e od 65 godina);<br \/>\n\uf0b7 imate astmu ili ste ranije imali astmu;<br \/>\n\uf0b7 imate oboljenje srca, o\u0161te\u0107enje funkcije jetre ili bubrega ili probleme sa crevima;<br \/>\n\uf0b7 imate sistemski eritemski lupus (engl. Systemic Lupus Erythematosus (SLE)) \u2013 poreme\u0107aj<br \/>\nimunskog sistema koji uti\u010de na vezivno tkivo, dovodi do bolova u zglobovima, promena na ko\u017ei i<br \/>\nporeme\u0107aja funkcije drugih organa ili drugu me\u0161ovitu bolest vezivnog tkiva;<br \/>\n\uf0b7 imate oboljenja gastrointestinalnog trakta ili hroni\u010dno zapaljenje creva (ulcerozni kolitis,<br \/>\nKronova bolest);<br \/>\n\uf0b7 ste u prvih 6 meseci trudno\u0107e ili dojite;<br \/>\n\uf0b7 planirate trudno\u0107u;<br \/>\n\uf0b7 Imate neku infekciju \u2013 molimo Vas pogledajte deo \u201cInfekcije\u201d u nastavku.<br \/>\nInfekcije<br \/>\nLek METAFEX FORTE mo\u017ee prikriti znake koji ukazuju na infekciju kao \u0161to su groznica (povi\u0161ena<br \/>\ntelesna temperatura) i bol. Zbog toga je mogu\u0107e da ovaj lek mo\u017ee odlo\u017eiti odgovaraju\u0107e le\u010denje infekcije,<\/p>\n<p>3 a 7-b\u0151l<\/p>\n<p>\u0161to mo\u017ee dovesti do pove\u0107anog rizika od komplikacija. Ovo je prime\u0107eno kod upale plu\u0107a uzrokovane<br \/>\nbakterijama i bakterijskim infekcijama na ko\u017ei vezanim sa vari\u010delom. Ako uzimate ovaj lek dok imate<br \/>\ninfekciju, a simptomi infekcije traju ili se pogor\u0161avaju, obratite se lekaru bez odlaganja.<br \/>\nReakcije na ko\u017ei<br \/>\nZabele\u017eene su ozbiljne reakcije na ko\u017ei povezane sa uzimanjem leka METAFEX FORTE. Trebalo bi da<br \/>\nprestanete sa uzimanjem leka METAFEX FORTE i odmah potra\u017eite lekarsku pomo\u0107, ako se pojave osip<br \/>\nna ko\u017ei, lezije (ranice) na sluzoko\u017ei, plikovi ili drugi znaci alergije, jer to mogu biti prvi znaci vrlo<br \/>\nozbiljne reakcije na ko\u017ei. Vidite odeljak 4.<br \/>\nLekovi za le\u010denje zapaljenja\/bola, kao \u0161to je ibuprofen, mogu biti povezani sa malim rizikom od infarkta<br \/>\nmiokarda (sr\u010dani udar) ili \u0161loga, naro\u010dito kada se uzimaju u velikim dozama. Nemojte prekora\u010divati<br \/>\npreporu\u010denu dozu ili trajanje le\u010denja.<br \/>\nTako\u0111e je neophodno da se obratite Va\u0161em lekaru ili farmaceutu pre nego \u0161to uzmete lek METAFEX<br \/>\nFORTE ukoliko:<br \/>\n\uf0b7 imate problema sa srcem uklju\u010duju\u0107i blagu do umerenu sr\u010danu slabost (insuficijenciju), anginu<br \/>\npectoris (bol u grudima) ili ako ste imali sr\u010dani udar, operaciju ugradnje bajpasa, perifernu<br \/>\narterijsku bolest (slabu cirkulaciju u nogama i stopalima zbog su\u017eenja ili za\u010depljenja arterija) ili<br \/>\nbilo koju vrstu \u0161loga (uklju\u010duju\u0107i \u201cmini mo\u017edani udar\u201d ili tranzitorni ishemijski atak (TIA))<br \/>\n\uf0b7 imate visok krvni pritisak, \u0161e\u0107ernu bolest (dijabetes melitus), visok holesterol, imate bolesti srca<br \/>\nili \u0161log u porodi\u010dnoj anamnezi, ili ukoliko ste pu\u0161a\u010d.<br \/>\nDrugi lekovi i lek Metafex<br \/>\nObavestite va\u0161eg lekara ili farmaceuta ukoliko uzimate, donedavno ste uzimali ili \u0107ete mo\u017eda uzimati bilo<br \/>\nmilyen egy\u00e9b gy\u00f3gyszerek.<br \/>\nNe smete uzimati lek METAFEX FORTE ako koristite:<br \/>\n\uf0b7 druge lekove koji sadr\u017ee paracetamol<br \/>\n\uf0b7 druge lekove iz grupe NSAIL kao \u0161to su acetilsalicilna kiselina (aspirin), ibuprofen.<br \/>\nLek METAFEX FORTE mo\u017ee uticati na druge lekove i drugi lekovi mogu uticati na njega. Zbog toga<br \/>\ntreba uvek da se obratite svom lekaru ili farmaceutu za savet pre nego \u0161to po\u010dnete da uzimate ovaj lek sa<br \/>\ndrugim lekovima, kao \u0161to su na primer:<br \/>\n\uf0b7 kortikosteroidi;<br \/>\n\uf0b7 antibiotici (kao npr. hloramfenikol ili antibiotici iz grupe hinolona);<br \/>\n\uf0b7 flukloksacilin (antibiotik), zbog ozbiljnog rizika od poreme\u0107aja krvi i telesnih te\u010dnosti;<br \/>\n(metaboli\u010dke acidoze visokog anjonskog gap-a) koje zahteva hitno le\u010denje i koje mo\u017ee da se javi<br \/>\nposebno kod pacijenata sa te\u0161kim o\u0161te\u0107enjem bubrega, sepsom (kada bakterije i drugi toksini<br \/>\ncirkuli\u0161u u krvi i dovode do o\u0161te\u0107enja organa), neuhranjeno\u0161\u0107u, hroni\u010dnim alkoholizmom i ako se<br \/>\nkoriste maksimalne dnevne doze paracetamola;<br \/>\n\uf0b7 lekove koji se koriste la le\u010denje mu\u010dnine (metoklopiramid, domperidon);<br \/>\n\uf0b7 lekove za le\u010denje zgru\u0161avanja krvi (odnosno koji razre\u0111uju krv\/ spre\u010davaju zgru\u0161avanje krvi, kao<br \/>\n\u0161to su npr. aspirin\/acetilsalicilna kiselina, varfarin, tiklopidin);<br \/>\n\uf0b7 stimulansi rada srca (npr. glikozidi);<br \/>\n\uf0b7 lekovi koji se koristi za le\u010denje pove\u0107ane vrednosti holesterola (npr. holestiramin);<br \/>\n\uf0b7 diuretici (lekovi za izbacivanje te\u010dnosti);<br \/>\n\uf0b7 lekovi koji se koriste za le\u010denje povi\u0161enog krvnog pritiska (ACE inhibitori kao \u0161to je kaptopril,<br \/>\nbeta-blokatori kao \u0161to je atenolol, angiotenzin II antagonisti kao \u0161to je losartan);<br \/>\n\uf0b7 lekove koji se deluju na imunski sistem (metotreksat, cikosporin, takrolimus);<\/p>\n<p>4 a 7-b\u0151l<\/p>\n<p>\uf0b7 lekove koji se koriste le\u010denje manija (npr. litijum) ili depresije (npr. selektivni inhibitori<br \/>\nponovnog preuzimanja serotonina \u2013 SSRI);<br \/>\n\uf0b7 mifepriston (lek koji se koristi za prekid trudno\u0107e);<br \/>\n\uf0b7 lekovi koji se koriste u terapiji HIV infekcija (npr. zidovudin).<br \/>\nUzimanje leka METAFEX FORTE sa hranom i pi\u0107ima<br \/>\nDa biste smanjili mogu\u0107nost pojave ne\u017eeljenih efekata, uzimajte lek METAFEX FORTE uz obrok.<br \/>\nTerhess\u00e9g, szoptat\u00e1s \u00e9s term\u00e9kenys\u00e9g<br \/>\nHa \u00d6n terhes vagy szoptat, \u00fagy gondolja, hogy terhes vagy teherbe k\u00edv\u00e1n esni, forduljon orvos\u00e1hoz vagy<br \/>\nk\u00e9rjen tan\u00e1csot gy\u00f3gyszer\u00e9sz\u00e9t\u0151l, miel\u0151tt elkezdi szedni ezt a gy\u00f3gyszert.<br \/>\nNemojte uzimati ovaj lek ako ste u poslednja 3 meseca trudno\u0107e. Potreban je poseban oprez ukoliko ste u<br \/>\nprvih \u0161est meseci trudno\u0107e prilikom uzimanja ovog leka. Zato je neophodno da se obratite Va\u0161em lekaru za<br \/>\nsavet pre nego \u0161to uzmete ovaj lek u prvih \u0161est meseci trudno\u0107e.<br \/>\nLek METAFEX FORTE mo\u017ee uticati da imate pote\u0161ko\u0107e da zatrudnite. Ibuprofen pripada grupi lekova koji<br \/>\nmogu uticati na plodnost kod \u017eena. Uticaj na plodnost prestaje nakon zavr\u0161etka le\u010denja ovim lekom.<br \/>\nObavestite Va\u0161eg lekara ukoliko ukoliko imate pote\u0161ko\u0107e da zatrudnite.<br \/>\nJ\u00e1rm\u0171vek vezet\u00e9se \u00e9s g\u00e9pek kezel\u00e9se<br \/>\nNe\u017eeljena dejstva kao \u0161to su vrtoglavica, pospanost, umor ili poreme\u0107aj vida mogu da se jave pri upotrebi<br \/>\nlekova iz grupe NSAIL. Ukoliko Vam se jave ova ne\u017eeljena dejsva, ne treba da upravljate vozilom ili da<br \/>\nrukujete ma\u0161inama.<br \/>\nOvaj lek sadr\u017ei manje od 1 mmol natrijuma (23mg) po tableti, tj. su\u0161tinski je \u201cbez natrijuma\u201d.<br \/>\n3. Kako se uzima lek METAFEX FORTE<br \/>\nEzt a gy\u00f3gyszert mindig pontosan a betegt\u00e1j\u00e9koztat\u00f3ban le\u00edrtaknak vagy az orvos \u00e1ltal elmondottaknak megfelel\u0151en szedje<br \/>\nvagy egy gy\u00f3gyszer\u00e9sz. Ha nem biztos benne, k\u00e9rdezze meg kezel\u0151orvos\u00e1t vagy gy\u00f3gyszer\u00e9sz\u00e9t.<br \/>\nOvaj lek je namenjen za oralnu i kratkotrajnu upotrebu.<br \/>\nTreba koristiti najmanju efikasnu dozu, u najkra\u0107em mogu\u0107em roku kako bi se ubla\u017eili simptomi, a ne\u017eeljeni<br \/>\nefekti sveli na minimum. Ako imate infekciju, odmah se obratite lekaru ako simptomi (poput povi\u0161ene<br \/>\ntelesne temperature i bola) potraju ili se pogor\u0161aju (vidite odeljak 2).<br \/>\nLek METAFEX FORTE ne treba da uzimate du\u017ee od 3 dana. Ako se Va\u0161i simptomi pogor\u0161aju ili potraju,<br \/>\nobratite se svom lekaru.<br \/>\nUzmite jednu tabletu sa dovoljno vode, najvi\u0161e tri puta dnevno. Preporu\u010duje se da lek METAFEX FORTE<br \/>\nuzmete uz obrok.<br \/>\nIzme\u0111u dve doze treba da pro\u0111e najmanje 6 sati.<br \/>\nAko jedna tableta ne dovede do ubla\u017eavanja simptoma, mo\u017eete uzeti maksimalno dve tablete, najvi\u0161e tri puta<br \/>\ndnevno.<br \/>\nNemojte uzeti vi\u0161e od 6 tableta u toku 24 sata (\u0161to odgovara ukupno 3000 mg paracetamola i 1200 mg<br \/>\nbrufena).<\/p>\n<p>5 a 7-b\u0151l<\/p>\n<p>Alkalmaz\u00e1s gyermekekn\u00e9l \u00e9s serd\u00fcl\u0151kn\u00e9l<br \/>\nLek METAFEX FORTE nije namenjen za upotrebu kod dece mla\u0111e od 18 godina.<br \/>\nAko ste uzeli vi\u0161e leka METAFEX FORTE nego \u0161to treba<br \/>\nUkoliko ste uzeli vi\u0161e leka METAFEX FORTE nego \u0161to treba, ili je dete slu\u010dajno uzelo va\u0161 lek, odmah se<br \/>\nobratite lekaru ili najbli\u017eoj zdravstvenoj ustanovi kako biste dobili mi\u0161ljenje o riziku ili savet o tome \u0161ta treba<br \/>\nda preduzmete.<br \/>\nSimptomi koji se mogu javiti su mu\u010dnina, bol u \u017eelucu, povra\u0107anje (mo\u017ee biti sa pojavom krvi), glavobolja,<br \/>\nzujanje u u\u0161ima, zbunjenost i nevoljni pokreti o\u010diju. U velikim dozama prijavljeni su pospanost, bol u<br \/>\ngrudima, lupanje srca, gubitak svesti, konvulzije (uglavnom kod dece), slabost i vrtoglavica, krv u urinu,<br \/>\nose\u0107aj hladno\u0107e i problemi sa disanjem.<br \/>\nAko ste uzeli vi\u0161e leka METAFEX FORTE nego \u0161to treba, odmah se obratite lekaru, \u010dak i ako se dobro<br \/>\nose\u0107ate. Razlog za to je \u0161to previ\u0161e paracetamola mo\u017ee izazvati odlo\u017eeno, ozbiljno o\u0161te\u0107enje funkcije jetre.<br \/>\nAko ste zaboravili da uzmete lek METAFEX FORTE<br \/>\nNemojte uzimati duplu dozu da biste nadoknadili propu\u0161tenu dozu. Ako ste zaboravili da uzmete dozu leka<br \/>\nMETFAEX FORTE, uzmite je \u010dim se setite, a zatim uzmite slede\u0107u dozu najmanje 6 sati kasnije.<br \/>\n4. Lehets\u00e9ges mell\u00e9khat\u00e1sok<br \/>\nKao svi lekovi, ovaj lek mo\u017ee da prouzrokuje ne\u017eeljena dejstva, iako ona ne moraju da se jave kod svih<br \/>\nezt a gy\u00f3gyszert szed\u0151 betegek.<br \/>\nOdmah PRESTANITE DA UZIMATE ovaj lek i obratite se svom lekaru ako osetite slede\u0107e:<br \/>\n\u2022 goru\u0161ica, ote\u017eano varenje;<br \/>\n\u2022 znaci krvarenja iz creva (te\u017eak bol u stomaku, povra\u0107anje krvi ili te\u010dnosti koja ima izgled kafe,<br \/>\nprisustvo krvi u stolici, crna katranasta boja stolice);<br \/>\n\u2022 znaci zapaljenja mo\u017edanih ovojnica kao \u0161to je uko\u010den vrat, glavobolja, ose\u0107aj mu\u010dnine, groznica<br \/>\n(povi\u0161ena telesna temperatura) ili ose\u0107aj dezorijentacije;<br \/>\n\u2022 znaci te\u0161kih alergijskih reakcija (oticanje lica, jezika ili grla, ote\u017eano disanje, pogor\u0161anje astme);<br \/>\n\u2022 ozbiljne reakcije na ko\u017ei kao \u0161to je DRESS sindrom (nije poznata u\u010destalost). Simptomi DRESS<br \/>\nsindroma uklju\u010duju: osip na ko\u017ei, groznicu (povi\u0161enu telesnu temperaturu), oticanje limfnih<br \/>\n\u010dvorova i pove\u0107anje broja eozinofila (vrsta belih krvnih zrnaca);<br \/>\n\u2022 te\u0161ke ko\u017ene reakcije, kao \u0161to su pustule (nepravilnost na ko\u017ei u obliku bubuljica);<br \/>\n\u2022 crveni, ljuspast, rasprostranjeni osip sa izbo\u010dinama ispod ko\u017ee i plikovima uglavnom<br \/>\nlokalizovanim na ko\u017enim naborima, trupu i gornjim ekstremitetima, pra\u0107en groznicom na po\u010detku<br \/>\nle\u010denja (akutna generalizovana egzantematozna pustuloza) (u\u010destalost nije poznata)<br \/>\n(vidite tako\u0111e odeljak 2).<br \/>\nOstala mogu\u0107a ne\u017eeljena dejstva:<br \/>\nGyakori mell\u00e9khat\u00e1sok (10 gy\u00f3gyszert szed\u0151 beteg k\u00f6z\u00fcl legfeljebb 1-n\u00e9l fordulhatnak el\u0151):<br \/>\n\u2022 bol ili nelagodnost u stomaku, mu\u010dnina, povra\u0107anje, proliv;<br \/>\n\u2022 pove\u0107ane vrednosti enzima jetre (dobijenih u testovima funkcije jetre);<br \/>\n\u2022 prekomerno znojenje.<\/p>\n<p>6 a 7-b\u0151l<\/p>\n<p>Alkalmank\u00e9nt fell\u00e9p\u0151 mell\u00e9khat\u00e1sok (100 gy\u00f3gyszert szed\u0151 beteg k\u00f6z\u00fcl legfeljebb 1-n\u00e9l fordulhatnak el\u0151):<br \/>\n\u2022 glavobolja, vrtoglavica, nadimanje u stomaku, zatvor, osip na ko\u017ei, oticanje lica, svrab;<br \/>\n\u2022 smanjenje broja crvenih krvnih zrnaca i smanjenje vrednosti hemoglobina ili pove\u0107anje broja<br \/>\ntrombocita (\u0107elija zgru\u0161avanja krvi).<br \/>\nNagyon ritka mell\u00e9khat\u00e1sok (10 000 gy\u00f3gyszert szed\u0151 beteg k\u00f6z\u00fcl legfeljebb 1-n\u00e9l fordulhat el\u0151):<br \/>\n\u2022 smanjenje broja krvnih zrnaca (izaziva grlobolju, \u010direve u ustima, simptome sli\u010dne gripu, te\u0161ku<br \/>\niscrpljenost, neobja\u0161njivo krvarenje, modrice i krvarenje iz nosa);<br \/>\n\u2022 poreme\u0107aji vida, zujanje u u\u0161ima, ose\u0107aj vrtoglavice;<br \/>\n\u2022 konfuzija, depresija, halucinacije;<br \/>\n\u2022 umor, ose\u0107anje op\u0161te slabosti;<br \/>\n\u2022 ozbiljne reakcije na ko\u017ei poput pojave plikova na ko\u017ei;<br \/>\n\u2022 visok krvni pritisak;,<br \/>\n\u2022 O\u0161te\u0107enje funkcije jetre (koje izaziva \u017eutu prebojenost ko\u017ee i beonja\u010da);<br \/>\n\u2022 O\u0161te\u0107enje funkcije bubrega (koja mogu izazvati pove\u0107ano ili smanjeno izlu\u010divanje mokra\u0107e,oticanje<br \/>\nnogu);<br \/>\n\u2022 Sr\u010danu slabost (gubitak daha, oticanje)<br \/>\nNem ismert gyakoris\u00e1g (a rendelkez\u00e9sre \u00e1ll\u00f3 adatokb\u00f3l nem becs\u00fclhet\u0151 meg):<br \/>\n\u2022 ko\u017ea postaje osetljiva na svetlost.<br \/>\nLekovi kao \u0161to je lek METAFEX FORTE mogu biti povezani sa malim pove\u0107anjem rizika od sr\u010danog udara<br \/>\n(\u201einfarkta miokarda\u201c) ili mo\u017edanog udara. (vidite odeljak 2).<br \/>\nA mell\u00e9khat\u00e1sok bejelent\u00e9se<br \/>\nHa b\u00e1rmilyen nemk\u00edv\u00e1natos reakci\u00f3t tapasztal, t\u00e1j\u00e9koztassa kezel\u0151orvos\u00e1t vagy gy\u00f3gyszer\u00e9sz\u00e9t.<br \/>\nEz mag\u00e1ban foglalja az ebben az \u00fatmutat\u00f3ban nem szerepl\u0151 esetleges mell\u00e9khat\u00e1sokat is. Regisztr\u00e1ci\u00f3val<br \/>\nmell\u00e9khat\u00e1sok seg\u00edthetnek \u00e9rt\u00e9kelni a gy\u00f3gyszer biztons\u00e1goss\u00e1g\u00e1t. Nem k\u00edv\u00e1nt reakci\u00f3kra gyanakszanak<br \/>\njelentheti a Szerbiai Gy\u00f3gyszer- \u00e9s Orvostechnikai \u00dcgyn\u00f6ks\u00e9gnek (ALIMS):<br \/>\nSzerb Gy\u00f3gyszer- \u00e9s Orvostechnikai \u00dcgyn\u00f6ks\u00e9g<br \/>\nOrsz\u00e1gos Farmakovigilancia K\u00f6zpont<br \/>\nVojvode Stepe 458, 11221 Belgr\u00e1d<br \/>\nSzerb K\u00f6zt\u00e1rsas\u00e1g<br \/>\nWeboldal: www.alims.gov.rs<br \/>\ne-mail:\u00a0nezeljene.reakcije@alims.gov.rs<br \/>\n5. Kako \u010duvati lek METAFEX FORTE<br \/>\nA gy\u00f3gyszer gyermekekt\u0151l elz\u00e1rva tartand\u00f3.<br \/>\nLej\u00e1rati d\u00e1tum<br \/>\n3 \u00e9v.<br \/>\nNe smete koristiti lek METAFEX FORTE posle isteka roka upotrebe nazna\u010denog na spolja\u0161njem pakovanju.<br \/>\nRok upotrebe se odnosi na poslednji dan navedenog meseca.<br \/>\nMegtart\u00e1s<br \/>\nA gy\u00f3gyszer nem ig\u00e9nyel k\u00fcl\u00f6nleges t\u00e1rol\u00e1si felt\u00e9teleket.<\/p>\n<p>7 a 7-b\u0151l<\/p>\n<p>A haszn\u00e1lhatatlan gy\u00f3gyszereket a gy\u00f3gyszert\u00e1rnak adj\u00e1k \u00e1t, ahol a gy\u00f3gyszert\u00e1rban kif\u00fcggesztik az \u00e1tv\u00e9telre vonatkoz\u00f3 \u00e9rtes\u00edt\u00e9st.<br \/>\nhaszn\u00e1lhatatlan gy\u00f3gyszereket a polg\u00e1rokt\u00f3l. A felhaszn\u00e1lhatatlan gy\u00f3gyszereket tilos a csatorn\u00e1ba vagy azzal egy\u00fctt dobni<br \/>\nkommun\u00e1lis hullad\u00e9k. Ezek az int\u00e9zked\u00e9sek seg\u00edtik a k\u00f6rnyezet v\u00e9delm\u00e9t.<br \/>\n6. A csomag tartalma \u00e9s egy\u00e9b inform\u00e1ci\u00f3k<br \/>\n\u0160ta sadr\u017ei lek METAFEX FORTE<br \/>\nAktivne supstance su paracetamol i ibuprofen. Jedna tableta leka METAFEX FORTE sadr\u017ei 500 mg<br \/>\nparacetamola i 200 mg ibuprofena.<br \/>\nPomo\u0107ne supstance:<br \/>\nJezgro tablete: kroskarmeloza-natrijum; hidroksipropilceluloza; celuloza, mikrokristalna; silicijum-dioksid,<br \/>\nkoloidni, bezvodni; stearinska kiselina; magnezijum-stearat.<\/p>\n<p>Film obloga tablete: makrogol polivinilalkohol, graftovani kopolimer; talk; biserni pigment na bazi titan-<br \/>\ndioksida (E171); glicerol-monokaprilokaprat; polivinil alkohol; titan-dioksid (E171); gvo\u017e\u0111e-oksid, crni<\/p>\n<p>(E172).<br \/>\nKako izgleda lek METAFEX FORTE i sadr\u017eaj pakovanja:<br \/>\nOvalne film tablete sive boje sa sjajnim filmom i ugraviranim \u201c200 M 500\u201d sa jedne strane.<br \/>\nDu\u017eina tableta: 18,9 \u2013 19,4 mm, \u0161irina tableta: 8,9 \u2013 9,3 mm<br \/>\nUnutra\u0161nje pakovanje je PVC\/PVDC-Aluminijumski blister koji sadr\u017ei 10 film tableta.<br \/>\nSpolja\u0161nje pakovanje je slo\u017eiva kartonska kutija koja sadr\u017ei jedan blister sa 10 film tableta (ukupno 10<br \/>\ntableta) i Uputstvo za lek.<br \/>\nEnged\u00e9ly tulajdonosa \u00e9s gy\u00e1rt\u00f3ja<br \/>\nEnged\u00e9ly tulajdonosa:<br \/>\nGOODWILL PHARMA DOO SUBOTICA, Segedinski put 80, Subotica<br \/>\nGy\u00e1rt\u00f3:<br \/>\nZAKLADY FARMACEUTYCZNE POLPHARMA S.A., Pelplinska 19, Starogard Gdanski, Poljska<br \/>\nEzt az utas\u00edt\u00e1st legut\u00f3bb j\u00f3v\u00e1hagyt\u00e1k<br \/>\nJul, 2023.<br \/>\nA gy\u00f3gyszer adagol\u00e1si m\u00f3dja:<br \/>\nA gy\u00f3gyszert orvosi rendelv\u00e9ny n\u00e9lk\u00fcl adj\u00e1k ki.<br \/>\nAz enged\u00e9ly sz\u00e1ma \u00e9s d\u00e1tuma:<br \/>\n515-01-03654-21-001 od 11.07.2023<\/p>\n<\/div>\n<\/div>\n<\/div>","protected":false},"featured_media":8434,"template":"","meta":[],"product_brand":[3080],"product_cat":[3054,778],"product_tag":[1709,2189,492,3106],"class_list":{"0":"post-8433","1":"product","2":"type-product","3":"status-publish","4":"has-post-thumbnail","6":"product_brand-goodwill-pharma","7":"product_cat-akcija","8":"product_cat-lekovi-protiv-bolova","9":"product_tag-betty","10":"product_tag-ibuprofen","11":"product_tag-paracetamol","12":"product_tag-protiv-bolova","13":"pa_brend-goodwill","15":"first","16":"instock","17":"shipping-taxable","18":"product-type-simple"},"ams_default_variation_id":0,"ams_product_points_reward":[],"ams_product_discount_percentage":0,"ams_price_to_display":0,"ams_acf":[],"jetpack_sharing_enabled":true,"_links":{"self":[{"href":"https:\/\/apotekar-online.rs\/hu\/wp-json\/wp\/v2\/product\/8433","targetHints":{"allow":["GET"]}}],"collection":[{"href":"https:\/\/apotekar-online.rs\/hu\/wp-json\/wp\/v2\/product"}],"about":[{"href":"https:\/\/apotekar-online.rs\/hu\/wp-json\/wp\/v2\/types\/product"}],"wp:featuredmedia":[{"embeddable":true,"href":"https:\/\/apotekar-online.rs\/hu\/wp-json\/wp\/v2\/media\/8434"}],"wp:attachment":[{"href":"https:\/\/apotekar-online.rs\/hu\/wp-json\/wp\/v2\/media?parent=8433"}],"wp:term":[{"taxonomy":"product_brand","embeddable":true,"href":"https:\/\/apotekar-online.rs\/hu\/wp-json\/wp\/v2\/product_brand?post=8433"},{"taxonomy":"product_cat","embeddable":true,"href":"https:\/\/apotekar-online.rs\/hu\/wp-json\/wp\/v2\/product_cat?post=8433"},{"taxonomy":"product_tag","embeddable":true,"href":"https:\/\/apotekar-online.rs\/hu\/wp-json\/wp\/v2\/product_tag?post=8433"}],"curies":[{"name":"wp","href":"https:\/\/api.w.org\/{rel}","templated":true}]}}