{"id":8502,"date":"2026-02-08T12:56:59","date_gmt":"2026-02-08T14:56:59","guid":{"rendered":"https:\/\/apotekar-online.rs\/?post_type=product&#038;p=8502"},"modified":"2026-03-05T08:27:38","modified_gmt":"2026-03-05T10:27:38","slug":"elementum-cardio-balance","status":"publish","type":"product","link":"https:\/\/apotekar-online.rs\/hu\/p\/elementum-cardio-balance\/","title":{"rendered":"Elementum Cardio Balance 60 kapsula"},"content":{"rendered":"","protected":false},"excerpt":{"rendered":"<p><strong>Cardio Balance, kapsule<\/strong>\u00a0je dijetetski suplement sa vitaminima B grupe (B1, B2, B5, B6, B7, B9), selenom, koenzimom Q10, karnitinom, taurinom i ribozom, namenjen kardiovaskularnom sistemu i srcu, energetskom metabolizmu i antioksidativnoj za\u0161titi. Vitamin B1 doprinosi normalnoj funkciji srca. Vitamin B2 doprinosi odr\u017eavanju normalnih crvenih krvnih zrnaca. Vitamin B6 doprinosi normalnom stvaranju crvenih krvnih zrnaca i normalnom metabolizmu proteina i glikogena. Vitamin B9 doprinosi normalnom stvaranju krvi. Vitamini B2, B5 i B6 doprinose odr\u017eavanju normalnog energetskog metabolizma i smanjenju umora i iscrpljenosti. Vitamin B2 i selen doprinose za\u0161titi \u0107elija od oksidativnog stresa.<\/p>\n<p><strong>Adagol\u00e1s \u00e9s felhaszn\u00e1l\u00e1si m\u00f3d\u00a0<\/strong><\/p>\n<p><strong>Feln\u0151ttek:<\/strong>\u00a0Popiti 2 kapsule dnevno uz dosta te\u010dnosti.<\/p>\n<p><strong>Megjegyz\u00e9sek:\u00a0<\/strong>Dodaci ishrani se ne mogu koristiti kao zamena za raznovrsnu i uravnote\u017eenu ishranu. \u010cuvati van doma\u0161aja male dece.<\/p>\n<p><strong>Alkatr\u00e9szek:<\/strong>\u00a0L-taurin, D-riboza, L-karnitin, \u017eelatin, koenzim Q10, magnezijum stearat i silicijum-dioksid (sredstva protiv zgrudvavanja), piridoksin-hidrohlorid, tiamin-hidrohlorid, riboflavin, kalcijum-D-pantotenat, 6S-5\u2019-metil-tetrahidrofolat \u2013 kalcijum, D-biotin, L-seleno-metionin.<\/p>\n<p><strong>Figyelmeztet\u00e9sek:\u00a0<\/strong>Preporu\u010dena dnevna doza se ne sme prekora\u010diti. Proizvod ne treba da uzimaju osobe preosetljive na neki od sastojaka! Nije namenjeno trudnicama, dojiljama i mla\u0111ima od 18 godina, osim po savetu lekara.<\/p>","protected":false},"featured_media":8503,"template":"","meta":[],"product_brand":[3109],"product_cat":[79,78,84,85],"product_tag":[2552,283,3110,235,258,3111],"class_list":{"0":"post-8502","1":"product","2":"type-product","3":"status-publish","4":"has-post-thumbnail","6":"product_brand-elementum","7":"product_cat-srce-krvni-sudovi-i-holesterol","8":"product_cat-vitamini-i-minerali","9":"product_cat-zdravlje-muskaraca","10":"product_cat-zdravlje-zena","11":"product_tag-karnitin","12":"product_tag-q10","13":"product_tag-riboza","14":"product_tag-selen","15":"product_tag-srce","16":"product_tag-taurin","18":"first","19":"instock","20":"shipping-taxable","21":"purchasable","22":"product-type-simple"},"ams_default_variation_id":0,"ams_product_points_reward":[],"ams_product_discount_percentage":0,"ams_price_to_display":2450,"ams_acf":[],"jetpack_sharing_enabled":true,"_links":{"self":[{"href":"https:\/\/apotekar-online.rs\/hu\/wp-json\/wp\/v2\/product\/8502","targetHints":{"allow":["GET"]}}],"collection":[{"href":"https:\/\/apotekar-online.rs\/hu\/wp-json\/wp\/v2\/product"}],"about":[{"href":"https:\/\/apotekar-online.rs\/hu\/wp-json\/wp\/v2\/types\/product"}],"wp:featuredmedia":[{"embeddable":true,"href":"https:\/\/apotekar-online.rs\/hu\/wp-json\/wp\/v2\/media\/8503"}],"wp:attachment":[{"href":"https:\/\/apotekar-online.rs\/hu\/wp-json\/wp\/v2\/media?parent=8502"}],"wp:term":[{"taxonomy":"product_brand","embeddable":true,"href":"https:\/\/apotekar-online.rs\/hu\/wp-json\/wp\/v2\/product_brand?post=8502"},{"taxonomy":"product_cat","embeddable":true,"href":"https:\/\/apotekar-online.rs\/hu\/wp-json\/wp\/v2\/product_cat?post=8502"},{"taxonomy":"product_tag","embeddable":true,"href":"https:\/\/apotekar-online.rs\/hu\/wp-json\/wp\/v2\/product_tag?post=8502"}],"curies":[{"name":"wp","href":"https:\/\/api.w.org\/{rel}","templated":true}]}}