{"id":8510,"date":"2026-02-08T13:56:33","date_gmt":"2026-02-08T15:56:33","guid":{"rendered":"https:\/\/apotekar-online.rs\/?post_type=product&#038;p=8510"},"modified":"2026-03-05T08:27:38","modified_gmt":"2026-03-05T10:27:38","slug":"elementum-lipo-control-60-kapsula","status":"publish","type":"product","link":"https:\/\/apotekar-online.rs\/hu\/p\/elementum-lipo-control-60-kapsula\/","title":{"rendered":"Elementum Lipo Control 60 kapsula"},"content":{"rendered":"","protected":false},"excerpt":{"rendered":"<p><strong>Lipo Control, kapsule<\/strong>\u00a0je dijetetski suplement sa vitaminom E, ekstraktima crvenog pirin\u010da i \u0111umbira, omega\u20133 masnim kiselinama, psilijum vlaknima, jabukovim sir\u0107em i lecitinom, namenjen za holesterol, vaskularni sistem i antioksidativnu za\u0161titu. Psilijum doprinosi kontroli nivoa holesterola u krvi i zdravlju vaskularnog i digestivnog sistema. Vitamin E doprinosi za\u0161titi \u0107elija od oksidativnog stresa.<\/p>\n<p><strong>Alkatr\u00e9szek<\/strong>:<\/p>\n<p>Ekstrakt fermentisanog crvenog pirin\u010da, jabukovo sir\u0107e, ekstrakt rizoma \u0111umbira, psilijum vlakna, \u017eelatin, omega\u20133 masne kiseline, lecitin iz soje, magnezijum-stearat i silicijum-dioksid (sredstva protiv zgrudvavanja), DL-\u03b1-tokoferol-acetat.<\/p>\n<p><strong>Adagol\u00e1s \u00e9s felhaszn\u00e1l\u00e1si m\u00f3d:<\/strong><\/p>\n<p><strong>Feln\u0151ttek:<\/strong>\u00a0Popiti 2 kapsule dnevno, sat vremena pre obroka, uz dosta te\u010dnosti.<\/p>\n<p><strong>Megjegyz\u00e9sek:\u00a0<\/strong>Dodaci ishrani se ne mogu koristiti kao zamena za raznovrsnu i uravnote\u017eenu ishranu i zdrav na\u010din \u017eivota. \u010cuvati van doma\u0161aja male dece.<\/p>\n<p>&nbsp;<\/p>\n<h5 class=\"gt3_product_toggle_item_title wb_cptb_4_tab state-closed is-open\" aria-expanded=\"true\"><a>Upozorenja<\/a><\/h5>\n<div id=\"tab-wb_cptb_4\" class=\"woocommerce-Tabs-panel woocommerce-Tabs-panel--wb_cptb_4 panel entry-content wc-tab\" role=\"tabpanel\" aria-labelledby=\"tab-title-wb_cptb_4\">\n<div class=\"wb_cptb_content\">\n<p>Az aj\u00e1nlott napi adagot nem szabad t\u00fall\u00e9pni.<br \/>\nProizvod ne treba da uzimaju osobe preosetljive na biljke ili na neki od sastojaka.<br \/>\nNije namenjeno trudnicama, dojiljama i mla\u0111ima od 18 godina.<\/p>\n<\/div>\n<\/div>","protected":false},"featured_media":8511,"template":"","meta":[],"product_brand":[3109],"product_cat":[79,84,85],"product_tag":[1765,1756,703,3120,446,3119,209],"class_list":{"0":"post-8510","1":"product","2":"type-product","3":"status-publish","4":"has-post-thumbnail","6":"product_brand-elementum","7":"product_cat-srce-krvni-sudovi-i-holesterol","8":"product_cat-zdravlje-muskaraca","9":"product_cat-zdravlje-zena","10":"product_tag-crveni-pirinac","11":"product_tag-djumbir","12":"product_tag-jabukovo-sirce","13":"product_tag-lecitin","14":"product_tag-omega-3","15":"product_tag-psilijum-vlakna","16":"product_tag-vitamin-e","18":"first","19":"instock","20":"shipping-taxable","21":"purchasable","22":"product-type-simple"},"ams_default_variation_id":0,"ams_product_points_reward":[],"ams_product_discount_percentage":0,"ams_price_to_display":2200,"ams_acf":[],"jetpack_sharing_enabled":true,"_links":{"self":[{"href":"https:\/\/apotekar-online.rs\/hu\/wp-json\/wp\/v2\/product\/8510","targetHints":{"allow":["GET"]}}],"collection":[{"href":"https:\/\/apotekar-online.rs\/hu\/wp-json\/wp\/v2\/product"}],"about":[{"href":"https:\/\/apotekar-online.rs\/hu\/wp-json\/wp\/v2\/types\/product"}],"wp:featuredmedia":[{"embeddable":true,"href":"https:\/\/apotekar-online.rs\/hu\/wp-json\/wp\/v2\/media\/8511"}],"wp:attachment":[{"href":"https:\/\/apotekar-online.rs\/hu\/wp-json\/wp\/v2\/media?parent=8510"}],"wp:term":[{"taxonomy":"product_brand","embeddable":true,"href":"https:\/\/apotekar-online.rs\/hu\/wp-json\/wp\/v2\/product_brand?post=8510"},{"taxonomy":"product_cat","embeddable":true,"href":"https:\/\/apotekar-online.rs\/hu\/wp-json\/wp\/v2\/product_cat?post=8510"},{"taxonomy":"product_tag","embeddable":true,"href":"https:\/\/apotekar-online.rs\/hu\/wp-json\/wp\/v2\/product_tag?post=8510"}],"curies":[{"name":"wp","href":"https:\/\/api.w.org\/{rel}","templated":true}]}}