{"id":8515,"date":"2026-02-08T14:23:13","date_gmt":"2026-02-08T16:23:13","guid":{"rendered":"https:\/\/apotekar-online.rs\/?post_type=product&#038;p=8515"},"modified":"2026-03-05T08:27:38","modified_gmt":"2026-03-05T10:27:38","slug":"elementum-thyreo-balance-60-kapsula","status":"publish","type":"product","link":"https:\/\/apotekar-online.rs\/hu\/p\/elementum-thyreo-balance-60-kapsula\/","title":{"rendered":"Elementum Thyreo Balance 60 kapsula"},"content":{"rendered":"","protected":false},"excerpt":{"rendered":"<p><strong>Thyreo Balance, kapsule<\/strong>\u00a0je dijetetski suplement sa cinkom, selenom, mio\u2011inozitolom i ekstraktom rizoma bele petoprsnice (beli petolist), namenjen odraslim osobama sa poreme\u0107ajima tiroidne (\u0161titne) \u017elezde, kao \u0161to su hipotireoza i hipotireoidizam.<\/p>\n<p><strong>Sastojci: Mio\u2011inozitol, ekstrakt rizoma belog petolista, \u017eelatin (kapsula), magnezijum stearat i silicijum\u2011dioksid (sredstva protiv zgrudvavanja), cink\u2011oksid, L\u2011seleno\u2011metionin.<\/strong><\/p>\n<p><strong>Adagol\u00e1s \u00e9s felhaszn\u00e1l\u00e1si m\u00f3d:<\/strong><\/p>\n<p><strong>Feln\u0151ttek:<\/strong>\u00a0Popiti 2 kapsule dnevno, pola sata pre jela, uz dosta te\u010dnosti.<\/p>\n<p><strong>Megjegyz\u00e9sek:\u00a0<\/strong>Dodaci ishrani se ne mogu koristiti kao zamena za raznovrsnu i uravnote\u017eenu ishranu. \u010cuvati van doma\u0161aja male dece.<\/p>\n<p>&nbsp;<\/p>\n<h5 class=\"gt3_product_toggle_item_title wb_cptb_4_tab state-closed is-open\" aria-expanded=\"true\"><a>Upozorenja<\/a><\/h5>\n<div id=\"tab-wb_cptb_4\" class=\"woocommerce-Tabs-panel woocommerce-Tabs-panel--wb_cptb_4 panel entry-content wc-tab\" role=\"tabpanel\" aria-labelledby=\"tab-title-wb_cptb_4\">\n<div class=\"wb_cptb_content\">\n<p>Az aj\u00e1nlott napi adagot nem szabad t\u00fall\u00e9pni.<br \/>\nProizvod ne treba da uzimaju osobe preosetljive na neki od sastojaka.<br \/>\nNije namenjeno trudnicama, dojiljama i mla\u0111ima od 18 godina, osim po savetu lekara.<\/p>\n<\/div>\n<\/div>","protected":false},"featured_media":8516,"template":"","meta":[],"product_brand":[3109],"product_cat":[85,164,84],"product_tag":[3127,185,3126,235],"class_list":{"0":"post-8515","1":"product","2":"type-product","3":"status-publish","4":"has-post-thumbnail","6":"product_brand-elementum","7":"product_cat-zdravlje-zena","8":"product_cat-preparati-za-stitnu-zlezdu","9":"product_cat-zdravlje-muskaraca","10":"product_tag-beli-petolist","11":"product_tag-cink","12":"product_tag-mio-inozitol","13":"product_tag-selen","15":"first","16":"instock","17":"shipping-taxable","18":"purchasable","19":"product-type-simple"},"ams_default_variation_id":0,"ams_product_points_reward":[],"ams_product_discount_percentage":0,"ams_price_to_display":2500,"ams_acf":[],"jetpack_sharing_enabled":true,"_links":{"self":[{"href":"https:\/\/apotekar-online.rs\/hu\/wp-json\/wp\/v2\/product\/8515","targetHints":{"allow":["GET"]}}],"collection":[{"href":"https:\/\/apotekar-online.rs\/hu\/wp-json\/wp\/v2\/product"}],"about":[{"href":"https:\/\/apotekar-online.rs\/hu\/wp-json\/wp\/v2\/types\/product"}],"wp:featuredmedia":[{"embeddable":true,"href":"https:\/\/apotekar-online.rs\/hu\/wp-json\/wp\/v2\/media\/8516"}],"wp:attachment":[{"href":"https:\/\/apotekar-online.rs\/hu\/wp-json\/wp\/v2\/media?parent=8515"}],"wp:term":[{"taxonomy":"product_brand","embeddable":true,"href":"https:\/\/apotekar-online.rs\/hu\/wp-json\/wp\/v2\/product_brand?post=8515"},{"taxonomy":"product_cat","embeddable":true,"href":"https:\/\/apotekar-online.rs\/hu\/wp-json\/wp\/v2\/product_cat?post=8515"},{"taxonomy":"product_tag","embeddable":true,"href":"https:\/\/apotekar-online.rs\/hu\/wp-json\/wp\/v2\/product_tag?post=8515"}],"curies":[{"name":"wp","href":"https:\/\/api.w.org\/{rel}","templated":true}]}}