{"id":8518,"date":"2026-02-08T15:41:08","date_gmt":"2026-02-08T17:41:08","guid":{"rendered":"https:\/\/apotekar-online.rs\/?post_type=product&#038;p=8518"},"modified":"2026-03-05T08:27:38","modified_gmt":"2026-03-05T10:27:38","slug":"peptidazin-250-10-kapsula","status":"publish","type":"product","link":"https:\/\/apotekar-online.rs\/hu\/p\/peptidazin-250-10-kapsula\/","title":{"rendered":"Peptidazin 250 10 kapsula"},"content":{"rendered":"","protected":false},"excerpt":{"rendered":"<p><b>Predstavlja naprednu formulaciju Serax ultra forte 250, koja pored enzima serapeptaza sadr\u017ei Bromelain i Ekstrakt masla\u010dka u enteri\u010dnoj kapsuli, deluje br\u017ee, dublje i \u0161ire, kombinuju\u0107i antiinflamatorno, antiedematozno i detoksikaciono dejstvo \u0161to ga \u010dini efikasnijim i bezbednijim izborom u odnosu na Serax ultra forte 250.<\/b><\/p>\n<p>Peptidazin 250, kapsule je dijetetski suplement sa ekstraktom korena masla\u010dka i\u00a0enzimima\u00a0bromelainom i serapeptazom.<\/p>\n<p>Serapeptaza se u koli\u010dini od 250.000 SPU po kapsuli nalazi u obliku granula sa za\u0161titnim slojem, koji omogu\u0107ava da se aktivni enzim osloba\u0111a u crevima, a ne u \u017eelucu, \u0161to je od zna\u010daja za sastojke osetljive na \u017eeluda\u010dnu kiselinu, kao sto je serapeptaza.<\/p>\n<p>&nbsp;<\/p>\n<table border=\"1\">\n<thead>\n<tr>\n<th>Sadr\u017eaj aktivnih komponenti<\/th>\n<th>1 kapszula<\/th>\n<th>% NRV*<\/th>\n<\/tr>\n<\/thead>\n<tbody>\n<tr>\n<td>Bromelain iz ananasa (<i>Ananas comosus<\/i>) 250 GDU\/g<\/td>\n<td>300,0 mg (75 GDU)<\/td>\n<td>-<\/td>\n<\/tr>\n<tr>\n<td>Suvi ekstrakt korena masla\u010dka (<i>Taraxacum officinale<\/i>), DER 5:1<\/td>\n<td>150,0 mg<\/td>\n<td>-<\/td>\n<\/tr>\n<tr>\n<td>Enzim seratiopeptidaza (serapeptaza) u obliku entero oblo\u017eenih granula<\/td>\n<td>112,1 mg (250.000 SPU)<\/td>\n<td>-<\/td>\n<\/tr>\n<\/tbody>\n<\/table>\n<p><b>*NRV<\/b>\u00a0\u2013 nutritivna referentna vrednost\u00a0<b>GDU<\/b>\u00a0\u2013 bromelain enzimske jedinice\u00a0<b>SPU<\/b>\u00a0\u2013 serapeptaza enzimske jedinice<\/p>\n<p>&nbsp;<\/p>\n<h5 class=\"gt3_product_toggle_item_title wb_cptb_2_tab state-closed is-open\" aria-expanded=\"true\"><a>Adagol\u00e1s \u00e9s felhaszn\u00e1l\u00e1si m\u00f3d<\/a><\/h5>\n<div id=\"tab-wb_cptb_2\" class=\"woocommerce-Tabs-panel woocommerce-Tabs-panel--wb_cptb_2 panel entry-content wc-tab\" role=\"tabpanel\" aria-labelledby=\"tab-title-wb_cptb_2\">\n<div class=\"wb_cptb_content\">\n<p><strong>A ... haszna:<\/strong><br \/>\nOdrasli: Jednom dnevno, na prazan stomak (najbolje sat pre obroka, ili dva sata nakon obroka), popiti 1 kapsulu uz \u010da\u0161u vode.<\/p>\n<p><strong>T\u00e1rol\u00e1si m\u00f3d:<\/strong>\u00a0\u010cuvati u originalnom pakovanju, za\u0161ti\u0107eno od svetlosti i vlage na temperaturi do 25\u00baC.<\/p>\n<h5 class=\"gt3_product_toggle_item_title wb_cptb_3_tab state-closed is-open\" aria-expanded=\"true\"><a>Tov\u00e1bbi inform\u00e1ci\u00f3<\/a><\/h5>\n<div id=\"tab-wb_cptb_3\" class=\"woocommerce-Tabs-panel woocommerce-Tabs-panel--wb_cptb_3 panel entry-content wc-tab\" role=\"tabpanel\" aria-labelledby=\"tab-title-wb_cptb_3\">\n<div class=\"wb_cptb_content\">\n<p><strong>Megjegyz\u00e9sek:<\/strong>\u00a0Dodaci ishrani se ne mogu koristiti kao zamena za raznovrsnu i uravnote\u017eenu ishranu i zdrav na\u010din<br \/>\n\u017eivota. \u010cuvati van doma\u0161aja male dece.<\/p>\n<p><strong>Figyelmeztet\u00e9sek:<\/strong>\u00a0Preporu\u010dena dnevna doza se ne sme prekora\u010diti. Proizvod ne treba da uzimaju osobe preosetljive na<br \/>\nneki od sastojaka! Nije namenjeno trudnicama, dojiljama i mla\u0111ima od 18 godina. U slu\u010daju alergijske reakcije<br \/>\npotrebno je prekinuti upotrebu proizvoda. Osobe sa gastrointestinalnim lezijama i ulkusom, kao i osobe koje<br \/>\nistovremeno uzimaju antikoagulantne i antiin amatorne lekove, pre upotrebe ovog proizvoda najpre treba da<br \/>\nkonsultuju svog lekara ili farmaceuta. Osobe koje planiraju operativni zahvat, ne treba da koriste proizvode sa<br \/>\nserapeptazom najmanje dve nedelje pre planiranog hirur\u0161kog zahvata.<br \/>\nZa upotrebu du\u017eu od 7 dana neophodno je konsultovati svog lekara ili farmaceuta.<\/p>\n<\/div>\n<h5 class=\"gt3_product_toggle_item_title wb_cptb_4_tab state-closed is-open\" aria-expanded=\"true\"><a>Csomagol\u00e1s<\/a><\/h5>\n<div id=\"tab-wb_cptb_4\" class=\"woocommerce-Tabs-panel woocommerce-Tabs-panel--wb_cptb_4 panel entry-content wc-tab\" role=\"tabpanel\" aria-labelledby=\"tab-title-wb_cptb_4\">\n<div class=\"wb_cptb_content\">\n<p>10 enteri\u010dnih kapsula<\/p>\n<\/div>\n<\/div>\n<\/div>\n<\/div>\n<\/div>","protected":false},"featured_media":8519,"template":"","meta":[],"product_brand":[3129],"product_cat":[15],"product_tag":[1508,3130,1252],"class_list":{"0":"post-8518","1":"product","2":"type-product","3":"status-publish","4":"has-post-thumbnail","6":"product_brand-plus-naturallab","7":"product_cat-uncategorized","8":"product_tag-bromelain","9":"product_tag-ekstrakt-maslacka","10":"product_tag-serapeptaza","12":"first","13":"instock","14":"shipping-taxable","15":"purchasable","16":"product-type-simple"},"ams_default_variation_id":0,"ams_product_points_reward":[],"ams_product_discount_percentage":0,"ams_price_to_display":1400,"ams_acf":[],"jetpack_sharing_enabled":true,"_links":{"self":[{"href":"https:\/\/apotekar-online.rs\/hu\/wp-json\/wp\/v2\/product\/8518","targetHints":{"allow":["GET"]}}],"collection":[{"href":"https:\/\/apotekar-online.rs\/hu\/wp-json\/wp\/v2\/product"}],"about":[{"href":"https:\/\/apotekar-online.rs\/hu\/wp-json\/wp\/v2\/types\/product"}],"wp:featuredmedia":[{"embeddable":true,"href":"https:\/\/apotekar-online.rs\/hu\/wp-json\/wp\/v2\/media\/8519"}],"wp:attachment":[{"href":"https:\/\/apotekar-online.rs\/hu\/wp-json\/wp\/v2\/media?parent=8518"}],"wp:term":[{"taxonomy":"product_brand","embeddable":true,"href":"https:\/\/apotekar-online.rs\/hu\/wp-json\/wp\/v2\/product_brand?post=8518"},{"taxonomy":"product_cat","embeddable":true,"href":"https:\/\/apotekar-online.rs\/hu\/wp-json\/wp\/v2\/product_cat?post=8518"},{"taxonomy":"product_tag","embeddable":true,"href":"https:\/\/apotekar-online.rs\/hu\/wp-json\/wp\/v2\/product_tag?post=8518"}],"curies":[{"name":"wp","href":"https:\/\/api.w.org\/{rel}","templated":true}]}}