{"id":8634,"date":"2026-02-19T16:05:08","date_gmt":"2026-02-19T18:05:08","guid":{"rendered":"https:\/\/apotekar-online.rs\/?post_type=product&#038;p=8634"},"modified":"2026-03-31T00:00:08","modified_gmt":"2026-03-31T02:00:08","slug":"dietpharm-hemero-protect-krema-30ml-2","status":"publish","type":"product","link":"https:\/\/apotekar-online.rs\/hu\/p\/dietpharm-hemero-protect-krema-30ml-2\/","title":{"rendered":"Dietpharm Hemero Protect kr\u00e9m 30ml"},"content":{"rendered":"","protected":false},"excerpt":{"rendered":"<div>Hemero Protect krema je medicinski proizvod za\u00a0olak\u0161avanje tegoba kod hemoroida, analnih fisura\u00a0i proktitisa (pe\u010denje, svrab, krvarenje i bol).<\/div>\n<div>\n<div>Za smanjenje trenja tokom pra\u017enjenja creva.\u00a0Za ubla\u017eavanje peckanja, svraba i krvarenja.\u00a0Za spre\u010davanje upala i edema.\u00a0Za smanjenje bola.\u00a0Za pospe\u0161ivanje zarastanja o\u0161te\u0107ene sluznice rektuma.<\/div>\n<\/div>\n<div>\n<p class=\"mainTitle oswald\">A felhaszn\u00e1l\u00e1s m\u00f3dja<\/p>\n<div class=\"text\">\n<div>Naneti krem 2 do 4 puta dnevno, najbolje pre i posle svakog pra\u017enjenja creva.<\/div>\n<div>Oprati ruke pre i nakon primene kreme. O\u010distiti zahva\u0107eno podru\u010dje pre primene kreme.<\/div>\n<div>Prilikom primene aplikatora, ukloniti \u010dep i za\u0161titnu foliju na tubi i postaviti aplikator umesto \u010depa. Stisnuti tubu sve dok krema ne popuni aplikator i iza\u0111e iz njega. Staviti aplikator u anus (analni otvor ili \u010dmar), polako stisnuti tubu tako da se krema ravnomerno rasporedi na bolno mesto. Ukloniti aplikator iz tela i prstom naneti malu koli\u010dinu kreme oko anusa. Nakon upotrebe, aplikator odmah ukloniti s tube, pa je zatvoriti \u010depom. Temeljno o\u010distiti aplikator vodom i zatvoriti ga posebnom kapicom.<\/div>\n<\/div>\n<div>\n<p class=\"mainTitle oswald\">Akci\u00f3<\/p>\n<div class=\"text\">\n<div>Beta-glukan stimuli\u0161e biosintezu kolagena i reepitelizaciju, ubrzava zarastanje, stimuli\u0161e \u0107elije imuniteta makrofage.<\/div>\n<div>Alantoin ima keratoliti\u010dko i keratoplasti\u010dko dejstvo. Ubrzava zarastanje rana i ima za\u0161titno dejstvo na ko\u017eu i sluznice. Nema iritativna i toksi\u010dna svojstva.<\/div>\n<div>Aktivni sastojak kamilice, bisabolol efikasno ubla\u017eava upalu, svrab i peckanje analnog podru\u010dja. Ubla\u017eava negativne efekte lokalne kortikosteroidne terapije.<\/div>\n<div>Vazelin ima emolijentno i za\u0161titno dejstvo. Stvara nepropusni film koji spre\u010dava gubitak vode i isu\u0161ivanje ko\u017ee i sluznice. Omek\u0161ava stolicu, spre\u010dava infekciju i stimuli\u0161e proces zarastanja rana.<\/div>\n<\/div>\n<div>\n<p class=\"mainTitle oswald\">Fogalmaz\u00e1s<\/p>\n<div class=\"text\">\n<div><\/div>\n<div>Beta-glukan (polisaharidi kvasca), alantoin, ekstrakt kamilice, vazelin,\u00a0pre\u010di\u0161\u0107ena voda, parafin, cetearil alkohol, ceteth-20, stearil alkohol,\u00a0glicerin, fenoksietanol, etilparaben, metilparaben i mle\u010dna kiselina.<\/div>\n<\/div>\n<\/div>\n<\/div>\n<\/div>","protected":false},"featured_media":949,"template":"","meta":[],"product_brand":[3079],"product_cat":[3134],"product_tag":[212,2176,1709,2096,194,3146,525,787,3148,3147,359,1364],"class_list":{"0":"post-8634","1":"product","2":"type-product","3":"status-publish","4":"has-post-thumbnail","6":"product_brand-dietpharm","7":"product_cat-hemoroidi","8":"product_tag-alantoin","9":"product_tag-beta-glukan","10":"product_tag-betty","11":"product_tag-bisabolol","12":"product_tag-glicerin","13":"product_tag-hemeroidi","14":"product_tag-kamilica","15":"product_tag-mlecna-kiselina","16":"product_tag-parafin","17":"product_tag-smanjenje-bola","18":"product_tag-super-petak","19":"product_tag-vazelin","20":"pa_brend-dietpharm","22":"first","23":"instock","24":"shipping-taxable","25":"purchasable","26":"product-type-simple"},"ams_default_variation_id":0,"ams_product_points_reward":[],"ams_product_discount_percentage":0,"ams_price_to_display":897,"ams_acf":[],"jetpack_sharing_enabled":true,"_links":{"self":[{"href":"https:\/\/apotekar-online.rs\/hu\/wp-json\/wp\/v2\/product\/8634","targetHints":{"allow":["GET"]}}],"collection":[{"href":"https:\/\/apotekar-online.rs\/hu\/wp-json\/wp\/v2\/product"}],"about":[{"href":"https:\/\/apotekar-online.rs\/hu\/wp-json\/wp\/v2\/types\/product"}],"wp:featuredmedia":[{"embeddable":true,"href":"https:\/\/apotekar-online.rs\/hu\/wp-json\/wp\/v2\/media\/949"}],"wp:attachment":[{"href":"https:\/\/apotekar-online.rs\/hu\/wp-json\/wp\/v2\/media?parent=8634"}],"wp:term":[{"taxonomy":"product_brand","embeddable":true,"href":"https:\/\/apotekar-online.rs\/hu\/wp-json\/wp\/v2\/product_brand?post=8634"},{"taxonomy":"product_cat","embeddable":true,"href":"https:\/\/apotekar-online.rs\/hu\/wp-json\/wp\/v2\/product_cat?post=8634"},{"taxonomy":"product_tag","embeddable":true,"href":"https:\/\/apotekar-online.rs\/hu\/wp-json\/wp\/v2\/product_tag?post=8634"}],"curies":[{"name":"wp","href":"https:\/\/api.w.org\/{rel}","templated":true}]}}