{"id":8718,"date":"2026-02-28T11:03:01","date_gmt":"2026-02-28T13:03:01","guid":{"rendered":"https:\/\/apotekar-online.rs\/?post_type=product&#038;p=8718"},"modified":"2026-03-31T00:00:08","modified_gmt":"2026-03-31T02:00:08","slug":"livsane-tecnost-za-ispiranje-usta-sensitive-500-ml","status":"publish","type":"product","link":"https:\/\/apotekar-online.rs\/hu\/p\/livsane-tecnost-za-ispiranje-usta-sensitive-500-ml\/","title":{"rendered":"LIVSANE Te\u010dnost za ispiranje usta Sensitive, 500 ml"},"content":{"rendered":"","protected":false},"excerpt":{"rendered":"<div class=\"wysiwyg\">\n<h2>Term\u00e9kle\u00edr\u00e1s<\/h2>\n<p>Sensitive te\u010dnost za ispiranje usta bez alkohola, je posebno namenjena svakodnevnoj za\u0161titi osetljivih zuba i desni. Obogac\u0301ena fluorom, poma\u017ee u spre\u010davanju stvaranja zubnih naslaga i karijesa. Dopunjuje \u010di\u0161\u0107enje zuba, dok blagi ukus mente osve\u017eava dah.<\/p>\n<h2>Adagol\u00e1s \u00e9s alkalmaz\u00e1s m\u00f3dja<\/h2>\n<p>Koristite dva puta dnevno nakon pranja zuba. Ispirajte sa 10-15 ml rastvora oko 30 sekundi.<\/p>\n<h2>Fogalmaz\u00e1s<\/h2>\n<p>Voda, glicerin, sorbitol, kalijum-nitrat, peg-40 hidrognizovano ricinusovo ulje, aroma, natrijum-citrat, natrijum-saharin, cetilpiridinijum hlorid, natrijum-fluorid, alantoin, limunska kiselina, ci 14720.<br \/>\nSadr\u017ei natrijum-fluorid (226 ppm f). Bez alkohola. Bez natrijum lauril sulfata.\u00a0Bez mikroplastike.<\/p>\n<p>&nbsp;<\/p>\n<\/div>\n<div class=\"product-info\">\n<h3 class=\"title\"><i class=\"icon-clipboard mr-1\" aria-hidden=\"true\"><\/i>\u00a0Tov\u00e1bbi inform\u00e1ci\u00f3<\/h3>\n<table class=\"info-table\">\n<tbody>\n<tr>\n<th>Gy\u00e1rt\u00f3:<\/th>\n<td><a href=\"https:\/\/benu.rs\/pxg-pharma-gmbh\">PXG Pharma<\/a><\/td>\n<\/tr>\n<tr>\n<th>EAN kod:<\/th>\n<td>4062981022705<\/td>\n<\/tr>\n<tr>\n<th>Brend:<\/th>\n<td><a href=\"https:\/\/benu.rs\/livsane\">LIVSANE<\/a><\/td>\n<\/tr>\n<tr>\n<th>Linija proizvoda:<\/th>\n<td><a href=\"https:\/\/benu.rs\/livsane-higijena-usta-i-zuba\">LIVSANE Higijena usta i zuba<\/a><\/td>\n<\/tr>\n<tr>\n<th>Jellemz\u0151k:<\/th>\n<td>Te\u010dnost za ispiranje usta posebno namenjena svakodnevnoj za\u0161titi osetljivih zuba i desni.<\/td>\n<\/tr>\n<tr>\n<th>Osobine artikla:<\/th>\n<td>Ukus mente.<\/td>\n<\/tr>\n<tr>\n<th>Osobine artikla:<\/th>\n<td>Bez natrijum-lauril sulfata i alkohola.<\/td>\n<\/tr>\n<tr>\n<th>Osobine artikla:<\/th>\n<td>Ne sadr\u017ei mikroplastiku.<\/td>\n<\/tr>\n<tr>\n<th>Zemlja porekla:<\/th>\n<td>\u0160panija<\/td>\n<\/tr>\n<tr>\n<th>Uvoznik za Srbiju:<\/th>\n<td>Evropa Lek Pharma d.o.o.<\/td>\n<\/tr>\n<\/tbody>\n<\/table>\n<\/div>","protected":false},"featured_media":8719,"template":"","meta":[],"product_brand":[3090],"product_cat":[3054,121],"product_tag":[1709,1019,465,3097,359],"class_list":{"0":"post-8718","1":"product","2":"type-product","3":"status-publish","4":"has-post-thumbnail","6":"product_brand-livsane","7":"product_cat-akcija","8":"product_cat-higijena-usta-i-zuba","9":"product_tag-betty","10":"product_tag-menta","11":"product_tag-nega-desni","12":"product_tag-sp","13":"product_tag-super-petak","15":"first","16":"instock","17":"shipping-taxable","18":"purchasable","19":"product-type-simple"},"ams_default_variation_id":0,"ams_product_points_reward":[],"ams_product_discount_percentage":0,"ams_price_to_display":688.62,"ams_acf":[],"jetpack_sharing_enabled":true,"_links":{"self":[{"href":"https:\/\/apotekar-online.rs\/hu\/wp-json\/wp\/v2\/product\/8718","targetHints":{"allow":["GET"]}}],"collection":[{"href":"https:\/\/apotekar-online.rs\/hu\/wp-json\/wp\/v2\/product"}],"about":[{"href":"https:\/\/apotekar-online.rs\/hu\/wp-json\/wp\/v2\/types\/product"}],"wp:featuredmedia":[{"embeddable":true,"href":"https:\/\/apotekar-online.rs\/hu\/wp-json\/wp\/v2\/media\/8719"}],"wp:attachment":[{"href":"https:\/\/apotekar-online.rs\/hu\/wp-json\/wp\/v2\/media?parent=8718"}],"wp:term":[{"taxonomy":"product_brand","embeddable":true,"href":"https:\/\/apotekar-online.rs\/hu\/wp-json\/wp\/v2\/product_brand?post=8718"},{"taxonomy":"product_cat","embeddable":true,"href":"https:\/\/apotekar-online.rs\/hu\/wp-json\/wp\/v2\/product_cat?post=8718"},{"taxonomy":"product_tag","embeddable":true,"href":"https:\/\/apotekar-online.rs\/hu\/wp-json\/wp\/v2\/product_tag?post=8718"}],"curies":[{"name":"wp","href":"https:\/\/api.w.org\/{rel}","templated":true}]}}