{"id":8720,"date":"2026-02-28T12:20:06","date_gmt":"2026-02-28T14:20:06","guid":{"rendered":"https:\/\/apotekar-online.rs\/?post_type=product&#038;p=8720"},"modified":"2026-03-05T08:38:28","modified_gmt":"2026-03-05T10:38:28","slug":"bivits-activa-cink-25-mg-60-tableta","status":"publish","type":"product","link":"https:\/\/apotekar-online.rs\/hu\/p\/bivits-activa-cink-25-mg-60-tableta\/","title":{"rendered":"Bivits Activa Cink 25 mg 60 tableta"},"content":{"rendered":"","protected":false},"excerpt":{"rendered":"<p><strong>Beewits<sup>\u00ae<\/sup>\u00a0ACTIVA Cink 25mg<\/strong>\u00a0je dijetetski suplement koji pru\u017ea poja\u010danu dozu cinka, minerala klju\u010dnog za normalno funkcionisanje imunolo\u0161kog sistema, o\u010duvanje zdrave ko\u017ee i kose, kao i za podr\u0161ku reproduktivnom zdravlju. Cink\u00a0<strong>doprinosi\u00a0<\/strong>za\u0161titi \u0107elija od oksidativnog stresa, normalnom metabolizmu makronutrijenata i br\u017eem zarastanju rana.<\/p>\n<p>&nbsp;<\/p>\n<p>1 bo\u010dica 60 tableta<br \/>\nTrajanje: 2 meseca (60 dana)<br \/>\nJedna tableta na dan, uz obrok<\/p>","protected":false},"featured_media":8722,"template":"","meta":[],"product_brand":[3095],"product_cat":[3054,77,78,84,85],"product_tag":[1709,185,1511],"class_list":{"0":"post-8720","1":"product","2":"type-product","3":"status-publish","4":"has-post-thumbnail","6":"product_brand-bivits","7":"product_cat-akcija","8":"product_cat-imunitet","9":"product_cat-vitamini-i-minerali","10":"product_cat-zdravlje-muskaraca","11":"product_cat-zdravlje-zena","12":"product_tag-betty","13":"product_tag-cink","14":"product_tag-metabolizam","15":"pa_brend-bivits","17":"first","18":"instock","19":"sale","20":"shipping-taxable","21":"purchasable","22":"product-type-simple"},"ams_default_variation_id":0,"ams_product_points_reward":[],"ams_product_discount_percentage":20,"ams_price_to_display":1788,"ams_acf":[],"jetpack_sharing_enabled":true,"_links":{"self":[{"href":"https:\/\/apotekar-online.rs\/hu\/wp-json\/wp\/v2\/product\/8720","targetHints":{"allow":["GET"]}}],"collection":[{"href":"https:\/\/apotekar-online.rs\/hu\/wp-json\/wp\/v2\/product"}],"about":[{"href":"https:\/\/apotekar-online.rs\/hu\/wp-json\/wp\/v2\/types\/product"}],"wp:featuredmedia":[{"embeddable":true,"href":"https:\/\/apotekar-online.rs\/hu\/wp-json\/wp\/v2\/media\/8722"}],"wp:attachment":[{"href":"https:\/\/apotekar-online.rs\/hu\/wp-json\/wp\/v2\/media?parent=8720"}],"wp:term":[{"taxonomy":"product_brand","embeddable":true,"href":"https:\/\/apotekar-online.rs\/hu\/wp-json\/wp\/v2\/product_brand?post=8720"},{"taxonomy":"product_cat","embeddable":true,"href":"https:\/\/apotekar-online.rs\/hu\/wp-json\/wp\/v2\/product_cat?post=8720"},{"taxonomy":"product_tag","embeddable":true,"href":"https:\/\/apotekar-online.rs\/hu\/wp-json\/wp\/v2\/product_tag?post=8720"}],"curies":[{"name":"wp","href":"https:\/\/api.w.org\/{rel}","templated":true}]}}