{"id":8726,"date":"2026-02-28T12:43:57","date_gmt":"2026-02-28T14:43:57","guid":{"rendered":"https:\/\/apotekar-online.rs\/?post_type=product&#038;p=8726"},"modified":"2026-03-31T00:00:08","modified_gmt":"2026-03-31T02:00:08","slug":"moller-s-omega-3-ulje-jetre-bakalara-ukus-tutti-frutti-250-ml","status":"publish","type":"product","link":"https:\/\/apotekar-online.rs\/hu\/p\/moller-s-omega-3-ulje-jetre-bakalara-ukus-tutti-frutti-250-ml\/","title":{"rendered":"Moller\u2019s Omega-3 ulje jetre bakalara, ukus tutti-frutti, 250 ml"},"content":{"rendered":"","protected":false},"excerpt":{"rendered":"<div class=\"wysiwyg\">\n<h2>Term\u00e9kle\u00edr\u00e1s<\/h2>\n<p>Moller\u2019s Omega-3 ulje jetre bakalara sa tutti-frutti ukusom je dodatak ishrani koji predstavlja izvor omega-3 masnih kiselina (eikozapentaenska kiselina: EPA i dokozaheksaenska kiselina: DHA) i vitamina A, D, i E. EPA i DHA doprinose normalnoj funkciji srca. Koristan efekat se posti\u017ee dnevnim unosom od 250 mg EPA i DHA. DHA doprinosi odr\u017eavanju normalne funkcije mozga i vida. Vitamin D doprinosi normalnoj funkciji imunog sistema i o\u010duvanju kostiju. Vitamin A doprinosi odr\u017eavanju normalnog vida i funkcije imunog sistema. Vitamin E doprinosi za\u0161titi \u0107elija od oksidativnog stresa. Ne sme se prekora\u010diti ukupni dnevni unos od 5 g EPA i DHA.<\/p>\n<h2>Adagol\u00e1s \u00e9s alkalmaz\u00e1s m\u00f3dja<\/h2>\n<p>Deca od 3 do 11 godina: 1 kafena ka\u0161ika (5 ml) jednom dnevno.<br \/>\nDeca starija od 11 godina i odrasli: 2 kafene ka\u0161ike (10 ml) jednom dnevno.<\/p>\n<h2>Fogalmaz\u00e1s<\/h2>\n<p>Pre\u010di\u0161\u0107eno ulje jetre bakalara (riba), prirodna aroma vo\u0107a, DL-tokoferilacetat, antioksidans: ekstrakt bogat tokoferolima, retinil-palmitat, holekalciferol.<br \/>\nAktivni sastojci:\u00a0Omega-3 masne kiseline, Vitamin E,\u00a0Vitamin A, Vitamin D.<\/p>\n<p>&nbsp;<\/p>\n<\/div>\n<div class=\"product-info\">\n<h3 class=\"title\"><i class=\"icon-clipboard mr-1\" aria-hidden=\"true\"><\/i>\u00a0Tov\u00e1bbi inform\u00e1ci\u00f3<\/h3>\n<table class=\"info-table\">\n<tbody>\n<tr>\n<th>Gy\u00e1rt\u00f3:<\/th>\n<td><a href=\"https:\/\/benu.rs\/orkla-health\">ORKLA HEALTH<\/a><\/td>\n<\/tr>\n<tr>\n<th>EAN kod:<\/th>\n<td>7070866015800<\/td>\n<\/tr>\n<tr>\n<th>Brend:<\/th>\n<td><a href=\"https:\/\/benu.rs\/mollers\">Mollers<\/a><\/td>\n<\/tr>\n<tr>\n<th>Jellemz\u0151k:<\/th>\n<td>Dodatak ishrani koji predstavlja izvor omega-3 masnih kiselina (eikozapentaenska kiselina: EPA i dokozaheksaenska kiselina: DHA) i vitamina A, D i E.<\/td>\n<\/tr>\n<tr>\n<th>Osobine artikla:<\/th>\n<td>Vitamin D i E doprinose normalnoj funkciji imunog sistema i o\u010duvanju kostiju.<\/td>\n<\/tr>\n<tr>\n<th>Osobine artikla:<\/th>\n<td>EPA i DHA doprinose normalnoj funkciji srca.<\/td>\n<\/tr>\n<tr>\n<th>Osobine artikla:<\/th>\n<td>Vitamin A doprinosi odr\u017eavanju normalnog vida i funkcije imunog sistema.<\/td>\n<\/tr>\n<tr>\n<th>Zemlja porekla:<\/th>\n<td>Norve\u0161ka<\/td>\n<\/tr>\n<tr>\n<th>Uvoznik za Srbiju:<\/th>\n<td>Focus I. M. C. d.o.o. Beograd<\/td>\n<\/tr>\n<\/tbody>\n<\/table>\n<\/div>","protected":false},"featured_media":8727,"template":"","meta":[],"product_brand":[],"product_cat":[3054,127],"product_tag":[1709,446,278,246,209],"class_list":{"0":"post-8726","1":"product","2":"type-product","3":"status-publish","4":"has-post-thumbnail","6":"product_cat-akcija","7":"product_cat-vitamini-i-minerali-za-decu","8":"product_tag-betty","9":"product_tag-omega-3","10":"product_tag-vitamin-a","11":"product_tag-vitamin-d","12":"product_tag-vitamin-e","13":"pa_brend-4u-pharma","14":"pa_brend-abela-pharm","15":"pa_brend-accu-chek","16":"pa_brend-adoc","17":"pa_brend-adonis","18":"pa_brend-afrodita","19":"pa_brend-agroflora-goodwill","20":"pa_brend-air-wick","21":"pa_brend-ajax","22":"pa_brend-aleksandar-mn","23":"pa_brend-alkaloid","24":"pa_brend-allin","25":"pa_brend-alpenkrauter","26":"pa_brend-alphacaps","27":"pa_brend-alternativa-medica","28":"pa_brend-ambi-pur","29":"pa_brend-anafarm","30":"pa_brend-antibiotice","31":"pa_brend-apuretin","32":"pa_brend-aquafresh","33":"pa_brend-arf","34":"pa_brend-ariel","35":"pa_brend-avent","36":"pa_brend-banat","37":"pa_brend-bayer-health-care","38":"pa_brend-becollino","39":"pa_brend-becutan","40":"pa_brend-becutn","41":"pa_brend-bel-london","42":"pa_brend-belvital","43":"pa_brend-beopanax","44":"pa_brend-beres-pharmaceutic","45":"pa_brend-bimunal","46":"pa_brend-biocinalis","47":"pa_brend-bioclinica","48":"pa_brend-bioco-kft","49":"pa_brend-biofar","50":"pa_brend-biofarm","51":"pa_brend-bioherbal","52":"pa_brend-biota-intima","53":"pa_brend-bioten","54":"pa_brend-bivits","55":"pa_brend-blic","56":"pa_brend-bones","57":"pa_brend-bonifar-d-o-o","58":"pa_brend-brandoline","59":"pa_brend-bref","60":"pa_brend-brdjanski-melem","61":"pa_brend-bu","62":"pa_brend-byphasse","63":"pa_brend-canpol","64":"pa_brend-centrum","65":"pa_brend-cerumed-pharma-doo","66":"pa_brend-ceumed","67":"pa_brend-chicco","68":"pa_brend-cif","69":"pa_brend-cillit-bang","70":"pa_brend-coccolino","71":"pa_brend-colgate","72":"pa_brend-colief","73":"pa_brend-collagen","74":"pa_brend-contour","75":"pa_brend-contur","76":"pa_brend-corega","77":"pa_brend-cosmetic-company","78":"pa_brend-crystal-derma","79":"pa_brend-curaprox","80":"pa_brend-dacom-pharm","81":"pa_brend-dacom-pharma","82":"pa_brend-dcp-hemigal","83":"pa_brend-deep-fresh","84":"pa_brend-denim","85":"pa_brend-deon","86":"pa_brend-depil-fruit","87":"pa_brend-depil-line","88":"pa_brend-deverrafarm","89":"pa_brend-dietpharm","90":"pa_brend-doctors","91":"pa_brend-donna-natura","92":"pa_brend-donvas","93":"pa_brend-dove","94":"pa_brend-dr-gerhard-mann","95":"pa_brend-dr-theiss","96":"pa_brend-dr-werner","97":"pa_brend-dumm","98":"pa_brend-e-s-i","99":"pa_brend-eco","100":"pa_brend-eko-farm","101":"pa_brend-elephant","102":"pa_brend-elmex","103":"pa_brend-elpharma","104":"pa_brend-epoch","105":"pa_brend-epsilon-health","106":"pa_brend-ervamatin","107":"pa_brend-esensa","108":"pa_brend-esi","109":"pa_brend-eucerin","110":"pa_brend-europharma-alliance-sp","111":"pa_brend-eveline-cosmetics","112":"pa_brend-evropa-lek-pharma-doo","113":"pa_brend-ewopharma-d-o-o","114":"pa_brend-fairy","115":"pa_brend-family","116":"pa_brend-felce-azzurra","117":"pa_brend-feller","118":"pa_brend-femmabiotic","119":"pa_brend-fifor-france","120":"pa_brend-finish","121":"pa_brend-fiona","122":"pa_brend-fitogal","123":"pa_brend-flufsan","124":"pa_brend-fresh-feel","125":"pa_brend-fresh-step","126":"pa_brend-freshmaker","127":"pa_brend-frosch","128":"pa_brend-fructus","129":"pa_brend-gabbiano","130":"pa_brend-galafarm","131":"pa_brend-galenika","132":"pa_brend-galenska-laboratorija","133":"pa_brend-galeska-laboratorija","134":"pa_brend-garnier","135":"pa_brend-ge-kids","136":"pa_brend-gelorevoice","137":"pa_brend-gemini-pharmaceuticals","138":"pa_brend-general","139":"pa_brend-glanzmeister","140":"pa_brend-glaxosmithkline-kft","141":"pa_brend-globifer-intl","142":"pa_brend-goodwill","143":"pa_brend-goti","144":"pa_brend-green-medic","145":"pa_brend-grubin","146":"pa_brend-gsk","147":"pa_brend-guilin-sanjin","148":"pa_brend-guilin-sanjin-pharmaceutical","149":"pa_brend-hansaplast","150":"pa_brend-health-aid","151":"pa_brend-hello-kitty","152":"pa_brend-hemofarm","153":"pa_brend-herba-svet","154":"pa_brend-herbiko","155":"pa_brend-herboral","156":"pa_brend-himalaya","157":"pa_brend-hipp","158":"pa_brend-hobby","159":"pa_brend-idi-pharm-italija","160":"pa_brend-idva-health-scienc","161":"pa_brend-imunolak","162":"pa_brend-infunbebe","163":"pa_brend-innovative-med-lenus","164":"pa_brend-innovative_med-lenus","165":"pa_brend-innventa","166":"pa_brend-inpharm","167":"pa_brend-inpharma","168":"pa_brend-inphrm","169":"pa_brend-inst-dr-josif-pancic","170":"pa_brend-iva-farm","171":"pa_brend-ivancic-i-sinovi","172":"pa_brend-ivancici-i-sinovi","173":"pa_brend-ivanfilip","174":"pa_brend-jadran-galenski-laboratorij","175":"pa_brend-jgl","176":"pa_brend-johnsons","177":"pa_brend-jugoremedija","178":"pa_brend-kallos","179":"pa_brend-kallos-cosmetics","180":"pa_brend-kaltex","181":"pa_brend-kendi","182":"pa_brend-kirka","183":"pa_brend-koloid","184":"pa_brend-krauterhof","185":"pa_brend-krka","186":"pa_brend-la-rive","187":"pa_brend-labello","188":"pa_brend-laboratoires-dermatologiques-duriage","189":"pa_brend-lacalut","190":"pa_brend-lactacyd","191":"pa_brend-ladyfit","192":"pa_brend-lectranal","193":"pa_brend-libresse","194":"pa_brend-libytec","195":"pa_brend-life-medic","196":"pa_brend-livsane","197":"pa_brend-lo-li-pharma","198":"pa_brend-lo-li-pharma-s-r-i","199":"pa_brend-loreal-paris","200":"pa_brend-lorelli","201":"pa_brend-lycia","202":"pa_brend-l-oreal-paris","203":"pa_brend-mv-farm","204":"pa_brend-magija","205":"pa_brend-marion","206":"pa_brend-max-medica","207":"pa_brend-maxlab","208":"pa_brend-medicinalis","209":"pa_brend-medico-domus","210":"pa_brend-medis","211":"pa_brend-meilab","212":"pa_brend-melem","213":"pa_brend-menta-padej","214":"pa_brend-merckle","215":"pa_brend-merix","216":"pa_brend-merz","217":"pa_brend-microlife","218":"pa_brend-milupa","219":"pa_brend-mixa","220":"pa_brend-mucoplant","221":"pa_brend-nailner","222":"pa_brend-nascita","223":"pa_brend-natura-aucta","224":"pa_brend-natura-farma","225":"pa_brend-natural-wealth","226":"pa_brend-naturalab","227":"pa_brend-naturallab","228":"pa_brend-nature-box","229":"pa_brend-natures","230":"pa_brend-naturprodukt-pharma","231":"pa_brend-neo-cell-corporation","232":"pa_brend-nevena","233":"pa_brend-nip","234":"pa_brend-niva","235":"pa_brend-nivea","236":"pa_brend-novahealth","237":"pa_brend-novalac","238":"pa_brend-nuk","239":"pa_brend-nutrino","240":"pa_brend-omega-pharma","241":"pa_brend-optimus-pharma","242":"pa_brend-oral-b","243":"pa_brend-orthomol","244":"pa_brend-palmolive","245":"pa_brend-paloma","246":"pa_brend-pampers","247":"pa_brend-pan-star-doo","248":"pa_brend-panadol","249":"pa_brend-pantene","250":"pa_brend-parasoftin","251":"pa_brend-patrolne-sape","252":"pa_brend-pepa-prase","253":"pa_brend-performance-health","254":"pa_brend-persil","255":"pa_brend-pharma-swiss","256":"pa_brend-pharmalife","257":"pa_brend-pharmanova","258":"pa_brend-pharmas","259":"pa_brend-pharmaswiss","260":"pa_brend-pic","261":"pa_brend-pileje","262":"pa_brend-pin-code","263":"pa_brend-planta-pol","264":"pa_brend-pohl-boskamp","265":"pa_brend-pontus","266":"pa_brend-prizma","267":"pa_brend-probiotics-internation","268":"pa_brend-propolis-pharm","269":"pa_brend-propomucil","270":"pa_brend-prospan","271":"pa_brend-rabenhorst","272":"pa_brend-regal","273":"pa_brend-revita","274":"pa_brend-roha","275":"pa_brend-saforelle","276":"pa_brend-salina","277":"pa_brend-saljic-melemi","278":"pa_brend-salveo","279":"pa_brend-salvus","280":"pa_brend-sandoz","281":"pa_brend-schwarzkopf","282":"pa_brend-sebamed","283":"pa_brend-seni","284":"pa_brend-serrap","285":"pa_brend-sinomarin","286":"pa_brend-sinomedic","287":"pa_brend-smac","288":"pa_brend-solgar","289":"pa_brend-sopharma-trading-doo","290":"pa_brend-srebrnakap","291":"pa_brend-str8","292":"pa_brend-strep","293":"pa_brend-strong-nature","294":"pa_brend-subrina","295":"pa_brend-sumi","296":"pa_brend-suppup","297":"pa_brend-supradyn","298":"pa_brend-syoss","299":"pa_brend-tac","300":"pa_brend-tantum","301":"pa_brend-tao-leskovac","302":"pa_brend-tetesept","303":"pa_brend-tg-farm","304":"pa_brend-theapharma","305":"pa_brend-ufar","306":"pa_brend-unimed-pharma","307":"pa_brend-unimedica-doo","308":"pa_brend-upsa","309":"pa_brend-veet","310":"pa_brend-vega","311":"pa_brend-velelek","312":"pa_brend-vemax-pharma","313":"pa_brend-vichy","314":"pa_brend-vigor","315":"pa_brend-vir","316":"pa_brend-vitabiotic","317":"pa_brend-vitabiotics","318":"pa_brend-vitagreen","319":"pa_brend-vitalis","320":"pa_brend-viva-propet","321":"pa_brend-voltaren","322":"pa_brend-walmark","323":"pa_brend-waschkonig","324":"pa_brend-wash-go","325":"pa_brend-waya","326":"pa_brend-welcos-co","327":"pa_brend-whitehall","328":"pa_brend-worwang-pharma","329":"pa_brend-xanitalia","330":"pa_brend-yess-baby","331":"pa_brend-zdravlje-kozmetika","332":"pa_brend-zdravlje-lek","333":"pa_brend-zdravlje-pharm","334":"pa_brend-zentiva","335":"pa_brend-ziaja","337":"first","338":"instock","339":"shipping-taxable","340":"purchasable","341":"product-type-simple"},"ams_default_variation_id":0,"ams_product_points_reward":[],"ams_product_discount_percentage":0,"ams_price_to_display":3078.78,"ams_acf":[],"jetpack_sharing_enabled":true,"_links":{"self":[{"href":"https:\/\/apotekar-online.rs\/hu\/wp-json\/wp\/v2\/product\/8726","targetHints":{"allow":["GET"]}}],"collection":[{"href":"https:\/\/apotekar-online.rs\/hu\/wp-json\/wp\/v2\/product"}],"about":[{"href":"https:\/\/apotekar-online.rs\/hu\/wp-json\/wp\/v2\/types\/product"}],"wp:featuredmedia":[{"embeddable":true,"href":"https:\/\/apotekar-online.rs\/hu\/wp-json\/wp\/v2\/media\/8727"}],"wp:attachment":[{"href":"https:\/\/apotekar-online.rs\/hu\/wp-json\/wp\/v2\/media?parent=8726"}],"wp:term":[{"taxonomy":"product_brand","embeddable":true,"href":"https:\/\/apotekar-online.rs\/hu\/wp-json\/wp\/v2\/product_brand?post=8726"},{"taxonomy":"product_cat","embeddable":true,"href":"https:\/\/apotekar-online.rs\/hu\/wp-json\/wp\/v2\/product_cat?post=8726"},{"taxonomy":"product_tag","embeddable":true,"href":"https:\/\/apotekar-online.rs\/hu\/wp-json\/wp\/v2\/product_tag?post=8726"}],"curies":[{"name":"wp","href":"https:\/\/api.w.org\/{rel}","templated":true}]}}