{"id":8728,"date":"2026-02-28T13:13:48","date_gmt":"2026-02-28T15:13:48","guid":{"rendered":"https:\/\/apotekar-online.rs\/?post_type=product&#038;p=8728"},"modified":"2026-03-31T00:00:08","modified_gmt":"2026-03-31T02:00:08","slug":"mollers-omega-3-ulje-jetre-bakalara-ukus-limuna-250-ml","status":"publish","type":"product","link":"https:\/\/apotekar-online.rs\/hu\/p\/mollers-omega-3-ulje-jetre-bakalara-ukus-limuna-250-ml\/","title":{"rendered":"Moller&#8217;s Omega-3 ulje jetre bakalara, ukus limuna, 250 ml"},"content":{"rendered":"","protected":false},"excerpt":{"rendered":"<div class=\"wysiwyg\">\n<h2>Term\u00e9kle\u00edr\u00e1s<\/h2>\n<p>Moller\u2019s Omega-3 ulje jetre bakalara sa ukusom limuna je dodatak ishrani koji predstavlja izvor omega-3 masnih kiselina (eikozapentaenska kiselina: EPA i dokozaheksaenska kiselina: DHA) i vitamina A, D, i E. EPA i DHA doprinose normalnoj funkciji srca. Koristan efekat se posti\u017ee dnevnim unosom od 250 mg EPA i DHA. DHA doprinosi odr\u017eavanju normalne funkcije mozga i vida. Vitamin D doprinosi normalnoj funkciji imunog sistema i o\u010duvanju kostiju. Vitamin A doprinosi odr\u017eavanju normalnog vida i funkcije imunog sistema. Vitamin E doprinosi za\u0161titi \u0107elija od oksidativnog stresa. Ne sme se prekora\u010diti ukupni dnevni unos od 5 g EPA i DHA.<\/p>\n<h2>Adagol\u00e1s \u00e9s alkalmaz\u00e1s m\u00f3dja<\/h2>\n<p>Deca od 3 do 11 godina: 1 kafena ka\u0161ika (5 ml) jednom dnevno.<br \/>\nDeca starija od 11 godina i odrasli: 2 kafene ka\u0161ike (10 ml) jednom dnevno.<\/p>\n<h2>Fogalmaz\u00e1s<\/h2>\n<p>Pre\u010di\u0161\u0107eno ulje jetre bakalara (riba), prirodna aroma limuna, DL-tokoferilacetat, antioksidans: ekstrakt bogat tokoferolima, retinil-palmitat, holekalciferol.<br \/>\nAktivni sastojci:\u00a0Omega-3 masne kiseline, Vitamin E,\u00a0Vitamin A, Vitamin D.\n<\/p><\/div>\n<div class=\"product-info\">\n<h3 class=\"title\"><i class=\"icon-clipboard mr-1\" aria-hidden=\"true\"><\/i>\u00a0Tov\u00e1bbi inform\u00e1ci\u00f3<\/h3>\n<table class=\"info-table\">\n<tbody>\n<tr>\n<th>Gy\u00e1rt\u00f3:<\/th>\n<td><a href=\"https:\/\/benu.rs\/orkla-health\">ORKLA HEALTH<\/a><\/td>\n<\/tr>\n<tr>\n<th>EAN kod:<\/th>\n<td>7070866015732<\/td>\n<\/tr>\n<tr>\n<th>Brend:<\/th>\n<td><a href=\"https:\/\/benu.rs\/mollers\">Mollers<\/a><\/td>\n<\/tr>\n<tr>\n<th>Jellemz\u0151k:<\/th>\n<td>Dodatak ishrani koji predstavlja izvor omega-3 masnih kiselina (eikozapentaenska kiselina: EPA i dokozaheksaenska kiselina: DHA) i vitamina A, D i E.<\/td>\n<\/tr>\n<tr>\n<th>Osobine artikla:<\/th>\n<td>Vitamin D i E doprinose normalnoj funkciji imunog sistema i o\u010duvanju kostiju.<\/td>\n<\/tr>\n<tr>\n<th>Osobine artikla:<\/th>\n<td>EPA i DHA doprinose normalnoj funkciji srca.<\/td>\n<\/tr>\n<tr>\n<th>Osobine artikla:<\/th>\n<td>Vitamin A doprinosi odr\u017eavanju normalnog vida i funkcije imunog sistema.<\/td>\n<\/tr>\n<tr>\n<th>Zemlja porekla:<\/th>\n<td>Norve\u0161ka<\/td>\n<\/tr>\n<tr>\n<th>Uvoznik za Srbiju:<\/th>\n<td>Focus I. M. C. d.o.o. Beograd<\/td>\n<\/tr>\n<\/tbody>\n<\/table>\n<\/div>","protected":false},"featured_media":8729,"template":"","meta":[],"product_brand":[3200],"product_cat":[3054,340,106],"product_tag":[1709,1009,446,278,246,209],"class_list":{"0":"post-8728","1":"product","2":"type-product","3":"status-publish","4":"has-post-thumbnail","6":"product_brand-mollers","7":"product_cat-akcija","8":"product_cat-deciji-program","9":"product_cat-preparati-za-apetit-i-imunitet-kod-dece","10":"product_tag-betty","11":"product_tag-limun","12":"product_tag-omega-3","13":"product_tag-vitamin-a","14":"product_tag-vitamin-d","15":"product_tag-vitamin-e","17":"first","18":"instock","19":"shipping-taxable","20":"purchasable","21":"product-type-simple"},"ams_default_variation_id":0,"ams_product_points_reward":[],"ams_product_discount_percentage":0,"ams_price_to_display":3078.78,"ams_acf":[],"jetpack_sharing_enabled":true,"_links":{"self":[{"href":"https:\/\/apotekar-online.rs\/hu\/wp-json\/wp\/v2\/product\/8728","targetHints":{"allow":["GET"]}}],"collection":[{"href":"https:\/\/apotekar-online.rs\/hu\/wp-json\/wp\/v2\/product"}],"about":[{"href":"https:\/\/apotekar-online.rs\/hu\/wp-json\/wp\/v2\/types\/product"}],"wp:featuredmedia":[{"embeddable":true,"href":"https:\/\/apotekar-online.rs\/hu\/wp-json\/wp\/v2\/media\/8729"}],"wp:attachment":[{"href":"https:\/\/apotekar-online.rs\/hu\/wp-json\/wp\/v2\/media?parent=8728"}],"wp:term":[{"taxonomy":"product_brand","embeddable":true,"href":"https:\/\/apotekar-online.rs\/hu\/wp-json\/wp\/v2\/product_brand?post=8728"},{"taxonomy":"product_cat","embeddable":true,"href":"https:\/\/apotekar-online.rs\/hu\/wp-json\/wp\/v2\/product_cat?post=8728"},{"taxonomy":"product_tag","embeddable":true,"href":"https:\/\/apotekar-online.rs\/hu\/wp-json\/wp\/v2\/product_tag?post=8728"}],"curies":[{"name":"wp","href":"https:\/\/api.w.org\/{rel}","templated":true}]}}