{"id":8730,"date":"2026-02-28T13:21:31","date_gmt":"2026-02-28T15:21:31","guid":{"rendered":"https:\/\/apotekar-online.rs\/?post_type=product&#038;p=8730"},"modified":"2026-04-04T16:39:04","modified_gmt":"2026-04-04T18:39:04","slug":"altiprim-200-ml","status":"publish","type":"product","link":"https:\/\/apotekar-online.rs\/hu\/p\/altiprim-200-ml\/","title":{"rendered":"Altiprim, 200 ml"},"content":{"rendered":"","protected":false},"excerpt":{"rendered":"<div class=\"wysiwyg\">\n<p><strong>Term\u00e9kle\u00edr\u00e1s<\/strong><\/p>\n<p>Altiprim sadr\u017ei ekstrakte korena belog sleza, korena jagor\u010devine i nadzemnog dela timijana i med. Ovi sastojci blagotvorno deluju na sluzoko\u017eu disajnih organa i \u0161tite je od nadra\u017eaja, razre\u0111uju gusti bronhijalni sekret, pospe\u0161uju izlu\u010divanje sluzi iz bronhija i olak\u0161avaju disanje i iska\u0161ljavanje. Altiprim se preporu\u010duje za ubla\u017eavanje tegoba kod lak\u0161ih zapaljenja grla, za smirivanje suvog ka\u0161lja i olak\u0161avanje iska\u0161ljavanja ve\u0107 formiranog bronhijalnog sekreta.<\/p>\n<p><strong>Adagol\u00e1s \u00e9s felhaszn\u00e1l\u00e1si m\u00f3d<\/strong><\/p>\n<p>Uzima se \u010detiri puta dnevno po jedna kafena ka\u0161ika. Pre upotrebe, sadr\u017eaj bo\u010dice promu\u0107kati.\u00a0Posle otvaranja, fla\u0161icu treba dobro zatvoriti i \u010duvati u fri\u017eideru, ne du\u017ee od 4 nedelje. Ne preporu\u010duje se upotreba proizvoda kod trudnica, dojilja i osoba koje su osetljive na neki od njegovih sastojaka.\u00a0Proizvod nije pogodan za primenu kod dijabeti\u010dara.<\/p>\n<p><strong>Fogalmaz\u00e1s<\/strong><\/p>\n<p>Aktivne supstance\u00a0u 100 g proizvoda: te\u010dni vodeno-etanolni ekstrakt korena belog sleza (Althaeae officinalis) 1:15\u00a026.0 g, te\u010dni ekstrakt herbe timijana (1:2.5) (Thymi extractum fluidum (1:2.5)) 15.0 g, ded (Mel)\u00a010.8 g, te\u010dni ekstrakt korena jagor\u010devine (1:2.5) (Primulae extractum fluidum (1:2.5))\u00a0\u00a03.0 g. Ostali sastojci: saharoza. Konzervans: natrijum benzoat (Natrii benzoas)\u00a00.2 g<\/p>\n<\/div>\n<div class=\"product-info\">\n<h3 class=\"title\"><i class=\"icon-clipboard mr-1\" aria-hidden=\"true\"><\/i>\u00a0Tov\u00e1bbi inform\u00e1ci\u00f3<\/h3>\n<table class=\"info-table\">\n<tbody>\n<tr>\n<th>Gy\u00e1rt\u00f3:<\/th>\n<td><a href=\"https:\/\/benu.rs\/inst-dr-josif-pancic\">Institut &#8222;Dr Josif Pan\u010di\u0107&#8220;<\/a><\/td>\n<\/tr>\n<tr>\n<th>EAN kod:<\/th>\n<td>8600264073448<\/td>\n<\/tr>\n<tr>\n<th>Brend:<\/th>\n<td><a href=\"https:\/\/benu.rs\/josif-pancic\">Josif Pan\u010di\u0107<\/a><\/td>\n<\/tr>\n<tr>\n<th>Jellemz\u0151k:<\/th>\n<td>Rastvor za oralnu upotrebu za grlo i disajne organe.<\/td>\n<\/tr>\n<\/tbody>\n<\/table>\n<\/div>","protected":false},"featured_media":8731,"template":"","meta":[],"product_brand":[3201],"product_cat":[3054],"product_tag":[515,1709,3202,527],"class_list":{"0":"post-8730","1":"product","2":"type-product","3":"status-publish","4":"has-post-thumbnail","6":"product_brand-josif-pancic","7":"product_cat-akcija","8":"product_tag-beli-slez","9":"product_tag-betty","10":"product_tag-herba","11":"product_tag-jagorcevina","12":"pa_brend-inst-dr-josif-pancic","14":"first","15":"instock","16":"sale","17":"shipping-taxable","18":"purchasable","19":"product-type-simple"},"ams_default_variation_id":0,"ams_product_points_reward":[],"ams_product_discount_percentage":6.09,"ams_price_to_display":842.4,"ams_acf":[],"jetpack_sharing_enabled":true,"_links":{"self":[{"href":"https:\/\/apotekar-online.rs\/hu\/wp-json\/wp\/v2\/product\/8730","targetHints":{"allow":["GET"]}}],"collection":[{"href":"https:\/\/apotekar-online.rs\/hu\/wp-json\/wp\/v2\/product"}],"about":[{"href":"https:\/\/apotekar-online.rs\/hu\/wp-json\/wp\/v2\/types\/product"}],"wp:featuredmedia":[{"embeddable":true,"href":"https:\/\/apotekar-online.rs\/hu\/wp-json\/wp\/v2\/media\/8731"}],"wp:attachment":[{"href":"https:\/\/apotekar-online.rs\/hu\/wp-json\/wp\/v2\/media?parent=8730"}],"wp:term":[{"taxonomy":"product_brand","embeddable":true,"href":"https:\/\/apotekar-online.rs\/hu\/wp-json\/wp\/v2\/product_brand?post=8730"},{"taxonomy":"product_cat","embeddable":true,"href":"https:\/\/apotekar-online.rs\/hu\/wp-json\/wp\/v2\/product_cat?post=8730"},{"taxonomy":"product_tag","embeddable":true,"href":"https:\/\/apotekar-online.rs\/hu\/wp-json\/wp\/v2\/product_tag?post=8730"}],"curies":[{"name":"wp","href":"https:\/\/api.w.org\/{rel}","templated":true}]}}