{"id":8734,"date":"2026-02-28T13:40:31","date_gmt":"2026-02-28T15:40:31","guid":{"rendered":"https:\/\/apotekar-online.rs\/?post_type=product&#038;p=8734"},"modified":"2026-03-31T00:00:08","modified_gmt":"2026-03-31T02:00:08","slug":"oligovit-mg-direct-20-kesica","status":"publish","type":"product","link":"https:\/\/apotekar-online.rs\/hu\/p\/oligovit-mg-direct-20-kesica\/","title":{"rendered":"Oligovit Mg Direct, 20 kesica"},"content":{"rendered":"","protected":false},"excerpt":{"rendered":"<div class=\"wysiwyg\">\n<h2>Term\u00e9kle\u00edr\u00e1s<\/h2>\n<p>Oligovit\u00a0Mg Direct, pra\u0161ak za direktnu oralnu upotrebu je dijetetski suplement koji predstavlja dodatni izvor magnezijuma, vitamina B1, B6, namenjen sportistima i osobama koje se ose\u0107aju umorno i iscrpljeno. Ovo je jedinstvena kombinacija koja sinergijom aktivnih sastojaka doprinosi zdravlju mi\u0161i\u0107nog i kardiovaskularnog sistema, kao i odr\u017eavanju normalnog energetskog metabolizma.\u00a0U pitanju je forma za direktnu oralnu upotrebu, najfinije pra\u0161kaste strukture, prijatne arome vi\u0161nje.<\/p>\n<h2>Adagol\u00e1s \u00e9s alkalmaz\u00e1s m\u00f3dja<\/h2>\n<p>Odrasli i deca uzrasta iznad 12 godina: Jednom dnevno sadr\u017eaj 1 kesice rastopiti direktno u\u00a0ustima bez\u00a0dodavanja te\u010dnosti i progutati.<\/p>\n<h2>Fogalmaz\u00e1s<\/h2>\n<p>Magnezijum Oksid, Vitamini B1(tiamin hidrohlorid), B6(piridoksin-hidorhlorid), sorbitol, limunksa kiselina, aroma vi\u0161nje.<\/p>\n<p>&nbsp;<\/p>\n<\/div>\n<div class=\"product-info\">\n<h3 class=\"title\"><i class=\"icon-clipboard mr-1\" aria-hidden=\"true\"><\/i>\u00a0Tov\u00e1bbi inform\u00e1ci\u00f3<\/h3>\n<table class=\"info-table\">\n<tbody>\n<tr>\n<th>Gy\u00e1rt\u00f3:<\/th>\n<td><a href=\"https:\/\/benu.rs\/galenika\">Galenika<\/a><\/td>\n<\/tr>\n<tr>\n<th>EAN kod:<\/th>\n<td>8600618015018, 8600618015872<\/td>\n<\/tr>\n<tr>\n<th>Brend:<\/th>\n<td><a href=\"https:\/\/benu.rs\/oligovit\">Oligovit<\/a><\/td>\n<\/tr>\n<tr>\n<th>Jellemz\u0151k:<\/th>\n<td>Namenjen je sportistima i osobama koje se ose\u0107aju umorno i iscrpljeno.<\/td>\n<\/tr>\n<tr>\n<th>Osobine artikla:<\/th>\n<td>Doprinosi zdravlju mi\u0161i\u0107nog i kardiovaskularnog sistema.<\/td>\n<\/tr>\n<tr>\n<th>Osobine artikla:<\/th>\n<td>Najfinije pra\u0161kaste strukture, prijatne arome vi\u0161nje.<\/td>\n<\/tr>\n<tr>\n<th>Zemlja porekla:<\/th>\n<td>Srbija<\/td>\n<\/tr>\n<\/tbody>\n<\/table>\n<\/div>","protected":false},"featured_media":8735,"template":"","meta":[],"product_brand":[3081],"product_cat":[3054,77,82],"product_tag":[1709,3195,3097,359,307,232],"class_list":{"0":"post-8734","1":"product","2":"type-product","3":"status-publish","4":"has-post-thumbnail","6":"product_brand-galenika","7":"product_cat-akcija","8":"product_cat-imunitet","9":"product_cat-kosti-zglobovi-i-neuropatski-bol","10":"product_tag-betty","11":"product_tag-limunska-kiselina","12":"product_tag-sp","13":"product_tag-super-petak","14":"product_tag-vitamin-b1","15":"product_tag-vitamin-b6","16":"pa_brend-galenika","18":"first","19":"instock","20":"shipping-taxable","21":"purchasable","22":"product-type-simple"},"ams_default_variation_id":0,"ams_product_points_reward":[],"ams_product_discount_percentage":0,"ams_price_to_display":607.2,"ams_acf":[],"jetpack_sharing_enabled":true,"_links":{"self":[{"href":"https:\/\/apotekar-online.rs\/hu\/wp-json\/wp\/v2\/product\/8734","targetHints":{"allow":["GET"]}}],"collection":[{"href":"https:\/\/apotekar-online.rs\/hu\/wp-json\/wp\/v2\/product"}],"about":[{"href":"https:\/\/apotekar-online.rs\/hu\/wp-json\/wp\/v2\/types\/product"}],"wp:featuredmedia":[{"embeddable":true,"href":"https:\/\/apotekar-online.rs\/hu\/wp-json\/wp\/v2\/media\/8735"}],"wp:attachment":[{"href":"https:\/\/apotekar-online.rs\/hu\/wp-json\/wp\/v2\/media?parent=8734"}],"wp:term":[{"taxonomy":"product_brand","embeddable":true,"href":"https:\/\/apotekar-online.rs\/hu\/wp-json\/wp\/v2\/product_brand?post=8734"},{"taxonomy":"product_cat","embeddable":true,"href":"https:\/\/apotekar-online.rs\/hu\/wp-json\/wp\/v2\/product_cat?post=8734"},{"taxonomy":"product_tag","embeddable":true,"href":"https:\/\/apotekar-online.rs\/hu\/wp-json\/wp\/v2\/product_tag?post=8734"}],"curies":[{"name":"wp","href":"https:\/\/api.w.org\/{rel}","templated":true}]}}