{"id":8743,"date":"2026-02-28T14:30:52","date_gmt":"2026-02-28T16:30:52","guid":{"rendered":"https:\/\/apotekar-online.rs\/?post_type=product&#038;p=8743"},"modified":"2026-03-31T00:00:08","modified_gmt":"2026-03-31T02:00:08","slug":"atopik-krem-5-uree-100ml","status":"publish","type":"product","link":"https:\/\/apotekar-online.rs\/hu\/p\/atopik-krem-5-uree-100ml\/","title":{"rendered":"Atopik krem 5% uree 100ml"},"content":{"rendered":"","protected":false},"excerpt":{"rendered":"<p>3 \u00e9vesn\u00e9l id\u0151sebb gyermekek \u00e9s feln\u0151ttek sz\u00e1raz arc- \u00e9s testb\u0151r\u00e9nek napi \u00e1pol\u00e1s\u00e1ra.<\/p>\n<p>Hidrofil kr\u00e9m gazdag text\u00far\u00e1j\u00fa \u00e9s \u00f6sszet\u00e9tel\u0171, a b\u0151r term\u00e9szetes hidrat\u00e1l\u00f3 faktor\u00e1nak \u00f6sszetev\u0151ivel.<\/p>\n<p>Namenjena za negu suve ko\u017ee koja je naj\u010de\u0161\u0107i kozmeti\u010dki problem, osnovni simptom suvih dermatoza (ekcem, atopijski dermatitis kod dece, psorijaza, ihtioza\u2026) kao i \u010dest prate\u0107i simptom sistemskih bolesti poput dijabetesa, bubre\u017ene insuficijencije, poreme\u0107aja tiroidne \u017elezde\u2026<\/p>\n<p>&nbsp;<\/p>\n<p class=\"mainTitle oswald\">Akci\u00f3<\/p>\n<div class=\"text\">\n<ul>\n<li>hidrat\u00e1lja, puh\u00edtja \u00e9s sim\u00e1v\u00e1 \u00e9s rugalmass\u00e1 teszi a b\u0151rt<\/li>\n<li>jav\u00edtja a b\u0151r v\u00e9d\u0151 funkci\u00f3j\u00e1t<\/li>\n<li>helyre\u00e1ll\u00edtja a b\u0151rt a sz\u00e1r\u00edt\u00f3szerek (szappanok, mos\u00f3szerek, szerves old\u00f3szerek...) k\u00e1ros hat\u00e1sai \u00e9s a k\u00fcls\u0151 k\u00f6rnyezet k\u00e1ros hat\u00e1sai ut\u00e1n<\/li>\n<li>cs\u00f6kkenti a h\u00e1ml\u00e1st, a viszket\u00e9st \u00e9s a szor\u00edt\u00f3 \u00e9rz\u00e9st<\/li>\n<li>sz\u00e1raz dermatosis ter\u00e1pi\u00e1j\u00e1nak kieg\u00e9sz\u00edt\u00e9sek\u00e9nt javasolt<\/li>\n<\/ul>\n<p class=\"mainTitle oswald\">Fogalmaz\u00e1s<\/p>\n<div class=\"text\">\n<p>10% ligetsz\u00e9pe olajat \u00e9s 5% sheavajat, lakt\u00e1tot \u00e9s tejsavat tartalmaz<\/p>\n<\/div>\n<\/div>","protected":false},"featured_media":8744,"template":"","meta":[],"product_brand":[3210],"product_cat":[3054],"product_tag":[1709,2712,787,1626],"class_list":{"0":"post-8743","1":"product","2":"type-product","3":"status-publish","4":"has-post-thumbnail","6":"product_brand-crystal-derma","7":"product_cat-akcija","8":"product_tag-betty","9":"product_tag-laktat","10":"product_tag-mlecna-kiselina","11":"product_tag-si-buter","12":"pa_brend-crystal-derma","14":"first","15":"instock","16":"shipping-taxable","17":"purchasable","18":"product-type-simple"},"ams_default_variation_id":0,"ams_product_points_reward":[],"ams_product_discount_percentage":0,"ams_price_to_display":855,"ams_acf":[],"jetpack_sharing_enabled":true,"_links":{"self":[{"href":"https:\/\/apotekar-online.rs\/hu\/wp-json\/wp\/v2\/product\/8743","targetHints":{"allow":["GET"]}}],"collection":[{"href":"https:\/\/apotekar-online.rs\/hu\/wp-json\/wp\/v2\/product"}],"about":[{"href":"https:\/\/apotekar-online.rs\/hu\/wp-json\/wp\/v2\/types\/product"}],"wp:featuredmedia":[{"embeddable":true,"href":"https:\/\/apotekar-online.rs\/hu\/wp-json\/wp\/v2\/media\/8744"}],"wp:attachment":[{"href":"https:\/\/apotekar-online.rs\/hu\/wp-json\/wp\/v2\/media?parent=8743"}],"wp:term":[{"taxonomy":"product_brand","embeddable":true,"href":"https:\/\/apotekar-online.rs\/hu\/wp-json\/wp\/v2\/product_brand?post=8743"},{"taxonomy":"product_cat","embeddable":true,"href":"https:\/\/apotekar-online.rs\/hu\/wp-json\/wp\/v2\/product_cat?post=8743"},{"taxonomy":"product_tag","embeddable":true,"href":"https:\/\/apotekar-online.rs\/hu\/wp-json\/wp\/v2\/product_tag?post=8743"}],"curies":[{"name":"wp","href":"https:\/\/api.w.org\/{rel}","templated":true}]}}