{"id":8749,"date":"2026-03-02T05:17:13","date_gmt":"2026-03-02T07:17:13","guid":{"rendered":"https:\/\/apotekar-online.rs\/?post_type=product&#038;p=8749"},"modified":"2026-03-05T08:27:36","modified_gmt":"2026-03-05T10:27:36","slug":"oligovit-c-1000mg-30-tableta-2","status":"publish","type":"product","link":"https:\/\/apotekar-online.rs\/hu\/p\/oligovit-c-1000mg-30-tableta-2\/","title":{"rendered":"Oligovit C 1000mg 30 tabletta"},"content":{"rendered":"","protected":false},"excerpt":{"rendered":"<p>Oligovit C 1000 mg je dodatak ishrani koji predstavlja dodatni izvor vitamina C sa postepenim osloba\u0111anjem, namenjen imunitetu i respiratornom zdravlju. Postepeno osloba\u0111anje aktivnog sastojka iz Oligovit C 1000 mg tableta omogu\u0107ava kontinuiranu dostupnost vitaminom C tokom dana.<\/p>\n<p class=\"mainTitle oswald\"><strong>A felhaszn\u00e1l\u00e1s m\u00f3dja<\/strong><\/p>\n<div class=\"text\">Odrasli: Jednom dnevno popiti 1 tabletu uz \u010da\u0161u vode.<\/div>\n<div>\n<p><strong>Akci\u00f3<\/strong><\/p>\n<p>Vitamin C doprinosi normalnoj funkciji imunskog sistema, odr\u017eavanju normalnog energetskog metabolizma, smanjenju umora i iscrpljenosti, za\u0161titi \u0107elija od oksidativnog stresa i pove\u0107anju resorpcije gvo\u017e\u0111a. \u0160ipurak doprinosi respiratornom zdravlju i zdravlju imunskog sistema.<br \/>\nFogalmaz\u00e1s<\/p>\n<p>1 tabletta<br \/>\nVitamin C (L-askorbinska kiselina) 930 mg<br \/>\nSuvi ekstrakt ploda \u0161ipurka (Rosa canina) 100mg -standardnizovano na 70% prirodnog vitamina C 70mg<\/p>\n<p>&nbsp;<\/p>\n<\/div>","protected":false},"featured_media":6883,"template":"","meta":[],"product_brand":[],"product_cat":[78],"product_tag":[2333,179,2775,2776,245],"class_list":{"0":"post-8749","1":"product","2":"type-product","3":"status-publish","4":"has-post-thumbnail","6":"product_cat-vitamini-i-minerali","7":"product_tag-1000-mg","8":"product_tag-imunitet","9":"product_tag-oligovit","10":"product_tag-posterpeno-oslobadja","11":"product_tag-vitamin-c","12":"pa_brend-galenika","14":"first","15":"instock","16":"shipping-taxable","17":"purchasable","18":"product-type-simple"},"ams_default_variation_id":0,"ams_product_points_reward":[],"ams_product_discount_percentage":0,"ams_price_to_display":770,"ams_acf":[],"jetpack_sharing_enabled":true,"_links":{"self":[{"href":"https:\/\/apotekar-online.rs\/hu\/wp-json\/wp\/v2\/product\/8749","targetHints":{"allow":["GET"]}}],"collection":[{"href":"https:\/\/apotekar-online.rs\/hu\/wp-json\/wp\/v2\/product"}],"about":[{"href":"https:\/\/apotekar-online.rs\/hu\/wp-json\/wp\/v2\/types\/product"}],"wp:featuredmedia":[{"embeddable":true,"href":"https:\/\/apotekar-online.rs\/hu\/wp-json\/wp\/v2\/media\/6883"}],"wp:attachment":[{"href":"https:\/\/apotekar-online.rs\/hu\/wp-json\/wp\/v2\/media?parent=8749"}],"wp:term":[{"taxonomy":"product_brand","embeddable":true,"href":"https:\/\/apotekar-online.rs\/hu\/wp-json\/wp\/v2\/product_brand?post=8749"},{"taxonomy":"product_cat","embeddable":true,"href":"https:\/\/apotekar-online.rs\/hu\/wp-json\/wp\/v2\/product_cat?post=8749"},{"taxonomy":"product_tag","embeddable":true,"href":"https:\/\/apotekar-online.rs\/hu\/wp-json\/wp\/v2\/product_tag?post=8749"}],"curies":[{"name":"wp","href":"https:\/\/api.w.org\/{rel}","templated":true}]}}