{"id":8777,"date":"2026-03-03T07:19:35","date_gmt":"2026-03-03T09:19:35","guid":{"rendered":"https:\/\/apotekar-online.rs\/?post_type=product&#038;p=8777"},"modified":"2026-04-05T18:01:51","modified_gmt":"2026-04-05T20:01:51","slug":"venosmin-30-tableta","status":"publish","type":"product","link":"https:\/\/apotekar-online.rs\/hu\/p\/venosmin-30-tableta\/","title":{"rendered":"Venosmin 30 tableta"},"content":{"rendered":"","protected":false},"excerpt":{"rendered":"<p><strong>Distribucija ovog leka preko interneta je strogo zabranjena i regulisana propisima zakona Republike Srbije, dok je prezentacija istog na internetu dozvoljena, isklju\u010divo u cilju informisanja\u00a0<\/strong><strong>op\u0161te i stru\u010dne javnosti o njegovoj nameni i boljeg upoznavanja sa osnovnim karakteristikama samog leka.<\/strong><\/p>\n<p>Olvassa el figyelmesen ezt az utas\u00edt\u00e1st, miel\u0151tt elkezdi szedni ezt a gy\u00f3gyszert, mert az \u00d6n sz\u00e1m\u00e1ra fontos inform\u00e1ci\u00f3kat tartalmaz.<\/p>\n<p>Ezt a gy\u00f3gyszert mindig pontosan a betegt\u00e1j\u00e9koztat\u00f3ban le\u00edrtaknak, vagy az orvos vagy gy\u00f3gyszer\u00e9sze \u00e1ltal elmondottaknak megfelel\u0151en szedje.<\/p>\n<ul>\n<li>Mentse el az utas\u00edt\u00e1sokat. Lehet, hogy \u00fajra el kell olvasnia.<\/li>\n<li>Ha tov\u00e1bbi k\u00e9rd\u00e9se van, vagy tan\u00e1csra van sz\u00fcks\u00e9ge, forduljon gy\u00f3gyszer\u00e9sz\u00e9hez.<\/li>\n<li>Ukoliko Vam se javi bilo koje ne\u017eeljeno dejstvo, obratite se Va\u0161em lekaru ili farmaceutu.<\/li>\n<li>Ha nem \u00e9rzi jobban mag\u00e1t, vagy rosszabbul \u00e9rzi mag\u00e1t 3 nap eltelt\u00e9vel, forduljon orvos\u00e1hoz.<\/li>\n<\/ul>\n<p data-start=\"172\" data-end=\"342\"><strong data-start=\"172\" data-end=\"193\">Venosmin\u00ae 1000 mg<\/strong> je lek namenjen terapiji poreme\u0107aja venske cirkulacije i ubla\u017eavanju simptoma hroni\u010dne venske insuficijencije i hemoroidalnog sindroma kod odraslih.<\/p>\n<h3 data-start=\"344\" data-end=\"354\">Fogalmaz\u00e1s<\/h3>\n<p data-start=\"355\" data-end=\"381\">Jedna film tableta sadr\u017ei:<\/p>\n<ul data-start=\"382\" data-end=\"424\">\n<li data-start=\"382\" data-end=\"401\">\n<p data-start=\"384\" data-end=\"401\">900 mg diosmina<\/p>\n<\/li>\n<li data-start=\"402\" data-end=\"424\">\n<p data-start=\"404\" data-end=\"424\">100 mg hesperidina<\/p>\n<\/li>\n<\/ul>\n<p data-start=\"426\" data-end=\"610\">Ova kombinacija flavonoida deluje tako \u0161to pove\u0107ava tonus vena, smanjuje rastegljivost venskog zida i propustljivost kapilara, \u010dime doprinosi smanjenju otoka i ose\u0107aja te\u017eine u nogama.<\/p>\n<h3 data-start=\"612\" data-end=\"626\">Javallatok<\/h3>\n<p data-start=\"628\" data-end=\"660\">Venosmin 1000 mg se koristi kod:<\/p>\n<p data-start=\"662\" data-end=\"716\"><strong data-start=\"662\" data-end=\"697\">Hroni\u010dne venske insuficijencije<\/strong>, kada su prisutni:<\/p>\n<ul data-start=\"717\" data-end=\"796\">\n<li data-start=\"717\" data-end=\"743\">\n<p data-start=\"719\" data-end=\"743\">ose\u0107aj te\u017eine u nogama<\/p>\n<\/li>\n<li data-start=\"744\" data-end=\"760\">\n<p data-start=\"746\" data-end=\"760\">bol u nogama<\/p>\n<\/li>\n<li data-start=\"761\" data-end=\"777\">\n<p data-start=\"763\" data-end=\"777\">no\u0107ni gr\u010devi<\/p>\n<\/li>\n<li data-start=\"778\" data-end=\"796\">\n<p data-start=\"780\" data-end=\"796\">oticanje (edemi)<\/p>\n<\/li>\n<\/ul>\n<p data-start=\"798\" data-end=\"893\"><strong data-start=\"798\" data-end=\"832\">Akutnog hemoroidalnog sindroma<\/strong>, radi ubla\u017eavanja simptoma kao \u0161to su bol, otok i krvarenje.<\/p>\n<h3 data-start=\"895\" data-end=\"924\">Na\u010din primene i doziranje<\/h3>\n<p data-start=\"926\" data-end=\"1056\">Kod hroni\u010dne venske insuficijencije preporu\u010dena doza je 1 tableta dnevno, uz obrok. Terapija obi\u010dno traje najmanje 4 do 5 nedelja.<\/p>\n<p data-start=\"1058\" data-end=\"1214\">Kod akutnog hemoroidalnog sindroma primenjuje se intenzivniji re\u017eim tokom prvih 7 dana, nakon \u010dega se nastavlja sa 1 tabletom dnevno prema preporuci lekara.<\/p>\n<p data-start=\"1216\" data-end=\"1246\">Lek se uzima oralno, uz obrok.<\/p>\n<h3 data-start=\"1248\" data-end=\"1282\">Kontraindikacije i mere opreza<\/h3>\n<p data-start=\"1284\" data-end=\"1393\">Venosmin se ne primenjuje kod osoba preosetljivih na diosmin, hesperidin ili bilo koji pomo\u0107ni sastojak leka.<\/p>\n<p data-start=\"1395\" data-end=\"1465\">Ne preporu\u010duje se primena kod dece i adolescenata mla\u0111ih od 18 godina.<\/p>\n<p data-start=\"1467\" data-end=\"1542\">Tokom trudno\u0107e i dojenja primena je mogu\u0107a samo uz konsultaciju sa lekarom.<\/p>\n<h3 data-start=\"1544\" data-end=\"1565\">K\u00e1ros hat\u00e1sok<\/h3>\n<p data-start=\"1567\" data-end=\"1743\">Mogu se javiti blage gastrointestinalne tegobe, glavobolja ili reakcije preosetljivosti. U slu\u010daju izra\u017eenih alergijskih reakcija terapiju treba prekinuti i obratiti se lekaru.<\/p>","protected":false},"featured_media":8778,"template":"","meta":[],"product_brand":[3081],"product_cat":[3134,79,84,85],"product_tag":[276,3212],"class_list":{"0":"post-8777","1":"product","2":"type-product","3":"status-publish","4":"has-post-thumbnail","6":"product_brand-galenika","7":"product_cat-hemoroidi","8":"product_cat-srce-krvni-sudovi-i-holesterol","9":"product_cat-zdravlje-muskaraca","10":"product_cat-zdravlje-zena","11":"product_tag-hemoroidi","12":"product_tag-upala-vena","13":"pa_brend-galenika","15":"first","16":"instock","17":"shipping-taxable","18":"product-type-simple"},"ams_default_variation_id":0,"ams_product_points_reward":[],"ams_product_discount_percentage":0,"ams_price_to_display":0,"ams_acf":[],"jetpack_sharing_enabled":true,"_links":{"self":[{"href":"https:\/\/apotekar-online.rs\/hu\/wp-json\/wp\/v2\/product\/8777","targetHints":{"allow":["GET"]}}],"collection":[{"href":"https:\/\/apotekar-online.rs\/hu\/wp-json\/wp\/v2\/product"}],"about":[{"href":"https:\/\/apotekar-online.rs\/hu\/wp-json\/wp\/v2\/types\/product"}],"wp:featuredmedia":[{"embeddable":true,"href":"https:\/\/apotekar-online.rs\/hu\/wp-json\/wp\/v2\/media\/8778"}],"wp:attachment":[{"href":"https:\/\/apotekar-online.rs\/hu\/wp-json\/wp\/v2\/media?parent=8777"}],"wp:term":[{"taxonomy":"product_brand","embeddable":true,"href":"https:\/\/apotekar-online.rs\/hu\/wp-json\/wp\/v2\/product_brand?post=8777"},{"taxonomy":"product_cat","embeddable":true,"href":"https:\/\/apotekar-online.rs\/hu\/wp-json\/wp\/v2\/product_cat?post=8777"},{"taxonomy":"product_tag","embeddable":true,"href":"https:\/\/apotekar-online.rs\/hu\/wp-json\/wp\/v2\/product_tag?post=8777"}],"curies":[{"name":"wp","href":"https:\/\/api.w.org\/{rel}","templated":true}]}}