{"id":8787,"date":"2026-03-03T08:24:56","date_gmt":"2026-03-03T10:24:56","guid":{"rendered":"https:\/\/apotekar-online.rs\/?post_type=product&#038;p=8787"},"modified":"2026-04-05T17:58:18","modified_gmt":"2026-04-05T19:58:18","slug":"cellenergy-q10-50-mg-30-kapsule","status":"publish","type":"product","link":"https:\/\/apotekar-online.rs\/hu\/p\/cellenergy-q10-50-mg-30-kapsule\/","title":{"rendered":"Cellenergy Q10 50 mg 30 kapsule"},"content":{"rendered":"","protected":false},"excerpt":{"rendered":"<div class=\"wysiwyg\">\n<h5>Term\u00e9kle\u00edr\u00e1s<\/h5>\n<p>Koenzim Q10 ( ubidekarenon ) je neophodan za funkcionisanje \u0107elija organizma. Q10 je mo\u0107an antioksidans koji pretvara energiju iz hrane u energiju koje telo koristi za svoje metaboli\u010dke procese i mi\u0161i\u0107nu funkciju. Organima koji imaju velike energetske potrebe ( sr\u010dani mi\u0161i\u0107 ) neophodna je velika koli\u010dina koenzima Q10. Niske vrednosti ovog koenzima u sr\u010danom mi\u0161i\u0107u mogu se popraviti pravilnim unosom dodataka ishrani. Lekovi koji deluju na smanjenje stvaranja holesterola dovode do nedostatka koenzima Q10, pa je i njegova primena u terapiji sa ovim lekovima neophodna. Koenzim Q10 u ovom preparatu je dobijen prirodnim procesom fermentacije, rastvorljiv je u vodi i ima 3-4 puta ve\u0107u rasorpciju u telu u odnosu na oblik rastvorljivosti u mastima.<\/p>\n<h5>Adagol\u00e1s \u00e9s alkalmaz\u00e1s m\u00f3dja<\/h5>\n<p>Doziranje: 1 kapsula dnevno.<\/p>\n<h5>Fogalmaz\u00e1s<\/h5>\n<p>1 kapsula sadr\u017ei Koenzim Q10 ( ubidekarenon ) 50 mg, vitamin E ( alfa tokoferol-acetat ) 50 mg, ekstrakt crnog bibera ( 15% piperina ) 20 mg, selen 80 \u03bcg.<\/p>\n<\/div>\n<div class=\"product-info\">\n<h3 class=\"title\"><i class=\"icon-clipboard mr-1\" aria-hidden=\"true\"><\/i>\u00a0Tov\u00e1bbi inform\u00e1ci\u00f3<\/h3>\n<table class=\"info-table\">\n<tbody>\n<tr>\n<th>Gy\u00e1rt\u00f3:<\/th>\n<td><a href=\"https:\/\/benu.rs\/alkaloid\">Alkaloid<\/a><\/td>\n<\/tr>\n<tr>\n<th>Brend:<\/th>\n<td><a href=\"https:\/\/benu.rs\/cellenergy\">Cellenergy<\/a><\/td>\n<\/tr>\n<tr>\n<th>Jellemz\u0151k:<\/th>\n<td>Cellenergy Q10 50 mg kapsule se upotrebljavaju kao dodatak ishrani za za\u0161titu \u0107elija od oksidativnog o\u0161te\u0107enja tj. kao pomo\u0107 u stvaranju energije na \u0107elijskom nivou, kao i pravilno funkcionisanje kardiovaskularnog sistema.<\/td>\n<\/tr>\n<tr>\n<th>Osobine artikla:<\/th>\n<td>Za\u0161tita od oksidativnog stresa<\/td>\n<\/tr>\n<tr>\n<th>Osobine artikla:<\/th>\n<td>Pravilna funkcija kardiovaskularnog sistema<\/td>\n<\/tr>\n<tr>\n<th>Osobine artikla:<\/th>\n<td>Stvaranje energije u \u0107elijama<\/td>\n<\/tr>\n<\/tbody>\n<\/table>\n<\/div>","protected":false},"featured_media":8788,"template":"","meta":[],"product_brand":[3149],"product_cat":[79,84,85],"product_tag":[2233,258],"class_list":{"0":"post-8787","1":"product","2":"type-product","3":"status-publish","4":"has-post-thumbnail","6":"product_brand-alkaloid","7":"product_cat-srce-krvni-sudovi-i-holesterol","8":"product_cat-zdravlje-muskaraca","9":"product_cat-zdravlje-zena","10":"product_tag-coenzim-q10","11":"product_tag-srce","12":"pa_brend-alkaloid","14":"first","15":"instock","16":"shipping-taxable","17":"purchasable","18":"product-type-simple"},"ams_default_variation_id":0,"ams_product_points_reward":[],"ams_product_discount_percentage":0,"ams_price_to_display":1352.4,"ams_acf":[],"jetpack_sharing_enabled":true,"_links":{"self":[{"href":"https:\/\/apotekar-online.rs\/hu\/wp-json\/wp\/v2\/product\/8787","targetHints":{"allow":["GET"]}}],"collection":[{"href":"https:\/\/apotekar-online.rs\/hu\/wp-json\/wp\/v2\/product"}],"about":[{"href":"https:\/\/apotekar-online.rs\/hu\/wp-json\/wp\/v2\/types\/product"}],"wp:featuredmedia":[{"embeddable":true,"href":"https:\/\/apotekar-online.rs\/hu\/wp-json\/wp\/v2\/media\/8788"}],"wp:attachment":[{"href":"https:\/\/apotekar-online.rs\/hu\/wp-json\/wp\/v2\/media?parent=8787"}],"wp:term":[{"taxonomy":"product_brand","embeddable":true,"href":"https:\/\/apotekar-online.rs\/hu\/wp-json\/wp\/v2\/product_brand?post=8787"},{"taxonomy":"product_cat","embeddable":true,"href":"https:\/\/apotekar-online.rs\/hu\/wp-json\/wp\/v2\/product_cat?post=8787"},{"taxonomy":"product_tag","embeddable":true,"href":"https:\/\/apotekar-online.rs\/hu\/wp-json\/wp\/v2\/product_tag?post=8787"}],"curies":[{"name":"wp","href":"https:\/\/api.w.org\/{rel}","templated":true}]}}