{"id":8816,"date":"2026-03-05T09:22:10","date_gmt":"2026-03-05T11:22:10","guid":{"rendered":"https:\/\/apotekar-online.rs\/?post_type=product&#038;p=8816"},"modified":"2026-03-31T00:00:09","modified_gmt":"2026-03-31T02:00:09","slug":"centrum-silver-50-30-tableta","status":"publish","type":"product","link":"https:\/\/apotekar-online.rs\/hu\/p\/centrum-silver-50-30-tableta\/","title":{"rendered":"Centrum Silver 50+, 30 tableta"},"content":{"rendered":"","protected":false},"excerpt":{"rendered":"<div class=\"wysiwyg\">\n<h5><strong>Term\u00e9kle\u00edr\u00e1s<\/strong><\/h5>\n<p>Zahvalju\u0107i sastavu, Centrum Silver 50+ doprinosi: vitalnosti, imunitetu, dobrom vidu i zdravim kostima. Vitamini grupe B (B1, B2, B6, B12) i magnezijum doprinose odr\u017eavanju normalnog energetskog metabolizma. Vitamin A i C, bakar i cink doprinose normalnoj funkciji imunog sistema.\u00a0Vitamini A, B2 i cink doprinose odr\u017eavanju normalnog vida. Kalcijum je potreban za odr\u017eavanje normalnih kostiju. Dodatno, vitamin D i vitamin K doprinose odr\u017eavanju normalnih kostiju. Proizvod\u00a0je namenjen osobama starijim od 50 godina.<\/p>\n<h5><strong>Adagol\u00e1s \u00e9s alkalmaz\u00e1s m\u00f3dja<\/strong><\/h5>\n<p>Preporu\u010dena doza za odrasle 50+: 1 tabletu dnevno uzeti sa vodom, najbolje uz obrok.<\/p>\n<h5><strong>Fogalmaz\u00e1s<\/strong><\/h5>\n<p>Ozna\u010den na ambala\u017ei.<\/p>\n<\/div>\n<div class=\"product-info\">\n<h3 class=\"title\"><i class=\"icon-clipboard mr-1\" aria-hidden=\"true\"><\/i>\u00a0Tov\u00e1bbi inform\u00e1ci\u00f3<\/h3>\n<table class=\"info-table\">\n<tbody>\n<tr>\n<th>Gy\u00e1rt\u00f3:<\/th>\n<td><a href=\"https:\/\/benu.rs\/haleon\">Haleon<\/a><\/td>\n<\/tr>\n<tr>\n<th>Brend:<\/th>\n<td><a href=\"https:\/\/benu.rs\/centrum\">K\u00f6zpont<\/a><\/td>\n<\/tr>\n<tr>\n<th>Jellemz\u0151k:<\/th>\n<td>Centrum Silver 50+ ima sastav posebno razvijen da zadovolji potrebe starijih osoba i sadr\u017ei 13 vitamina i 11 minerala i elemenata u tragovima.<\/td>\n<\/tr>\n<\/tbody>\n<\/table>\n<\/div>","protected":false},"featured_media":8817,"template":"","meta":[],"product_brand":[3215],"product_cat":[3054,77,78],"product_tag":[186,185,333,323,278,245,246,280],"class_list":{"0":"post-8816","1":"product","2":"type-product","3":"status-publish","4":"has-post-thumbnail","6":"product_brand-centrum","7":"product_cat-akcija","8":"product_cat-imunitet","9":"product_cat-vitamini-i-minerali","10":"product_tag-bakar","11":"product_tag-cink","12":"product_tag-kalcijum","13":"product_tag-magnezijum","14":"product_tag-vitamin-a","15":"product_tag-vitamin-c","16":"product_tag-vitamin-d","17":"product_tag-vitamin-k","19":"first","20":"instock","21":"shipping-taxable","22":"purchasable","23":"product-type-simple"},"ams_default_variation_id":0,"ams_product_points_reward":[],"ams_product_discount_percentage":0,"ams_price_to_display":1506,"ams_acf":[],"jetpack_sharing_enabled":true,"_links":{"self":[{"href":"https:\/\/apotekar-online.rs\/hu\/wp-json\/wp\/v2\/product\/8816","targetHints":{"allow":["GET"]}}],"collection":[{"href":"https:\/\/apotekar-online.rs\/hu\/wp-json\/wp\/v2\/product"}],"about":[{"href":"https:\/\/apotekar-online.rs\/hu\/wp-json\/wp\/v2\/types\/product"}],"wp:featuredmedia":[{"embeddable":true,"href":"https:\/\/apotekar-online.rs\/hu\/wp-json\/wp\/v2\/media\/8817"}],"wp:attachment":[{"href":"https:\/\/apotekar-online.rs\/hu\/wp-json\/wp\/v2\/media?parent=8816"}],"wp:term":[{"taxonomy":"product_brand","embeddable":true,"href":"https:\/\/apotekar-online.rs\/hu\/wp-json\/wp\/v2\/product_brand?post=8816"},{"taxonomy":"product_cat","embeddable":true,"href":"https:\/\/apotekar-online.rs\/hu\/wp-json\/wp\/v2\/product_cat?post=8816"},{"taxonomy":"product_tag","embeddable":true,"href":"https:\/\/apotekar-online.rs\/hu\/wp-json\/wp\/v2\/product_tag?post=8816"}],"curies":[{"name":"wp","href":"https:\/\/api.w.org\/{rel}","templated":true}]}}