{"id":8885,"date":"2026-03-10T07:51:20","date_gmt":"2026-03-10T09:51:20","guid":{"rendered":"https:\/\/apotekar-online.rs\/?post_type=product&#038;p=8885"},"modified":"2026-03-10T07:52:53","modified_gmt":"2026-03-10T09:52:53","slug":"hipp-bio-kasica-banana-i-breskva-u-jabuci-190g","status":"publish","type":"product","link":"https:\/\/apotekar-online.rs\/hu\/p\/hipp-bio-kasica-banana-i-breskva-u-jabuci-190g\/","title":{"rendered":"Hipp Bio ka\u0161ica banana i breskva u jabuci 190g"},"content":{"rendered":"","protected":false},"excerpt":{"rendered":"<p>Term\u00e9kle\u00edr\u00e1s<br \/>\nHiPP ka\u0161ica od banane i breskve u jabuci predstavlja ukusan vo\u0107ni obrok za odoj\u010dad, napravljen bez dodatka \u0161e\u0107era (\u0161e\u0107er je prirodno prisutan u sastojcima), aroma, mle\u010dnih proizvoda i sredstava za zgu\u0161njavanje. Ova ka\u0161ica je pa\u017eljivo pripremljena kako bi sa\u010duvala najkvalitetnije sastojke i prirodni ukus, pru\u017eaju\u0107i va\u0161em detetu nutritivno bogat i ukusan obrok.<\/p>\n<p>Fogalmaz\u00e1s<br \/>\nVo\u0107e 100%: jabuke 67%, breskve 20%, banane 13%.<\/p>\n<p>Uzrast<br \/>\nPogodno za bebe od 4 meseca i starije.<\/p>\n<p>Csomagol\u00e1s<br \/>\n190g<\/p>","protected":false},"featured_media":8886,"template":"","meta":[],"product_brand":[3222],"product_cat":[340,369],"product_tag":[3228,2209,3227,3226,1834],"class_list":{"0":"post-8885","1":"product","2":"type-product","3":"status-publish","4":"has-post-thumbnail","6":"product_brand-hipp","7":"product_cat-deciji-program","8":"product_cat-decija-hrana","9":"product_tag-100-voce","10":"product_tag-banana","11":"product_tag-breskva","12":"product_tag-jabuke","13":"product_tag-voce","15":"first","16":"instock","17":"shipping-taxable","18":"purchasable","19":"product-type-simple"},"ams_default_variation_id":0,"ams_product_points_reward":[],"ams_product_discount_percentage":0,"ams_price_to_display":324,"ams_acf":[],"jetpack_sharing_enabled":true,"_links":{"self":[{"href":"https:\/\/apotekar-online.rs\/hu\/wp-json\/wp\/v2\/product\/8885","targetHints":{"allow":["GET"]}}],"collection":[{"href":"https:\/\/apotekar-online.rs\/hu\/wp-json\/wp\/v2\/product"}],"about":[{"href":"https:\/\/apotekar-online.rs\/hu\/wp-json\/wp\/v2\/types\/product"}],"wp:featuredmedia":[{"embeddable":true,"href":"https:\/\/apotekar-online.rs\/hu\/wp-json\/wp\/v2\/media\/8886"}],"wp:attachment":[{"href":"https:\/\/apotekar-online.rs\/hu\/wp-json\/wp\/v2\/media?parent=8885"}],"wp:term":[{"taxonomy":"product_brand","embeddable":true,"href":"https:\/\/apotekar-online.rs\/hu\/wp-json\/wp\/v2\/product_brand?post=8885"},{"taxonomy":"product_cat","embeddable":true,"href":"https:\/\/apotekar-online.rs\/hu\/wp-json\/wp\/v2\/product_cat?post=8885"},{"taxonomy":"product_tag","embeddable":true,"href":"https:\/\/apotekar-online.rs\/hu\/wp-json\/wp\/v2\/product_tag?post=8885"}],"curies":[{"name":"wp","href":"https:\/\/api.w.org\/{rel}","templated":true}]}}