{"id":8905,"date":"2026-03-10T09:15:12","date_gmt":"2026-03-10T11:15:12","guid":{"rendered":"https:\/\/apotekar-online.rs\/?post_type=product&#038;p=8905"},"modified":"2026-03-10T09:15:13","modified_gmt":"2026-03-10T11:15:13","slug":"hipp-sok-grozdje-i-jabuka-200ml","status":"publish","type":"product","link":"https:\/\/apotekar-online.rs\/hu\/p\/hipp-sok-grozdje-i-jabuka-200ml\/","title":{"rendered":"Hipp sok gro\u017e\u0111e i jabuka 200ml"},"content":{"rendered":"","protected":false},"excerpt":{"rendered":"<p><strong>Hipp sok od jabuke i gro\u017e\u0111a<\/strong>, u pakovanju od 200g, namenjen za bebe uzrasta nakon navr\u0161enog 4. meseca i malu decu.<\/p>\n<p><strong>Hipp sok od jabuke i gro\u017e\u0111a:<\/strong><\/p>\n<ul>\n<li>Bez dodatka \u0161e\u0107era (\u0161e\u0107er je prirodno sadr\u017ean u ovim sastojcima)<\/li>\n<li>Bez dodatka aroma<\/li>\n<li>Bez konzervansa i ve\u0161ta\u010dkih boja<\/li>\n<li>Pa\u017eljivo pripremano da bi se sa\u010duvao kvalitet i ukus<\/li>\n<\/ul>\n<p>Sastav: Vo\u0107ni sok 100% ( blago kiseli sok jabuke od koncentrovanog soka jabuke 77%, blago kiseli sok od belog gro\u017e\u0111a 23%), L-askorbinska kiselina (izvor vitamina C)<\/p>","protected":false},"featured_media":8906,"template":"","meta":[],"product_brand":[3222],"product_cat":[340,369],"product_tag":[1517,1040,3229,245,3243],"class_list":{"0":"post-8905","1":"product","2":"type-product","3":"status-publish","4":"has-post-thumbnail","6":"product_brand-hipp","7":"product_cat-deciji-program","8":"product_cat-decija-hrana","9":"product_tag-grozdje","10":"product_tag-jabuka","11":"product_tag-l-askorbinska-kiselina","12":"product_tag-vitamin-c","13":"product_tag-vocni-sok","15":"first","16":"instock","17":"shipping-taxable","18":"purchasable","19":"product-type-simple"},"ams_default_variation_id":0,"ams_product_points_reward":[],"ams_product_discount_percentage":0,"ams_price_to_display":221,"ams_acf":[],"jetpack_sharing_enabled":true,"_links":{"self":[{"href":"https:\/\/apotekar-online.rs\/hu\/wp-json\/wp\/v2\/product\/8905","targetHints":{"allow":["GET"]}}],"collection":[{"href":"https:\/\/apotekar-online.rs\/hu\/wp-json\/wp\/v2\/product"}],"about":[{"href":"https:\/\/apotekar-online.rs\/hu\/wp-json\/wp\/v2\/types\/product"}],"wp:featuredmedia":[{"embeddable":true,"href":"https:\/\/apotekar-online.rs\/hu\/wp-json\/wp\/v2\/media\/8906"}],"wp:attachment":[{"href":"https:\/\/apotekar-online.rs\/hu\/wp-json\/wp\/v2\/media?parent=8905"}],"wp:term":[{"taxonomy":"product_brand","embeddable":true,"href":"https:\/\/apotekar-online.rs\/hu\/wp-json\/wp\/v2\/product_brand?post=8905"},{"taxonomy":"product_cat","embeddable":true,"href":"https:\/\/apotekar-online.rs\/hu\/wp-json\/wp\/v2\/product_cat?post=8905"},{"taxonomy":"product_tag","embeddable":true,"href":"https:\/\/apotekar-online.rs\/hu\/wp-json\/wp\/v2\/product_tag?post=8905"}],"curies":[{"name":"wp","href":"https:\/\/api.w.org\/{rel}","templated":true}]}}