{"id":8971,"date":"2026-03-24T15:57:01","date_gmt":"2026-03-24T17:57:01","guid":{"rendered":"https:\/\/apotekar-online.rs\/?post_type=product&#038;p=8971"},"modified":"2026-04-01T00:00:10","modified_gmt":"2026-04-01T02:00:10","slug":"supradyn-stress-control","status":"publish","type":"product","link":"https:\/\/apotekar-online.rs\/hu\/p\/supradyn-stress-control\/","title":{"rendered":"Supradyn Stress Control"},"content":{"rendered":"","protected":false},"excerpt":{"rendered":"<p>Film tablete sa ekstraktima rodiole, bramija i svetog bosiljka, namenjene prevazila\u017eenju stresa.<\/p>\n<h2 class=\"coh-heading heading ssa-instance-3efba8b421af426bc06c376f6c0c41ef coh-ce-cpt_anchor_link_content-b3e39f17\">FORMULA<\/h2>\n<div class=\"coh-container ssa-component coh-component ssa-component-instance-f9a8fe8b-6c88-4cda-b62b-f5f13f65a861 coh-component-instance-f9a8fe8b-6c88-4cda-b62b-f5f13f65a861 coh-style-content-panel-container background-show margin-bottom-hide border-hide ssa-instance-501b071a43b4562b26a29393e2bf06c4 coh-ce-cpt_content_panel_container-9254cad4\" data-once=\"lazy-background\">\n<div class=\"coh-container content-panel-container-boxed  coh-style-small---padding-top-bottom coh-ce-cpt_content_panel_container-744473fe coh-container-boxed\">\n<div class=\"coh-row coh-row-xl coh-row-visible-xl\" data-coh-row-match-heights=\"{&quot;xl&quot;:{&quot;target&quot;:&quot;none&quot;}}\" data-once=\"coh-row-match-heights-init\">\n<div class=\"coh-row-inner coh-ce-cpt_content_panel_container-fd48fbf3\">\n<div class=\"coh-column coh-visible-ps coh-col-ps-12 coh-visible-sm coh-col-sm-12 coh-visible-xl coh-col-xl-12\">\n<div class=\"coh-container ssa-component coh-component ssa-component-instance-bb363217-b442-4656-80cd-b339c78b4418 coh-component-instance-bb363217-b442-4656-80cd-b339c78b4418 coh-style-wysiwyg text-left text-mobile-left background-show margin-bottom-hide border-hide ssa-instance-a10b3afee125437f73fd27dce9060b47 coh-ce-cpt_wysiwyg-5af44548\" data-wow-offset=\"\" data-wow-iteration=\"\" data-wow-duration=\"s\" data-wow-delay=\"s\" data-once=\"lazy-background\">\n<div class=\"coh-container WYSIWYG-container padding-none coh-container-boxed\">\n<div class=\"coh-wysiwyg wysiwyg-content\">\n<p><strong>Supradyn\u00ae Stress Control, 30 \u00a0film tableta<\/strong><br \/>\nSupradyn\u00ae STRESS CONTROL, film tablete je dodatak ishrani sa ekstraktima rodiole, bramija i svetog bosiljka, namenjen prevazila\u017eenju stresa. Rodiola je adaptogen i doprinosi prilago\u0111avanju organizma na emocionalni stres i fizi\u010dki napor. Brami doprinosi mentalnom zdravlju, kognitivnim funkcijama i pobolj\u0161anju pam\u0107enja.<\/p>\n<\/div>\n<p><strong>NA\u010cIN UPOTREBE:\u00a0<\/strong><br \/>\n<u>Feln\u0151ttek:<\/u>\u00a0Jednom dnevno popiti jednu tabletu najbolje ujutro uz, ili nakon doru\u010dka.<\/p>\n<p>Proizvod nije namenjen trudnicama, dojiljama i mla\u0111ima od 18 godina.<\/p>\n<\/div>\n<h2 class=\"coh-heading heading ssa-instance-b3a1d611ee25bb4e9a92df167a64d2a5 coh-ce-cpt_anchor_link_content-b3e39f17\">ALKATR\u00c9SZEK<\/h2>\n<div class=\"coh-container ssa-component coh-component ssa-component-instance-797d4039-1638-4f9a-b2b7-ee2ab91cf44f coh-component-instance-797d4039-1638-4f9a-b2b7-ee2ab91cf44f coh-style-wysiwyg text-left text-mobile-left background-show coh-style-small---margin-bottom border-hide ssa-instance-ce2816c1bd811f1365616c0110706d2c coh-ce-cpt_wysiwyg-5af44548\" data-wow-offset=\"\" data-wow-iteration=\"\" data-wow-duration=\"s\" data-wow-delay=\"s\" data-once=\"lazy-background\">\n<div class=\"coh-container WYSIWYG-container padding-none coh-container-boxed\">\n<div class=\"coh-wysiwyg wysiwyg-content\">\n<table border=\"1\" cellspacing=\"1\" cellpadding=\"1\">\n<tbody>\n<tr>\n<td><strong>Sadr\u017eaj aktivnih komponenti\u00a0<\/strong><\/td>\n<td><strong>1 film tableta\u00a0<\/strong><\/td>\n<td><strong>% NRV*\u00a0<\/strong><\/td>\n<\/tr>\n<tr>\n<td>Suvi ekstrakt korena rodiole (Rhodiola rosea), DER 1,5-5:1 &#8211; standardizovano na 1% rozavina<\/td>\n<td>170,0 mg 1,7 mg<\/td>\n<td>&#8211;<\/td>\n<\/tr>\n<tr>\n<td>Suvi ekstrakt herbe bramija (Bacopa monnieri), DER 15-20:1 &#8211; standardizovano na min. 19,5% bakozida<\/td>\n<td>160,0 mg 31.2 mg<\/td>\n<td>&#8211;<\/td>\n<\/tr>\n<tr>\n<td>Suvi ekstrakt lista svetog bosiljka (Ocimum sanctum), DER 8-10:1 &#8211; standardizovano na min. 0,1% rozmarinske kiseline<\/td>\n<td>30,0 mg 0,03 mg<\/td>\n<td>&#8211;<\/td>\n<\/tr>\n<\/tbody>\n<\/table>\n<\/div>\n<\/div>\n<\/div>\n<\/div>\n<\/div>\n<\/div>\n<\/div>\n<\/div>\n<\/div>","protected":false},"featured_media":8972,"template":"","meta":[],"product_brand":[3094],"product_cat":[3054],"product_tag":[1709,545,3202,3275],"class_list":{"0":"post-8971","1":"product","2":"type-product","3":"status-publish","4":"has-post-thumbnail","6":"product_brand-bayer","7":"product_cat-akcija","8":"product_tag-betty","9":"product_tag-bosiljak","10":"product_tag-herba","11":"product_tag-radiola","13":"first","14":"instock","15":"sale","16":"shipping-taxable","17":"purchasable","18":"product-type-simple"},"ams_default_variation_id":0,"ams_product_points_reward":[],"ams_product_discount_percentage":15,"ams_price_to_display":1449.82,"ams_acf":[],"jetpack_sharing_enabled":true,"_links":{"self":[{"href":"https:\/\/apotekar-online.rs\/hu\/wp-json\/wp\/v2\/product\/8971","targetHints":{"allow":["GET"]}}],"collection":[{"href":"https:\/\/apotekar-online.rs\/hu\/wp-json\/wp\/v2\/product"}],"about":[{"href":"https:\/\/apotekar-online.rs\/hu\/wp-json\/wp\/v2\/types\/product"}],"wp:featuredmedia":[{"embeddable":true,"href":"https:\/\/apotekar-online.rs\/hu\/wp-json\/wp\/v2\/media\/8972"}],"wp:attachment":[{"href":"https:\/\/apotekar-online.rs\/hu\/wp-json\/wp\/v2\/media?parent=8971"}],"wp:term":[{"taxonomy":"product_brand","embeddable":true,"href":"https:\/\/apotekar-online.rs\/hu\/wp-json\/wp\/v2\/product_brand?post=8971"},{"taxonomy":"product_cat","embeddable":true,"href":"https:\/\/apotekar-online.rs\/hu\/wp-json\/wp\/v2\/product_cat?post=8971"},{"taxonomy":"product_tag","embeddable":true,"href":"https:\/\/apotekar-online.rs\/hu\/wp-json\/wp\/v2\/product_tag?post=8971"}],"curies":[{"name":"wp","href":"https:\/\/api.w.org\/{rel}","templated":true}]}}