{"id":8977,"date":"2026-03-24T16:16:17","date_gmt":"2026-03-24T18:16:17","guid":{"rendered":"https:\/\/apotekar-online.rs\/?post_type=product&#038;p=8977"},"modified":"2026-04-01T00:00:10","modified_gmt":"2026-04-01T02:00:10","slug":"livsane-a-z-multivitamin-depo-a60-2","status":"publish","type":"product","link":"https:\/\/apotekar-online.rs\/hu\/p\/livsane-a-z-multivitamin-depo-a60-2\/","title":{"rendered":"LIVSANE A-Z Multivitamin Depo A60"},"content":{"rendered":"","protected":false},"excerpt":{"rendered":"<div class=\"wysiwyg\">\n<p>Term\u00e9kle\u00edr\u00e1s<\/p>\n<p>A-Z Multivitamini Depo je dodatak ishrani u obliku tableta sa produ\u017eenim osloba\u0111anjem koji predstavlja dopunski izvor vitamina, minerala, oligoelemenata i luteina u ishrani. Proizvod nije namenjen trudnicama, dojiljama i osobama mla\u0111im od 18 godina.\u00a0Preporu\u010duje se odraslima starosne dobi od 18 do 50 godina, kao pomo\u0107 u ja\u010danju imuniteta i odr\u017eanju zdravlja i funkcija celog organizma, koji usled obaveza i \u017eivotnih navika ishranom ne unose adekvatne koli\u010dine vitamina, minerala, oligoelemenata i luteina. Proizvod ne sadr\u017ei laktozu.<\/p>\n<p>Adagol\u00e1s \u00e9s felhaszn\u00e1l\u00e1si m\u00f3d<\/p>\n<p>Jedna tableta dnevno sa dosta te\u010dnosti<\/p>\n<p>Fogalmaz\u00e1s<\/p>\n<p>Po jednoj tableti (% NRV*), Vitamin C 100 mg (125%), Niacin 20 mg NE (125%), Vitamin E 15 mg \u03b1-TE (125%), Pantotenska kiselina \u00a07,5 mg (125%), Vitamin B6 1,75 mg (125%), Vitamin B2 1,75 mg (125%), Vitamin B1 1,38 mg (125%), Vitamin A (25 % \u00a0Beta-Carotene) 400 \u00b5g RE (50%), Folna kiselina 200 \u00b5g (100%), Biotin 62,5 \u00b5g (125%), Vitamin K1 30 \u00b5g (40%), Vitamin D3 5 \u00b5g (100%), Vitamin B12 2,5 \u00b5g (100%), Kalcijum 164 mg (21%), Fosfor 125 mg (18%), Magnezijum 100 mg (27%), Gvo\u017e\u0111e 4,2 mg (30%), Cink 5 mg (50%), Mangan 2 mg (100%), Bakar 500 \u00b5g (50%), Jod 100 \u00b5g (67%), Molibden 50 \u00b5g (100%), Hrom 40 \u00b5g (100%), Selen 27,5 \u00b5g (50%), Lutein 0,5 mg\n<\/p><\/div>\n<div class=\"product-info\">\n<h3 class=\"title\"><i class=\"icon-clipboard mr-1\" aria-hidden=\"true\"><\/i>\u00a0Tov\u00e1bbi inform\u00e1ci\u00f3<\/h3>\n<table class=\"info-table\">\n<tbody>\n<tr>\n<th>Gy\u00e1rt\u00f3:<\/th>\n<td><a href=\"https:\/\/benu.rs\/livsane-1612525398\">LIVSANE<\/a><\/td>\n<\/tr>\n<tr>\n<th>Brend:<\/th>\n<td><a href=\"https:\/\/benu.rs\/livsane\">LIVSANE<\/a><\/td>\n<\/tr>\n<tr>\n<th>Linija proizvoda:<\/th>\n<td><a href=\"https:\/\/benu.rs\/livsane-vitamini-i-minerali\">LIVSANE Vitamini i minerali<\/a><\/td>\n<\/tr>\n<tr>\n<th>Jellemz\u0151k:<\/th>\n<td>Dodatak ishrani sa vitaminima, mineralima, elementima u tragovima i luteinom.<\/td>\n<\/tr>\n<tr>\n<th>Osobine artikla:<\/th>\n<td>Ja\u010da imunitet i otpornost organizma<\/td>\n<\/tr>\n<tr>\n<th>Osobine artikla:<\/th>\n<td>Dopunski izvor vitamina i minerala<\/td>\n<\/tr>\n<\/tbody>\n<\/table>\n<\/div>","protected":false},"featured_media":8979,"template":"","meta":[],"product_brand":[3090],"product_cat":[3054],"product_tag":[186,3277,1709,233,185,279,3279,330,292,333,1861,1871,235,291,232,245,209,3278],"class_list":{"0":"post-8977","1":"product","2":"type-product","3":"status-publish","4":"has-post-thumbnail","6":"product_brand-livsane","7":"product_cat-akcija","8":"product_tag-bakar","9":"product_tag-beta-caroten","10":"product_tag-betty","11":"product_tag-biotin","12":"product_tag-cink","13":"product_tag-folna-kiselina","14":"product_tag-fosfor","15":"product_tag-gvozde","16":"product_tag-hrom","17":"product_tag-kalcijum","18":"product_tag-lutein","19":"product_tag-mangan","20":"product_tag-selen","21":"product_tag-vitamin-b12","22":"product_tag-vitamin-b6","23":"product_tag-vitamin-c","24":"product_tag-vitamin-e","25":"product_tag-vitamin-k1","27":"first","28":"instock","29":"sale","30":"shipping-taxable","31":"purchasable","32":"product-type-simple"},"ams_default_variation_id":0,"ams_product_points_reward":[],"ams_product_discount_percentage":20,"ams_price_to_display":1080.81,"ams_acf":[],"jetpack_sharing_enabled":true,"_links":{"self":[{"href":"https:\/\/apotekar-online.rs\/hu\/wp-json\/wp\/v2\/product\/8977","targetHints":{"allow":["GET"]}}],"collection":[{"href":"https:\/\/apotekar-online.rs\/hu\/wp-json\/wp\/v2\/product"}],"about":[{"href":"https:\/\/apotekar-online.rs\/hu\/wp-json\/wp\/v2\/types\/product"}],"wp:featuredmedia":[{"embeddable":true,"href":"https:\/\/apotekar-online.rs\/hu\/wp-json\/wp\/v2\/media\/8979"}],"wp:attachment":[{"href":"https:\/\/apotekar-online.rs\/hu\/wp-json\/wp\/v2\/media?parent=8977"}],"wp:term":[{"taxonomy":"product_brand","embeddable":true,"href":"https:\/\/apotekar-online.rs\/hu\/wp-json\/wp\/v2\/product_brand?post=8977"},{"taxonomy":"product_cat","embeddable":true,"href":"https:\/\/apotekar-online.rs\/hu\/wp-json\/wp\/v2\/product_cat?post=8977"},{"taxonomy":"product_tag","embeddable":true,"href":"https:\/\/apotekar-online.rs\/hu\/wp-json\/wp\/v2\/product_tag?post=8977"}],"curies":[{"name":"wp","href":"https:\/\/api.w.org\/{rel}","templated":true}]}}