{"id":8983,"date":"2026-03-24T16:30:23","date_gmt":"2026-03-24T18:30:23","guid":{"rendered":"https:\/\/apotekar-online.rs\/?post_type=product&#038;p=8983"},"modified":"2026-04-01T00:00:10","modified_gmt":"2026-04-01T02:00:10","slug":"natural-wealth-5-magnezijum-375-mg-60-kapsula","status":"publish","type":"product","link":"https:\/\/apotekar-online.rs\/hu\/p\/natural-wealth-5-magnezijum-375-mg-60-kapsula\/","title":{"rendered":"Natural Wealth 5 Magnezijum 375 mg, 60 kapsula"},"content":{"rendered":"","protected":false},"excerpt":{"rendered":"<div class=\"wysiwyg\">\n<h2>Term\u00e9kle\u00edr\u00e1s<\/h2>\n<p>Za podsticanje probave i\u00a0smirenje \u017eeluda\u010dnih tegoba, za energiju i\u00a0smanjenje hroni\u010dnog umora, pripremu\u00a0mi\u0161i\u0107a za fizi\u010dku aktivnost, pomo\u0107\u00a0kod glavobolja, smanjenje anksioznosti, odr\u017eavanje ravnote\u017ee elektolita.<\/p>\n<h2>Adagol\u00e1s \u00e9s alkalmaz\u00e1s m\u00f3dja<\/h2>\n<p>1 kapszula naponta.<\/p>\n<h2>Fogalmaz\u00e1s<\/h2>\n<p>375mg magnezijuma (magnezijum-malat, magnezijum-oksid, magnezijum-askorbat, magnezijum-citrat, magnezijum-bisglicinat)\n<\/p><\/div>\n<div class=\"product-info\">\n<h3 class=\"title\"><i class=\"icon-clipboard mr-1\" aria-hidden=\"true\"><\/i>\u00a0Tov\u00e1bbi inform\u00e1ci\u00f3<\/h3>\n<table class=\"info-table\">\n<tbody>\n<tr>\n<th>Gy\u00e1rt\u00f3:<\/th>\n<td><a href=\"https:\/\/benu.rs\/natural-wealth-1614072094\">Term\u00e9szeti gazdags\u00e1g<\/a><\/td>\n<\/tr>\n<tr>\n<th>EAN kod:<\/th>\n<td>3859894315069<\/td>\n<\/tr>\n<tr>\n<th>Brend:<\/th>\n<td><a href=\"https:\/\/benu.rs\/natural-wealth\">Term\u00e9szeti gazdags\u00e1g<\/a><\/td>\n<\/tr>\n<tr>\n<th>Jellemz\u0151k:<\/th>\n<td>Sadr\u017ei punu dnevnu dozu od 375 mg magnezijuma iz 5 razli\u010ditih izvora.<\/td>\n<\/tr>\n<tr>\n<th>Osobine artikla:<\/th>\n<td>Visoka bioraspolo\u017eivost.<\/td>\n<\/tr>\n<tr>\n<th>Osobine artikla:<\/th>\n<td>Za energiju i smanjenje hroni\u010dnog umora i iscrpljenosti.<\/td>\n<\/tr>\n<tr>\n<th>Zemlja porekla:<\/th>\n<td>EU<\/td>\n<\/tr>\n<tr>\n<th>Uvoznik za Srbiju:<\/th>\n<td>MILSING<\/td>\n<\/tr>\n<\/tbody>\n<\/table>\n<\/div>","protected":false},"featured_media":8984,"template":"","meta":[],"product_brand":[3098],"product_cat":[3054],"product_tag":[3282,1709,3281],"class_list":{"0":"post-8983","1":"product","2":"type-product","3":"status-publish","4":"has-post-thumbnail","6":"product_brand-natural-wealth","7":"product_cat-akcija","8":"product_tag-askorbat","9":"product_tag-betty","10":"product_tag-oksid","12":"first","13":"instock","14":"sale","15":"shipping-taxable","16":"purchasable","17":"product-type-simple"},"ams_default_variation_id":0,"ams_product_points_reward":[],"ams_product_discount_percentage":20,"ams_price_to_display":1048.8,"ams_acf":[],"jetpack_sharing_enabled":true,"_links":{"self":[{"href":"https:\/\/apotekar-online.rs\/hu\/wp-json\/wp\/v2\/product\/8983","targetHints":{"allow":["GET"]}}],"collection":[{"href":"https:\/\/apotekar-online.rs\/hu\/wp-json\/wp\/v2\/product"}],"about":[{"href":"https:\/\/apotekar-online.rs\/hu\/wp-json\/wp\/v2\/types\/product"}],"wp:featuredmedia":[{"embeddable":true,"href":"https:\/\/apotekar-online.rs\/hu\/wp-json\/wp\/v2\/media\/8984"}],"wp:attachment":[{"href":"https:\/\/apotekar-online.rs\/hu\/wp-json\/wp\/v2\/media?parent=8983"}],"wp:term":[{"taxonomy":"product_brand","embeddable":true,"href":"https:\/\/apotekar-online.rs\/hu\/wp-json\/wp\/v2\/product_brand?post=8983"},{"taxonomy":"product_cat","embeddable":true,"href":"https:\/\/apotekar-online.rs\/hu\/wp-json\/wp\/v2\/product_cat?post=8983"},{"taxonomy":"product_tag","embeddable":true,"href":"https:\/\/apotekar-online.rs\/hu\/wp-json\/wp\/v2\/product_tag?post=8983"}],"curies":[{"name":"wp","href":"https:\/\/api.w.org\/{rel}","templated":true}]}}