{"id":9015,"date":"2026-04-03T18:12:42","date_gmt":"2026-04-03T20:12:42","guid":{"rendered":"https:\/\/apotekar-online.rs\/?post_type=product&#038;p=9015"},"modified":"2026-04-03T18:12:42","modified_gmt":"2026-04-03T20:12:42","slug":"betavitevit-koenzim-q10-100mg-b1-b6-30-kapsula","status":"publish","type":"product","link":"https:\/\/apotekar-online.rs\/hu\/p\/betavitevit-koenzim-q10-100mg-b1-b6-30-kapsula\/","title":{"rendered":"Betavitevit Koenzim Q10 100mg + B1 + B6 30 kapsula"},"content":{"rendered":"","protected":false},"excerpt":{"rendered":"<p><b>Fogalmaz\u00e1s:<\/b><\/p>\n<p>Pivski kvasac, koenzim Q10.<\/p>\n<p><b>Javallatok:<\/b><\/p>\n<p>&#8211; \u00a0 Za usporavanje starenja i ja\u010danje imuniteta svim osobama preko 35 godina starosti<\/p>\n<p>&#8211; \u00a0 Osobama koje pate od hroni\u010dnog umora<\/p>\n<p>&#8211; \u00a0 Sportistima<\/p>\n<p>&#8211; \u00a0 Osobama sa sr\u010danim tegobama<\/p>\n<p><b>M\u0171velet:<\/b><\/p>\n<p>-Koenzim Q10 prisutan u ovom preparatu je proizvod renomiranog japanskog proizvo\u0111a\u010da dobijen procesom fermentacije kvasca i potpuno je biolo\u0161ki identi\u010dan koenzimu Q10 koji se stvara u ljudskom organizmu i koji je neophodan u procesu \u00a0nastanka energije potrebne za normalno funkcionisanje \u0107elije.<\/p>\n<p>-Smanjenje nivoa koenzima Q10 u organizmu nakon 35. godine \u017eivota naro\u010dito poga\u0111a organe kojima je potrebno najvi\u0161e energije za funkcionisanje, a to su srce, plu\u0107a, jetra i bubrezi.<\/p>\n<p>-Koenzim Q10deluje i kao sna\u017ean antioksidans koji \u0161titi \u0107elije od \u0161tetnog dejstva slobodnih radikala.<\/p>\n<p><b>Felhaszn\u00e1l\u00e1s m\u00f3dja:<\/b><\/p>\n<p>1 tableta dnevo.<\/p>\n<p>Preporu\u010duje se uzimanje tablete pre obroka, pribli\u017eno u isto vreme.<\/p>","protected":false},"featured_media":9016,"template":"","meta":[],"product_brand":[3091],"product_cat":[3054],"product_tag":[1709,2233,3038],"class_list":{"0":"post-9015","1":"product","2":"type-product","3":"status-publish","4":"has-post-thumbnail","6":"product_brand-esensa","7":"product_cat-akcija","8":"product_tag-betty","9":"product_tag-coenzim-q10","10":"product_tag-pivski-kvasac","12":"first","13":"instock","14":"sale","15":"shipping-taxable","16":"purchasable","17":"product-type-simple"},"ams_default_variation_id":0,"ams_product_points_reward":[],"ams_product_discount_percentage":15,"ams_price_to_display":1032.24,"ams_acf":[],"jetpack_sharing_enabled":true,"_links":{"self":[{"href":"https:\/\/apotekar-online.rs\/hu\/wp-json\/wp\/v2\/product\/9015","targetHints":{"allow":["GET"]}}],"collection":[{"href":"https:\/\/apotekar-online.rs\/hu\/wp-json\/wp\/v2\/product"}],"about":[{"href":"https:\/\/apotekar-online.rs\/hu\/wp-json\/wp\/v2\/types\/product"}],"wp:featuredmedia":[{"embeddable":true,"href":"https:\/\/apotekar-online.rs\/hu\/wp-json\/wp\/v2\/media\/9016"}],"wp:attachment":[{"href":"https:\/\/apotekar-online.rs\/hu\/wp-json\/wp\/v2\/media?parent=9015"}],"wp:term":[{"taxonomy":"product_brand","embeddable":true,"href":"https:\/\/apotekar-online.rs\/hu\/wp-json\/wp\/v2\/product_brand?post=9015"},{"taxonomy":"product_cat","embeddable":true,"href":"https:\/\/apotekar-online.rs\/hu\/wp-json\/wp\/v2\/product_cat?post=9015"},{"taxonomy":"product_tag","embeddable":true,"href":"https:\/\/apotekar-online.rs\/hu\/wp-json\/wp\/v2\/product_tag?post=9015"}],"curies":[{"name":"wp","href":"https:\/\/api.w.org\/{rel}","templated":true}]}}