{"id":9017,"date":"2026-04-03T18:55:20","date_gmt":"2026-04-03T20:55:20","guid":{"rendered":"https:\/\/apotekar-online.rs\/?post_type=product&#038;p=9017"},"modified":"2026-04-03T18:55:20","modified_gmt":"2026-04-03T20:55:20","slug":"rupurut-tbl-50x500mg","status":"publish","type":"product","link":"https:\/\/apotekar-online.rs\/hu\/p\/rupurut-tbl-50x500mg\/","title":{"rendered":"Rupurut tbl 50x500mg"},"content":{"rendered":"","protected":false},"excerpt":{"rendered":"<div class=\"coh-container ssa-component coh-component ssa-component-instance-2e64d535-eb7f-441a-8da0-100822c7f8ce coh-component-instance-2e64d535-eb7f-441a-8da0-100822c7f8ce  coh-style-content-panel-container background-show margin-bottom-hide border-hide ssa-instance-b0ca013bc677970d5fe25ebf29fa8547 coh-ce-cpt_content_panel_container-9254cad4\">\n<div class=\"coh-container content-panel-container-boxed  padding-none coh-ce-cpt_content_panel_container-744473fe coh-container-boxed\">\n<div class=\"coh-row coh-row-xl coh-row-visible-xl\" data-coh-row-match-heights=\"{&quot;xl&quot;:{&quot;target&quot;:&quot;none&quot;}}\" data-once=\"coh-row-match-heights-init\">\n<div class=\"coh-row-inner coh-ce-cpt_content_panel_container-fd48fbf3\">\n<div class=\"coh-column coh-visible-ps coh-col-ps-12 coh-visible-sm coh-col-sm-12 coh-visible-xl coh-col-xl-12\">\n<div class=\"coh-container ssa-component coh-component ssa-component-instance-96b8a997-6332-48c6-b447-7fab439f8478 coh-component-instance-96b8a997-6332-48c6-b447-7fab439f8478 coh-style-wysiwyg text-left text-mobile-left background-show margin-bottom-hide border-hide ssa-instance-d8dd4ef0c50717a10688ebe2f6bcbed9 coh-ce-cpt_wysiwyg-5af44548\" data-wow-offset=\"\" data-wow-iteration=\"\" data-wow-duration=\"s\" data-wow-delay=\"s\" data-once=\"lazy-background\">\n<div class=\"coh-container WYSIWYG-container coh-style-small---padding-top-bottom coh-container-boxed\">\n<div class=\"coh-wysiwyg wysiwyg-content\">\n<div>\n<h3 id=\"Upotreba\">Upotreba i doziranje leka Rupurut<\/h3>\n<p>Deca starija od 12 godina i odrasli smeju da uzimaju jednu do dve tablete za \u017evakanje vi\u0161e puta dnevno izme\u0111u obroka i pre spavanja. Ne smete da prekora\u010dite dnevnu dozu od 6000 miligrama hidrotalcita (12 tableta za \u017evakanje).<\/p>\n<p>Kao i kod svih antacida, izme\u0111u uzimanja leka Rupurut\u00ae i drugih lekova treba da protekne 1 do 2 \u010dasa, po\u0161to Rupurut\u00ae mo\u017ee da smanji apsorpciju i delotvornost drugih lekova.<\/p>\n<h3>Ova napomena je naro\u010dito zna\u010dajna za:<\/h3>\n<div class=\"text-align-left\">\n<p>odre\u0111ene antibiotike (npr. tetracikline i derivate hinolona, kao \u0161to su ciprofloksacin, ofloksacin i norfloksacin);<\/p>\n<\/div>\n<div class=\"text-align-left\">\n<p>lekove koji pove\u0107avaju snagu srca (kardiotoni\u010dni glikozidi);<\/p>\n<\/div>\n<div class=\"text-align-left\">\n<p>blokatore receptora H2, na primer protiv goru\u0161ice;<\/p>\n<\/div>\n<div class=\"text-align-left\">\n<p>derivate kumarina za razre\u0111ivanje krvi i<\/p>\n<p>natrijum-fluorid ili henodeoksiholate (npr. za le\u010denje kamena u \u017eu\u010di).<\/p>\n<\/div>\n<div class=\"text-align-left\">\n<h3>Lehets\u00e9ges mell\u00e9khat\u00e1sok:<\/h3>\n<\/div>\n<div class=\"text-align-left\">\n<p>Mint minden gy\u00f3gyszer, \u00edgy ez a gy\u00f3gyszer is okozhat mell\u00e9khat\u00e1sokat, amelyek azonban nem mindenkin\u00e9l jelentkeznek.<\/p>\n<h3>Poreme\u0107aji imunskog sistema:<\/h3>\n<\/div>\n<div class=\"text-align-left\">\n<p>Mogu\u0107e su alergijske reakcije na hidrotalcit ili na bilo koju od pomo\u0107nih supstanci.<\/p>\n<h3>Em\u00e9szt\u0151rendszeri rendelleness\u00e9gek:<\/h3>\n<\/div>\n<div class=\"text-align-left\">\n<p>Velike doze mogu uzrokovati konstipaciju (ote\u017eano pra\u017enjenje creva), meku stolicu, \u010deste stolice, povra\u0107anje i proliv.<\/p>\n<p>Obratite se Va\u0161em lekaru ukoliko imate proliv tokom le\u010denja lekom Rupurut\u00ae. Smanjenje doze obi\u010dno dovodi do pobolj\u0161anja simptoma.<\/p>\n<h3>Poreme\u0107aji bubrega i urinarnog sistema:<\/h3>\n<p>Kod pacijenata sa ozbiljnim poreme\u0107ajem funkcije bubrega, upotreba lekova koji sadr\u017ee magnezijum i aluminijum, kao \u0161to su Rupurut tablete za \u017evakanje, mo\u017ee izazvati pove\u0107anje koncentracije magnezijuma (hipermagnezijemija) i aluminijuma u krvi.<\/p>\n<p><strong>\u00a0<\/strong>Pacijenti sa poreme\u0107ajem funkcije bubrega koji uzimaju velike doze u du\u017eem vremenskom periodu mogu biti podlo\u017eni pove\u0107anju koncentracije magnezijuma, nagomilavanju aluminijuma, naro\u010dito u tkivima nerava i kostiju i posledi\u010dno opadanju koncentracije fosfata.<\/p>\n<\/div>\n<p><strong>\u00a0<\/strong>Iz tog razloga, ukoliko imate poreme\u0107aj funkcije bubrega i uzimate lek Rupurut u du\u017eem vremenskom periodu, Va\u0161 lekar \u0107e redovno pratiti vrednost aluminijuma u krvi.<\/p>\n<\/div>\n<\/div>\n<\/div>\n<\/div>\n<\/div>\n<\/div>\n<\/div>\n<\/div>\n<\/div>\n<div class=\"coh-container ssa-component coh-component ssa-component-instance-66ea9946-56d5-495c-a773-ca6d3d5c3a7f coh-component-instance-66ea9946-56d5-495c-a773-ca6d3d5c3a7f  coh-style-content-panel-container background-show margin-bottom-hide border-hide ssa-instance-ae02cbfd23b6f0813be218aefb2fe37a coh-ce-cpt_content_panel_container-9254cad4\">\n<div class=\"coh-container content-panel-container-boxed  padding-none coh-ce-cpt_content_panel_container-744473fe coh-container-boxed\">\n<div class=\"coh-row coh-row-xl coh-row-visible-xl\" data-coh-row-match-heights=\"{&quot;xl&quot;:{&quot;target&quot;:&quot;none&quot;}}\" data-once=\"coh-row-match-heights-init\">\n<div class=\"coh-row-inner coh-ce-cpt_content_panel_container-fd48fbf3\">\n<div class=\"coh-column coh-visible-ps coh-col-ps-12 coh-visible-sm coh-col-sm-12 coh-visible-xl coh-col-xl-12\">\n<div class=\"coh-container ssa-component coh-component ssa-component-instance-4ea6f75e-b326-48e0-bbb0-a823431f4598 coh-component-instance-4ea6f75e-b326-48e0-bbb0-a823431f4598 coh-style-wysiwyg text-left text-mobile-left background-show margin-bottom-hide border-hide ssa-instance-d9d9c127f5e02d6e13d3013d1ed1cdee coh-ce-cpt_wysiwyg-5af44548\" data-wow-offset=\"\" data-wow-iteration=\"\" data-wow-duration=\"s\" data-wow-delay=\"s\" data-once=\"lazy-background\">\n<div class=\"coh-container WYSIWYG-container padding-none coh-container-boxed\">\n<div class=\"coh-wysiwyg wysiwyg-content\">\n<div>\n<h3>Da li se lek Rupurut sme uzimati tokom trudno\u0107e i dojenja?<\/h3>\n<p>Ha \u00d6n terhes vagy szoptat, \u00fagy gondolja, hogy terhes lehet, vagy terhess\u00e9get tervez, a gy\u00f3gyszer szed\u00e9se el\u0151tt k\u00e9rje ki kezel\u0151orvosa vagy gy\u00f3gyszer\u00e9sze tan\u00e1cs\u00e1t.<\/p>\n<\/div>\n<\/div>\n<h3>Rupurut: ne\u017eeljena dejstva i uputstva za upotrebu<\/h3>\n<p>Kao i kod svakog leka, Rupurut\u00ae pored \u017eeljenih dejstava mo\u017ee da izazove i ne\u017eeljena. Da bi se verovatno\u0107a za to smanjila, uvek morate da se pridr\u017eavate preporuka lekara ili farmaceuta u vezi sa doziranjem, kao i da se pridr\u017eavate uputstava za kori\u0161\u0107enje.<\/p>\n<\/div>\n<\/div>\n<\/div>\n<\/div>\n<\/div>\n<\/div>\n<\/div>","protected":false},"featured_media":9018,"template":"","meta":[],"product_brand":[3094],"product_cat":[3054],"product_tag":[1709],"class_list":{"0":"post-9017","1":"product","2":"type-product","3":"status-publish","4":"has-post-thumbnail","6":"product_brand-bayer","7":"product_cat-akcija","8":"product_tag-betty","10":"first","11":"instock","12":"shipping-taxable","13":"product-type-simple"},"ams_default_variation_id":0,"ams_product_points_reward":[],"ams_product_discount_percentage":0,"ams_price_to_display":0,"ams_acf":[],"jetpack_sharing_enabled":true,"_links":{"self":[{"href":"https:\/\/apotekar-online.rs\/hu\/wp-json\/wp\/v2\/product\/9017","targetHints":{"allow":["GET"]}}],"collection":[{"href":"https:\/\/apotekar-online.rs\/hu\/wp-json\/wp\/v2\/product"}],"about":[{"href":"https:\/\/apotekar-online.rs\/hu\/wp-json\/wp\/v2\/types\/product"}],"wp:featuredmedia":[{"embeddable":true,"href":"https:\/\/apotekar-online.rs\/hu\/wp-json\/wp\/v2\/media\/9018"}],"wp:attachment":[{"href":"https:\/\/apotekar-online.rs\/hu\/wp-json\/wp\/v2\/media?parent=9017"}],"wp:term":[{"taxonomy":"product_brand","embeddable":true,"href":"https:\/\/apotekar-online.rs\/hu\/wp-json\/wp\/v2\/product_brand?post=9017"},{"taxonomy":"product_cat","embeddable":true,"href":"https:\/\/apotekar-online.rs\/hu\/wp-json\/wp\/v2\/product_cat?post=9017"},{"taxonomy":"product_tag","embeddable":true,"href":"https:\/\/apotekar-online.rs\/hu\/wp-json\/wp\/v2\/product_tag?post=9017"}],"curies":[{"name":"wp","href":"https:\/\/api.w.org\/{rel}","templated":true}]}}