{"id":9022,"date":"2026-04-03T19:14:15","date_gmt":"2026-04-03T21:14:15","guid":{"rendered":"https:\/\/apotekar-online.rs\/?post_type=product&#038;p=9022"},"modified":"2026-04-03T19:14:15","modified_gmt":"2026-04-03T21:14:15","slug":"pharmas-allivra-10-kesica","status":"publish","type":"product","link":"https:\/\/apotekar-online.rs\/hu\/p\/pharmas-allivra-10-kesica\/","title":{"rendered":"PharmaS Allivra, 10 kesica"},"content":{"rendered":"","protected":false},"excerpt":{"rendered":"<p>Allivra je dodatak ishrani baziran na prahu prepeli\u010dijih jaja sa dodatkom vitamina C i cinka. Prag prepeli\u010dijih jaja klini\u010dki dokazano uti\u010de na smanjenje alergijskog rinitisa.<\/p>\n<p><b>Fogalmaz\u00e1s:<\/b><\/p>\n<p>Jedna kesica sadr\u017ei:<\/p>\n<p>-Prah prepeli\u010dijih jaja\u00a0 \u00a0 \u00a0 \u00a0 \u00a0 \u00a0 \u00a0 \u00a0 \u00a0 \u00a0 \u00a0 \u00a0 \u00a0 \u00a0 \u00a0 \u00a0 \u00a0 \u00a0 \u00a0 \u00a0 \u00a0 \u00a0 84 mg<\/p>\n<p>-Cink\u00a0 \u00a0 \u00a0 \u00a0 \u00a0 \u00a0 \u00a0 \u00a0 \u00a0 \u00a0 \u00a0 \u00a0 \u00a0 \u00a0 \u00a0 \u00a0 \u00a0 \u00a0 \u00a0 \u00a0 \u00a0 \u00a0 \u00a0 \u00a0 \u00a0 \u00a0 \u00a0 \u00a0 \u00a0 \u00a0 \u00a0 \u00a0 \u00a0 \u00a0 \u00a0 \u00a01,5 mg<\/p>\n<p>-Vitamin C\u00a0 \u00a0 \u00a0 \u00a0 \u00a0 \u00a0 \u00a0 \u00a0 \u00a0 \u00a0 \u00a0 \u00a0 \u00a0 \u00a0 \u00a0 \u00a0 \u00a0 \u00a0 \u00a0 \u00a0 \u00a0 \u00a0 \u00a0 \u00a0 \u00a0 \u00a0 \u00a0 \u00a0 \u00a0 \u00a0 \u00a0 \u00a012 mg<\/p>\n<p><b>Javallatok:<\/b><\/p>\n<p><b>\u00a0 \u00a0\u00a0<\/b>-Alergijski rinitis<\/p>\n<p>-Podr\u0161ka imunolo\u0161kom sistemu<\/p>\n<p>-Prevencija alergijskih simptoma tokom sezone alergena<\/p>\n<p>-Ubla\u017eavanje simptoma alergije<\/p>\n<p>-Vitamin C doprinosi smanjenju umora i iscrpljenosti<\/p>\n<p><b>M\u0171velet:<\/b><\/p>\n<p><b>\u00a0 \u00a0\u00a0<\/b>-Reguli\u0161e tegobe povezane sa prisustvom alergena ve\u0107 za 15 minuta<\/p>\n<p><b>\u00a0 \u00a0\u00a0<\/b>-Spre\u010dava vezivanje alergene za \u0107elije imunoskog sistema<\/p>\n<p>-Spre\u010dava osloba\u0111anje medijatora koji izazivaju simptome alergijskog rinitisa<\/p>\n<p>-Cink i vitamin C uti\u010du na za\u0161titu \u0107elije od oksidativnog stresa<\/p>\n<p><b>Felhaszn\u00e1l\u00e1s m\u00f3dja:<\/b><\/p>\n<p>Odrasli i deca iznad 6 godina uzimaju 1 do najvi\u0161e 5 kesica na dan. Pra\u0161ak se primenjuje direktno u usta, ne treba ga rastvarati u vodi(te\u010dnosti). Pra\u0161ak pustiti da se rastvori u ustima.<\/p>\n<p><b><span style=\"color: #ff0000;\">Figyelem:<\/span><\/b><\/p>\n<p><span style=\"color: #ff0000;\">Prekomerna konzumacija mo\u017ee izazvati laksativni efekat. Ako ste alergi\u010dni (preosetljivi) na bilo koji sastojak pra\u0161ka PharmaS Allivra, nemojte ga uzimati. Preporu\u010dena dnevna doza se ne sme prekora\u010diti.<\/span><\/p>","protected":false},"featured_media":9023,"template":"","meta":[],"product_brand":[3072],"product_cat":[3054],"product_tag":[1709,185,245],"class_list":{"0":"post-9022","1":"product","2":"type-product","3":"status-publish","4":"has-post-thumbnail","6":"product_brand-pharmas","7":"product_cat-akcija","8":"product_tag-betty","9":"product_tag-cink","10":"product_tag-vitamin-c","12":"first","13":"instock","14":"sale","15":"shipping-taxable","16":"purchasable","17":"product-type-simple"},"ams_default_variation_id":0,"ams_product_points_reward":[],"ams_product_discount_percentage":15,"ams_price_to_display":1114.35,"ams_acf":[],"jetpack_sharing_enabled":true,"_links":{"self":[{"href":"https:\/\/apotekar-online.rs\/hu\/wp-json\/wp\/v2\/product\/9022","targetHints":{"allow":["GET"]}}],"collection":[{"href":"https:\/\/apotekar-online.rs\/hu\/wp-json\/wp\/v2\/product"}],"about":[{"href":"https:\/\/apotekar-online.rs\/hu\/wp-json\/wp\/v2\/types\/product"}],"wp:featuredmedia":[{"embeddable":true,"href":"https:\/\/apotekar-online.rs\/hu\/wp-json\/wp\/v2\/media\/9023"}],"wp:attachment":[{"href":"https:\/\/apotekar-online.rs\/hu\/wp-json\/wp\/v2\/media?parent=9022"}],"wp:term":[{"taxonomy":"product_brand","embeddable":true,"href":"https:\/\/apotekar-online.rs\/hu\/wp-json\/wp\/v2\/product_brand?post=9022"},{"taxonomy":"product_cat","embeddable":true,"href":"https:\/\/apotekar-online.rs\/hu\/wp-json\/wp\/v2\/product_cat?post=9022"},{"taxonomy":"product_tag","embeddable":true,"href":"https:\/\/apotekar-online.rs\/hu\/wp-json\/wp\/v2\/product_tag?post=9022"}],"curies":[{"name":"wp","href":"https:\/\/api.w.org\/{rel}","templated":true}]}}