{"id":9033,"date":"2026-04-04T17:37:56","date_gmt":"2026-04-04T19:37:56","guid":{"rendered":"https:\/\/apotekar-online.rs\/?post_type=product&#038;p=9033"},"modified":"2026-04-05T16:22:40","modified_gmt":"2026-04-05T18:22:40","slug":"fervex-phyto-sirup-za-mesoviti-kasalj-120ml","status":"publish","type":"product","link":"https:\/\/apotekar-online.rs\/hu\/p\/fervex-phyto-sirup-za-mesoviti-kasalj-120ml\/","title":{"rendered":"Fervex Phyto sirup za me\u0161oviti ka\u0161alj 120ml"},"content":{"rendered":"","protected":false},"excerpt":{"rendered":"<section class=\"elementor-section elementor-inner-section elementor-element elementor-element-7021c13f elementor-section-boxed elementor-section-height-default elementor-section-height-default\" data-id=\"7021c13f\" data-element_type=\"section\" data-e-type=\"section\">\n<div class=\"elementor-container elementor-column-gap-default\">\n<div class=\"elementor-column elementor-col-50 elementor-inner-column elementor-element elementor-element-20118a3\" data-id=\"20118a3\" data-element_type=\"column\" data-e-type=\"column\">\n<div class=\"elementor-widget-wrap elementor-element-populated\">\n<div class=\"elementor-element elementor-element-56822139 elementor-widget elementor-widget-text-editor\" data-id=\"56822139\" data-element_type=\"widget\" data-e-type=\"widget\" data-widget_type=\"text-editor.default\">\n<div class=\"elementor-widget-container\">\n<p>Dvostruko dejstvo: za tretman ka\u0161lja i upale\u00a0 grla<\/p>\n<\/div>\n<\/div>\n<\/div>\n<\/div>\n<\/div>\n<\/section>\n<section class=\"elementor-section elementor-inner-section elementor-element elementor-element-321e002 elementor-section-boxed elementor-section-height-default elementor-section-height-default\" data-id=\"321e002\" data-element_type=\"section\" data-e-type=\"section\">\n<div class=\"elementor-container elementor-column-gap-default\">\n<div class=\"elementor-column elementor-col-50 elementor-inner-column elementor-element elementor-element-4ca2e797\" data-id=\"4ca2e797\" data-element_type=\"column\" data-e-type=\"column\">\n<div class=\"elementor-widget-wrap elementor-element-populated\">\n<div class=\"elementor-element elementor-element-45ea73a4 elementor-widget elementor-widget-text-editor\" data-id=\"45ea73a4\" data-element_type=\"widget\" data-e-type=\"widget\" data-widget_type=\"text-editor.default\">\n<div class=\"elementor-widget-container\">\n<p>\u0160iroki spektar delovanja:stvara za\u0161titni i postojan film koji \u0161titi sluzoko\u017eu grla od nadra\u017euju\u0107ih agenasa, pobolj\u0161avaju\u0107i funkcionisanje gornjih disajnih puteva,\u00a0 vla\u017ei sluznicu, rastvara mukus, olak\u0161ava iska\u0161ljavanje. Formulacija bogata sluzima, \u0161titi sluznicu od iritacije i ima emolijentno i umiruju\u0107e dejstvo kod upale grla.<\/p>\n<p>Vo\u0107ni ukus<\/p>\n<\/div>\n<section id=\"dejstvo\" class=\"elementor-section elementor-inner-section elementor-element elementor-element-40166c3c elementor-section-boxed elementor-section-height-default elementor-section-height-default\" data-id=\"40166c3c\" data-element_type=\"section\" data-e-type=\"section\" data-settings=\"{&quot;background_background&quot;:&quot;classic&quot;}\">\n<div class=\"elementor-container elementor-column-gap-default\">\n<div class=\"elementor-column elementor-col-50 elementor-inner-column elementor-element elementor-element-216750b8\" data-id=\"216750b8\" data-element_type=\"column\" data-e-type=\"column\">\n<div class=\"elementor-widget-wrap elementor-element-populated\">\n<div class=\"elementor-element elementor-element-55559ade elementor-widget elementor-widget-text-editor\" data-id=\"55559ade\" data-element_type=\"widget\" data-e-type=\"widget\" data-widget_type=\"text-editor.default\">\n<div class=\"elementor-widget-container\">\n<p><strong>Javallatok:<\/strong><\/p>\n<\/div>\n<\/div>\n<div class=\"elementor-element elementor-element-2b28f1d0 elementor-widget elementor-widget-text-editor\" data-id=\"2b28f1d0\" data-element_type=\"widget\" data-e-type=\"widget\" data-widget_type=\"text-editor.default\">\n<div class=\"elementor-widget-container\">\n<p>Suvi, produktivan, alergijski, nadra\u017eajni ka\u0161alj. Upala<\/p>\n<p><strong>Fogalmaz\u00e1s:<\/strong><\/p>\n<\/div>\n<\/div>\n<\/div>\n<\/div>\n<\/div>\n<\/section>\n<section id=\"sastav\" class=\"elementor-section elementor-inner-section elementor-element elementor-element-2f1b6f10 elementor-section-boxed elementor-section-height-default elementor-section-height-default\" data-id=\"2f1b6f10\" data-element_type=\"section\" data-e-type=\"section\" data-settings=\"{&quot;background_background&quot;:&quot;classic&quot;}\">\n<div class=\"elementor-container elementor-column-gap-default\">\n<div class=\"elementor-column elementor-col-50 elementor-inner-column elementor-element elementor-element-1852d6e3\" data-id=\"1852d6e3\" data-element_type=\"column\" data-e-type=\"column\">\n<div class=\"elementor-widget-wrap elementor-element-populated\">\n<div class=\"elementor-element elementor-element-5c723ce1 elementor-widget elementor-widget-text-editor\" data-id=\"5c723ce1\" data-element_type=\"widget\" data-e-type=\"widget\" data-widget_type=\"text-editor.default\">\n<div class=\"elementor-widget-container\">\n<p>Ekstrakt bokvice, ekstrakt islandskog li\u0161aja, glicero<\/p>\n<\/div>\n<\/div>\n<\/div>\n<\/div>\n<\/div>\n<\/section>\n<section id=\"nacin\" class=\"elementor-section elementor-inner-section elementor-element elementor-element-685d0d71 elementor-section-boxed elementor-section-height-default elementor-section-height-default\" data-id=\"685d0d71\" data-element_type=\"section\" data-e-type=\"section\" data-settings=\"{&quot;background_background&quot;:&quot;classic&quot;}\">\n<div class=\"elementor-container elementor-column-gap-default\">\n<div class=\"elementor-column elementor-col-50 elementor-inner-column elementor-element elementor-element-731a2ee7\" data-id=\"731a2ee7\" data-element_type=\"column\" data-e-type=\"column\">\n<div class=\"elementor-widget-wrap elementor-element-populated\">\n<div class=\"elementor-element elementor-element-59f41a96 elementor-widget elementor-widget-text-editor\" data-id=\"59f41a96\" data-element_type=\"widget\" data-e-type=\"widget\" data-widget_type=\"text-editor.default\">\n<div class=\"elementor-widget-container\">\n<p><strong>Adagol\u00e1s:<\/strong><\/p>\n<\/div>\n<\/div>\n<div class=\"elementor-element elementor-element-4d9eb2f6 elementor-widget elementor-widget-text-editor\" data-id=\"4d9eb2f6\" data-element_type=\"widget\" data-e-type=\"widget\" data-widget_type=\"text-editor.default\">\n<div class=\"elementor-widget-container\">\n<p>Deca uzrasta od 2 do 5 godina: 5ml 2-3 puta dnevno<br \/>\nDeca uzrasta od 6 do 12 godina: 10ml 2 puta dnevno<br \/>\nAdolescenti i odrasli: 10ml 3 puta dnevno<\/p>\n<\/div>\n<\/div>\n<\/div>\n<\/div>\n<\/div>\n<\/section>\n<section id=\"mere\" class=\"elementor-section elementor-inner-section elementor-element elementor-element-3882ab33 elementor-section-boxed elementor-section-height-default elementor-section-height-default\" data-id=\"3882ab33\" data-element_type=\"section\" data-e-type=\"section\" data-settings=\"{&quot;background_background&quot;:&quot;classic&quot;}\">\n<div class=\"elementor-container elementor-column-gap-default\">\n<div class=\"elementor-column elementor-col-50 elementor-inner-column elementor-element elementor-element-16b0b8b4\" data-id=\"16b0b8b4\" data-element_type=\"column\" data-e-type=\"column\">\n<div class=\"elementor-widget-wrap elementor-element-populated\">\n<div class=\"elementor-element elementor-element-23579df9 elementor-widget elementor-widget-text-editor\" data-id=\"23579df9\" data-element_type=\"widget\" data-e-type=\"widget\" data-widget_type=\"text-editor.default\">\n<div class=\"elementor-widget-container\">\n<p>Mere opreza:<\/p>\n<\/div>\n<\/div>\n<div class=\"elementor-element elementor-element-734d1527 elementor-widget elementor-widget-text-editor\" data-id=\"734d1527\" data-element_type=\"widget\" data-e-type=\"widget\" data-widget_type=\"text-editor.default\">\n<div class=\"elementor-widget-container\">\n<p>Ako simptomi potraju nakon nedelju dana upotrebe, konsultujte lekara; ni pod kojim uslovima ne smete koristiti proizvod du\u017ee od 15 dana.<\/p>\n<p>\u010cvrsto zatvorite bo\u010dicu nakon upotrebe. Ne koristite ako ste preosetljivi ili alergi\u010dni na bilo koji od sastojaka. Ne koristite nakon isteka roka trajanja nazna\u010denog na pakovanju. Dr\u017eati van doma\u0161aja dece.Temeljno operite mernu \u010da\u0161icu nakon upotrebe. Ne koristite ako je ambala\u017ea o\u0161tec\u0301ena. Rok trajanja va\u017ei za proizvod pravilno skladi\u0161ten u netaknutom pakovanju. Iako nisu poznate interakcije izme\u0111u ovog proizvoda i drugih lekova, u slu\u010dajevima istovremene upotrebe lekova, preporu\u010duje se uzimanje proizvoda jedan sat pre ili posle uzimanja drugih lekova.Zbog nedostatka dostupnih podataka iz klini\u010dkih ispitivanja o upotrebi ovog proizvoda, ne preporu\u010duje se trudnicama ili dojiljama. Ako ste u nedoumici, konsultujte lekara.Rok trajanja sirupa nakon prvog otvaranja je 4 meseca (120 dana).\u010cuvati u originalnom pakovanju na sobnoj temperaturi na suvom mestu.<\/p>\n<\/div>\n<\/div>\n<\/div>\n<\/div>\n<\/div>\n<\/section>\n<\/div>\n<\/div>\n<\/div>\n<\/div>\n<\/section>","protected":false},"featured_media":9034,"template":"","meta":[],"product_brand":[3289],"product_cat":[3054,151],"product_tag":[1709,529,1541],"class_list":{"0":"post-9033","1":"product","2":"type-product","3":"status-publish","4":"has-post-thumbnail","6":"product_brand-upsa","7":"product_cat-akcija","8":"product_cat-prehlada-i-kasalj","9":"product_tag-betty","10":"product_tag-bokvica","11":"product_tag-islandski-lisaj","13":"first","14":"instock","15":"shipping-taxable","16":"product-type-simple"},"ams_default_variation_id":0,"ams_product_points_reward":[],"ams_product_discount_percentage":0,"ams_price_to_display":0,"ams_acf":[],"jetpack_sharing_enabled":true,"_links":{"self":[{"href":"https:\/\/apotekar-online.rs\/hu\/wp-json\/wp\/v2\/product\/9033","targetHints":{"allow":["GET"]}}],"collection":[{"href":"https:\/\/apotekar-online.rs\/hu\/wp-json\/wp\/v2\/product"}],"about":[{"href":"https:\/\/apotekar-online.rs\/hu\/wp-json\/wp\/v2\/types\/product"}],"wp:featuredmedia":[{"embeddable":true,"href":"https:\/\/apotekar-online.rs\/hu\/wp-json\/wp\/v2\/media\/9034"}],"wp:attachment":[{"href":"https:\/\/apotekar-online.rs\/hu\/wp-json\/wp\/v2\/media?parent=9033"}],"wp:term":[{"taxonomy":"product_brand","embeddable":true,"href":"https:\/\/apotekar-online.rs\/hu\/wp-json\/wp\/v2\/product_brand?post=9033"},{"taxonomy":"product_cat","embeddable":true,"href":"https:\/\/apotekar-online.rs\/hu\/wp-json\/wp\/v2\/product_cat?post=9033"},{"taxonomy":"product_tag","embeddable":true,"href":"https:\/\/apotekar-online.rs\/hu\/wp-json\/wp\/v2\/product_tag?post=9033"}],"curies":[{"name":"wp","href":"https:\/\/api.w.org\/{rel}","templated":true}]}}