{"id":9035,"date":"2026-04-04T17:48:32","date_gmt":"2026-04-04T19:48:32","guid":{"rendered":"https:\/\/apotekar-online.rs\/?post_type=product&#038;p=9035"},"modified":"2026-04-05T16:21:53","modified_gmt":"2026-04-05T18:21:53","slug":"fervex-phyto-lozenge-za-grlo-20-lozengi","status":"publish","type":"product","link":"https:\/\/apotekar-online.rs\/hu\/p\/fervex-phyto-lozenge-za-grlo-20-lozengi\/","title":{"rendered":"Fervex Phyto lozenge za grlo 20 lozengi"},"content":{"rendered":"","protected":false},"excerpt":{"rendered":"<p>Olak\u0161avaju bol u grlu, ka\u0161alj i promuklost<\/p>\n<section class=\"elementor-section elementor-inner-section elementor-element elementor-element-1b5efd57 elementor-section-boxed elementor-section-height-default elementor-section-height-default\" data-id=\"1b5efd57\" data-element_type=\"section\" data-e-type=\"section\">\n<div class=\"elementor-container elementor-column-gap-default\">\n<div class=\"elementor-column elementor-col-50 elementor-inner-column elementor-element elementor-element-46e8cfeb\" data-id=\"46e8cfeb\" data-element_type=\"column\" data-e-type=\"column\">\n<div class=\"elementor-widget-wrap elementor-element-populated\">\n<div class=\"elementor-element elementor-element-799fe502 elementor-widget elementor-widget-text-editor\" data-id=\"799fe502\" data-element_type=\"widget\" data-e-type=\"widget\" data-widget_type=\"text-editor.default\">\n<div class=\"elementor-widget-container\">\n<p>Lozenge, 20 komada<\/p>\n<\/div>\n<\/div>\n<\/div>\n<\/div>\n<\/div>\n<\/section>\n<section class=\"elementor-section elementor-inner-section elementor-element elementor-element-26b94f85 elementor-section-boxed elementor-section-height-default elementor-section-height-default\" data-id=\"26b94f85\" data-element_type=\"section\" data-e-type=\"section\">\n<div class=\"elementor-container elementor-column-gap-default\">\n<div class=\"elementor-column elementor-col-50 elementor-inner-column elementor-element elementor-element-7f3e2e08\" data-id=\"7f3e2e08\" data-element_type=\"column\" data-e-type=\"column\">\n<div class=\"elementor-widget-wrap elementor-element-populated\">\n<div class=\"elementor-element elementor-element-7fe4e7a2 elementor-widget elementor-widget-text-editor\" data-id=\"7fe4e7a2\" data-element_type=\"widget\" data-e-type=\"widget\" data-widget_type=\"text-editor.default\">\n<div class=\"elementor-widget-container\">\n<p>Ekstrakt islandskog li\u0161aja, biljke stri\u017eu\u0161a, natrijum hijaluronat. Prirodna aroma, mente i eteri\u010dno ulje eukaliptusa<\/p>\n<\/div>\n<\/div>\n<\/div>\n<\/div>\n<\/div>\n<\/section>\n<section class=\"elementor-section elementor-inner-section elementor-element elementor-element-642285d8 elementor-section-boxed elementor-section-height-default elementor-section-height-default\" data-id=\"642285d8\" data-element_type=\"section\" data-e-type=\"section\">\n<div class=\"elementor-container elementor-column-gap-default\">\n<div class=\"elementor-column elementor-col-50 elementor-inner-column elementor-element elementor-element-2e2e7b49\" data-id=\"2e2e7b49\" data-element_type=\"column\" data-e-type=\"column\">\n<div class=\"elementor-widget-wrap elementor-element-populated\">\n<div class=\"elementor-element elementor-element-5e2ccb31 elementor-widget elementor-widget-text-editor\" data-id=\"5e2ccb31\" data-element_type=\"widget\" data-e-type=\"widget\" data-widget_type=\"text-editor.default\">\n<div class=\"elementor-widget-container\">\n<p>Namenjen odraslima i deci starijoj od 6 godina<\/p>\n<\/div>\n<section class=\"elementor-section elementor-inner-section elementor-element elementor-element-7021c13f elementor-section-boxed elementor-section-height-default elementor-section-height-default\" data-id=\"7021c13f\" data-element_type=\"section\" data-e-type=\"section\">\n<div class=\"elementor-container elementor-column-gap-default\">\n<div class=\"elementor-column elementor-col-50 elementor-inner-column elementor-element elementor-element-20118a3\" data-id=\"20118a3\" data-element_type=\"column\" data-e-type=\"column\">\n<div class=\"elementor-widget-wrap elementor-element-populated\">\n<div class=\"elementor-element elementor-element-56822139 elementor-widget elementor-widget-text-editor\" data-id=\"56822139\" data-element_type=\"widget\" data-e-type=\"widget\" data-widget_type=\"text-editor.default\">\n<div class=\"elementor-widget-container\">\n<p>Jedinstvena kombinacija biljke stri\u017eu\u0161e i natrijum hijaluronata regeneri\u0161e sluzoko\u017eu grla<\/p>\n<\/div>\n<\/div>\n<\/div>\n<\/div>\n<\/div>\n<\/section>\n<section class=\"elementor-section elementor-inner-section elementor-element elementor-element-321e002 elementor-section-boxed elementor-section-height-default elementor-section-height-default\" data-id=\"321e002\" data-element_type=\"section\" data-e-type=\"section\">\n<div class=\"elementor-container elementor-column-gap-default\">\n<div class=\"elementor-column elementor-col-50 elementor-inner-column elementor-element elementor-element-4ca2e797\" data-id=\"4ca2e797\" data-element_type=\"column\" data-e-type=\"column\">\n<div class=\"elementor-widget-wrap elementor-element-populated\">\n<div class=\"elementor-element elementor-element-45ea73a4 elementor-widget elementor-widget-text-editor\" data-id=\"45ea73a4\" data-element_type=\"widget\" data-e-type=\"widget\" data-widget_type=\"text-editor.default\">\n<div class=\"elementor-widget-container\">\n<p>Deluje vi\u0161estruko: umiruje bol u grlu, ka\u0161alj i promuklost. Stvara za\u0161titnu barijeru, hidrira<\/p>\n<\/div>\n<\/div>\n<\/div>\n<\/div>\n<\/div>\n<\/section>\n<section class=\"elementor-section elementor-inner-section elementor-element elementor-element-b06c7a4 elementor-section-boxed elementor-section-height-default elementor-section-height-default\" data-id=\"b06c7a4\" data-element_type=\"section\" data-e-type=\"section\">\n<div class=\"elementor-container elementor-column-gap-default\">\n<div class=\"elementor-column elementor-col-50 elementor-inner-column elementor-element elementor-element-62d30b3\" data-id=\"62d30b3\" data-element_type=\"column\" data-e-type=\"column\">\n<div class=\"elementor-widget-wrap elementor-element-populated\">\n<div class=\"elementor-element elementor-element-a024a71 elementor-widget elementor-widget-text-editor\" data-id=\"a024a71\" data-element_type=\"widget\" data-e-type=\"widget\" data-widget_type=\"text-editor.default\">\n<div class=\"elementor-widget-container\">\n<p>Prijatan ukus balzamika<\/p>\n<\/div>\n<section id=\"dejstvo\" class=\"elementor-section elementor-inner-section elementor-element elementor-element-40166c3c elementor-section-boxed elementor-section-height-default elementor-section-height-default\" data-id=\"40166c3c\" data-element_type=\"section\" data-e-type=\"section\" data-settings=\"{&quot;background_background&quot;:&quot;classic&quot;}\">\n<div class=\"elementor-container elementor-column-gap-default\">\n<div class=\"elementor-column elementor-col-50 elementor-inner-column elementor-element elementor-element-216750b8\" data-id=\"216750b8\" data-element_type=\"column\" data-e-type=\"column\">\n<div class=\"elementor-widget-wrap elementor-element-populated\">\n<div class=\"elementor-element elementor-element-2b28f1d0 elementor-widget elementor-widget-text-editor\" data-id=\"2b28f1d0\" data-element_type=\"widget\" data-e-type=\"widget\" data-widget_type=\"text-editor.default\">\n<div class=\"elementor-widget-container\">\n<p>Medicinski sredstvo namenjeno ubla\u017eavanju ka\u0161lja (suvog, produktivnog, iritirajuc\u0301eg ili alergijskog) i tretman bolova u grlu. Stvara barijerni sloj na sluzoko\u017ei, pru\u017eajuc\u0301i za\u0161titni i umirujuc\u0301i efekat na gornje disajne puteve; ograni\u010dava kontakt izme\u0111u iritanasa i sluzoko\u017ee usne duplje i \u017edrela; tako\u0111e ima blagotvorno dejstvo na promuklost, ote\u017eano gutanje, stomatitis, bol u grlu i prehlade; i koristan je u spre\u010davanju kserostomije (suvoc\u0301e usta) kod osoba koje su primorane da di\u0161u isklju\u010divo kroz usta, na primer, u postoperativnom periodu nakon operacije nosa.<\/p>\n<p>Brzo obnavlja vla\u017enost sluzoko\u017ee usne duplje i \u017edrela, smanjuje bol i osec\u0301aj peckanja kod upale grla<\/p>\n<\/div>\n<\/div>\n<\/div>\n<\/div>\n<\/div>\n<\/section>\n<section id=\"sastav\" class=\"elementor-section elementor-inner-section elementor-element elementor-element-2f1b6f10 elementor-section-boxed elementor-section-height-default elementor-section-height-default\" data-id=\"2f1b6f10\" data-element_type=\"section\" data-e-type=\"section\" data-settings=\"{&quot;background_background&quot;:&quot;classic&quot;}\">\n<div class=\"elementor-container elementor-column-gap-default\">\n<div class=\"elementor-column elementor-col-50 elementor-inner-column elementor-element elementor-element-1852d6e3\" data-id=\"1852d6e3\" data-element_type=\"column\" data-e-type=\"column\">\n<div class=\"elementor-widget-wrap elementor-element-populated\">\n<div class=\"elementor-element elementor-element-3efaf992 elementor-widget elementor-widget-text-editor\" data-id=\"3efaf992\" data-element_type=\"widget\" data-e-type=\"widget\" data-widget_type=\"text-editor.default\">\n<div class=\"elementor-widget-container\">\n<p>Fogalmaz\u00e1s<\/p>\n<\/div>\n<\/div>\n<div class=\"elementor-element elementor-element-5c723ce1 elementor-widget elementor-widget-text-editor\" data-id=\"5c723ce1\" data-element_type=\"widget\" data-e-type=\"widget\" data-widget_type=\"text-editor.default\">\n<div class=\"elementor-widget-container\">\n<p>Ekstrakt islandskog li\u0161aja, biljke stri\u017eu\u0161a, natrijum hijaluronat. Prirodna aroma, mente i eteri\u010dno ulje eukaliptusa<\/p>\n<\/div>\n<\/div>\n<\/div>\n<\/div>\n<\/div>\n<\/section>\n<section id=\"nacin\" class=\"elementor-section elementor-inner-section elementor-element elementor-element-685d0d71 elementor-section-boxed elementor-section-height-default elementor-section-height-default\" data-id=\"685d0d71\" data-element_type=\"section\" data-e-type=\"section\" data-settings=\"{&quot;background_background&quot;:&quot;classic&quot;}\">\n<div class=\"elementor-container elementor-column-gap-default\">\n<div class=\"elementor-column elementor-col-50 elementor-inner-column elementor-element elementor-element-731a2ee7\" data-id=\"731a2ee7\" data-element_type=\"column\" data-e-type=\"column\">\n<div class=\"elementor-widget-wrap elementor-element-populated\">\n<div class=\"elementor-element elementor-element-59f41a96 elementor-widget elementor-widget-text-editor\" data-id=\"59f41a96\" data-element_type=\"widget\" data-e-type=\"widget\" data-widget_type=\"text-editor.default\">\n<div class=\"elementor-widget-container\">\n<p>Adagol\u00e1s<\/p>\n<\/div>\n<\/div>\n<div class=\"elementor-element elementor-element-4d9eb2f6 elementor-widget elementor-widget-text-editor\" data-id=\"4d9eb2f6\" data-element_type=\"widget\" data-e-type=\"widget\" data-widget_type=\"text-editor.default\">\n<div class=\"elementor-widget-container\">\n<p>Polako rastopiti lozengu u ustima, ne \u017evakati<\/p>\n<p>Odrasli i adolescenti: polako rastopiti 1 lozengu u ustima; do 5\u20136 lozengi u toku dana<\/p>\n<p>Deca uzrasta 6 godina i starija: polako rastopiti 1lozengu u ustima; do 4 lozenge dnevno.<\/p>\n<\/div>\n<\/div>\n<\/div>\n<\/div>\n<\/div>\n<\/section>\n<section id=\"mere\" class=\"elementor-section elementor-inner-section elementor-element elementor-element-3882ab33 elementor-section-boxed elementor-section-height-default elementor-section-height-default\" data-id=\"3882ab33\" data-element_type=\"section\" data-e-type=\"section\" data-settings=\"{&quot;background_background&quot;:&quot;classic&quot;}\">\n<div class=\"elementor-container elementor-column-gap-default\">\n<div class=\"elementor-column elementor-col-50 elementor-inner-column elementor-element elementor-element-16b0b8b4\" data-id=\"16b0b8b4\" data-element_type=\"column\" data-e-type=\"column\">\n<div class=\"elementor-widget-wrap elementor-element-populated\">\n<div class=\"elementor-element elementor-element-23579df9 elementor-widget elementor-widget-text-editor\" data-id=\"23579df9\" data-element_type=\"widget\" data-e-type=\"widget\" data-widget_type=\"text-editor.default\">\n<div class=\"elementor-widget-container\">\n<p>Mere opreza<\/p>\n<\/div>\n<\/div>\n<div class=\"elementor-element elementor-element-734d1527 elementor-widget elementor-widget-text-editor\" data-id=\"734d1527\" data-element_type=\"widget\" data-e-type=\"widget\" data-widget_type=\"text-editor.default\">\n<div class=\"elementor-widget-container\">\n<p>\u2022 Proizvod sadr\u017ei maltitol i izomalt i ne sadr\u017ei \u0161ec\u0301er. Ako vam je lekar rekao da imate netoleranciju na neke \u0161ec\u0301ere, obratite se lekaru pre upotrebe ovog proizvoda.<br \/>\n\u2022 Dr\u017eati van doma\u0161aja dece.<br \/>\n\u2022 Ne koristiti ako je ambala\u017ea o\u0161tec\u0301ena.<br \/>\n\u2022 Lozengu ne treba progutati celu; treba je ostaviti u ustima da se polako rastvori; ne davati deci mla\u0111oj od 6 godina.<br \/>\n\u2022 Ako simptomi potraju, potra\u017eite savet lekara<br \/>\n\u2022 Ne koristiti proizvod ako ste preosetljivi ili alergi\u010dni na bilo koji od sastojaka.<br \/>\n\u2022 Ne koristiti proizvod nakon isteka roka trajanja nazna\u010denog na pakovanju.<br \/>\n\u2022 Rok trajanja se odnosi na proizvod kada se pravilno \u010duva u netaknutom pakovanju.<br \/>\n\u010cuvati u originalnom pakovanju na sobnoj temperaturi, na suvom mestu, za\u0161tic\u0301eno od direktne sun\u010deve svetlosti<\/p>\n<\/div>\n<\/div>\n<\/div>\n<\/div>\n<\/div>\n<\/section>\n<\/div>\n<\/div>\n<\/div>\n<\/div>\n<\/section>\n<\/div>\n<\/div>\n<\/div>\n<\/div>\n<\/section>","protected":false},"featured_media":9036,"template":"","meta":[],"product_brand":[3289],"product_cat":[3054],"product_tag":[1709,3290,249,1019],"class_list":{"0":"post-9035","1":"product","2":"type-product","3":"status-publish","4":"has-post-thumbnail","6":"product_brand-upsa","7":"product_cat-akcija","8":"product_tag-betty","9":"product_tag-biljka-strizusa","10":"product_tag-eukaliptus","11":"product_tag-menta","13":"first","14":"instock","15":"shipping-taxable","16":"product-type-simple"},"ams_default_variation_id":0,"ams_product_points_reward":[],"ams_product_discount_percentage":0,"ams_price_to_display":0,"ams_acf":[],"jetpack_sharing_enabled":true,"_links":{"self":[{"href":"https:\/\/apotekar-online.rs\/hu\/wp-json\/wp\/v2\/product\/9035","targetHints":{"allow":["GET"]}}],"collection":[{"href":"https:\/\/apotekar-online.rs\/hu\/wp-json\/wp\/v2\/product"}],"about":[{"href":"https:\/\/apotekar-online.rs\/hu\/wp-json\/wp\/v2\/types\/product"}],"wp:featuredmedia":[{"embeddable":true,"href":"https:\/\/apotekar-online.rs\/hu\/wp-json\/wp\/v2\/media\/9036"}],"wp:attachment":[{"href":"https:\/\/apotekar-online.rs\/hu\/wp-json\/wp\/v2\/media?parent=9035"}],"wp:term":[{"taxonomy":"product_brand","embeddable":true,"href":"https:\/\/apotekar-online.rs\/hu\/wp-json\/wp\/v2\/product_brand?post=9035"},{"taxonomy":"product_cat","embeddable":true,"href":"https:\/\/apotekar-online.rs\/hu\/wp-json\/wp\/v2\/product_cat?post=9035"},{"taxonomy":"product_tag","embeddable":true,"href":"https:\/\/apotekar-online.rs\/hu\/wp-json\/wp\/v2\/product_tag?post=9035"}],"curies":[{"name":"wp","href":"https:\/\/api.w.org\/{rel}","templated":true}]}}